{"id":2858,"date":"2021-08-31T10:13:15","date_gmt":"2021-08-31T10:13:15","guid":{"rendered":"https:\/\/www.confedonbosco.org\/normativa-de-cookies\/"},"modified":"2021-08-31T10:13:20","modified_gmt":"2021-08-31T10:13:20","slug":"normativa-de-cookies","status":"publish","type":"page","link":"https:\/\/confedonbosco.org\/gl\/normativa-de-cookies\/","title":{"rendered":"Normativa de cookies"},"content":{"rendered":"\n<p>Esta pol\u00edtica de cookies \u00e9 parte integral do aviso legal e da<a rel=\"noreferrer noopener\" href=\"http:\/\/www.confedonbosco.org\/politica-privacidad\/\" data-type=\"page\" data-id=\"3\" target=\"_blank\">pol\u00edtica de privacidade<\/a> da Confederaci\u00f3n do Centro Xuvenil Don Bosco de Espa\u00f1a. O acceso e navegaci\u00f3n no sitio ou o uso dos seus servizos implican a aceptaci\u00f3n das Condici\u00f3ns Xerais establecidas no noso Aviso Legal (e, polo tanto, da <a rel=\"noreferrer noopener\" href=\"http:\/\/www.confedonbosco.org\/politica-privacidad\/\" target=\"_blank\">Pol\u00edtica de privacidade<\/a> e Pol\u00edtica de cookies). Leas con atenci\u00f3n. Agradecemos que decidise visitarnos. Queremos que a s\u00faa experiencia no sitio sexa a mellor posible e por iso escribimos esta Pol\u00edtica de cookies do xeito m\u00e1is transparente posible.<\/p>\n\n<div style=\"height:40px\" aria-hidden=\"true\" class=\"wp-block-spacer\"><\/div>\n\n<h3 class=\"wp-block-heading\">Que \u00e9 unha cookie?<\/h3>\n\n<p>As cookies son ficheiros que conte\u00f1en pequenas cantidades de informaci\u00f3n que se descargan no dispositivo do usuario que se usa cando visita un sitio web.<br\/>O seu obxectivo principal \u00e9 reco\u00f1ecer ao usuario cada vez que accede a www.confedonbosco.org, tam\u00e9n nos permite mellorar a calidade e usabilidade do noso sitio web.<br\/>As cookies son esenciais para o funcionamento de Internet; Non poden danar o equipo \/ dispositivo do usuario e, se est\u00e1n activados na configuraci\u00f3n do seu navegador, ax\u00fadannos a identificar e resolver posibles erros no funcionamento de www.confedonbosco.org.<\/p>\n\n<h5 class=\"wp-block-heading\">Tipos de cookies:<\/h5>\n\n<p>Existen diferentes tipos de cookies. Todos eles funcionan do mesmo xeito, pero te\u00f1en pequenas diferenzas:<\/p>\n\n<ul class=\"wp-block-list\"><li><strong>Cookies de sesi\u00f3n.<\/strong> As cookies de sesi\u00f3n s\u00f3 duran a visita e b\u00f3rranse cando pecha o navegador. O seu prop\u00f3sito principal \u00e9 identificar o tipo de dispositivo, apoiar a seguridade do sitio web ou a s\u00faa funcionalidade b\u00e1sica. Non conte\u00f1en informaci\u00f3n persoal que nos permita identificar a unha persoa.<\/li><li><strong>Cookies permanentes ou permanentes.<\/strong> G\u00e1rdanse no disco duro do dispositivo e o noso sitio web les cada vez que fas unha nova visita a www.confedonbosco.org; ten unha data de caducidade ou caducidade espec\u00edfica, despois da cal a cookie deixa de funcionar. Perm\u00edtennos identificar as t\u00faas acci\u00f3ns e preferencias; analiza as visitas e ax\u00fadanos a comprender como os usuarios chegan \u00e1 nosa p\u00e1xina e melloran os nosos servizos.<\/li><li><strong>Cookies de funcionalidade. <\/strong>Permiten a www.confedonbosco.org rexistrar as decisi\u00f3ns tomadas polo usuario, como o seu inicio de sesi\u00f3n ou identificador. A informaci\u00f3n que estas cookies recollen \u00e9 anonimizada (\u00e9 dicir, non cont\u00e9n o seu nome, enderezo ou outros datos).<\/li><li><strong>Cookies de terceiros. <\/strong>As cookies de terceiros son cookies instaladas por un sitio web que non \u00e9 o que est\u00e1 a visitar; por exemplo, as utilizadas polas redes sociais (como Facebook) ou por complementos de contido externos (como Google Maps). Ademais, algunhas empresas publicitarias utilizan este tipo de ficheiros para facer un seguimento das s\u00faas visitas en cada sitio onde anuncian.<\/li><li><strong>Cookies anal\u00edticas. <\/strong>Son cookies que te\u00f1en como finalidade o mantemento peri\u00f3dico e garanten o mellor funcionamento e servizo ao usuario; recompilando datos da s\u00faa actividade.<\/li><\/ul>\n<div style=\"height:40px\" aria-hidden=\"true\" class=\"wp-block-spacer\"><\/div>\n\n<h3 class=\"wp-block-heading\">Uso de cookies por www.confedonbosco.org<\/h3>\n\n<p>Ao acceder a www.confedonbosco.org, aceptou expresamente que podemos usar este tipo de cookies nos seus dispositivos. Se desactiva as cookies, \u00e9 posible que a s\u00faa navegaci\u00f3n por www.confedonbosco.org non sexa \u00f3ptima e \u00e9 posible que algunhas das utilidades dispo\u00f1ibles en www.confedonbosco.org non funcionen correctamente.<\/p>\n\n<h5 class=\"wp-block-heading\">Cookies propias<\/h5>\n\n<p>Non usamos cookies propias.<\/p>\n\n<h5 class=\"wp-block-heading\">Cookies de terceiros: cookies de Google Analytics<\/h5>\n\n<p>O sitio usa o servizo Google Analytics, que \u00e9 fornecido por Google, Inc., entidade cuxa oficina principal est\u00e1 en 1600 Amphitheatre Parkway, Mountain View (California), CA 94043, Estados Unidos (&#8220;Google&#8221;). Google Analytics usa cookies para axudarnos a analizar como os usuarios utilizan o sitio. A informaci\u00f3n xerada pola cookie sobre o uso do sitio (inclu\u00eddo o seu enderezo IP) ser\u00e1 directamente transmitida e arquivada por Google nos seus servidores dos Estados Unidos. Google usar\u00e1 esta informaci\u00f3n no noso nome para facer un seguimento do uso que fai do sitio, recompilando informes sobre a actividade do sitio e proporcionando outros servizos relacionados coa actividade do sitio e o uso de Internet. Google pode transmitir dita informaci\u00f3n a terceiros cando a lei o esixa, ou cando ditos terceiros procesen a informaci\u00f3n en nome de Google. Google non asociar\u00e1 a t\u00faa direcci\u00f3n IP con ning\u00fan outro dato que te\u00f1a Google.<br\/>Se o desexa, pode rexeitar o tratamento de datos ou informaci\u00f3n rexeitando o uso de cookies seleccionando a configuraci\u00f3n adecuada no seu navegador. Non obstante, se o fai, \u00e9 posible que non poida usar a funcionalidade completa deste sitio. Ao usar este sitio, vostede \u00e9 consciente do procesamento da s\u00faa informaci\u00f3n por Google na forma e para os fins indicados anteriormente. M\u00e1is informaci\u00f3n en <a rel=\"noreferrer noopener\" href=\"https:\/\/www.google.es\/intl\/es\/policies\/technologies\/cookies\/\" target=\"_blank\">https:\/\/www.google.es\/intl\/es\/policies\/technologies\/cookies\/<\/a>.<br\/>Google desenvolveu un complemento que podes instalar no teu navegador se desexas que as t\u00faas cookies non te rastrexan: <a rel=\"noreferrer noopener\" href=\"https:\/\/tools.google.com\/dlpage\/gaoptout\" target=\"_blank\">https:\/\/tools.google.com\/dlpage\/gaoptout<\/a>.<\/p>\n\n<h6 class=\"wp-block-heading\">Cookies anal\u00edticas<\/h6>\n\n<figure class=\"wp-block-table is-style-stripes\"><table><thead><tr><th>Nome<\/th><th>Prop\u00f3sito<\/th><\/tr><\/thead><tbody><tr><td>_utma<\/td><td>\u00dasase para distinguir usuarios e sesi\u00f3ns. A cookie cr\u00e9ase cando se executa a biblioteca JavaScript e non hai ningunha cookie __utma.<br\/>A cookie actual\u00edzase cada vez que se env\u00edan datos a Google Analytics.<\/td><\/tr><tr><td>_utmt<\/td><td>\u00dasase para limitar a porcentaxe de solicitudes.<\/td><\/tr><tr><td>_utmb<\/td><td>\u00dasase para determinar novas sesi\u00f3ns ou visitas. A cookie cr\u00e9ase cando se executa a biblioteca JavaScript e non hai ningunha cookie __utmb. A cookie actual\u00edzase cada vez que se env\u00edan datos a Google Analytics.<\/td><\/tr><tr><td>_utmc<\/td><td>Non se usa en ga.js. Est\u00e1 configurado para interactuar con urchin.js.<br\/>Anteriormente, esta cookie actuaba conxuntamente coa cookie __utmb para determinar se o usuario estaba nunha nova sesi\u00f3n ou visita.<\/td><\/tr><tr><td>_utmz<\/td><td>Almacena a fonte de tr\u00e1fico ou a campa\u00f1a que explica como chegou o usuario ao sitio. A cookie cr\u00e9ase cando se executa a biblioteca JavaScript e actual\u00edzase cada vez que se env\u00edan datos a Google Analytics.<\/td><\/tr><tr><td>_utmv<\/td><td>\u00dasase para almacenar datos variables personalizados do visitante. Esta cookie cr\u00e9ase cando un desenvolvedor usa o m\u00e9todo _setCustomVar cunha variable de visitante personalizada. Tam\u00e9n se usou para o m\u00e9todo _setVar retirado. A cookie actual\u00edzase cada vez que se env\u00edan datos a Google Analytics.<\/td><\/tr><tr><td>_ga<\/td><td>\u00dasase para diferenciar entre usuarios e sesi\u00f3ns. A cookie cr\u00e9ase cando se carga a biblioteca javascript e non hai ningunha versi\u00f3n anterior da cookie _ga. A cookie actual\u00edzase cada vez que env\u00eda os datos a Google Analytics.<\/td><\/tr><tr><td>_gat<\/td><td>\u00dasase para diferenciar entre os diferentes obxectos de seguimento creados na sesi\u00f3n. A cookie cr\u00e9ase cando se carga a biblioteca javascript e non hai ningunha versi\u00f3n anterior da cookie _gat. A cookie actual\u00edzase cada vez que env\u00eda os datos a Google Analytics.<\/td><\/tr><\/tbody><\/table><\/figure>\n<div style=\"height:30px\" aria-hidden=\"true\" class=\"wp-block-spacer\"><\/div>\n\n<h5 class=\"wp-block-heading\">Cookies de terceiros: cookies WMPL<\/h5>\n\n<p>WPML usa cookies para identificar o idioma actual do visitante, o \u00faltimo idioma visitado e o idioma dos usuarios que iniciaron sesi\u00f3n. Non se compartir\u00e1n datos persoais do usuario.<\/p>\n\n<div style=\"height:30px\" aria-hidden=\"true\" class=\"wp-block-spacer\"><\/div>\n\n<h5 class=\"wp-block-heading\">Cookies de Terceros: Cookies de WordPress<\/h5>\n\n<p>Se deixas un comentario no noso sitio, podes escoller gardar o teu nome, enderezo de correo electr\u00f3nico e sitio web nas cookies. Isto \u00e9 para a t\u00faa comodidade, polo que non tes que encher de novo os teus datos cando deixes outro comentario. Estas cookies ter\u00e1n unha duraci\u00f3n dun ano.<\/p>\n\n<p>Se tes unha conta e te conectas a este sitio, instalaremos unha cookie temporal para determinar se o teu navegador acepta cookies. Esta cookie non cont\u00e9n datos persoais e elim\u00ednase cando o navegador est\u00e1 pechado.<\/p>\n\n<p>Cando inicie sesi\u00f3n, tam\u00e9n instalaremos varias cookies para gardar a informaci\u00f3n de inicio de sesi\u00f3n e as opci\u00f3ns de visualizaci\u00f3n da pantalla. As cookies de acceso duran dous d\u00edas e as de opci\u00f3ns de pantalla duran un ano. Se seleccionas &#8220;Recordarme&#8221;, o teu acceso durar\u00e1 d\u00faas semanas. Se pecha sesi\u00f3n na s\u00faa conta, eliminaranse as cookies de acceso.<\/p>\n\n<p>Se editas ou publicas un artigo, gardarase unha cookie adicional no teu navegador. Esta cookie non incl\u00fae datos persoais e simplemente indica o ID do artigo que acabou de editar. Caduca despois de 1 d\u00eda.<\/p>\n\n<div style=\"height:30px\" aria-hidden=\"true\" class=\"wp-block-spacer\"><\/div>\n\n<h5 class=\"wp-block-heading\">Configuraci\u00f3n do usuario para evitar as cookies<\/h5>\n\n<p>Desde www.confedonbosco.org e de conformidade coa normativa legal vixente, proporcion\u00e1moslle a informaci\u00f3n que lle permite configurar o seu navegador \/ navegadores de Internet para manter a s\u00faa privacidade e seguridade en relaci\u00f3n \u00e1s cookies. Por este motivo, proporcion\u00e1moslle a informaci\u00f3n e as ligaz\u00f3ns aos sitios oficiais de asistencia dos principais navegadores para que poida decidir se quere ou non aceptar o uso de cookies.<\/p>\n\n<p>As\u00ed, pode bloquear as cookies a trav\u00e9s das ferramentas de configuraci\u00f3n do navegador ou pode configurar o seu navegador para que lle avise cando un servidor quere gardar unha cookie:<\/p>\n\n<p><strong>a)<\/strong> Se usa Microsoft Internet Explorer, na opci\u00f3n do men\u00fa Ferramentas &gt; Opci\u00f3ns de Internet &gt; Privacidade &gt; Configuraci\u00f3n. Para saber m\u00e1is visita<br\/><a rel=\"noreferrer noopener\" href=\"https:\/\/support.microsoft.com\/es-es\/help\/17442\/windows-internet-explorer-delete-manage-cookies\" target=\"_blank\">https:\/\/support.microsoft.com\/es-es\/help\/17442\/windows-internet-explorer-delete-manage-cookies<\/a><br\/><strong>b)<\/strong>Se usa Firefox, na opci\u00f3n do men\u00fa Ferramentas &gt; Opci\u00f3ns&gt; Privacidade e&gt; Cookies. Para saber m\u00e1is visita <a rel=\"noreferrer noopener\" href=\"https:\/\/support.mozilla.org\/es\/kb\/Deshabilitar%20cookies%20de%20terceros\" target=\"_blank\">https:\/\/support.mozilla.org\/es\/kb\/Deshabilitar%20cookies%20de%20terceros<\/a><br\/><strong>c)<\/strong> Se usa Chrome, na secci\u00f3n Opci\u00f3ns &gt; Opci\u00f3ns avanzadas &gt; Privacidade. Para saber m\u00e1is <a href=\"http:\/\/support.google.com\/chrome\/bin\/answer.py?hl=es&amp;answer=95647\">http:\/\/support.google.com\/chrome\/bin\/answer.py?hl=es&amp;answer=95647<\/a><br\/><strong>d)<\/strong>Se usa Opera, na opci\u00f3n Seguridade e privacidade, pode configurar o navegador. Para saber m\u00e1is visita <a rel=\"noreferrer noopener\" href=\"http:\/\/www.opera.com\/help\/tutorials\/security\/cookies\/\" target=\"_blank\">http:\/\/www.opera.com\/help\/tutorials\/security\/cookies\/<\/a><br\/><strong>e)<\/strong>Se usa Safari, na opci\u00f3n Preferencias&gt; Seguridade ou privacidade, pode configurar o explorador. Para saber m\u00e1is visita: <a rel=\"noreferrer noopener\" href=\"\/\/support.apple.com\/kb\/PH21411?viewlocale=es_ES&amp;locale=es_ES\" target=\"_blank\">hhttps:\/\/support.apple.com\/kb\/PH21411?viewlocale=es_ES&amp;locale=es_ES<\/a><br\/><strong>f)<\/strong>Se desexa desactivar Google Universal Analytics, pode instalar a seguinte extensi\u00f3n proporcionada por Google:<a rel=\"noreferrer noopener\" href=\"https:\/\/tools.google.com\/dlpage\/gaoptout\" target=\"_blank\"> https:\/\/tools.google.com\/dlpage\/gaoptout<\/a><\/p>\n","protected":false},"excerpt":{"rendered":"<p>Esta pol\u00edtica de cookies \u00e9 parte integral do aviso legal e dapol\u00edtica de privacidade da Confederaci\u00f3n do Centro Xuvenil Don Bosco de Espa\u00f1a. O acceso e navegaci\u00f3n no sitio ou o uso dos seus servizos implican a aceptaci\u00f3n das Condici\u00f3ns Xerais establecidas no noso Aviso Legal (e, polo tanto, da Pol\u00edtica de privacidade e Pol\u00edtica&hellip;<\/p>\n","protected":false},"author":27,"featured_media":0,"parent":0,"menu_order":0,"comment_status":"closed","ping_status":"closed","template":"","meta":{"_monsterinsights_skip_tracking":false,"_monsterinsights_sitenote_active":false,"_monsterinsights_sitenote_note":"","_monsterinsights_sitenote_category":0,"footnotes":""},"class_list":["post-2858","page","type-page","status-publish","hentry","description-off"],"_links":{"self":[{"href":"https:\/\/confedonbosco.org\/gl\/wp-json\/wp\/v2\/pages\/2858","targetHints":{"allow":["GET"]}}],"collection":[{"href":"https:\/\/confedonbosco.org\/gl\/wp-json\/wp\/v2\/pages"}],"about":[{"href":"https:\/\/confedonbosco.org\/gl\/wp-json\/wp\/v2\/types\/page"}],"author":[{"embeddable":true,"href":"https:\/\/confedonbosco.org\/gl\/wp-json\/wp\/v2\/users\/27"}],"replies":[{"embeddable":true,"href":"https:\/\/confedonbosco.org\/gl\/wp-json\/wp\/v2\/comments?post=2858"}],"version-history":[{"count":4,"href":"https:\/\/confedonbosco.org\/gl\/wp-json\/wp\/v2\/pages\/2858\/revisions"}],"predecessor-version":[{"id":2867,"href":"https:\/\/confedonbosco.org\/gl\/wp-json\/wp\/v2\/pages\/2858\/revisions\/2867"}],"wp:attachment":[{"href":"https:\/\/confedonbosco.org\/gl\/wp-json\/wp\/v2\/media?parent=2858"}],"curies":[{"name":"wp","href":"https:\/\/api.w.org\/{rel}","templated":true}]}}