{"id":2745,"date":"2021-08-31T09:04:21","date_gmt":"2021-08-31T09:04:21","guid":{"rendered":"https:\/\/www.confedonbosco.org\/sobre-nos\/a-nosa-historia\/"},"modified":"2021-08-31T09:04:21","modified_gmt":"2021-08-31T09:04:21","slug":"a-nosa-historia","status":"publish","type":"page","link":"https:\/\/confedonbosco.org\/gl\/sobre-nos\/a-nosa-historia\/","title":{"rendered":"A nosa historia"},"content":{"rendered":"<div class=\"wpb-content-wrapper\"><p>[vc_row css=&#8221;.vc_custom_1621936137413{margin-bottom: 2em !important;}&#8221;][vc_column][vc_column_text css_animation=&#8221;left-to-right&#8221;]<\/p>\n<h6><strong>En 1991, as Federaci\u00f3ns de Centros Xuven\u00eds Salesianos decidiron crear a <span class=\"dt-highlight\" style=\"color: #474647; background: #EEB238 !important;\">Confederaci\u00f3n Don Bosco<\/span>.<\/strong><\/h6>\n<p>[\/vc_column_text][vc_column_text]A comezos dos anos noventa hab\u00eda en Espa\u00f1a catro Federaci\u00f3ns de Centros Xuven\u00eds Salesianos: Federaci\u00f3n El Patio de Andaluc\u00eda, Federaci\u00f3n Don Bosco de Catalu\u00f1a, Federaci\u00f3n Valdoco de Madrid e Federaci\u00f3n Don Bosco da Comunidade Valenciana.<\/p>\n<p>Reunidos o 12 de maio de 1991, no marco do <span class=\"dt-highlight\" style=\"color: #fff; background: #B25093 !important;\"><strong>VIII Encontro Estatal de Centros Xuven\u00eds<\/strong><\/span> celebrado na cidade de Pamplona, \u200b\u200bdecidiron formar unha estrutura de \u00e1mbito estatal: a <strong>Confederaci\u00f3n de Centros Juveniles Don Bosco de Espa\u00f1a<\/strong>.<\/p>\n<p>As\u00ed naceu a Confederaci\u00f3n Don Bosco coa<strong>vocaci\u00f3n de axudar aos centros locais<\/strong> a trav\u00e9s das s\u00faas federaci\u00f3ns, ofrec\u00e9ndolles canles e participaci\u00f3n legais, recursos formativos, recursos t\u00e9cnicos e financeiros, apoio e asesoramento. Calquera iniciativa que contrib\u00faa ao seu desenvolvemento e crecemento como estruturas de educaci\u00f3n, prevenci\u00f3n e participaci\u00f3n xuvenil.[\/vc_column_text][vc_row_inner equal_height=&#8221;yes&#8221; content_placement=&#8221;middle&#8221;][vc_column_inner width=&#8221;1\/6&#8243;]<div class=\"ult-animation  ult-no-mobile \" data-animate=\"infinite InfinitePulse\" data-animation-delay=\"0\" data-animation-duration=\"3\" data-animation-iteration=\"infinite\" style=\"\" >[vc_single_image image=&#8221;622&#8243; img_size=&#8221;&#8221; alignment=&#8221;center&#8221;]<\/div>[\/vc_column_inner][vc_column_inner width=&#8221;5\/6&#8243; css=&#8221;.vc_custom_1621935061407{border-top-width: 0px !important;border-right-width: 0px !important;border-bottom-width: 0px !important;border-left-width: 5px !important;padding-top: 5px !important;padding-bottom: 5px !important;border-left-color: #eeb238 !important;border-left-style: solid !important;border-right-color: #eeb238 !important;border-right-style: solid !important;border-top-color: #eeb238 !important;border-top-style: solid !important;border-bottom-color: #eeb238 !important;border-bottom-style: solid !important;}&#8221;][vc_column_text css=&#8221;.vc_custom_1621935068938{margin-bottom: 5px !important;}&#8221;]<span style=\"font-size: 20px;line-height: 30px\">A Confederaci\u00f3n Don Bosco consolidou, nestes anos de existencia, un modelo estrutural e de participaci\u00f3n plenamente capaz de desempe\u00f1ar as s\u00faas tarefas, que est\u00e1 ao servizo de todos os centros xuven\u00eds salesianos e salesianos de Espa\u00f1a, inclu\u00eddos os que non participan. as estruturas federativas pero comparten a nosa identidade e carisma.<\/span>[\/vc_column_text][\/vc_column_inner][\/vc_row_inner][\/vc_column][\/vc_row][vc_row full_width=&#8221;stretch_row&#8221; content_placement=&#8221;bottom&#8221; bg_type=&#8221;bg_color&#8221; bg_override=&#8221;full&#8221; seperator_enable=&#8221;seperator_enable_value&#8221; seperator_type=&#8221;tilt_right_seperator&#8221; bg_color_value=&#8221;#474647&#8243;][vc_column]<div id=\"ultimate-heading-894069e5ba5ae047c\" class=\"uvc-heading ult-adjust-bottom-margin ultimate-heading-894069e5ba5ae047c uvc-7643  uvc-heading-default-font-sizes\" data-hspacer=\"no_spacer\"  data-halign=\"center\" style=\"text-align:center\"><div class=\"uvc-heading-spacer no_spacer\" style=\"top\"><\/div><div class=\"uvc-main-heading ult-responsive\"  data-ultimate-target='.uvc-heading.ultimate-heading-894069e5ba5ae047c h3'  data-responsive-json-new='{\"font-size\":\"\",\"line-height\":\"\"}' ><h3 style=\"--font-weight:theme;color:#eeb238;margin-top:1em;margin-bottom:1em;\">Cronolox\u00eda<\/h3><\/div><\/div>[\/vc_column][\/vc_row][vc_row full_width=&#8221;stretch_row&#8221; bg_type=&#8221;image&#8221; parallax_style=&#8221;vcpb-vz-jquery&#8221; bg_image_new=&#8221;id^314|url^http:\/\/www.confedonbosco.org\/wp-content\/uploads\/2021\/05\/Parallax-intro-2-1.png|caption^null|alt^null|title^Parallax-intro-2|description^null&#8221; bg_image_repeat=&#8221;repeat-y&#8221; bg_img_attach=&#8221;fixed&#8221; bg_override=&#8221;full&#8221; css=&#8221;.vc_custom_1621963135646{padding-bottom: 2em !important;}&#8221;][vc_column]<div class=\"smile-icon-timeline-wrap csstime   \"  data-time_sep_bg_color=&quot;#eeb238&quot; data-time_block_bg_color=&quot;#ededed&quot; data-time_sep_color=&quot;#474647&quot; style=\"\"><div class=\"timeline-line \" style=\"border-right-color:#474647;\"><span><\/span><\/div><div class=\"timeline-wrapper\"><\/div>\n\t\t\t\t<div id=\"timeline-seperator-8361\" class=\"timeline-separator-text \" data-sep-col=\"#474647\" data-sep-bg-col=\"\"><span class=\"sep-text ult-responsive\"  data-ultimate-target='#timeline-seperator-8361 .sep-text'  data-responsive-json-new='{\"font-size\":\"\",\"line-height\":\"\"}'  style=\"color:#474647;border-style:solid;border-color:#eeb238;border-width:2px;border-radius:0px;\">1991<\/span><\/div><div class=\"timeline-wrapper \"><div class=\"timeline-block \"><div class=\"timeline-dot\"><\/div><div class=\"ult-timeline-arrow\"><s><\/s><l><\/l><\/div><div class=\"timeline-icon-block\"><div class=\"ult-timeline-icon \" style=\"   \"><div class=\"ult-just-icon-wrapper  \"><div class=\"align-icon\" style=\"text-align:center;\">\n<div class=\"aio-icon advanced \"  style=\"color:#eeb238;background:#ffffff;border-style:solid;border-color:#474647;border-width:1px;width:35px;height:35px;line-height:35px;border-radius:500px;font-size:22px;display:inline-block;\">\n\t<i class=\"fasfa-star\"><\/i>\n<\/div><\/div><\/div><\/div> <!-- icon --><\/div><div class=\"timeline-header-block\" >\n\t\t\t\t\t\t\t<div id=\"timeline-item-1859\" class=\"timeline-header\" style=\"\"><h3 class=\"ult-timeline-title ult-responsive\"  data-ultimate-target='#timeline-item-1859 .ult-timeline-title'  data-responsive-json-new='{\"font-size\":\"\",\"line-height\":\"\"}'  style=\"\">Nacemento da Federaci\u00f3n Don Bosco<\/h3><div class=\"ult-responsive timeline-item-spt\"  data-ultimate-target='#timeline-item-1859 .timeline-item-spt'  data-responsive-json-new='{\"font-size\":\"\",\"line-height\":\"\"}'  style=\"\">12 de maio<\/p>\n<p><img loading=\"lazy\" decoding=\"async\" class=\"alignnone size-medium wp-image-1570\" src=\"https:\/\/www.confedonbosco.org\/wp-content\/uploads\/2021\/06\/Cartel-firma-Confederacion-Don-Bosco-219x300.jpg\" alt=\"\" width=\"219\" height=\"300\" srcset=\"https:\/\/confedonbosco.org\/wp-content\/uploads\/2021\/06\/Cartel-firma-Confederacion-Don-Bosco-219x300.jpg 219w, https:\/\/confedonbosco.org\/wp-content\/uploads\/2021\/06\/Cartel-firma-Confederacion-Don-Bosco-747x1024.jpg 747w, https:\/\/confedonbosco.org\/wp-content\/uploads\/2021\/06\/Cartel-firma-Confederacion-Don-Bosco-768x1053.jpg 768w, https:\/\/confedonbosco.org\/wp-content\/uploads\/2021\/06\/Cartel-firma-Confederacion-Don-Bosco.jpg 945w\" sizes=\"auto, (max-width: 219px) 100vw, 219px\" \/><\/div><\/div> <!-- header --><\/div><\/div><div class=\"timeline-block \"><div class=\"timeline-dot\"><\/div><div class=\"ult-timeline-arrow\"><s><\/s><l><\/l><\/div><div class=\"timeline-icon-block\"><div class=\"ult-timeline-icon \" style=\"   \"><div class=\"ult-just-icon-wrapper  \"><div class=\"align-icon\" style=\"text-align:center;\">\n<div class=\"aio-icon advanced \"  style=\"color:#b25093;background:#ffffff;border-style:solid;border-color:#474647;border-width:1px;width:35px;height:35px;line-height:35px;border-radius:500px;font-size:22px;display:inline-block;\">\n\t<i class=\"icomoon-the7-font-the7-plus-03\"><\/i>\n<\/div><\/div><\/div><\/div> <!-- icon --><\/div><div class=\"timeline-header-block\" >\n\t\t\t\t\t\t\t<div id=\"timeline-item-5213\" class=\"timeline-header\" style=\"\"><h3 class=\"ult-timeline-title ult-responsive\"  data-ultimate-target='#timeline-item-5213 .ult-timeline-title'  data-responsive-json-new='{\"font-size\":\"\",\"line-height\":\"\"}'  style=\"\">Incorporaci\u00f3n das Federaci\u00f3ns de Andaluc\u00eda, Catalu\u00f1a, Madrid e a Comunidade Valenciana<\/h3><div class=\"ult-responsive timeline-item-spt\"  data-ultimate-target='#timeline-item-5213 .timeline-item-spt'  data-responsive-json-new='{\"font-size\":\"\",\"line-height\":\"\"}'  style=\"\"><\/div><\/div> <!-- header --><\/div><\/div><\/div>\n\t\t\t\t<div id=\"timeline-seperator-5713\" class=\"timeline-separator-text \" data-sep-col=\"#474647\" data-sep-bg-col=\"\"><span class=\"sep-text ult-responsive\"  data-ultimate-target='#timeline-seperator-5713 .sep-text'  data-responsive-json-new='{\"font-size\":\"\",\"line-height\":\"\"}'  style=\"color:#474647;border-style:solid;border-color:#eeb238;border-width:2px;border-radius:0px;\">1991-1995<\/span><\/div><div class=\"timeline-wrapper \"><div class=\"timeline-block \"><div class=\"timeline-dot\"><\/div><div class=\"ult-timeline-arrow\"><s><\/s><l><\/l><\/div><div class=\"timeline-icon-block\"><div class=\"ult-timeline-icon \" style=\"   \"><div class=\"ult-just-icon-wrapper  \"><div class=\"align-icon\" style=\"text-align:center;\">\n<div class=\"aio-icon advanced \"  style=\"color:#b25093;background:#ffffff;border-style:solid;border-color:#474647;border-width:1px;width:35px;height:35px;line-height:35px;border-radius:500px;font-size:22px;display:inline-block;\">\n\t<i class=\"icomoon-the7-font-the7-plus-03\"><\/i>\n<\/div><\/div><\/div><\/div> <!-- icon --><\/div><div class=\"timeline-header-block\" >\n\t\t\t\t\t\t\t<div id=\"timeline-item-5794\" class=\"timeline-header\" style=\"\"><h3 class=\"ult-timeline-title ult-responsive\"  data-ultimate-target='#timeline-item-5794 .ult-timeline-title'  data-responsive-json-new='{\"font-size\":\"\",\"line-height\":\"\"}'  style=\"\">Incorporaci\u00f3n das Federaci\u00f3ns de Murcia, Arag\u00f3n, Galicia, Castela e Le\u00f3n, Euskadi e, finalmente, Canarias<\/h3><div class=\"ult-responsive timeline-item-spt\"  data-ultimate-target='#timeline-item-5794 .timeline-item-spt'  data-responsive-json-new='{\"font-size\":\"\",\"line-height\":\"\"}'  style=\"\"><\/div><\/div> <!-- header --><\/div><\/div><\/div>\n\t\t\t\t<div id=\"timeline-seperator-6306\" class=\"timeline-separator-text \" data-sep-col=\"#474647\" data-sep-bg-col=\"\"><span class=\"sep-text ult-responsive\"  data-ultimate-target='#timeline-seperator-6306 .sep-text'  data-responsive-json-new='{\"font-size\":\"\",\"line-height\":\"\"}'  style=\"color:#474647;border-style:solid;border-color:#eeb238;border-width:2px;border-radius:0px;\">2002<\/span><\/div><div class=\"timeline-wrapper \"><div class=\"timeline-block \"><div class=\"timeline-dot\"><\/div><div class=\"ult-timeline-arrow\"><s><\/s><l><\/l><\/div><div class=\"timeline-icon-block\"><div class=\"ult-timeline-icon \" style=\"   \"><div class=\"ult-just-icon-wrapper  \"><div class=\"align-icon\" style=\"text-align:center;\">\n<div class=\"aio-icon advanced \"  style=\"color:#23b2be;background:#ffffff;border-style:solid;border-color:#474647;border-width:1px;width:35px;height:35px;line-height:35px;border-radius:500px;font-size:22px;display:inline-block;\">\n\t<i class=\"fasfa-award\"><\/i>\n<\/div><\/div><\/div><\/div> <!-- icon --><\/div><div class=\"timeline-header-block\" >\n\t\t\t\t\t\t\t<div id=\"timeline-item-4232\" class=\"timeline-header\" style=\"\"><h3 class=\"ult-timeline-title ult-responsive\"  data-ultimate-target='#timeline-item-4232 .ult-timeline-title'  data-responsive-json-new='{\"font-size\":\"\",\"line-height\":\"\"}'  style=\"\">Reco\u00f1ecemento &quot;Cruz de prata da orde civil de solidariedade&quot;<\/h3><div class=\"ult-responsive timeline-item-spt\"  data-ultimate-target='#timeline-item-4232 .timeline-item-spt'  data-responsive-json-new='{\"font-size\":\"\",\"line-height\":\"\"}'  style=\"\"><\/div><\/div> <!-- header --><\/div><\/div><\/div>\n\t\t\t\t<div id=\"timeline-seperator-8967\" class=\"timeline-separator-text \" data-sep-col=\"#474647\" data-sep-bg-col=\"\"><span class=\"sep-text ult-responsive\"  data-ultimate-target='#timeline-seperator-8967 .sep-text'  data-responsive-json-new='{\"font-size\":\"\",\"line-height\":\"\"}'  style=\"color:#474647;border-style:solid;border-color:#eeb238;border-width:2px;border-radius:0px;\">2004<\/span><\/div><div class=\"timeline-wrapper \"><div class=\"timeline-block \"><div class=\"timeline-dot\"><\/div><div class=\"ult-timeline-arrow\"><s><\/s><l><\/l><\/div><div class=\"timeline-icon-block\"><div class=\"ult-timeline-icon \" style=\"   \"><div class=\"ult-just-icon-wrapper  \"><div class=\"align-icon\" style=\"text-align:center;\">\n<div class=\"aio-icon advanced \"  style=\"color:#23b2be;background:#ffffff;border-style:solid;border-color:#474647;border-width:1px;width:35px;height:35px;line-height:35px;border-radius:500px;font-size:22px;display:inline-block;\">\n\t<i class=\"fasfa-award\"><\/i>\n<\/div><\/div><\/div><\/div> <!-- icon --><\/div><div class=\"timeline-header-block\" >\n\t\t\t\t\t\t\t<div id=\"timeline-item-2419\" class=\"timeline-header\" style=\"\"><h3 class=\"ult-timeline-title ult-responsive\"  data-ultimate-target='#timeline-item-2419 .ult-timeline-title'  data-responsive-json-new='{\"font-size\":\"\",\"line-height\":\"\"}'  style=\"\">Premio \u00e1 traxectoria da Solidariedade social<\/h3><div class=\"ult-responsive timeline-item-spt\"  data-ultimate-target='#timeline-item-2419 .timeline-item-spt'  data-responsive-json-new='{\"font-size\":\"\",\"line-height\":\"\"}'  style=\"\"><\/div><\/div> <!-- header --><\/div><\/div><\/div>\n\t\t\t\t<div id=\"timeline-seperator-9676\" class=\"timeline-separator-text \" data-sep-col=\"#474647\" data-sep-bg-col=\"\"><span class=\"sep-text ult-responsive\"  data-ultimate-target='#timeline-seperator-9676 .sep-text'  data-responsive-json-new='{\"font-size\":\"\",\"line-height\":\"\"}'  style=\"color:#474647;border-style:solid;border-color:#eeb238;border-width:2px;border-radius:0px;\">2013<\/span><\/div><div class=\"timeline-wrapper \"><div class=\"timeline-block \"><div class=\"timeline-dot\"><\/div><div class=\"ult-timeline-arrow\"><s><\/s><l><\/l><\/div><div class=\"timeline-icon-block\"><div class=\"ult-timeline-icon \" style=\"   \"><div class=\"ult-just-icon-wrapper  \"><div class=\"align-icon\" style=\"text-align:center;\">\n<div class=\"aio-icon advanced \"  style=\"color:#23b2be;background:#ffffff;border-style:solid;border-color:#474647;border-width:1px;width:35px;height:35px;line-height:35px;border-radius:500px;font-size:22px;display:inline-block;\">\n\t<i class=\"fasfa-award\"><\/i>\n<\/div><\/div><\/div><\/div> <!-- icon --><\/div><div class=\"timeline-header-block\" >\n\t\t\t\t\t\t\t<div id=\"timeline-item-4443\" class=\"timeline-header\" style=\"\"><h3 class=\"ult-timeline-title ult-responsive\"  data-ultimate-target='#timeline-item-4443 .ult-timeline-title'  data-responsive-json-new='{\"font-size\":\"\",\"line-height\":\"\"}'  style=\"\">Premio Ra\u00ed\u00f1a Sof\u00eda contra as Drogas<\/h3><div class=\"ult-responsive timeline-item-spt\"  data-ultimate-target='#timeline-item-4443 .timeline-item-spt'  data-responsive-json-new='{\"font-size\":\"\",\"line-height\":\"\"}'  style=\"\"><\/div><\/div> <!-- header --><\/div><\/div><\/div>\n\t\t\t\t<div id=\"timeline-seperator-6791\" class=\"timeline-separator-text \" data-sep-col=\"#474647\" data-sep-bg-col=\"\"><span class=\"sep-text ult-responsive\"  data-ultimate-target='#timeline-seperator-6791 .sep-text'  data-responsive-json-new='{\"font-size\":\"\",\"line-height\":\"\"}'  style=\"color:#474647;border-style:solid;border-color:#eeb238;border-width:2px;border-radius:0px;\">2015<\/span><\/div><div class=\"timeline-wrapper \"><div class=\"timeline-block \"><div class=\"timeline-dot\"><\/div><div class=\"ult-timeline-arrow\"><s><\/s><l><\/l><\/div><div class=\"timeline-icon-block\"><div class=\"ult-timeline-icon \" style=\"   \"><div class=\"ult-just-icon-wrapper  \"><div class=\"align-icon\" style=\"text-align:center;\">\n<div class=\"aio-icon advanced \"  style=\"color:#23b2be;background:#ffffff;border-style:solid;border-color:#474647;border-width:1px;width:35px;height:35px;line-height:35px;border-radius:500px;font-size:22px;display:inline-block;\">\n\t<i class=\"fasfa-award\"><\/i>\n<\/div><\/div><\/div><\/div> <!-- icon --><\/div><div class=\"timeline-header-block\" >\n\t\t\t\t\t\t\t<div id=\"timeline-item-9387\" class=\"timeline-header\" style=\"\"><h3 class=\"ult-timeline-title ult-responsive\"  data-ultimate-target='#timeline-item-9387 .ult-timeline-title'  data-responsive-json-new='{\"font-size\":\"\",\"line-height\":\"\"}'  style=\"\">Premio \u00e1 mellor idea do ano polo proxecto Reco\u00f1ecer sobre o reco\u00f1ecemento das habilidades adquiridas no voluntariado<\/h3><div class=\"ult-responsive timeline-item-spt\"  data-ultimate-target='#timeline-item-9387 .timeline-item-spt'  data-responsive-json-new='{\"font-size\":\"\",\"line-height\":\"\"}'  style=\"\"><\/div><\/div> <!-- header --><\/div><\/div><div class=\"timeline-block \"><div class=\"timeline-dot\"><\/div><div class=\"ult-timeline-arrow\"><s><\/s><l><\/l><\/div><div class=\"timeline-icon-block\"><div class=\"ult-timeline-icon \" style=\"   \"><div class=\"ult-just-icon-wrapper  \"><div class=\"align-icon\" style=\"text-align:center;\">\n<div class=\"aio-icon advanced \"  style=\"color:#eeb238;background:#ffffff;border-style:solid;border-color:#474647;border-width:1px;width:35px;height:35px;line-height:35px;border-radius:500px;font-size:22px;display:inline-block;\">\n\t<i class=\"fasfa-exchange-alt\"><\/i>\n<\/div><\/div><\/div><\/div> <!-- icon --><\/div><div class=\"timeline-header-block\" >\n\t\t\t\t\t\t\t<div id=\"timeline-item-3165\" class=\"timeline-header\" style=\"\"><h3 class=\"ult-timeline-title ult-responsive\"  data-ultimate-target='#timeline-item-3165 .ult-timeline-title'  data-responsive-json-new='{\"font-size\":\"\",\"line-height\":\"\"}'  style=\"\">Traslado oficial da sede central da Confederaci\u00f3n a Madrid no marco do Ministerio Nacional da Xuventude Salesiana<\/h3><div class=\"ult-responsive timeline-item-spt\"  data-ultimate-target='#timeline-item-3165 .timeline-item-spt'  data-responsive-json-new='{\"font-size\":\"\",\"line-height\":\"\"}'  style=\"\"><\/div><\/div> <!-- header --><\/div><\/div><\/div>\n\t\t\t\t<div id=\"timeline-seperator-6400\" class=\"timeline-separator-text \" data-sep-col=\"#474647\" data-sep-bg-col=\"\"><span class=\"sep-text ult-responsive\"  data-ultimate-target='#timeline-seperator-6400 .sep-text'  data-responsive-json-new='{\"font-size\":\"\",\"line-height\":\"\"}'  style=\"color:#474647;border-style:solid;border-color:#eeb238;border-width:2px;border-radius:0px;\">2016<\/span><\/div><div class=\"timeline-wrapper \"><div class=\"timeline-block \"><div class=\"timeline-dot\"><\/div><div class=\"ult-timeline-arrow\"><s><\/s><l><\/l><\/div><div class=\"timeline-icon-block\"><div class=\"ult-timeline-icon \" style=\"   \"><div class=\"ult-just-icon-wrapper  \"><div class=\"align-icon\" style=\"text-align:center;\">\n<div class=\"aio-icon advanced \"  style=\"color:#23b2be;background:#ffffff;border-style:solid;border-color:#474647;border-width:1px;width:35px;height:35px;line-height:35px;border-radius:500px;font-size:22px;display:inline-block;\">\n\t<i class=\"fasfa-award\"><\/i>\n<\/div><\/div><\/div><\/div> <!-- icon --><\/div><div class=\"timeline-header-block\" >\n\t\t\t\t\t\t\t<div id=\"timeline-item-9884\" class=\"timeline-header\" style=\"\"><h3 class=\"ult-timeline-title ult-responsive\"  data-ultimate-target='#timeline-item-9884 .ult-timeline-title'  data-responsive-json-new='{\"font-size\":\"\",\"line-height\":\"\"}'  style=\"\">Premio Finalista \u00e1 Innovaci\u00f3n Social polo proxecto Reco\u00f1ecer<\/h3><div class=\"ult-responsive timeline-item-spt\"  data-ultimate-target='#timeline-item-9884 .timeline-item-spt'  data-responsive-json-new='{\"font-size\":\"\",\"line-height\":\"\"}'  style=\"\"><\/div><\/div> <!-- header --><\/div><\/div><\/div><\/div>[\/vc_column][\/vc_row]<\/p>\n<\/div>","protected":false},"excerpt":{"rendered":"<p>[vc_row css=&#8221;.vc_custom_1621936137413{margin-bottom: 2em !important;}&#8221;][vc_column][vc_column_text css_animation=&#8221;left-to-right&#8221;] En 1991, as Federaci\u00f3ns de Centros Xuven\u00eds Salesianos decidiron crear a . [\/vc_column_text][vc_column_text]A comezos dos anos noventa hab\u00eda en Espa\u00f1a catro Federaci\u00f3ns de Centros Xuven\u00eds Salesianos: Federaci\u00f3n El Patio de Andaluc\u00eda, Federaci\u00f3n Don Bosco de Catalu\u00f1a, Federaci\u00f3n Valdoco de Madrid e Federaci\u00f3n Don Bosco da Comunidade Valenciana. Reunidos o 12&hellip;<\/p>\n","protected":false},"author":27,"featured_media":0,"parent":1740,"menu_order":0,"comment_status":"closed","ping_status":"closed","template":"","meta":{"_monsterinsights_skip_tracking":false,"_monsterinsights_sitenote_active":false,"_monsterinsights_sitenote_note":"","_monsterinsights_sitenote_category":0,"footnotes":""},"class_list":["post-2745","page","type-page","status-publish","hentry","description-off"],"_links":{"self":[{"href":"https:\/\/confedonbosco.org\/gl\/wp-json\/wp\/v2\/pages\/2745","targetHints":{"allow":["GET"]}}],"collection":[{"href":"https:\/\/confedonbosco.org\/gl\/wp-json\/wp\/v2\/pages"}],"about":[{"href":"https:\/\/confedonbosco.org\/gl\/wp-json\/wp\/v2\/types\/page"}],"author":[{"embeddable":true,"href":"https:\/\/confedonbosco.org\/gl\/wp-json\/wp\/v2\/users\/27"}],"replies":[{"embeddable":true,"href":"https:\/\/confedonbosco.org\/gl\/wp-json\/wp\/v2\/comments?post=2745"}],"version-history":[{"count":3,"href":"https:\/\/confedonbosco.org\/gl\/wp-json\/wp\/v2\/pages\/2745\/revisions"}],"predecessor-version":[{"id":2748,"href":"https:\/\/confedonbosco.org\/gl\/wp-json\/wp\/v2\/pages\/2745\/revisions\/2748"}],"up":[{"embeddable":true,"href":"https:\/\/confedonbosco.org\/gl\/wp-json\/wp\/v2\/pages\/1740"}],"wp:attachment":[{"href":"https:\/\/confedonbosco.org\/gl\/wp-json\/wp\/v2\/media?parent=2745"}],"curies":[{"name":"wp","href":"https:\/\/api.w.org\/{rel}","templated":true}]}}