{"id":2707,"date":"2021-08-31T08:52:26","date_gmt":"2021-08-31T08:52:26","guid":{"rendered":"https:\/\/www.confedonbosco.org\/sobre-nos\/mision-vision-e-valores\/"},"modified":"2021-08-31T08:53:05","modified_gmt":"2021-08-31T08:53:05","slug":"mision-vision-e-valores","status":"publish","type":"page","link":"https:\/\/confedonbosco.org\/gl\/sobre-nos\/mision-vision-e-valores\/","title":{"rendered":"Misi\u00f3n, visi\u00f3n e valores"},"content":{"rendered":"<div class=\"wpb-content-wrapper\"><p>[vc_row equal_height=&#8221;yes&#8221;][vc_column width=&#8221;1\/3&#8243;][vc_single_image image=&#8221;655&#8243; img_size=&#8221;&#8221; alignment=&#8221;center&#8221; css_animation=&#8221;fadeInLeft&#8221;][\/vc_column][vc_column width=&#8221;2\/3&#8243;][vc_column_text]<\/p>\n<h2>Misi\u00f3n<\/h2>\n<p>A Confederaci\u00f3n Don Bosco \u00e9 unha asociaci\u00f3n que traballa xunto coas Federaci\u00f3ns e Centros Xuven\u00eds <strong>na defensa e promoci\u00f3n da infancia e da mocidade<\/strong>, especialmente aqueles en risco de exclusi\u00f3n, a trav\u00e9s do <span class=\"dt-highlight\" style=\"color: #fff; background: #23B2BE !important;\"><strong>papel da mocidade<\/strong><\/span> e do <span class=\"dt-highlight\" style=\"color: #fff; background: #B25093 !important;\"><strong>estilo educativo de Don Bosco<\/strong><\/span>.[\/vc_column_text][vc_column_text]<\/p>\n<h2>Visi\u00f3n<\/h2>\n<p>A Confederaci\u00f3n Don Bosco \u00e9 unha <strong>organizaci\u00f3n salesiana<\/strong> comprometida cos mozos e unha referencia cualificada no campo da mocidade e do tempo libre educativo, que xestiona os seus proxectos con criterios de mellora continua e innovaci\u00f3n xunto coas federaci\u00f3ns e os centros xuven\u00eds.[\/vc_column_text][\/vc_column][\/vc_row][vc_row full_width=&#8221;stretch_row&#8221; bg_type=&#8221;image&#8221; parallax_style=&#8221;vcpb-default&#8221; bg_image_new=&#8221;id^718|url^https:\/\/www.confedonbosco.org\/wp-content\/uploads\/2021\/05\/iconos-patron.png|caption^null|alt^null|title^iconos patron|description^null&#8221; bg_image_size=&#8221;initial&#8221; bg_img_attach=&#8221;fixed&#8221; fadeout_row=&#8221;fadeout_row_value&#8221; seperator_enable=&#8221;seperator_enable_value&#8221; seperator_type=&#8221;tilt_right_seperator&#8221; seperator_position=&#8221;bottom_seperator&#8221; css=&#8221;.vc_custom_1622110506950{padding-bottom: 2em !important;background-color: #b25093 !important;}&#8221;][vc_column]<h3 id=\"uvc-type-wrap-4812\"  data-ultimate-target='#uvc-type-wrap-4812'  data-responsive-json-new='{\"font-size\":\"\",\"line-height\":\"\"}'  class=\"uvc-type-wrap  ult-adjust-bottom-margin ult-responsive  uvc-type-align-center uvc-type-no-prefix uvc-wrap-365386131069e8647641b39\" style=\"text-align:center;\"><span id=\"typed-365386131069e8647641b39\" class=\"ultimate-typed-main fancytext-typewriter-background-enabled\" style=\"color:#ffffff;background:#7a3766; font-weight:bold; text-transform: unset;\"><\/span><span  data-ultimate-target='#uvc-type-wrap-4812 .mycustfancy'  data-responsive-json-new='{\"font-size\":\"\",\"line-height\":\"\"}'  class=\"ultimate-typewriter-suffix mycustfancy ult-responsive\" style=\"font-weight:normal;color:#ffffff; text-transform: unset;\">xuventude<\/span><script type=\"text\/javascript\">\n\t\t\t\t\t\tjQuery(function($){ \n\t\t\t\t\t\t\t$(document).ready(function(){\n\t\t\t\t\t\t\t\tif( typeof jQuery(\"#typed-365386131069e8647641b39\").typed == \"function\"){\n\t\t\t\t\t\t\t\t\t$(\"#typed-365386131069e8647641b39\").typed({\n\t\t\t\t\t\t\t\t\t\tstrings: [\"con\",\"para\",\"por\"],\n\t\t\t\t\t\t\t\t\t\ttypeSpeed: 35,\n\t\t\t\t\t\t\t\t\t\tbackSpeed: 0,\n\t\t\t\t\t\t\t\t\t\tstartDelay: \"200\",\n\t\t\t\t\t\t\t\t\t\tbackDelay: \"1500\",\n\t\t\t\t\t\t\t\t\t\tloop: true,\n\t\t\t\t\t\t\t\t\t\tloopCount: false,\n\t\t\t\t\t\t\t\t\t\tshowCursor: true,\n\t\t\t\t\t\t\t\t\t\tcursorChar: \"\",\n\t\t\t\t\t\t\t\t\t\tattr: null\n\t\t\t\t\t\t\t\t\t});\n\t\t\t\t\t\t\t\t}\n\t\t\t\t\t\t\t});\n\t\t\t\t\t\t});\n\t\t\t\t\t<\/script><\/h3>[\/vc_column][\/vc_row][vc_row][vc_column][vc_column_text]<\/p>\n<h2>Valores<\/h2>\n<h5><strong><span class=\"dt-highlight\" style=\"color: #474647; background: #EEB238 !important;\">desenvolvemento da persoa e prevenci\u00f3n<\/span><\/strong><\/h5>\n<p>[\/vc_column_text][\/vc_column][\/vc_row][vc_row][vc_column width=&#8221;2\/3&#8243;][vc_column_text]<\/p>\n<h6>San Xo\u00e1n Bosco foi un educador que act\u00faa a trav\u00e9s dunha nova pedagox\u00eda educativa, baseada no desenvolvemento de toda a persoa: <span style=\"color: #84bf57\">corpo<\/span>, <span style=\"color: #b25093\">coraz\u00f3n<\/span>, <span style=\"color: #23b2be\">mente<\/span>e <span style=\"color: #ee8434\">esp\u00edrito<\/span>.<\/h6>\n<p>&nbsp;<\/p>\n<p>Deu ao seu novo m\u00e9todo o nome de \u00abO sistema preventivo\u00bb de Don Bosco, que intenta facer que a mocidade se desenvolva nun ambiente educativo onde as relaci\u00f3ns estreitas, os est\u00e1ndares razoables e a preocupaci\u00f3n polo desenvolvemento integral da persoa a converten nun suxeito activo no seu \u00e1mbito persoal. proceso de desenvolvemento, sacando o mellor de si mesma.[\/vc_column_text][\/vc_column][vc_column width=&#8221;1\/3&#8243;]<div class=\"info-wrapper ult-adjust-bottom-margin\"><div id=\"info-circle-wrapper-69e8647641c3c\" data-uniqid=\"69e8647641c3c\" class=\"info-circle-wrapper  info-circle-responsive \" data-half-percentage=\"70\" data-circle-type=\"full-circle\"><div class=\"info-c-full-br\" style='border:1px dashed #cdcdcd;width:50%;opacity:0;' data-start-degree=\"90\" data-divert=\"\" data-info-circle-angle=\"full\" data-responsive-circle=\"on\" data-responsive-breakpoint=\"800\" data-launch=\"linear\" data-launch-duration=\"1\" data-launch-delay=\"0.2\" data-slide-true=\"on\" data-slide-duration=\"3\" data-icon-size=\"20\" data-icon-show=\"show\" data-icon-show-size=\"16\" data-highlight-style=\"info-circle-pulse\" data-focus-on=\"hover\"><div  class=\"icon-circle-list\"><div class=\"info-circle-icons \" style=\"background:#84bf57;color:#ffffff;\" ><i class=\"fas fa-hand-holding-medical info-circle-icon\" ><\/i><\/div><div class=\"info-details\" data-icon-class=\"ult-info-circle-icon\"><div class=\"info-circle-def\"><div  class=\"info-circle-sub-def\"><i class=\"fas fa-hand-holding-medical info-circle-icon\" ><\/i><div class=\"responsive-font-class ult-responsive\" ><h3  data-ultimate-target='#info-cirlce-wrap-4991 .responsive-font-class h3.new-cust-responsive-class'  data-responsive-json-new='{\"font-size\":\"desktop:20px;\",\"line-height\":\"desktop:26px;\"}'  class=\"info-circle-heading ult-responsive new-cust-responsive-class\" style=\"font-weight:bold;\">Corpo<\/h3><div  class=\"info-circle-text \" style=\"font-weight:normal;\"><\/div><\/div><\/div><\/div><\/div><div class=\"info-circle-icons \" style=\"background:#b25093;color:#ffffff;\" ><i class=\"fas fa-heart info-circle-icon\" ><\/i><\/div><div class=\"info-details\" data-icon-class=\"ult-info-circle-icon\"><div class=\"info-circle-def\"><div  class=\"info-circle-sub-def\"><i class=\"fas fa-heart info-circle-icon\" ><\/i><div class=\"responsive-font-class ult-responsive\" ><h3  data-ultimate-target='#info-cirlce-wrap-4991 .responsive-font-class h3.new-cust-responsive-class'  data-responsive-json-new='{\"font-size\":\"desktop:20px;\",\"line-height\":\"desktop:26px;\"}'  class=\"info-circle-heading ult-responsive new-cust-responsive-class\" style=\"font-weight:bold;\">Coraz\u00f3n<\/h3><div  class=\"info-circle-text \" style=\"font-weight:normal;\"><\/div><\/div><\/div><\/div><\/div><div class=\"info-circle-icons \" style=\"background:#23b2be;color:#ffffff;\" ><i class=\"fas fa-brain info-circle-icon\" ><\/i><\/div><div class=\"info-details\" data-icon-class=\"ult-info-circle-icon\"><div class=\"info-circle-def\"><div  class=\"info-circle-sub-def\"><i class=\"fas fa-brain info-circle-icon\" ><\/i><div class=\"responsive-font-class ult-responsive\" ><h3  data-ultimate-target='#info-cirlce-wrap-4991 .responsive-font-class h3.new-cust-responsive-class'  data-responsive-json-new='{\"font-size\":\"desktop:20px;\",\"line-height\":\"desktop:26px;\"}'  class=\"info-circle-heading ult-responsive new-cust-responsive-class\" style=\"font-weight:bold;\">Mente<\/h3><div  class=\"info-circle-text \" style=\"font-weight:normal;\"><\/div><\/div><\/div><\/div><\/div><div class=\"info-circle-icons \" style=\"background:#ee8434;color:#ffffff;\" ><i class=\"fas fa-star info-circle-icon\" ><\/i><\/div><div class=\"info-details\" data-icon-class=\"ult-info-circle-icon\"><div class=\"info-circle-def\"><div  class=\"info-circle-sub-def\"><i class=\"fas fa-star info-circle-icon\" ><\/i><div class=\"responsive-font-class ult-responsive\" ><h3  data-ultimate-target='#info-cirlce-wrap-4991 .responsive-font-class h3.new-cust-responsive-class'  data-responsive-json-new='{\"font-size\":\"desktop:20px;\",\"line-height\":\"desktop:26px;\"}'  class=\"info-circle-heading ult-responsive new-cust-responsive-class\" style=\"font-weight:bold;\">Esp\u00edrito<\/h3><div  class=\"info-circle-text \" style=\"font-weight:normal;\"><\/div><\/div><\/div><\/div><\/div><\/div><div id=\"info-cirlce-wrap-4991\" class=\"info-c-full\" style=\"background-color:;color:#474647;width:60%;height:60%;margin:20%;\"><div class=\"info-c-full-wrap\"><\/div><\/div><\/div><div class=\"smile_icon_list_wrap \" data-content_bg=\"\" data-content_color=\"#474647\">\n\t\t\t\t\t\t\t<ul id=\"info-cirlce-wrap-4991\" class=\"smile_icon_list left circle with_bg\"><li class=\"icon_list_item\" style=\"font-size:60px;\">\n\t\t\t\t\t\t\t\t\t<div class=\"icon_list_icon\" style=\"font-size:20px;width:20px;height:20px;line-height:1;\">\n\t\t\t\t\t\t\t\t\t\t<i class=\"smt-pencil\"><\/i>\n\t\t\t\t\t\t\t\t\t<\/div>\n\t\t\t\t\t\t\t\t\t<div  class=\"icon_description\" style=\"font-size:20px;\">\n\t\t\t\t\t\t\t\t\t\t<div class=\"responsive-font-class ult-responsive\"  data-ultimate-target='#info-cirlce-wrap-4991 .responsive-font-class *'  data-responsive-json-new='{\"font-size\":\"\",\"line-height\":\"\"}'  style=\"font-weight:normal;\">\n\t\t\t\t\t\t\t\t\t\t\t<h3  data-ultimate-target='#info-cirlce-wrap-4991 .responsive-font-class h3.new-cust-responsive-class'  data-responsive-json-new='{\"font-size\":\"desktop:20px;\",\"line-height\":\"desktop:26px;\"}'  class=\"ult-responsive new-cust-responsive-class\" style=\"font-weight:bold;\"><\/h3>\n\t\t\t\t\t\t\t\t\t\t\t<p><\/p>\n\t\t\t\t\t\t\t\t\t\t<\/div>\n\t\t\t\t\t\t\t\t\t<\/div>\n\t\t\t\t\t\t\t\t\t<div class=\"icon_list_connector\" style=\" border-style:dashed;border-color:#cdcdcd; left:10px; top:20px;\">\n\t\t\t\t\t\t\t\t\t<\/div><\/li><\/ul>\n\t\t\t\t\t\t<\/div><\/div><\/div>[\/vc_column][\/vc_row][vc_row][vc_column][vc_column_text]Os nosos <strong>valores<\/strong>bas\u00e9anse na <strong>fe cristi\u00e1<\/strong> e no <strong>carisma salesiano<\/strong>, baseados no sistema preventivo de Don Bosco, que son:[\/vc_column_text]<div class=\"smile_icon_list_wrap ult_info_list_container ult-adjust-bottom-margin  \"><ul class=\"smile_icon_list left circle with_bg\"><li class=\"icon_list_item\" style=\" font-size:60px;\"><div class=\"icon_list_icon\" data-animation=\"\" data-animation-delay=\"03\" style=\"font-size:20px;border-width:5px;border-style:solid;background:#ffffff;color:#eeb238;border-color:#cdcdcd;\"><i class=\"fas fa-user-plus\" ><\/i><\/div><div class=\"icon_description\" id=\"Info-list-wrap-6906\" style=\"font-size:20px;\"><h3 class=\"ult-responsive info-list-heading\"  data-ultimate-target='#Info-list-wrap-6906 h3'  data-responsive-json-new='{\"font-size\":\"desktop:16px;\",\"line-height\":\"desktop:24px;\"}'  style=\"\">Unha educaci\u00f3n centrada na persoa.<\/h3><div class=\"icon_description_text ult-responsive\"  data-ultimate-target='#Info-list-wrap-6906 .icon_description_text'  data-responsive-json-new='{\"font-size\":\"desktop:13px;\",\"line-height\":\"desktop:18px;\"}'  style=\"\"><\/div><\/div><div class=\"icon_list_connector\" data-animation=\"fadeInUp\" data-animation-delay=\"03\" style=\"border-right-width: 1px;border-right-style: dashed;border-color: #474647;\"><\/div><\/li><li class=\"icon_list_item\" style=\" font-size:60px;\"><div class=\"icon_list_icon\" data-animation=\"\" data-animation-delay=\"03\" style=\"font-size:20px;border-width:5px;border-style:solid;background:#ffffff;color:#eeb238;border-color:#cdcdcd;\"><i class=\"icomoon-the7-font-the7-social-04\" ><\/i><\/div><div class=\"icon_description\" id=\"Info-list-wrap-4114\" style=\"font-size:20px;\"><h3 class=\"ult-responsive info-list-heading\"  data-ultimate-target='#Info-list-wrap-4114 h3'  data-responsive-json-new='{\"font-size\":\"desktop:16px;\",\"line-height\":\"desktop:24px;\"}'  style=\"\">Unha educaci\u00f3n que se insire na sociedade e a transforma.<\/h3><div class=\"icon_description_text ult-responsive\"  data-ultimate-target='#Info-list-wrap-4114 .icon_description_text'  data-responsive-json-new='{\"font-size\":\"desktop:13px;\",\"line-height\":\"desktop:18px;\"}'  style=\"\"><\/div><\/div><div class=\"icon_list_connector\" data-animation=\"fadeInUp\" data-animation-delay=\"03\" style=\"border-right-width: 1px;border-right-style: dashed;border-color: #474647;\"><\/div><\/li><li class=\"icon_list_item\" style=\" font-size:60px;\"><div class=\"icon_list_icon\" data-animation=\"\" data-animation-delay=\"03\" style=\"font-size:20px;border-width:5px;border-style:solid;background:#ffffff;color:#eeb238;border-color:#cdcdcd;\"><i class=\"fas fa-praying-hands\" ><\/i><\/div><div class=\"icon_description\" id=\"Info-list-wrap-6891\" style=\"font-size:20px;\"><h3 class=\"ult-responsive info-list-heading\"  data-ultimate-target='#Info-list-wrap-6891 h3'  data-responsive-json-new='{\"font-size\":\"desktop:16px;\",\"line-height\":\"desktop:24px;\"}'  style=\"\">Unha educaci\u00f3n baseada na fe e nos valores evanx\u00e9licos.<\/h3><div class=\"icon_description_text ult-responsive\"  data-ultimate-target='#Info-list-wrap-6891 .icon_description_text'  data-responsive-json-new='{\"font-size\":\"desktop:13px;\",\"line-height\":\"desktop:18px;\"}'  style=\"\"><\/div><\/div><div class=\"icon_list_connector\" data-animation=\"fadeInUp\" data-animation-delay=\"03\" style=\"border-right-width: 1px;border-right-style: dashed;border-color: #474647;\"><\/div><\/li><li class=\"icon_list_item\" style=\" font-size:60px;\"><div class=\"icon_list_icon\" data-animation=\"\" data-animation-delay=\"03\" style=\"font-size:20px;border-width:5px;border-style:solid;background:#ffffff;color:#eeb238;border-color:#cdcdcd;\"><i class=\"icomoon-the7-font-the7-heart-filled\" ><\/i><\/div><div class=\"icon_description\" id=\"Info-list-wrap-8669\" style=\"font-size:20px;\"><h3 class=\"ult-responsive info-list-heading\"  data-ultimate-target='#Info-list-wrap-8669 h3'  data-responsive-json-new='{\"font-size\":\"desktop:16px;\",\"line-height\":\"desktop:24px;\"}'  style=\"\">Unha educaci\u00f3n segundo o estilo educativo de Don Bosco.<\/h3><div class=\"icon_description_text ult-responsive\"  data-ultimate-target='#Info-list-wrap-8669 .icon_description_text'  data-responsive-json-new='{\"font-size\":\"desktop:13px;\",\"line-height\":\"desktop:18px;\"}'  style=\"\"><\/div><\/div><div class=\"icon_list_connector\" data-animation=\"fadeInUp\" data-animation-delay=\"03\" style=\"border-right-width: 1px;border-right-style: dashed;border-color: #474647;\"><\/div><\/li><li class=\"icon_list_item\" style=\" font-size:60px;\"><div class=\"icon_list_icon\" data-animation=\"\" data-animation-delay=\"03\" style=\"font-size:20px;border-width:5px;border-style:solid;background:#ffffff;color:#eeb238;border-color:#cdcdcd;\"><i class=\"fas fa-house-user\" ><\/i><\/div><div class=\"icon_description\" id=\"Info-list-wrap-6126\" style=\"font-size:20px;\"><h3 class=\"ult-responsive info-list-heading\"  data-ultimate-target='#Info-list-wrap-6126 h3'  data-responsive-json-new='{\"font-size\":\"desktop:16px;\",\"line-height\":\"desktop:24px;\"}'  style=\"\">O Centro Xuvenil \u00e9 a nosa comunidade educativa.<\/h3><div class=\"icon_description_text ult-responsive\"  data-ultimate-target='#Info-list-wrap-6126 .icon_description_text'  data-responsive-json-new='{\"font-size\":\"desktop:13px;\",\"line-height\":\"desktop:18px;\"}'  style=\"\"><\/div><\/div><div class=\"icon_list_connector\" data-animation=\"fadeInUp\" data-animation-delay=\"03\" style=\"border-right-width: 1px;border-right-style: dashed;border-color: #474647;\"><\/div><\/li><li class=\"icon_list_item\" style=\" font-size:60px;\"><div class=\"icon_list_icon\" data-animation=\"\" data-animation-delay=\"03\" style=\"font-size:20px;border-width:5px;border-style:solid;background:#ffffff;color:#eeb238;border-color:#cdcdcd;\"><i class=\"fas fa-comments\" ><\/i><\/div><div class=\"icon_description\" id=\"Info-list-wrap-9867\" style=\"font-size:20px;\"><h3 class=\"ult-responsive info-list-heading\"  data-ultimate-target='#Info-list-wrap-9867 h3'  data-responsive-json-new='{\"font-size\":\"desktop:16px;\",\"line-height\":\"desktop:24px;\"}'  style=\"\">O liderado xuvenil \u00e9 o noso modelo de participaci\u00f3n social.<\/h3><div class=\"icon_description_text ult-responsive\"  data-ultimate-target='#Info-list-wrap-9867 .icon_description_text'  data-responsive-json-new='{\"font-size\":\"desktop:13px;\",\"line-height\":\"desktop:18px;\"}'  style=\"\"><\/div><\/div><div class=\"icon_list_connector\" data-animation=\"fadeInUp\" data-animation-delay=\"03\" style=\"border-right-width: 1px;border-right-style: dashed;border-color: #474647;\"><\/div><\/li><li class=\"icon_list_item\" style=\" font-size:60px;\"><div class=\"icon_list_icon\" data-animation=\"\" data-animation-delay=\"03\" style=\"font-size:20px;border-width:5px;border-style:solid;background:#ffffff;color:#eeb238;border-color:#cdcdcd;\"><i class=\"fas fa-hand-holding-heart\" ><\/i><\/div><div class=\"icon_description\" id=\"Info-list-wrap-3125\" style=\"font-size:20px;\"><h3 class=\"ult-responsive info-list-heading\"  data-ultimate-target='#Info-list-wrap-3125 h3'  data-responsive-json-new='{\"font-size\":\"desktop:16px;\",\"line-height\":\"desktop:24px;\"}'  style=\"\">A benvida incondicional a todos.<\/h3><div class=\"icon_description_text ult-responsive\"  data-ultimate-target='#Info-list-wrap-3125 .icon_description_text'  data-responsive-json-new='{\"font-size\":\"desktop:13px;\",\"line-height\":\"desktop:18px;\"}'  style=\"\"><\/div><\/div><div class=\"icon_list_connector\" data-animation=\"fadeInUp\" data-animation-delay=\"03\" style=\"border-right-width: 1px;border-right-style: dashed;border-color: #474647;\"><\/div><\/li><li class=\"icon_list_item\" style=\" font-size:60px;\"><div class=\"icon_list_icon\" data-animation=\"\" data-animation-delay=\"03\" style=\"font-size:20px;border-width:5px;border-style:solid;background:#ffffff;color:#eeb238;border-color:#cdcdcd;\"><i class=\"fas fa-hands\" ><\/i><\/div><div class=\"icon_description\" id=\"Info-list-wrap-6728\" style=\"font-size:20px;\"><h3 class=\"ult-responsive info-list-heading\"  data-ultimate-target='#Info-list-wrap-6728 h3'  data-responsive-json-new='{\"font-size\":\"desktop:16px;\",\"line-height\":\"desktop:24px;\"}'  style=\"\">Atenci\u00f3n preferente para a mocidade m\u00e1is desfavorecida.<\/h3><div class=\"icon_description_text ult-responsive\"  data-ultimate-target='#Info-list-wrap-6728 .icon_description_text'  data-responsive-json-new='{\"font-size\":\"desktop:13px;\",\"line-height\":\"desktop:18px;\"}'  style=\"\"><\/div><\/div><div class=\"icon_list_connector\" data-animation=\"fadeInUp\" data-animation-delay=\"03\" style=\"border-right-width: 1px;border-right-style: dashed;border-color: #474647;\"><\/div><\/li><\/ul><\/div>[\/vc_column][\/vc_row]<\/p>\n<\/div>","protected":false},"excerpt":{"rendered":"<p>[vc_row equal_height=&#8221;yes&#8221;][vc_column width=&#8221;1\/3&#8243;][vc_single_image image=&#8221;655&#8243; img_size=&#8221;&#8221; alignment=&#8221;center&#8221; css_animation=&#8221;fadeInLeft&#8221;][\/vc_column][vc_column width=&#8221;2\/3&#8243;][vc_column_text] Misi\u00f3n A Confederaci\u00f3n Don Bosco \u00e9 unha asociaci\u00f3n que traballa xunto coas Federaci\u00f3ns e Centros Xuven\u00eds na defensa e promoci\u00f3n da infancia e da mocidade, especialmente aqueles en risco de exclusi\u00f3n, a trav\u00e9s do e do .[\/vc_column_text][vc_column_text] Visi\u00f3n A Confederaci\u00f3n Don Bosco \u00e9 unha organizaci\u00f3n salesiana comprometida&hellip;<\/p>\n","protected":false},"author":27,"featured_media":0,"parent":1740,"menu_order":0,"comment_status":"closed","ping_status":"closed","template":"","meta":{"_monsterinsights_skip_tracking":false,"_monsterinsights_sitenote_active":false,"_monsterinsights_sitenote_note":"","_monsterinsights_sitenote_category":0,"footnotes":""},"class_list":["post-2707","page","type-page","status-publish","hentry","description-off"],"_links":{"self":[{"href":"https:\/\/confedonbosco.org\/gl\/wp-json\/wp\/v2\/pages\/2707","targetHints":{"allow":["GET"]}}],"collection":[{"href":"https:\/\/confedonbosco.org\/gl\/wp-json\/wp\/v2\/pages"}],"about":[{"href":"https:\/\/confedonbosco.org\/gl\/wp-json\/wp\/v2\/types\/page"}],"author":[{"embeddable":true,"href":"https:\/\/confedonbosco.org\/gl\/wp-json\/wp\/v2\/users\/27"}],"replies":[{"embeddable":true,"href":"https:\/\/confedonbosco.org\/gl\/wp-json\/wp\/v2\/comments?post=2707"}],"version-history":[{"count":6,"href":"https:\/\/confedonbosco.org\/gl\/wp-json\/wp\/v2\/pages\/2707\/revisions"}],"predecessor-version":[{"id":2728,"href":"https:\/\/confedonbosco.org\/gl\/wp-json\/wp\/v2\/pages\/2707\/revisions\/2728"}],"up":[{"embeddable":true,"href":"https:\/\/confedonbosco.org\/gl\/wp-json\/wp\/v2\/pages\/1740"}],"wp:attachment":[{"href":"https:\/\/confedonbosco.org\/gl\/wp-json\/wp\/v2\/media?parent=2707"}],"curies":[{"name":"wp","href":"https:\/\/api.w.org\/{rel}","templated":true}]}}