{"id":2555,"date":"2021-08-31T07:43:10","date_gmt":"2021-08-31T07:43:10","guid":{"rendered":"https:\/\/www.confedonbosco.org\/proxectos\/internacional\/"},"modified":"2021-08-31T07:43:11","modified_gmt":"2021-08-31T07:43:11","slug":"internacional","status":"publish","type":"page","link":"https:\/\/confedonbosco.org\/gl\/proxectos\/internacional\/","title":{"rendered":"Internacional"},"content":{"rendered":"<div class=\"wpb-content-wrapper\"><p>[vc_row][vc_column width=&#8221;2\/3&#8243;][vc_column_text]Na Confederaci\u00f3n Don Bosco traballamos para ofrecer <strong>experiencias de voluntariado en centros xuven\u00eds salesianos doutros pa\u00edses europeos, acollida de voluntarios, seminarios e reuni\u00f3ns de formaci\u00f3n e campamentos internacionais<\/strong> coa colaboraci\u00f3n da rede <a href=\"https:\/\/www.donboscoyouth.net\/\" target=\"_blank\" rel=\"noopener\"><strong>Don Bosco Youth-Net<\/strong><\/a>, unha organizaci\u00f3n que re\u00fane organizaci\u00f3ns xuven\u00eds de diferentes pa\u00edses do mundo. Tam\u00e9n participamos en diferentes actividades do programa de mobilidade europeo <strong>Erasmus +<\/strong>. Ademais de participar en actividades doutras organizaci\u00f3ns e entidades europeas.<\/p>\n<p>Para a confederaci\u00f3n esta \u00e1rea \u00e9 unha aposta importante, xa que \u00e9 un xeito moi sinxelo de ofrecer actividades no \u00e1mbito internacional.<br \/>\nTam\u00e9n temos un Grupo Operativo Internacional no que participan diferentes mozos dos nosos centros xuven\u00eds.[\/vc_column_text][\/vc_column][vc_column width=&#8221;1\/3&#8243;][vc_single_image image=&#8221;1179&#8243; img_size=&#8221;&#8221;][\/vc_column][\/vc_row][vc_row bg_type=&#8221;image&#8221; parallax_style=&#8221;vcpb-default&#8221; bg_image_new=&#8221;id^718|url^https:\/\/www.confedonbosco.org\/wp-content\/uploads\/2021\/05\/iconos-patron.png|caption^null|alt^null|title^iconos patron|description^null&#8221; bg_image_size=&#8221;initial&#8221; bg_img_attach=&#8221;fixed&#8221; bg_override=&#8221;full&#8221; seperator_enable=&#8221;seperator_enable_value&#8221; seperator_type=&#8221;tilt_right_seperator&#8221; css=&#8221;.vc_custom_1622211606278{padding-top: 50px !important;padding-bottom: 50px !important;background-color: #23b2be !important;}&#8221;][vc_column][vc_row_inner][vc_column_inner]<div id=\"ultimate-heading-971169e5cb54decf0\" class=\"uvc-heading ult-adjust-bottom-margin ultimate-heading-971169e5cb54decf0 uvc-211  uvc-heading-default-font-sizes\" data-hspacer=\"no_spacer\"  data-halign=\"center\" style=\"text-align:center\"><div class=\"uvc-heading-spacer no_spacer\" style=\"top\"><\/div><div class=\"uvc-main-heading ult-responsive\"  data-ultimate-target='.uvc-heading.ultimate-heading-971169e5cb54decf0 h3'  data-responsive-json-new='{\"font-size\":\"\",\"line-height\":\"\"}' ><h3 style=\"--font-weight:theme;color:#ffffff;margin-bottom:1em;\">Co\u00f1ece os nosos programas internacionais<\/h3><\/div><\/div>[\/vc_column_inner][\/vc_row_inner][vc_tour interval=&#8221;0&#8243; title_size=&#8221;normal&#8221; style=&#8221;tab-style-two&#8221;][vc_tab title=&#8221;Intercambios estivais&#8221; tab_id=&#8221;30c42447-3f87-10&#8243;][vc_column_text]<strong>Durante as vacaci\u00f3ns de ver\u00e1n, proponse a experiencia Summer Exchange na que organizaci\u00f3ns xuven\u00eds salesianas de toda Europa ofrecen aos animadores doutros centros Don Bosco Youth Net a oportunidade de participar nos seus proxectos de voluntariado locais en parques infant\u00eds e oratorios. Summer Exchange of Animators serve para recoller as posibilidades do intercambio internacional.<\/strong><\/p>\n<p>Summer Exchange of Animators \u00e9 un concepto xeral que incl\u00fae todos os proxectos que cumpran os seguintes requisitos: o proxecto debe ser un compromiso voluntario a curto prazo que dure s\u00f3 un par de semanas, o voluntario estar\u00e1 activo como animador, o proxecto debe estar vinculado \u00e1 rede Don Bosco e debe realizarse durante as vacaci\u00f3ns de ver\u00e1n.<\/p>\n<p>A Confederaci\u00f3n Don Bosco leva m\u00e1is de 10 anos enviando e aloxando voluntarios ao Summer Exchange of Animators.[\/vc_column_text][\/vc_tab][vc_tab title=&#8221;Participaci\u00f3n en Don Bosco Youth-Net&#8221; tab_id=&#8221;d1f4803e-315b-8&#8243;][vc_row_inner][vc_column_inner width=&#8221;1\/4&#8243;][vc_single_image image=&#8221;920&#8243; img_size=&#8221;&#8221;][\/vc_column_inner][vc_column_inner width=&#8221;3\/4&#8243;][vc_column_text]<a href=\"https:\/\/www.donboscoyouth.net\/\" target=\"_blank\" rel=\"noopener\">Don Bosco Youth-Net<\/a> \u00e9 unha rede internacional de organizaci\u00f3ns xuven\u00eds que traballan ao estilo de Don Bosco nas distintas provincias de Europa. Entre as s\u00faas actividades realizan encontros internacionais, formaci\u00f3n para voluntarios (en Espa\u00f1a e noutros pa\u00edses europeos), con intercambios de voluntarios para actividades en centros xuven\u00eds e campamentos de ver\u00e1n.[\/vc_column_text][\/vc_column_inner][\/vc_row_inner][vc_row_inner][vc_column_inner][vc_column_text]<span class=\"dt-highlight\" style=\"color: #474647; background: #EEB238 !important;\"><strong>A Confederaci\u00f3n Don Bosco \u00e9 actualmente unha organizaci\u00f3n membro da Don Bosco Youth-Net, xunto con outras 17 organizaci\u00f3ns en 16 pa\u00edses europeos.<\/strong><\/span><\/p>\n<p>Os seus obxectivos son:<\/p>\n<ul>\n<li>Re\u00fane a mozos de Europa e do mundo para participar en actividades xuven\u00eds ligadas ao estilo de traballo a trav\u00e9s do esp\u00edrito de Don Bosco.<\/li>\n<li>Organizar iniciativas internacionais que contrib\u00faan ao pleno desenvolvemento dos mozos. Ampliar oportunidades para os mozos que, por diversos motivos, est\u00e1n exclu\u00eddos deste tipo de actividades.<\/li>\n<li>Ademais dun profundo intercambio de informaci\u00f3n, ideas e experiencias entre os diferentes socios.<\/li>\n<li>E, finalmente, representar a voz da mocidade de Don Bosco e defender os seus intereses a nivel internacional.<\/li>\n<\/ul>\n<p>O DBYN \u00e9 unha ferramenta de aprendizaxe moi importante para os nosos mozos animadores e \/ ou destinatarios, xa sexa a trav\u00e9s da participaci\u00f3n nos propios organismos gobernamentais da rede, compartindo con outras entidades similares noutros pa\u00edses, como as oportunidades de proxectos (\u00e9 dicir, a participaci\u00f3n nun intercambio compartido e actividades formativas.[\/vc_column_text][\/vc_column_inner][\/vc_row_inner][\/vc_tab][vc_tab title=&#8221;Env\u00edo de voluntarios a proxectos Erasmus +&#8221; tab_id=&#8221;1622209734707-2-6&#8243;][vc_column_text]<strong>Erasmus + \u00e9 o programa da UE nos campos da educaci\u00f3n, formaci\u00f3n, xuventude e deporte para o per\u00edodo 2021-2027.<\/strong><\/p>\n<p>A educaci\u00f3n, a formaci\u00f3n, a mocidade e o deporte son \u00e1reas clave que apoian aos cidad\u00e1ns no seu desenvolvemento persoal e profesional. A educaci\u00f3n e formaci\u00f3n inclusiva de alta calidade, as\u00ed como a aprendizaxe informal e non formal, dotan aos mozos e participantes de todas as idades das cualificaci\u00f3ns e habilidades necesarias para a s\u00faa participaci\u00f3n significativa na sociedade democr\u00e1tica, a comprensi\u00f3n intercultural e a transici\u00f3n exitosa no mercado laboral. .<\/p>\n<p>No marco dalgunhas acci\u00f3ns Erasmus + (principalmente acci\u00f3ns de mobilidade), <strong>a Confederaci\u00f3n Don Bosco \u00e9 unha organizaci\u00f3n participante que env\u00eda a diferentes persoas a participar nunha actividade do proxecto Erasmus +<\/strong>.[\/vc_column_text][\/vc_tab][vc_tab title=&#8221;Anfitri\u00f3n de proxectos de intercambio Erasmus +&#8221; tab_id=&#8221;1622209745405-3-3&#8243;][vc_column_text]No marco dalgunhas acci\u00f3ns Erasmus + (principalmente acci\u00f3ns de mobilidade), a Confederaci\u00f3n Don Bosco \u00e9 unha <strong>organizaci\u00f3n de acollida<\/strong> que recibe a diferentes persoas para participar e organiza unha ou m\u00e1is actividades dun proxecto Erasmus +.[\/vc_column_text][\/vc_tab][\/vc_tour][\/vc_column][\/vc_row]<\/p>\n<\/div>","protected":false},"excerpt":{"rendered":"<p>[vc_row][vc_column width=&#8221;2\/3&#8243;][vc_column_text]Na Confederaci\u00f3n Don Bosco traballamos para ofrecer experiencias de voluntariado en centros xuven\u00eds salesianos doutros pa\u00edses europeos, acollida de voluntarios, seminarios e reuni\u00f3ns de formaci\u00f3n e campamentos internacionais coa colaboraci\u00f3n da rede Don Bosco Youth-Net, unha organizaci\u00f3n que re\u00fane organizaci\u00f3ns xuven\u00eds de diferentes pa\u00edses do mundo. Tam\u00e9n participamos en diferentes actividades do programa de&hellip;<\/p>\n","protected":false},"author":27,"featured_media":0,"parent":1820,"menu_order":0,"comment_status":"closed","ping_status":"closed","template":"","meta":{"_monsterinsights_skip_tracking":false,"_monsterinsights_sitenote_active":false,"_monsterinsights_sitenote_note":"","_monsterinsights_sitenote_category":0,"footnotes":""},"class_list":["post-2555","page","type-page","status-publish","hentry","description-off"],"_links":{"self":[{"href":"https:\/\/confedonbosco.org\/gl\/wp-json\/wp\/v2\/pages\/2555","targetHints":{"allow":["GET"]}}],"collection":[{"href":"https:\/\/confedonbosco.org\/gl\/wp-json\/wp\/v2\/pages"}],"about":[{"href":"https:\/\/confedonbosco.org\/gl\/wp-json\/wp\/v2\/types\/page"}],"author":[{"embeddable":true,"href":"https:\/\/confedonbosco.org\/gl\/wp-json\/wp\/v2\/users\/27"}],"replies":[{"embeddable":true,"href":"https:\/\/confedonbosco.org\/gl\/wp-json\/wp\/v2\/comments?post=2555"}],"version-history":[{"count":3,"href":"https:\/\/confedonbosco.org\/gl\/wp-json\/wp\/v2\/pages\/2555\/revisions"}],"predecessor-version":[{"id":2564,"href":"https:\/\/confedonbosco.org\/gl\/wp-json\/wp\/v2\/pages\/2555\/revisions\/2564"}],"up":[{"embeddable":true,"href":"https:\/\/confedonbosco.org\/gl\/wp-json\/wp\/v2\/pages\/1820"}],"wp:attachment":[{"href":"https:\/\/confedonbosco.org\/gl\/wp-json\/wp\/v2\/media?parent=2555"}],"curies":[{"name":"wp","href":"https:\/\/api.w.org\/{rel}","templated":true}]}}