{"id":2482,"date":"2021-08-31T06:47:29","date_gmt":"2021-08-31T06:47:29","guid":{"rendered":"https:\/\/www.confedonbosco.org\/proxectos\/educacion-na-fe\/"},"modified":"2021-08-31T06:47:52","modified_gmt":"2021-08-31T06:47:52","slug":"educacion-na-fe","status":"publish","type":"page","link":"https:\/\/confedonbosco.org\/gl\/proxectos\/educacion-na-fe\/","title":{"rendered":"Educaci\u00f3n na fe"},"content":{"rendered":"<div class=\"wpb-content-wrapper\"><p>[vc_row][vc_column width=&#8221;2\/3&#8243;][vc_column_text]O Movemento Xuvenil Salesiano \u00e9 a comu\u00f1\u00f3n de varios grupos que coinciden e se xuntan nunha <strong>mesma proposta educativa e evanxelizadora, inspirada no esp\u00edrito e estilo de Don Bosco e Nai Mazzarello<\/strong>. Que se desenvolve a trav\u00e9s do Itinerario de educaci\u00f3n na fe, unha proposta educativa que unifica criterios de contido en todas as \u00e1reas.<\/p>\n<p>Fomenta e promove a comunicaci\u00f3n para compartir experiencias a todos os niveis (local, provincial, nacional, continental e mundial) sobre todas as facetas do noso movemento.<\/p>\n<p>Os grupos, movementos e asociaci\u00f3ns do movemento xuvenil salesiano fan referencia expl\u00edcita nas s\u00faas li\u00f1as b\u00e1sicas, estatutos, proxectos educativos, etc., non s\u00f3 aos valores da espiritualidade xuvenil salesiana, sen\u00f3n tam\u00e9n ao propio movemento e amosan interese por compartir estes valores con outros grupos. [\/vc_column_text][\/vc_column][vc_column width=&#8221;1\/3&#8243;][vc_single_image image=&#8221;1193&#8243; img_size=&#8221;&#8221;][\/vc_column][\/vc_row][vc_row bg_type=&#8221;image&#8221; parallax_style=&#8221;vcpb-default&#8221; bg_image_new=&#8221;id^718|url^https:\/\/www.confedonbosco.org\/wp-content\/uploads\/2021\/05\/iconos-patron.png|caption^null|alt^null|title^iconos patron|description^null&#8221; bg_image_size=&#8221;initial&#8221; bg_img_attach=&#8221;fixed&#8221; bg_override=&#8221;full&#8221; seperator_enable=&#8221;seperator_enable_value&#8221; seperator_type=&#8221;tilt_right_seperator&#8221; css=&#8221;.vc_custom_1622213986548{padding-top: 50px !important;padding-right: 5px !important;padding-bottom: 50px !important;padding-left: 5px !important;background-color: #b25093 !important;}&#8221;][vc_column][vc_row_inner][vc_column_inner]<div id=\"ultimate-heading-788769e84b2556398\" class=\"uvc-heading ult-adjust-bottom-margin ultimate-heading-788769e84b2556398 uvc-8405  uvc-heading-default-font-sizes\" data-hspacer=\"no_spacer\"  data-halign=\"center\" style=\"text-align:center\"><div class=\"uvc-heading-spacer no_spacer\" style=\"top\"><\/div><div class=\"uvc-main-heading ult-responsive\"  data-ultimate-target='.uvc-heading.ultimate-heading-788769e84b2556398 h5'  data-responsive-json-new='{\"font-size\":\"\",\"line-height\":\"\"}' ><h5 style=\"--font-weight:theme;color:#ffffff;\">As caracter\u00edsticas desta espiritualidade desenv\u00f3lvense gradualmente e progresivamente no proceso educativo concreto.<\/h5><\/div><\/div><div class=\"ult-just-icon-wrapper  \"><div class=\"align-icon\" style=\"text-align:center;\">\n<div class=\"aio-icon none \" data-animation=\"pulse\" data-animation-delay=\"03\" style=\"color:#ffffff;font-size:32px;display:inline-block;\">\n\t<i class=\"icomoon-the7-font-the7-arrow-05\"><\/i>\n<\/div><\/div><\/div>[\/vc_column_inner][\/vc_row_inner][vc_empty_space][vc_row_inner css=&#8221;.vc_custom_1622212953581{background-color: #ffffff !important;}&#8221;][vc_column_inner]<div id=\"ultimate-heading-685669e84b2556445\" class=\"uvc-heading ult-adjust-bottom-margin ultimate-heading-685669e84b2556445 uvc-9569  uvc-heading-default-font-sizes\" data-hspacer=\"no_spacer\"  data-halign=\"center\" style=\"text-align:center\"><div class=\"uvc-heading-spacer no_spacer\" style=\"top\"><\/div><div class=\"uvc-main-heading ult-responsive\"  data-ultimate-target='.uvc-heading.ultimate-heading-685669e84b2556445 h3'  data-responsive-json-new='{\"font-size\":\"\",\"line-height\":\"\"}' ><h3 style=\"--font-weight:theme;\">Materiais en escena<\/h3><\/div><\/div>[\/vc_column_inner][\/vc_row_inner][vc_row_inner css=&#8221;.vc_custom_1622213402268{padding-bottom: 15px !important;background-color: #ffffff !important;}&#8221;][vc_column_inner width=&#8221;1\/4&#8243;]<span id=\"creative-link-wrap-7629\" class=\"ult_main_cl ult-adjust-bottom-margin  \" >\n\t \t\t\t<span class=\"ult_cl_link_9  ult_crlink\" >\n\t\t\t\t\t<a  data-ultimate-target='#creative-link-wrap-7629 .ult_colorlink'  data-responsive-json-new='{\"font-size\":\"desktop:20px;\",\"line-height\":\"\"}'  href=\"https:\/\/pastoraljuvenil.es\/itinerario-educacionfe\/edad-9-12\/\" target=\"_blank\" rel=\"noopener\"  class=\"ult_colorlink ult-responsive \" style=\"font-weight:bold; \"  data-textcolor=\"#23b2be\" data-texthover=\"#474647\"data-style=\"Style_9\">\n\t\t\t\t\t\t<span class=\"ult_link_top ult_btn9_link_top \" style=\"border-top-width:2px;border-top-style:solid;border-top-color:#eeb238;\"><\/span>\n\t\t\t\t\t\t<span data-hover=\"9 -12 ANOS\" style=\"color:#23b2be;;;\" class=\"ult_btn10_span   \">9 -12 ANOS<\/span>\n\t\t\t\t\t\t<span class=\"ult_link_btm  ult_btn9_link_btm\" style=\"border-top-width:2px;border-top-style:solid;border-top-color:#eeb238;\"><\/span>\n\t\t\t\t\t<\/a>\n\t\t\t\t<\/span>\n\t\t\t<\/span><div id=\"ultimate-heading-561469e84b2556499\" class=\"uvc-heading ult-adjust-bottom-margin ultimate-heading-561469e84b2556499 uvc-9858  uvc-heading-default-font-sizes\" data-hspacer=\"no_spacer\"  data-halign=\"center\" style=\"text-align:center\"><div class=\"uvc-heading-spacer no_spacer\" style=\"top\"><\/div><div class=\"uvc-main-heading ult-responsive\"  data-ultimate-target='.uvc-heading.ultimate-heading-561469e84b2556499 h6'  data-responsive-json-new='{\"font-size\":\"\",\"line-height\":\"\"}' ><h6 style=\"--font-weight:theme;color:#eeb238;\">Infancia<\/h6><\/div><\/div>[\/vc_column_inner][vc_column_inner width=&#8221;1\/4&#8243;]<span id=\"creative-link-wrap-9908\" class=\"ult_main_cl ult-adjust-bottom-margin  \" >\n\t \t\t\t<span class=\"ult_cl_link_9  ult_crlink\" >\n\t\t\t\t\t<a  data-ultimate-target='#creative-link-wrap-9908 .ult_colorlink'  data-responsive-json-new='{\"font-size\":\"desktop:20px;\",\"line-height\":\"\"}'  href=\"https:\/\/pastoraljuvenil.es\/itinerario-educacionfe\/edad-12-14\/\" target=\"_blank\" rel=\"noopener\"  class=\"ult_colorlink ult-responsive \" style=\"font-weight:bold; \"  data-textcolor=\"#23b2be\" data-texthover=\"#474647\"data-style=\"Style_9\">\n\t\t\t\t\t\t<span class=\"ult_link_top ult_btn9_link_top \" style=\"border-top-width:2px;border-top-style:solid;border-top-color:#eeb238;\"><\/span>\n\t\t\t\t\t\t<span data-hover=\"12- 14 ANOS\" style=\"color:#23b2be;;;\" class=\"ult_btn10_span   \">12- 14 ANOS<\/span>\n\t\t\t\t\t\t<span class=\"ult_link_btm  ult_btn9_link_btm\" style=\"border-top-width:2px;border-top-style:solid;border-top-color:#eeb238;\"><\/span>\n\t\t\t\t\t<\/a>\n\t\t\t\t<\/span>\n\t\t\t<\/span><div id=\"ultimate-heading-901369e84b25564c6\" class=\"uvc-heading ult-adjust-bottom-margin ultimate-heading-901369e84b25564c6 uvc-642  uvc-heading-default-font-sizes\" data-hspacer=\"no_spacer\"  data-halign=\"center\" style=\"text-align:center\"><div class=\"uvc-heading-spacer no_spacer\" style=\"top\"><\/div><div class=\"uvc-main-heading ult-responsive\"  data-ultimate-target='.uvc-heading.ultimate-heading-901369e84b25564c6 h6'  data-responsive-json-new='{\"font-size\":\"\",\"line-height\":\"\"}' ><h6 style=\"--font-weight:theme;color:#eeb238;\">Preadolescencia<\/h6><\/div><\/div>[\/vc_column_inner][vc_column_inner width=&#8221;1\/4&#8243;]<span id=\"creative-link-wrap-4039\" class=\"ult_main_cl ult-adjust-bottom-margin  \" >\n\t \t\t\t<span class=\"ult_cl_link_9  ult_crlink\" >\n\t\t\t\t\t<a  data-ultimate-target='#creative-link-wrap-4039 .ult_colorlink'  data-responsive-json-new='{\"font-size\":\"desktop:20px;\",\"line-height\":\"\"}'  href=\"https:\/\/pastoraljuvenil.es\/itinerario-educacionfe\/edad-14-16\/\" target=\"_blank\" rel=\"noopener\"  class=\"ult_colorlink ult-responsive \" style=\"font-weight:bold; \"  data-textcolor=\"#23b2be\" data-texthover=\"#474647\"data-style=\"Style_9\">\n\t\t\t\t\t\t<span class=\"ult_link_top ult_btn9_link_top \" style=\"border-top-width:2px;border-top-style:solid;border-top-color:#eeb238;\"><\/span>\n\t\t\t\t\t\t<span data-hover=\"14 -16 ANOS\" style=\"color:#23b2be;;;\" class=\"ult_btn10_span   \">14 -16 ANOS<\/span>\n\t\t\t\t\t\t<span class=\"ult_link_btm  ult_btn9_link_btm\" style=\"border-top-width:2px;border-top-style:solid;border-top-color:#eeb238;\"><\/span>\n\t\t\t\t\t<\/a>\n\t\t\t\t<\/span>\n\t\t\t<\/span><div id=\"ultimate-heading-385169e84b25564ea\" class=\"uvc-heading ult-adjust-bottom-margin ultimate-heading-385169e84b25564ea uvc-1829  uvc-heading-default-font-sizes\" data-hspacer=\"no_spacer\"  data-halign=\"center\" style=\"text-align:center\"><div class=\"uvc-heading-spacer no_spacer\" style=\"top\"><\/div><div class=\"uvc-main-heading ult-responsive\"  data-ultimate-target='.uvc-heading.ultimate-heading-385169e84b25564ea h6'  data-responsive-json-new='{\"font-size\":\"\",\"line-height\":\"\"}' ><h6 style=\"--font-weight:theme;color:#eeb238;\">Adolescencia<\/h6><\/div><\/div>[\/vc_column_inner][vc_column_inner width=&#8221;1\/4&#8243;]<span id=\"creative-link-wrap-6969\" class=\"ult_main_cl ult-adjust-bottom-margin  \" >\n\t \t\t\t<span class=\"ult_cl_link_9  ult_crlink\" >\n\t\t\t\t\t<a  data-ultimate-target='#creative-link-wrap-6969 .ult_colorlink'  data-responsive-json-new='{\"font-size\":\"desktop:20px;\",\"line-height\":\"\"}'  href=\"https:\/\/pastoraljuvenil.es\/itinerario-educacionfe\/edad-16-19\/\" target=\"_blank\" rel=\"noopener\"  class=\"ult_colorlink ult-responsive \" style=\"font-weight:bold; \"  data-textcolor=\"#23b2be\" data-texthover=\"#474647\"data-style=\"Style_9\">\n\t\t\t\t\t\t<span class=\"ult_link_top ult_btn9_link_top \" style=\"border-top-width:2px;border-top-style:solid;border-top-color:#eeb238;\"><\/span>\n\t\t\t\t\t\t<span data-hover=\"16-19 ANOS\" style=\"color:#23b2be;;;\" class=\"ult_btn10_span   \">16-19 ANOS<\/span>\n\t\t\t\t\t\t<span class=\"ult_link_btm  ult_btn9_link_btm\" style=\"border-top-width:2px;border-top-style:solid;border-top-color:#eeb238;\"><\/span>\n\t\t\t\t\t<\/a>\n\t\t\t\t<\/span>\n\t\t\t<\/span><div id=\"ultimate-heading-922769e84b255650b\" class=\"uvc-heading ult-adjust-bottom-margin ultimate-heading-922769e84b255650b uvc-4884  uvc-heading-default-font-sizes\" data-hspacer=\"no_spacer\"  data-halign=\"center\" style=\"text-align:center\"><div class=\"uvc-heading-spacer no_spacer\" style=\"top\"><\/div><div class=\"uvc-main-heading ult-responsive\"  data-ultimate-target='.uvc-heading.ultimate-heading-922769e84b255650b h6'  data-responsive-json-new='{\"font-size\":\"\",\"line-height\":\"\"}' ><h6 style=\"--font-weight:theme;color:#eeb238;\">Xuventude<\/h6><\/div><\/div>[\/vc_column_inner][\/vc_row_inner][vc_row_inner css=&#8221;.vc_custom_1622213654373{background-color: #ffffff !important;}&#8221;][vc_column_inner]<span id=\"creative-link-wrap-8366\" class=\"ult_main_cl ult-adjust-bottom-margin  \" >\n\t \t\t\t<span class=\"ult_cl_link_5  ult_crlink\" >\n\t\t\t\t\t<a  data-ultimate-target='#creative-link-wrap-8366 .ult_colorlink'  data-responsive-json-new='{\"font-size\":\"desktop:20px;\",\"line-height\":\"\"}'  href=\"https:\/\/www.pastoraljuvenil.es\/wp-content\/uploads\/2017\/06\/Tablasmodelopedagogico.pdf\" target=\"_blank\" rel=\"noopener\"  class=\"ult_colorlink ult-responsive \" style=\"font-weight:bold; \"  data-textcolor=\"#23b2be\" data-texthover=\"#474647\"data-style=\"Style_5\">\n\t\t\t\t\t\t<span class=\"ult_link_top\" style=\"border-color:#eeb238;border-bottom-width:1px;border-style:solid;\"><\/span>\n\t\t\t\t\t\t<span data-hover=\"T\u00e1boas de obxectivos e contidos do modelo pedag\u00f3xico\" style=\"color:#23b2be;;;\" class=\"ult_btn10_span   \">T\u00e1boas de obxectivos e contidos do modelo pedag\u00f3xico<\/span>\n\t\t\t\t\t\t<span class=\"ult_link_btm  \" style=\"border-color:#eeb238;border-bottom-width:1px;border-style:solid;\"><\/span>\n\t\t\t\t\t<\/a>\n\t\t\t\t<\/span>\n\t\t\t<\/span>[\/vc_column_inner][\/vc_row_inner][vc_empty_space][vc_row_inner css=&#8221;.vc_custom_1622212953581{background-color: #ffffff !important;}&#8221;][vc_column_inner]<div id=\"ultimate-heading-65969e84b2556532\" class=\"uvc-heading ult-adjust-bottom-margin ultimate-heading-65969e84b2556532 uvc-4735  uvc-heading-default-font-sizes\" data-hspacer=\"no_spacer\"  data-halign=\"center\" style=\"text-align:center\"><div class=\"uvc-heading-spacer no_spacer\" style=\"top\"><\/div><div class=\"uvc-main-heading ult-responsive\"  data-ultimate-target='.uvc-heading.ultimate-heading-65969e84b2556532 h3'  data-responsive-json-new='{\"font-size\":\"\",\"line-height\":\"\"}' ><h3 style=\"--font-weight:theme;\">Materiais por materias<\/h3><\/div><\/div>[\/vc_column_inner][\/vc_row_inner][vc_row_inner css=&#8221;.vc_custom_1622213127381{padding-bottom: 15px !important;background-color: #ffffff !important;}&#8221;][vc_column_inner width=&#8221;1\/3&#8243;]<span id=\"creative-link-wrap-6948\" class=\"ult_main_cl ult-adjust-bottom-margin  \" >\n\t \t\t\t<span class=\"ult_cl_link_1  ult_crlink\" >\n\t\t\t\t\t<a  data-ultimate-target='#creative-link-wrap-6948 .ult_colorlink'  data-responsive-json-new='{\"font-size\":\"desktop:20px;\",\"line-height\":\"\"}'  href=\"https:\/\/pastoraljuvenil.es\/itinerario-educacionfe\/la-fe-vivida\/\" target=\"_blank\" rel=\"noopener\"  class=\"ult_colorlink ult-responsive \" style=\"font-weight:bold;color:#23b2be; \"  data-textcolor=\"#23b2be\" data-texthover=\"#474647\"data-style=\"Style_1\">\n\t\t\t\t\t\t\n\t\t\t\t\t\t<span data-hover=\"Fe vivida\" style=\"color:#23b2be;;;\" class=\"ult_btn10_span   \">Fe vivida<\/span>\n\t\t\t\t\t\t\n\t\t\t\t\t<\/a>\n\t\t\t\t<\/span>\n\t\t\t<\/span>[\/vc_column_inner][vc_column_inner width=&#8221;1\/3&#8243;]<span id=\"creative-link-wrap-5987\" class=\"ult_main_cl ult-adjust-bottom-margin  \" >\n\t \t\t\t<span class=\"ult_cl_link_1  ult_crlink\" >\n\t\t\t\t\t<a  data-ultimate-target='#creative-link-wrap-5987 .ult_colorlink'  data-responsive-json-new='{\"font-size\":\"desktop:20px;\",\"line-height\":\"\"}'  href=\"https:\/\/pastoraljuvenil.es\/itinerario-educacionfe\/la-fe-comprometida\/\" target=\"_blank\" rel=\"noopener\"  class=\"ult_colorlink ult-responsive \" style=\"font-weight:bold;color:#23b2be; \"  data-textcolor=\"#23b2be\" data-texthover=\"#474647\"data-style=\"Style_1\">\n\t\t\t\t\t\t\n\t\t\t\t\t\t<span data-hover=\"Fe comprometida\" style=\"color:#23b2be;;;\" class=\"ult_btn10_span   \">Fe comprometida<\/span>\n\t\t\t\t\t\t\n\t\t\t\t\t<\/a>\n\t\t\t\t<\/span>\n\t\t\t<\/span>[\/vc_column_inner][vc_column_inner width=&#8221;1\/3&#8243;]<span id=\"creative-link-wrap-2123\" class=\"ult_main_cl ult-adjust-bottom-margin  \" >\n\t \t\t\t<span class=\"ult_cl_link_1  ult_crlink\" >\n\t\t\t\t\t<a  data-ultimate-target='#creative-link-wrap-2123 .ult_colorlink'  data-responsive-json-new='{\"font-size\":\"desktop:20px;\",\"line-height\":\"\"}'  href=\"https:\/\/pastoraljuvenil.es\/itinerario-educacionfe\/la-fe-compartida\/\" target=\"_blank\" rel=\"noopener\"  class=\"ult_colorlink ult-responsive \" style=\"font-weight:bold;color:#23b2be; \"  data-textcolor=\"#23b2be\" data-texthover=\"#474647\"data-style=\"Style_1\">\n\t\t\t\t\t\t\n\t\t\t\t\t\t<span data-hover=\"Fe compartida\" style=\"color:#23b2be;;;\" class=\"ult_btn10_span   \">Fe compartida<\/span>\n\t\t\t\t\t\t\n\t\t\t\t\t<\/a>\n\t\t\t\t<\/span>\n\t\t\t<\/span>[\/vc_column_inner][\/vc_row_inner][vc_row_inner css=&#8221;.vc_custom_1622213127381{padding-bottom: 15px !important;background-color: #ffffff !important;}&#8221;][vc_column_inner width=&#8221;1\/3&#8243;]<span id=\"creative-link-wrap-2660\" class=\"ult_main_cl ult-adjust-bottom-margin  \" >\n\t \t\t\t<span class=\"ult_cl_link_1  ult_crlink\" >\n\t\t\t\t\t<a  data-ultimate-target='#creative-link-wrap-2660 .ult_colorlink'  data-responsive-json-new='{\"font-size\":\"desktop:20px;\",\"line-height\":\"\"}'  href=\"https:\/\/pastoraljuvenil.es\/itinerario-educacionfe\/la-fe-comprendida\/\" target=\"_blank\" rel=\"noopener\"  class=\"ult_colorlink ult-responsive \" style=\"font-weight:bold;color:#23b2be; \"  data-textcolor=\"#23b2be\" data-texthover=\"#474647\"data-style=\"Style_1\">\n\t\t\t\t\t\t\n\t\t\t\t\t\t<span data-hover=\"Fe entendida\" style=\"color:#23b2be;;;\" class=\"ult_btn10_span   \">Fe entendida<\/span>\n\t\t\t\t\t\t\n\t\t\t\t\t<\/a>\n\t\t\t\t<\/span>\n\t\t\t<\/span>[\/vc_column_inner][vc_column_inner width=&#8221;1\/3&#8243;]<span id=\"creative-link-wrap-1986\" class=\"ult_main_cl ult-adjust-bottom-margin  \" >\n\t \t\t\t<span class=\"ult_cl_link_1  ult_crlink\" >\n\t\t\t\t\t<a  data-ultimate-target='#creative-link-wrap-1986 .ult_colorlink'  data-responsive-json-new='{\"font-size\":\"desktop:20px;\",\"line-height\":\"\"}'  href=\"https:\/\/pastoraljuvenil.es\/itinerario-educacionfe\/el-centro-de-la-fe\/\" target=\"_blank\" rel=\"noopener\"  class=\"ult_colorlink ult-responsive \" style=\"font-weight:bold;color:#23b2be; \"  data-textcolor=\"#23b2be\" data-texthover=\"#474647\"data-style=\"Style_1\">\n\t\t\t\t\t\t\n\t\t\t\t\t\t<span data-hover=\"El centre de la fe\" style=\"color:#23b2be;;;\" class=\"ult_btn10_span   \">El centre de la fe<\/span>\n\t\t\t\t\t\t\n\t\t\t\t\t<\/a>\n\t\t\t\t<\/span>\n\t\t\t<\/span>[\/vc_column_inner][vc_column_inner width=&#8221;1\/3&#8243;]<span id=\"creative-link-wrap-8603\" class=\"ult_main_cl ult-adjust-bottom-margin  \" >\n\t \t\t\t<span class=\"ult_cl_link_1  ult_crlink\" >\n\t\t\t\t\t<a  data-ultimate-target='#creative-link-wrap-8603 .ult_colorlink'  data-responsive-json-new='{\"font-size\":\"desktop:20px;\",\"line-height\":\"\"}'  href=\"https:\/\/pastoraljuvenil.es\/itinerario-educacionfe\/la-fe-celebrada\/\" target=\"_blank\" rel=\"noopener\"  class=\"ult_colorlink ult-responsive \" style=\"font-weight:bold;color:#23b2be; \"  data-textcolor=\"#23b2be\" data-texthover=\"#474647\"data-style=\"Style_1\">\n\t\t\t\t\t\t\n\t\t\t\t\t\t<span data-hover=\"Fe celebrada\" style=\"color:#23b2be;;;\" class=\"ult_btn10_span   \">Fe celebrada<\/span>\n\t\t\t\t\t\t\n\t\t\t\t\t<\/a>\n\t\t\t\t<\/span>\n\t\t\t<\/span>[\/vc_column_inner][\/vc_row_inner][vc_empty_space][vc_row_inner css=&#8221;.vc_custom_1622213127381{padding-bottom: 15px !important;background-color: #ffffff !important;}&#8221;][vc_column_inner width=&#8221;1\/2&#8243;]<span id=\"creative-link-wrap-5329\" class=\"ult_main_cl ult-adjust-bottom-margin  \" >\n\t \t\t\t<span class=\"ult_cl_link_8  ult_crlink\" >\n\t\t\t\t\t<a  data-ultimate-target='#creative-link-wrap-5329 .ult_colorlink'  data-responsive-json-new='{\"font-size\":\"desktop:20px;\",\"line-height\":\"\"}'  href=\"https:\/\/pastoraljuvenil.es\/itinerario-educacionfe\/formacion-ief\/\" target=\"_blank\" rel=\"noopener\"  class=\"ult_colorlink ult-responsive  vc_custom_1622214642598\" style=\"font-weight:bold; \"  data-textcolor=\"#23b2be\" data-texthover=\"#474647\"data-style=\"Style_8\">\n\t\t\t\t\t\t<span class=\"ult_link_top ult_btn8_link_top \" style=\"outline-color:#eeb238;outline-width:2px;outline-style:solid;\"><\/span>\n\t\t\t\t\t\t<span data-hover=\"Formaci\u00f3n IEF\" style=\"color:#23b2be;;;\" class=\"ult_btn10_span   \">Formaci\u00f3n IEF<\/span>\n\t\t\t\t\t\t<span class=\"ult_link_btm  ulmt_btn8_link_btm\" style=\"outline-color:#cdcdcd;outline-width:2px;outline-style:solid;\"><\/span>\n\t\t\t\t\t<\/a>\n\t\t\t\t<\/span>\n\t\t\t<\/span>[\/vc_column_inner][vc_column_inner width=&#8221;1\/2&#8243;]<span id=\"creative-link-wrap-3679\" class=\"ult_main_cl ult-adjust-bottom-margin  \" >\n\t \t\t\t<span class=\"ult_cl_link_8  ult_crlink\" >\n\t\t\t\t\t<a  data-ultimate-target='#creative-link-wrap-3679 .ult_colorlink'  data-responsive-json-new='{\"font-size\":\"desktop:20px;\",\"line-height\":\"\"}'  href=\"https:\/\/pastoraljuvenil.es\/itinerario-educacionfe\/edad-9-12-encuentros\/\" target=\"_blank\" rel=\"noopener\"  class=\"ult_colorlink ult-responsive  vc_custom_1622214694616\" style=\"font-weight:bold; \"  data-textcolor=\"#23b2be\" data-texthover=\"#474647\"data-style=\"Style_8\">\n\t\t\t\t\t\t<span class=\"ult_link_top ult_btn8_link_top \" style=\"outline-color:#eeb238;outline-width:2px;outline-style:solid;\"><\/span>\n\t\t\t\t\t\t<span data-hover=\"Xuntanza provincial anual\" style=\"color:#23b2be;;;\" class=\"ult_btn10_span   \">Xuntanza provincial anual<\/span>\n\t\t\t\t\t\t<span class=\"ult_link_btm  ulmt_btn8_link_btm\" style=\"outline-color:#cdcdcd;outline-width:2px;outline-style:solid;\"><\/span>\n\t\t\t\t\t<\/a>\n\t\t\t\t<\/span>\n\t\t\t<\/span>[\/vc_column_inner][\/vc_row_inner][\/vc_column][\/vc_row]<\/p>\n<\/div>","protected":false},"excerpt":{"rendered":"<p>[vc_row][vc_column width=&#8221;2\/3&#8243;][vc_column_text]O Movemento Xuvenil Salesiano \u00e9 a comu\u00f1\u00f3n de varios grupos que coinciden e se xuntan nunha mesma proposta educativa e evanxelizadora, inspirada no esp\u00edrito e estilo de Don Bosco e Nai Mazzarello. Que se desenvolve a trav\u00e9s do Itinerario de educaci\u00f3n na fe, unha proposta educativa que unifica criterios de contido en todas as&hellip;<\/p>\n","protected":false},"author":27,"featured_media":0,"parent":1820,"menu_order":0,"comment_status":"closed","ping_status":"closed","template":"","meta":{"_monsterinsights_skip_tracking":false,"_monsterinsights_sitenote_active":false,"_monsterinsights_sitenote_note":"","_monsterinsights_sitenote_category":0,"footnotes":""},"class_list":["post-2482","page","type-page","status-publish","hentry","description-off"],"_links":{"self":[{"href":"https:\/\/confedonbosco.org\/gl\/wp-json\/wp\/v2\/pages\/2482","targetHints":{"allow":["GET"]}}],"collection":[{"href":"https:\/\/confedonbosco.org\/gl\/wp-json\/wp\/v2\/pages"}],"about":[{"href":"https:\/\/confedonbosco.org\/gl\/wp-json\/wp\/v2\/types\/page"}],"author":[{"embeddable":true,"href":"https:\/\/confedonbosco.org\/gl\/wp-json\/wp\/v2\/users\/27"}],"replies":[{"embeddable":true,"href":"https:\/\/confedonbosco.org\/gl\/wp-json\/wp\/v2\/comments?post=2482"}],"version-history":[{"count":11,"href":"https:\/\/confedonbosco.org\/gl\/wp-json\/wp\/v2\/pages\/2482\/revisions"}],"predecessor-version":[{"id":2509,"href":"https:\/\/confedonbosco.org\/gl\/wp-json\/wp\/v2\/pages\/2482\/revisions\/2509"}],"up":[{"embeddable":true,"href":"https:\/\/confedonbosco.org\/gl\/wp-json\/wp\/v2\/pages\/1820"}],"wp:attachment":[{"href":"https:\/\/confedonbosco.org\/gl\/wp-json\/wp\/v2\/media?parent=2482"}],"curies":[{"name":"wp","href":"https:\/\/api.w.org\/{rel}","templated":true}]}}