{"id":2345,"date":"2021-08-30T16:36:26","date_gmt":"2021-08-30T16:36:26","guid":{"rendered":"https:\/\/www.confedonbosco.org\/linas-transversais\/participacion-e-protagonismo-xuvenil\/"},"modified":"2021-08-30T16:36:36","modified_gmt":"2021-08-30T16:36:36","slug":"participacion-e-protagonismo-xuvenil","status":"publish","type":"page","link":"https:\/\/confedonbosco.org\/gl\/linas-transversais\/participacion-e-protagonismo-xuvenil\/","title":{"rendered":"Participaci\u00f3n e protagonismo xuvenil"},"content":{"rendered":"<div class=\"wpb-content-wrapper\"><p>[vc_row equal_height=&#8221;yes&#8221;][vc_column width=&#8221;1\/2&#8243;][vc_column_text css=&#8221;.vc_custom_1622191041603{margin-bottom: 10px !important;}&#8221;]<\/p>\n<h5>Dende a creaci\u00f3n da Confederaci\u00f3n Don Bosco, as Federaci\u00f3ns e os Centros Xuven\u00eds esforz\u00e1ronse en promover actividades e proxectos que ampl\u00eden o abano de posibilidades de <span style=\"color: #eeb238\">participaci\u00f3n de menores e mozos<\/span>, situ\u00e1ndoos no centro da intervenci\u00f3n e d\u00e1ndolles o <span style=\"color: #eeb238\">papel protagonista<\/span> que corresponda. a eles.<\/h5>\n<p>[\/vc_column_text][vc_column_text]O prop\u00f3sito \u00e9 <strong>promover a transformaci\u00f3n social a partir de propostas concretas de promoci\u00f3n da mocidade<\/strong>, mellorando a preparaci\u00f3n da infancia e a mocidade formando e apoiando a persoas capaces de decidir sobre o seu propio desenvolvemento e proporcionar soluci\u00f3ns no seu contorno m\u00e1is pr\u00f3ximo.<\/p>\n<p>Respondendo \u00e1 necesidade de po\u00f1er en valor a menores e mozos a trav\u00e9s dunha <strong>educaci\u00f3n integral<\/strong> que os axude no seu desenvolvemento persoal e na s\u00faa relaci\u00f3n cos demais. Respondemos \u00e1 demanda social e temos propostas alternativas que sit\u00faan aos nenos como actores eixo central do seu desenvolvemento e que garanten o pleno desenvolvemento dos seus dereitos; fac\u00e9ndoos visibles nun escenario onde eles son os protagonistas e poden asumir, dun xeito natural, a s\u00faa condici\u00f3n de seres sociais.<\/p>\n<p>A nosa visi\u00f3n da participaci\u00f3n est\u00e1 ligada, polo tanto, a todo un proceso de transformaci\u00f3n vital, tanto individual como colectivamente. Neste proceso, a informaci\u00f3n, estar presente nos espazos onde se toman decisi\u00f3ns, ser consultada sobre diferentes opci\u00f3ns, formar parte desa toma de decisi\u00f3ns son factores que facilitan o desenvolvemento dunha participaci\u00f3n real e activa.[\/vc_column_text][\/vc_column][vc_column width=&#8221;1\/2&#8243;]<style type=\"text\/css\" data-type=\"the7_shortcodes-inline-css\">.gallery-shortcode.gallery-masonry-shortcode-id-a33d803b3514de71e4a32c0a169398b4 figure,\n.gallery-shortcode.gallery-masonry-shortcode-id-a33d803b3514de71e4a32c0a169398b4 .rollover,\n.gallery-shortcode.gallery-masonry-shortcode-id-a33d803b3514de71e4a32c0a169398b4 img,\n.gallery-shortcode.gallery-masonry-shortcode-id-a33d803b3514de71e4a32c0a169398b4 .gallery-rollover {\n  border-radius: 0px;\n}\n.gallery-shortcode.gallery-masonry-shortcode-id-a33d803b3514de71e4a32c0a169398b4.enable-bg-rollover .gallery-rollover {\n  background: -webkit-linear-gradient();\n  background: linear-gradient();\n}\n.gallery-shortcode.gallery-masonry-shortcode-id-a33d803b3514de71e4a32c0a169398b4.enable-bg-rollover.hover-scale figure .rollover:after {\n  background: -webkit-linear-gradient();\n  background: linear-gradient();\n}\n.gallery-shortcode.gallery-masonry-shortcode-id-a33d803b3514de71e4a32c0a169398b4 .gallery-zoom-ico {\n  width: 44px;\n  height: 44px;\n  line-height: 44px;\n  border-radius: 100px;\n  margin: -22px 0 0 -22px;\n  border-width: 0px;\n  color: #ffffff;\n}\n.dt-icon-bg-on.gallery-shortcode.gallery-masonry-shortcode-id-a33d803b3514de71e4a32c0a169398b4 .gallery-zoom-ico {\n  background: rgba(255,255,255,0.3);\n  box-shadow: none;\n}\n.gallery-shortcode.gallery-masonry-shortcode-id-a33d803b3514de71e4a32c0a169398b4 .gallery-zoom-ico:before,\n.gallery-shortcode.gallery-masonry-shortcode-id-a33d803b3514de71e4a32c0a169398b4 .gallery-zoom-ico span {\n  font-size: 32px;\n  line-height: 44px;\n  color: #ffffff;\n}\n.gallery-shortcode.gallery-masonry-shortcode-id-a33d803b3514de71e4a32c0a169398b4:not(.resize-by-browser-width) .dt-css-grid {\n  grid-row-gap: 10px;\n  grid-column-gap: 10px;\n  grid-template-columns: repeat(auto-fill,minmax(,1fr));\n}\n.gallery-shortcode.gallery-masonry-shortcode-id-a33d803b3514de71e4a32c0a169398b4:not(.resize-by-browser-width) .dt-css-grid .double-width {\n  grid-column: span 2;\n}\n.cssgridlegacy.no-cssgrid .gallery-shortcode.gallery-masonry-shortcode-id-a33d803b3514de71e4a32c0a169398b4:not(.resize-by-browser-width) .dt-css-grid,\n.no-cssgridlegacy.no-cssgrid .gallery-shortcode.gallery-masonry-shortcode-id-a33d803b3514de71e4a32c0a169398b4:not(.resize-by-browser-width) .dt-css-grid {\n  display: flex;\n  flex-flow: row wrap;\n  margin: -5px;\n}\n.cssgridlegacy.no-cssgrid .gallery-shortcode.gallery-masonry-shortcode-id-a33d803b3514de71e4a32c0a169398b4:not(.resize-by-browser-width) .dt-css-grid .wf-cell,\n.no-cssgridlegacy.no-cssgrid .gallery-shortcode.gallery-masonry-shortcode-id-a33d803b3514de71e4a32c0a169398b4:not(.resize-by-browser-width) .dt-css-grid .wf-cell {\n  flex: 1 0 ;\n  max-width: 100%;\n  padding: 5px;\n  box-sizing: border-box;\n}\n.gallery-shortcode.gallery-masonry-shortcode-id-a33d803b3514de71e4a32c0a169398b4.resize-by-browser-width .dt-css-grid {\n  grid-template-columns: repeat(1,1fr);\n  grid-template-rows: auto;\n  grid-column-gap: 10px;\n  grid-row-gap: 10px;\n}\n.gallery-shortcode.gallery-masonry-shortcode-id-a33d803b3514de71e4a32c0a169398b4.resize-by-browser-width .dt-css-grid .double-width {\n  grid-column: span 2;\n}\n.cssgridlegacy.no-cssgrid .gallery-shortcode.gallery-masonry-shortcode-id-a33d803b3514de71e4a32c0a169398b4.resize-by-browser-width .dt-css-grid {\n  margin: -5px;\n}\n.cssgridlegacy.no-cssgrid .gallery-shortcode.gallery-masonry-shortcode-id-a33d803b3514de71e4a32c0a169398b4.resize-by-browser-width .dt-css-grid .wf-cell {\n  width: 100%;\n  padding: 5px;\n}\n.cssgridlegacy.no-cssgrid .gallery-shortcode.gallery-masonry-shortcode-id-a33d803b3514de71e4a32c0a169398b4.resize-by-browser-width .dt-css-grid .wf-cell.double-width {\n  width: calc(100%) * 2;\n}\n.gallery-shortcode.gallery-masonry-shortcode-id-a33d803b3514de71e4a32c0a169398b4.resize-by-browser-width:not(.centered-layout-list):not(.content-bg-on) .dt-css-grid {\n  grid-row-gap: 10px - ;\n}\n@media screen and (max-width: 1199px) {\n  .gallery-shortcode.gallery-masonry-shortcode-id-a33d803b3514de71e4a32c0a169398b4.resize-by-browser-width .dt-css-grid {\n    grid-template-columns: repeat(1,1fr);\n  }\n  .cssgridlegacy.no-cssgrid .gallery-shortcode.gallery-masonry-shortcode-id-a33d803b3514de71e4a32c0a169398b4.resize-by-browser-width .dt-css-grid .wf-cell,\n  .no-cssgridlegacy.no-cssgrid .gallery-shortcode.gallery-masonry-shortcode-id-a33d803b3514de71e4a32c0a169398b4.resize-by-browser-width .dt-css-grid .wf-cell {\n    width: 100%;\n  }\n  .cssgridlegacy.no-cssgrid .gallery-shortcode.gallery-masonry-shortcode-id-a33d803b3514de71e4a32c0a169398b4.resize-by-browser-width .dt-css-grid .wf-cell.double-width,\n  .no-cssgridlegacy.no-cssgrid .gallery-shortcode.gallery-masonry-shortcode-id-a33d803b3514de71e4a32c0a169398b4.resize-by-browser-width .dt-css-grid .wf-cell.double-width {\n    width: calc(100%)*2;\n  }\n}\n@media screen and (max-width: 991px) {\n  .gallery-shortcode.gallery-masonry-shortcode-id-a33d803b3514de71e4a32c0a169398b4.resize-by-browser-width .dt-css-grid {\n    grid-template-columns: repeat(1,1fr);\n  }\n  .cssgridlegacy.no-cssgrid .gallery-shortcode.gallery-masonry-shortcode-id-a33d803b3514de71e4a32c0a169398b4.resize-by-browser-width .dt-css-grid .wf-cell,\n  .no-cssgridlegacy.no-cssgrid .gallery-shortcode.gallery-masonry-shortcode-id-a33d803b3514de71e4a32c0a169398b4.resize-by-browser-width .dt-css-grid .wf-cell {\n    width: 100%;\n  }\n  .cssgridlegacy.no-cssgrid .gallery-shortcode.gallery-masonry-shortcode-id-a33d803b3514de71e4a32c0a169398b4.resize-by-browser-width .dt-css-grid .wf-cell.double-width,\n  .no-cssgridlegacy.no-cssgrid .gallery-shortcode.gallery-masonry-shortcode-id-a33d803b3514de71e4a32c0a169398b4.resize-by-browser-width .dt-css-grid .wf-cell.double-width {\n    width: calc(100%)*2;\n  }\n}\n@media screen and (max-width: 767px) {\n  .gallery-shortcode.gallery-masonry-shortcode-id-a33d803b3514de71e4a32c0a169398b4.resize-by-browser-width .dt-css-grid {\n    grid-template-columns: repeat(1,1fr);\n  }\n  .cssgridlegacy.no-cssgrid .gallery-shortcode.gallery-masonry-shortcode-id-a33d803b3514de71e4a32c0a169398b4.resize-by-browser-width .dt-css-grid .wf-cell,\n  .no-cssgridlegacy.no-cssgrid .gallery-shortcode.gallery-masonry-shortcode-id-a33d803b3514de71e4a32c0a169398b4.resize-by-browser-width .dt-css-grid .wf-cell {\n    width: 100%;\n  }\n  .cssgridlegacy.no-cssgrid .gallery-shortcode.gallery-masonry-shortcode-id-a33d803b3514de71e4a32c0a169398b4.resize-by-browser-width .dt-css-grid .wf-cell.double-width,\n  .no-cssgridlegacy.no-cssgrid .gallery-shortcode.gallery-masonry-shortcode-id-a33d803b3514de71e4a32c0a169398b4.resize-by-browser-width .dt-css-grid .wf-cell.double-width {\n    width: calc(100%)*2;\n  }\n}<\/style><div class=\"gallery-shortcode dt-gallery-container gallery-masonry-shortcode-id-a33d803b3514de71e4a32c0a169398b4 mode-masonry jquery-filter dt-icon-bg-off quick-scale-img enable-bg-rollover resize-by-browser-width  hover-fade loading-effect-scale-up description-on-hover\" data-padding=\"5px\" data-cur-page=\"1\" data-post-limit=\"-1\" data-pagination-mode=\"none\" data-desktop-columns-num=\"1\" data-v-tablet-columns-num=\"1\" data-h-tablet-columns-num=\"1\" data-phone-columns-num=\"1\" data-width=\"0px\" data-columns=\"0\"><div class=\"iso-container\" ><div class=\"wf-cell iso-item\" data-post-id=\"1388\" data-date=\"2021-05-28T16:33:49+02:00\" data-name=\"Confederaci\u00f3n Don Bosco\"><figure class=\"post visible\"><a href=\"https:\/\/confedonbosco.org\/wp-content\/uploads\/2021\/05\/Protagonismo-juvenil_Confederacion-Don-Bosco_03.jpg\" class=\"rollover dt-pswp-item layzr-bg\" data-large_image_width=\"678\" data-large_image_height=\"400\" data-dt-img-description=\"\" title=\"Confederaci\u00f3n Don Bosco\"><img fetchpriority=\"high\" decoding=\"async\" class=\"preload-me iso-lazy-load aspect\" src=\"data:image\/svg+xml,%3Csvg%20xmlns%3D&#39;http%3A%2F%2Fwww.w3.org%2F2000%2Fsvg&#39;%20viewBox%3D&#39;0%200%20678%20400&#39;%2F%3E\" data-src=\"https:\/\/confedonbosco.org\/wp-content\/uploads\/2021\/05\/Protagonismo-juvenil_Confederacion-Don-Bosco_03.jpg\" data-srcset=\"https:\/\/confedonbosco.org\/wp-content\/uploads\/2021\/05\/Protagonismo-juvenil_Confederacion-Don-Bosco_03.jpg 678w\" loading=\"eager\" style=\"--ratio: 678 \/ 400\" sizes=\"(max-width: 678px) 100vw, 678px\" alt=\"\" width=\"678\" height=\"400\"  \/><span class=\"gallery-rollover\"><\/span><\/a><\/figure><\/div><\/div><!-- iso-container|iso-grid --><\/div><style type=\"text\/css\" data-type=\"the7_shortcodes-inline-css\">.gallery-shortcode.gallery-masonry-shortcode-id-ed6141ed4a014ab249b2b1352e0fb800 figure,\n.gallery-shortcode.gallery-masonry-shortcode-id-ed6141ed4a014ab249b2b1352e0fb800 .rollover,\n.gallery-shortcode.gallery-masonry-shortcode-id-ed6141ed4a014ab249b2b1352e0fb800 img,\n.gallery-shortcode.gallery-masonry-shortcode-id-ed6141ed4a014ab249b2b1352e0fb800 .gallery-rollover {\n  border-radius: 0px;\n}\n.gallery-shortcode.gallery-masonry-shortcode-id-ed6141ed4a014ab249b2b1352e0fb800.enable-bg-rollover .gallery-rollover {\n  background: -webkit-linear-gradient();\n  background: linear-gradient();\n}\n.gallery-shortcode.gallery-masonry-shortcode-id-ed6141ed4a014ab249b2b1352e0fb800.enable-bg-rollover.hover-scale figure .rollover:after {\n  background: -webkit-linear-gradient();\n  background: linear-gradient();\n}\n.gallery-shortcode.gallery-masonry-shortcode-id-ed6141ed4a014ab249b2b1352e0fb800 .gallery-zoom-ico {\n  width: 44px;\n  height: 44px;\n  line-height: 44px;\n  border-radius: 100px;\n  margin: -22px 0 0 -22px;\n  border-width: 0px;\n  color: #ffffff;\n}\n.dt-icon-bg-on.gallery-shortcode.gallery-masonry-shortcode-id-ed6141ed4a014ab249b2b1352e0fb800 .gallery-zoom-ico {\n  background: rgba(255,255,255,0.3);\n  box-shadow: none;\n}\n.gallery-shortcode.gallery-masonry-shortcode-id-ed6141ed4a014ab249b2b1352e0fb800 .gallery-zoom-ico:before,\n.gallery-shortcode.gallery-masonry-shortcode-id-ed6141ed4a014ab249b2b1352e0fb800 .gallery-zoom-ico span {\n  font-size: 32px;\n  line-height: 44px;\n  color: #ffffff;\n}\n.gallery-shortcode.gallery-masonry-shortcode-id-ed6141ed4a014ab249b2b1352e0fb800:not(.resize-by-browser-width) .dt-css-grid {\n  grid-row-gap: 10px;\n  grid-column-gap: 10px;\n  grid-template-columns: repeat(auto-fill,minmax(,1fr));\n}\n.gallery-shortcode.gallery-masonry-shortcode-id-ed6141ed4a014ab249b2b1352e0fb800:not(.resize-by-browser-width) .dt-css-grid .double-width {\n  grid-column: span 2;\n}\n.cssgridlegacy.no-cssgrid .gallery-shortcode.gallery-masonry-shortcode-id-ed6141ed4a014ab249b2b1352e0fb800:not(.resize-by-browser-width) .dt-css-grid,\n.no-cssgridlegacy.no-cssgrid .gallery-shortcode.gallery-masonry-shortcode-id-ed6141ed4a014ab249b2b1352e0fb800:not(.resize-by-browser-width) .dt-css-grid {\n  display: flex;\n  flex-flow: row wrap;\n  margin: -5px;\n}\n.cssgridlegacy.no-cssgrid .gallery-shortcode.gallery-masonry-shortcode-id-ed6141ed4a014ab249b2b1352e0fb800:not(.resize-by-browser-width) .dt-css-grid .wf-cell,\n.no-cssgridlegacy.no-cssgrid .gallery-shortcode.gallery-masonry-shortcode-id-ed6141ed4a014ab249b2b1352e0fb800:not(.resize-by-browser-width) .dt-css-grid .wf-cell {\n  flex: 1 0 ;\n  max-width: 100%;\n  padding: 5px;\n  box-sizing: border-box;\n}\n.gallery-shortcode.gallery-masonry-shortcode-id-ed6141ed4a014ab249b2b1352e0fb800.resize-by-browser-width .dt-css-grid {\n  grid-template-columns: repeat(2,1fr);\n  grid-template-rows: auto;\n  grid-column-gap: 10px;\n  grid-row-gap: 10px;\n}\n.gallery-shortcode.gallery-masonry-shortcode-id-ed6141ed4a014ab249b2b1352e0fb800.resize-by-browser-width .dt-css-grid .double-width {\n  grid-column: span 2;\n}\n.cssgridlegacy.no-cssgrid .gallery-shortcode.gallery-masonry-shortcode-id-ed6141ed4a014ab249b2b1352e0fb800.resize-by-browser-width .dt-css-grid {\n  margin: -5px;\n}\n.cssgridlegacy.no-cssgrid .gallery-shortcode.gallery-masonry-shortcode-id-ed6141ed4a014ab249b2b1352e0fb800.resize-by-browser-width .dt-css-grid .wf-cell {\n  width: 50%;\n  padding: 5px;\n}\n.cssgridlegacy.no-cssgrid .gallery-shortcode.gallery-masonry-shortcode-id-ed6141ed4a014ab249b2b1352e0fb800.resize-by-browser-width .dt-css-grid .wf-cell.double-width {\n  width: calc(50%) * 2;\n}\n.gallery-shortcode.gallery-masonry-shortcode-id-ed6141ed4a014ab249b2b1352e0fb800.resize-by-browser-width:not(.centered-layout-list):not(.content-bg-on) .dt-css-grid {\n  grid-row-gap: 10px - ;\n}\n@media screen and (max-width: 1199px) {\n  .gallery-shortcode.gallery-masonry-shortcode-id-ed6141ed4a014ab249b2b1352e0fb800.resize-by-browser-width .dt-css-grid {\n    grid-template-columns: repeat(2,1fr);\n  }\n  .cssgridlegacy.no-cssgrid .gallery-shortcode.gallery-masonry-shortcode-id-ed6141ed4a014ab249b2b1352e0fb800.resize-by-browser-width .dt-css-grid .wf-cell,\n  .no-cssgridlegacy.no-cssgrid .gallery-shortcode.gallery-masonry-shortcode-id-ed6141ed4a014ab249b2b1352e0fb800.resize-by-browser-width .dt-css-grid .wf-cell {\n    width: 50%;\n  }\n  .cssgridlegacy.no-cssgrid .gallery-shortcode.gallery-masonry-shortcode-id-ed6141ed4a014ab249b2b1352e0fb800.resize-by-browser-width .dt-css-grid .wf-cell.double-width,\n  .no-cssgridlegacy.no-cssgrid .gallery-shortcode.gallery-masonry-shortcode-id-ed6141ed4a014ab249b2b1352e0fb800.resize-by-browser-width .dt-css-grid .wf-cell.double-width {\n    width: calc(50%)*2;\n  }\n}\n@media screen and (max-width: 991px) {\n  .gallery-shortcode.gallery-masonry-shortcode-id-ed6141ed4a014ab249b2b1352e0fb800.resize-by-browser-width .dt-css-grid {\n    grid-template-columns: repeat(2,1fr);\n  }\n  .cssgridlegacy.no-cssgrid .gallery-shortcode.gallery-masonry-shortcode-id-ed6141ed4a014ab249b2b1352e0fb800.resize-by-browser-width .dt-css-grid .wf-cell,\n  .no-cssgridlegacy.no-cssgrid .gallery-shortcode.gallery-masonry-shortcode-id-ed6141ed4a014ab249b2b1352e0fb800.resize-by-browser-width .dt-css-grid .wf-cell {\n    width: 50%;\n  }\n  .cssgridlegacy.no-cssgrid .gallery-shortcode.gallery-masonry-shortcode-id-ed6141ed4a014ab249b2b1352e0fb800.resize-by-browser-width .dt-css-grid .wf-cell.double-width,\n  .no-cssgridlegacy.no-cssgrid .gallery-shortcode.gallery-masonry-shortcode-id-ed6141ed4a014ab249b2b1352e0fb800.resize-by-browser-width .dt-css-grid .wf-cell.double-width {\n    width: calc(50%)*2;\n  }\n}\n@media screen and (max-width: 767px) {\n  .gallery-shortcode.gallery-masonry-shortcode-id-ed6141ed4a014ab249b2b1352e0fb800.resize-by-browser-width .dt-css-grid {\n    grid-template-columns: repeat(2,1fr);\n  }\n  .cssgridlegacy.no-cssgrid .gallery-shortcode.gallery-masonry-shortcode-id-ed6141ed4a014ab249b2b1352e0fb800.resize-by-browser-width .dt-css-grid .wf-cell,\n  .no-cssgridlegacy.no-cssgrid .gallery-shortcode.gallery-masonry-shortcode-id-ed6141ed4a014ab249b2b1352e0fb800.resize-by-browser-width .dt-css-grid .wf-cell {\n    width: 50%;\n  }\n  .cssgridlegacy.no-cssgrid .gallery-shortcode.gallery-masonry-shortcode-id-ed6141ed4a014ab249b2b1352e0fb800.resize-by-browser-width .dt-css-grid .wf-cell.double-width,\n  .no-cssgridlegacy.no-cssgrid .gallery-shortcode.gallery-masonry-shortcode-id-ed6141ed4a014ab249b2b1352e0fb800.resize-by-browser-width .dt-css-grid .wf-cell.double-width {\n    width: calc(50%)*2;\n  }\n}<\/style><div class=\"gallery-shortcode dt-gallery-container gallery-masonry-shortcode-id-ed6141ed4a014ab249b2b1352e0fb800 mode-masonry jquery-filter dt-icon-bg-off quick-scale-img enable-bg-rollover resize-by-browser-width  hover-fade loading-effect-scale-up description-on-hover\" data-padding=\"5px\" data-cur-page=\"1\" data-post-limit=\"-1\" data-pagination-mode=\"none\" data-desktop-columns-num=\"2\" data-v-tablet-columns-num=\"2\" data-h-tablet-columns-num=\"2\" data-phone-columns-num=\"2\" data-width=\"0px\" data-columns=\"0\"><div class=\"iso-container\" ><div class=\"wf-cell iso-item\" data-post-id=\"1368\" data-date=\"2021-05-28T16:33:46+02:00\" data-name=\"Confederaci\u00f3n Don Bosco\"><figure class=\"post visible\"><a href=\"https:\/\/confedonbosco.org\/wp-content\/uploads\/2021\/05\/Protagonismo-juvenil_Confederacion-Don-Bosco_05.jpg\" class=\"rollover dt-pswp-item layzr-bg\" data-large_image_width=\"703\" data-large_image_height=\"400\" data-dt-img-description=\"\" title=\"Confederaci\u00f3n Don Bosco\"><img decoding=\"async\" class=\"preload-me iso-lazy-load aspect\" src=\"data:image\/svg+xml,%3Csvg%20xmlns%3D&#39;http%3A%2F%2Fwww.w3.org%2F2000%2Fsvg&#39;%20viewBox%3D&#39;0%200%20490%20279&#39;%2F%3E\" data-src=\"https:\/\/confedonbosco.org\/wp-content\/uploads\/2021\/05\/Protagonismo-juvenil_Confederacion-Don-Bosco_05-490x279.jpg\" data-srcset=\"https:\/\/confedonbosco.org\/wp-content\/uploads\/2021\/05\/Protagonismo-juvenil_Confederacion-Don-Bosco_05-490x279.jpg 490w, https:\/\/confedonbosco.org\/wp-content\/uploads\/2021\/05\/Protagonismo-juvenil_Confederacion-Don-Bosco_05-701x399.jpg 701w\" loading=\"eager\" style=\"--ratio: 490 \/ 279\" sizes=\"(max-width: 490px) 100vw, 490px\" alt=\"\" width=\"490\" height=\"279\"  \/><span class=\"gallery-rollover\"><\/span><\/a><\/figure><\/div><div class=\"wf-cell iso-item\" data-post-id=\"1373\" data-date=\"2021-05-28T16:33:47+02:00\" data-name=\"Confederaci\u00f3n Don Bosco\"><figure class=\"post visible\"><a href=\"https:\/\/confedonbosco.org\/wp-content\/uploads\/2021\/05\/Protagonismo-juvenil_Confederacion-Don-Bosco_06.jpg\" class=\"rollover dt-pswp-item layzr-bg\" data-large_image_width=\"951\" data-large_image_height=\"400\" data-dt-img-description=\"\" title=\"Confederaci\u00f3n Don Bosco\"><img decoding=\"async\" class=\"preload-me iso-lazy-load aspect\" src=\"data:image\/svg+xml,%3Csvg%20xmlns%3D&#39;http%3A%2F%2Fwww.w3.org%2F2000%2Fsvg&#39;%20viewBox%3D&#39;0%200%20490%20206&#39;%2F%3E\" data-src=\"https:\/\/confedonbosco.org\/wp-content\/uploads\/2021\/05\/Protagonismo-juvenil_Confederacion-Don-Bosco_06-490x206.jpg\" data-srcset=\"https:\/\/confedonbosco.org\/wp-content\/uploads\/2021\/05\/Protagonismo-juvenil_Confederacion-Don-Bosco_06-490x206.jpg 490w, https:\/\/confedonbosco.org\/wp-content\/uploads\/2021\/05\/Protagonismo-juvenil_Confederacion-Don-Bosco_06-735x309.jpg 735w\" loading=\"eager\" style=\"--ratio: 490 \/ 206\" sizes=\"(max-width: 490px) 100vw, 490px\" alt=\"\" width=\"490\" height=\"206\"  \/><span class=\"gallery-rollover\"><\/span><\/a><\/figure><\/div><div class=\"wf-cell iso-item\" data-post-id=\"1378\" data-date=\"2021-05-28T16:33:48+02:00\" data-name=\"Confederaci\u00f3n Don Bosco\"><figure class=\"post visible\"><a href=\"https:\/\/confedonbosco.org\/wp-content\/uploads\/2021\/05\/Protagonismo-juvenil_Confederacion-Don-Bosco_01.jpg\" class=\"rollover dt-pswp-item layzr-bg\" data-large_image_width=\"646\" data-large_image_height=\"400\" data-dt-img-description=\"\" title=\"Confederaci\u00f3n Don Bosco\"><img decoding=\"async\" class=\"preload-me iso-lazy-load aspect\" src=\"data:image\/svg+xml,%3Csvg%20xmlns%3D&#39;http%3A%2F%2Fwww.w3.org%2F2000%2Fsvg&#39;%20viewBox%3D&#39;0%200%20490%20303&#39;%2F%3E\" data-src=\"https:\/\/confedonbosco.org\/wp-content\/uploads\/2021\/05\/Protagonismo-juvenil_Confederacion-Don-Bosco_01-490x303.jpg\" data-srcset=\"https:\/\/confedonbosco.org\/wp-content\/uploads\/2021\/05\/Protagonismo-juvenil_Confederacion-Don-Bosco_01-490x303.jpg 490w, https:\/\/confedonbosco.org\/wp-content\/uploads\/2021\/05\/Protagonismo-juvenil_Confederacion-Don-Bosco_01.jpg 646w\" loading=\"eager\" style=\"--ratio: 490 \/ 303\" sizes=\"(max-width: 490px) 100vw, 490px\" alt=\"\" width=\"490\" height=\"303\"  \/><span class=\"gallery-rollover\"><\/span><\/a><\/figure><\/div><div class=\"wf-cell iso-item\" data-post-id=\"1383\" data-date=\"2021-05-28T16:33:48+02:00\" data-name=\"Confederaci\u00f3n Don Bosco\"><figure class=\"post visible\"><a href=\"https:\/\/confedonbosco.org\/wp-content\/uploads\/2021\/05\/Protagonismo-juvenil_Confederacion-Don-Bosco_02.jpg\" class=\"rollover dt-pswp-item layzr-bg\" data-large_image_width=\"413\" data-large_image_height=\"400\" data-dt-img-description=\"\" title=\"Confederaci\u00f3n Don Bosco\"><img decoding=\"async\" class=\"preload-me iso-lazy-load aspect\" src=\"data:image\/svg+xml,%3Csvg%20xmlns%3D&#39;http%3A%2F%2Fwww.w3.org%2F2000%2Fsvg&#39;%20viewBox%3D&#39;0%200%20413%20400&#39;%2F%3E\" data-src=\"https:\/\/confedonbosco.org\/wp-content\/uploads\/2021\/05\/Protagonismo-juvenil_Confederacion-Don-Bosco_02.jpg\" data-srcset=\"https:\/\/confedonbosco.org\/wp-content\/uploads\/2021\/05\/Protagonismo-juvenil_Confederacion-Don-Bosco_02.jpg 413w\" loading=\"eager\" style=\"--ratio: 413 \/ 400\" sizes=\"(max-width: 413px) 100vw, 413px\" alt=\"\" width=\"413\" height=\"400\"  \/><span class=\"gallery-rollover\"><\/span><\/a><\/figure><\/div><div class=\"wf-cell iso-item\" data-post-id=\"1393\" data-date=\"2021-05-28T16:33:50+02:00\" data-name=\"Confederaci\u00f3n Don Bosco\"><figure class=\"post visible\"><a href=\"https:\/\/confedonbosco.org\/wp-content\/uploads\/2021\/05\/Protagonismo-juvenil_Confederacion-Don-Bosco_04.jpg\" class=\"rollover dt-pswp-item layzr-bg\" data-large_image_width=\"570\" data-large_image_height=\"400\" data-dt-img-description=\"\" title=\"Confederaci\u00f3n Don Bosco\"><img decoding=\"async\" class=\"preload-me iso-lazy-load aspect\" src=\"data:image\/svg+xml,%3Csvg%20xmlns%3D&#39;http%3A%2F%2Fwww.w3.org%2F2000%2Fsvg&#39;%20viewBox%3D&#39;0%200%20490%20344&#39;%2F%3E\" data-src=\"https:\/\/confedonbosco.org\/wp-content\/uploads\/2021\/05\/Protagonismo-juvenil_Confederacion-Don-Bosco_04-490x344.jpg\" data-srcset=\"https:\/\/confedonbosco.org\/wp-content\/uploads\/2021\/05\/Protagonismo-juvenil_Confederacion-Don-Bosco_04-490x344.jpg 490w, https:\/\/confedonbosco.org\/wp-content\/uploads\/2021\/05\/Protagonismo-juvenil_Confederacion-Don-Bosco_04.jpg 569w\" loading=\"eager\" style=\"--ratio: 490 \/ 344\" sizes=\"(max-width: 490px) 100vw, 490px\" alt=\"\" width=\"490\" height=\"344\"  \/><span class=\"gallery-rollover\"><\/span><\/a><\/figure><\/div><\/div><!-- iso-container|iso-grid --><\/div>[\/vc_column][\/vc_row]<\/p>\n<p>[vc_row css=&#8221;.vc_custom_1622556094031{margin-top: 2em !important;}&#8221;][vc_column]<div class=\"dt-fancy-separator h4-size title-color accent-border-color\" style=\"width: 100%;\"><div class=\"dt-fancy-title\"><span class=\"separator-holder separator-left\"><\/span>As li\u00f1as transversais da Confederaci\u00f3n Don Bosco<span class=\"separator-holder separator-right\"><\/span><\/div><\/div>[vc_empty_space][vc_wp_custommenu nav_menu=&#8221;42&#8243;][\/vc_column][\/vc_row]<\/p>\n<\/div>","protected":false},"excerpt":{"rendered":"<p>[vc_row equal_height=&#8221;yes&#8221;][vc_column width=&#8221;1\/2&#8243;][vc_column_text css=&#8221;.vc_custom_1622191041603{margin-bottom: 10px !important;}&#8221;] Dende a creaci\u00f3n da Confederaci\u00f3n Don Bosco, as Federaci\u00f3ns e os Centros Xuven\u00eds esforz\u00e1ronse en promover actividades e proxectos que ampl\u00eden o abano de posibilidades de participaci\u00f3n de menores e mozos, situ\u00e1ndoos no centro da intervenci\u00f3n e d\u00e1ndolles o papel protagonista que corresponda. a eles. [\/vc_column_text][vc_column_text]O prop\u00f3sito \u00e9 promover&hellip;<\/p>\n","protected":false},"author":27,"featured_media":0,"parent":1794,"menu_order":0,"comment_status":"closed","ping_status":"closed","template":"","meta":{"_monsterinsights_skip_tracking":false,"_monsterinsights_sitenote_active":false,"_monsterinsights_sitenote_note":"","_monsterinsights_sitenote_category":0,"footnotes":""},"class_list":["post-2345","page","type-page","status-publish","hentry","description-off"],"_links":{"self":[{"href":"https:\/\/confedonbosco.org\/gl\/wp-json\/wp\/v2\/pages\/2345","targetHints":{"allow":["GET"]}}],"collection":[{"href":"https:\/\/confedonbosco.org\/gl\/wp-json\/wp\/v2\/pages"}],"about":[{"href":"https:\/\/confedonbosco.org\/gl\/wp-json\/wp\/v2\/types\/page"}],"author":[{"embeddable":true,"href":"https:\/\/confedonbosco.org\/gl\/wp-json\/wp\/v2\/users\/27"}],"replies":[{"embeddable":true,"href":"https:\/\/confedonbosco.org\/gl\/wp-json\/wp\/v2\/comments?post=2345"}],"version-history":[{"count":10,"href":"https:\/\/confedonbosco.org\/gl\/wp-json\/wp\/v2\/pages\/2345\/revisions"}],"predecessor-version":[{"id":2365,"href":"https:\/\/confedonbosco.org\/gl\/wp-json\/wp\/v2\/pages\/2345\/revisions\/2365"}],"up":[{"embeddable":true,"href":"https:\/\/confedonbosco.org\/gl\/wp-json\/wp\/v2\/pages\/1794"}],"wp:attachment":[{"href":"https:\/\/confedonbosco.org\/gl\/wp-json\/wp\/v2\/media?parent=2345"}],"curies":[{"name":"wp","href":"https:\/\/api.w.org\/{rel}","templated":true}]}}