{"id":2240,"date":"2021-08-30T16:08:52","date_gmt":"2021-08-30T16:08:52","guid":{"rendered":"https:\/\/www.confedonbosco.org\/linas-transversais\/educacion-en-valores\/"},"modified":"2021-08-30T16:08:53","modified_gmt":"2021-08-30T16:08:53","slug":"educacion-en-valores","status":"publish","type":"page","link":"https:\/\/confedonbosco.org\/gl\/linas-transversais\/educacion-en-valores\/","title":{"rendered":"Educaci\u00f3n en valores"},"content":{"rendered":"<div class=\"wpb-content-wrapper\"><p>[vc_row equal_height=&#8221;yes&#8221;][vc_column width=&#8221;1\/2&#8243;][vc_column_text css=&#8221;.vc_custom_1622189359148{margin-bottom: 10px !important;}&#8221;]<\/p>\n<h5>Este programa busca a <span style=\"color: #eeb238\">socializaci\u00f3n<\/span> e o <span style=\"color: #eeb238\">desenvolvemento integral<\/span>da mocidade a trav\u00e9s da participaci\u00f3n en diferentes actividades.<\/h5>\n<p>[\/vc_column_text]<div class=\"standard-arrow bullet-top\"><ul>\n<li>Campamentos<\/li>\n<li>Actividades de vida nocturna<\/li>\n<li>Obradoiros<\/li>\n<li>Encontros xuven\u00eds<\/li>\n<li>Teatro<\/li>\n<li>Danza<\/li>\n<li>M\u00fasica, festas e festivais<\/li>\n<li>Campos de traballo<\/li>\n<li>&#8230;<\/li>\n<\/ul>\n<\/div>[vc_column_text]Hai moitas posibilidades de integraci\u00f3n que ofrecemos \u00e1 mocidade dos centros xuven\u00eds. Este programa mellora o seu papel protagonista, xa que fomenta a participaci\u00f3n directa no desenvolvemento e xesti\u00f3n de actividades, establecendo as\u00ed unha verdadeira <strong>cultura asociativa<\/strong>.<\/p>\n<p>Os <strong>beneficiarios<\/strong> son <strong>mozos de entre 12 e 18 anos<\/strong>, dos cales unha gran parte est\u00e1 en risco de exclusi\u00f3n social e real\u00edzase grazas ao traballo de voluntarios axudados por persoas contratadas.[\/vc_column_text][\/vc_column][vc_column width=&#8221;1\/2&#8243;]<style type=\"text\/css\" data-type=\"the7_shortcodes-inline-css\">.gallery-shortcode.gallery-masonry-shortcode-id-34bca6724c2298434bc3f0ed7946a955 figure,\n.gallery-shortcode.gallery-masonry-shortcode-id-34bca6724c2298434bc3f0ed7946a955 .rollover,\n.gallery-shortcode.gallery-masonry-shortcode-id-34bca6724c2298434bc3f0ed7946a955 img,\n.gallery-shortcode.gallery-masonry-shortcode-id-34bca6724c2298434bc3f0ed7946a955 .gallery-rollover {\n  border-radius: 0px;\n}\n.gallery-shortcode.gallery-masonry-shortcode-id-34bca6724c2298434bc3f0ed7946a955.enable-bg-rollover .gallery-rollover {\n  background: -webkit-linear-gradient();\n  background: linear-gradient();\n}\n.gallery-shortcode.gallery-masonry-shortcode-id-34bca6724c2298434bc3f0ed7946a955.enable-bg-rollover.hover-scale figure .rollover:after {\n  background: -webkit-linear-gradient();\n  background: linear-gradient();\n}\n.gallery-shortcode.gallery-masonry-shortcode-id-34bca6724c2298434bc3f0ed7946a955 .gallery-zoom-ico {\n  width: 44px;\n  height: 44px;\n  line-height: 44px;\n  border-radius: 100px;\n  margin: -22px 0 0 -22px;\n  border-width: 0px;\n  color: #ffffff;\n}\n.dt-icon-bg-on.gallery-shortcode.gallery-masonry-shortcode-id-34bca6724c2298434bc3f0ed7946a955 .gallery-zoom-ico {\n  background: rgba(255,255,255,0.3);\n  box-shadow: none;\n}\n.gallery-shortcode.gallery-masonry-shortcode-id-34bca6724c2298434bc3f0ed7946a955 .gallery-zoom-ico:before,\n.gallery-shortcode.gallery-masonry-shortcode-id-34bca6724c2298434bc3f0ed7946a955 .gallery-zoom-ico span {\n  font-size: 32px;\n  line-height: 44px;\n  color: #ffffff;\n}\n.gallery-shortcode.gallery-masonry-shortcode-id-34bca6724c2298434bc3f0ed7946a955:not(.resize-by-browser-width) .dt-css-grid {\n  grid-row-gap: 10px;\n  grid-column-gap: 10px;\n  grid-template-columns: repeat(auto-fill,minmax(,1fr));\n}\n.gallery-shortcode.gallery-masonry-shortcode-id-34bca6724c2298434bc3f0ed7946a955:not(.resize-by-browser-width) .dt-css-grid .double-width {\n  grid-column: span 2;\n}\n.cssgridlegacy.no-cssgrid .gallery-shortcode.gallery-masonry-shortcode-id-34bca6724c2298434bc3f0ed7946a955:not(.resize-by-browser-width) .dt-css-grid,\n.no-cssgridlegacy.no-cssgrid .gallery-shortcode.gallery-masonry-shortcode-id-34bca6724c2298434bc3f0ed7946a955:not(.resize-by-browser-width) .dt-css-grid {\n  display: flex;\n  flex-flow: row wrap;\n  margin: -5px;\n}\n.cssgridlegacy.no-cssgrid .gallery-shortcode.gallery-masonry-shortcode-id-34bca6724c2298434bc3f0ed7946a955:not(.resize-by-browser-width) .dt-css-grid .wf-cell,\n.no-cssgridlegacy.no-cssgrid .gallery-shortcode.gallery-masonry-shortcode-id-34bca6724c2298434bc3f0ed7946a955:not(.resize-by-browser-width) .dt-css-grid .wf-cell {\n  flex: 1 0 ;\n  max-width: 100%;\n  padding: 5px;\n  box-sizing: border-box;\n}\n.gallery-shortcode.gallery-masonry-shortcode-id-34bca6724c2298434bc3f0ed7946a955.resize-by-browser-width .dt-css-grid {\n  grid-template-columns: repeat(2,1fr);\n  grid-template-rows: auto;\n  grid-column-gap: 10px;\n  grid-row-gap: 10px;\n}\n.gallery-shortcode.gallery-masonry-shortcode-id-34bca6724c2298434bc3f0ed7946a955.resize-by-browser-width .dt-css-grid .double-width {\n  grid-column: span 2;\n}\n.cssgridlegacy.no-cssgrid .gallery-shortcode.gallery-masonry-shortcode-id-34bca6724c2298434bc3f0ed7946a955.resize-by-browser-width .dt-css-grid {\n  margin: -5px;\n}\n.cssgridlegacy.no-cssgrid .gallery-shortcode.gallery-masonry-shortcode-id-34bca6724c2298434bc3f0ed7946a955.resize-by-browser-width .dt-css-grid .wf-cell {\n  width: 50%;\n  padding: 5px;\n}\n.cssgridlegacy.no-cssgrid .gallery-shortcode.gallery-masonry-shortcode-id-34bca6724c2298434bc3f0ed7946a955.resize-by-browser-width .dt-css-grid .wf-cell.double-width {\n  width: calc(50%) * 2;\n}\n.gallery-shortcode.gallery-masonry-shortcode-id-34bca6724c2298434bc3f0ed7946a955.resize-by-browser-width:not(.centered-layout-list):not(.content-bg-on) .dt-css-grid {\n  grid-row-gap: 10px - ;\n}\n@media screen and (max-width: 1199px) {\n  .gallery-shortcode.gallery-masonry-shortcode-id-34bca6724c2298434bc3f0ed7946a955.resize-by-browser-width .dt-css-grid {\n    grid-template-columns: repeat(2,1fr);\n  }\n  .cssgridlegacy.no-cssgrid .gallery-shortcode.gallery-masonry-shortcode-id-34bca6724c2298434bc3f0ed7946a955.resize-by-browser-width .dt-css-grid .wf-cell,\n  .no-cssgridlegacy.no-cssgrid .gallery-shortcode.gallery-masonry-shortcode-id-34bca6724c2298434bc3f0ed7946a955.resize-by-browser-width .dt-css-grid .wf-cell {\n    width: 50%;\n  }\n  .cssgridlegacy.no-cssgrid .gallery-shortcode.gallery-masonry-shortcode-id-34bca6724c2298434bc3f0ed7946a955.resize-by-browser-width .dt-css-grid .wf-cell.double-width,\n  .no-cssgridlegacy.no-cssgrid .gallery-shortcode.gallery-masonry-shortcode-id-34bca6724c2298434bc3f0ed7946a955.resize-by-browser-width .dt-css-grid .wf-cell.double-width {\n    width: calc(50%)*2;\n  }\n}\n@media screen and (max-width: 991px) {\n  .gallery-shortcode.gallery-masonry-shortcode-id-34bca6724c2298434bc3f0ed7946a955.resize-by-browser-width .dt-css-grid {\n    grid-template-columns: repeat(2,1fr);\n  }\n  .cssgridlegacy.no-cssgrid .gallery-shortcode.gallery-masonry-shortcode-id-34bca6724c2298434bc3f0ed7946a955.resize-by-browser-width .dt-css-grid .wf-cell,\n  .no-cssgridlegacy.no-cssgrid .gallery-shortcode.gallery-masonry-shortcode-id-34bca6724c2298434bc3f0ed7946a955.resize-by-browser-width .dt-css-grid .wf-cell {\n    width: 50%;\n  }\n  .cssgridlegacy.no-cssgrid .gallery-shortcode.gallery-masonry-shortcode-id-34bca6724c2298434bc3f0ed7946a955.resize-by-browser-width .dt-css-grid .wf-cell.double-width,\n  .no-cssgridlegacy.no-cssgrid .gallery-shortcode.gallery-masonry-shortcode-id-34bca6724c2298434bc3f0ed7946a955.resize-by-browser-width .dt-css-grid .wf-cell.double-width {\n    width: calc(50%)*2;\n  }\n}\n@media screen and (max-width: 767px) {\n  .gallery-shortcode.gallery-masonry-shortcode-id-34bca6724c2298434bc3f0ed7946a955.resize-by-browser-width .dt-css-grid {\n    grid-template-columns: repeat(2,1fr);\n  }\n  .cssgridlegacy.no-cssgrid .gallery-shortcode.gallery-masonry-shortcode-id-34bca6724c2298434bc3f0ed7946a955.resize-by-browser-width .dt-css-grid .wf-cell,\n  .no-cssgridlegacy.no-cssgrid .gallery-shortcode.gallery-masonry-shortcode-id-34bca6724c2298434bc3f0ed7946a955.resize-by-browser-width .dt-css-grid .wf-cell {\n    width: 50%;\n  }\n  .cssgridlegacy.no-cssgrid .gallery-shortcode.gallery-masonry-shortcode-id-34bca6724c2298434bc3f0ed7946a955.resize-by-browser-width .dt-css-grid .wf-cell.double-width,\n  .no-cssgridlegacy.no-cssgrid .gallery-shortcode.gallery-masonry-shortcode-id-34bca6724c2298434bc3f0ed7946a955.resize-by-browser-width .dt-css-grid .wf-cell.double-width {\n    width: calc(50%)*2;\n  }\n}<\/style><div class=\"gallery-shortcode dt-gallery-container gallery-masonry-shortcode-id-34bca6724c2298434bc3f0ed7946a955 mode-masonry jquery-filter dt-icon-bg-off quick-scale-img enable-bg-rollover resize-by-browser-width  hover-fade loading-effect-scale-up description-on-hover\" data-padding=\"5px\" data-cur-page=\"1\" data-post-limit=\"-1\" data-pagination-mode=\"none\" data-desktop-columns-num=\"2\" data-v-tablet-columns-num=\"2\" data-h-tablet-columns-num=\"2\" data-phone-columns-num=\"2\" data-width=\"0px\" data-columns=\"0\"><div class=\"iso-container\" ><div class=\"wf-cell iso-item\" data-post-id=\"1336\" data-date=\"2021-05-28T16:24:13+02:00\" data-name=\"Confederaci\u00f3n Don Bosco\"><figure class=\"post visible\"><a href=\"https:\/\/confedonbosco.org\/wp-content\/uploads\/2021\/05\/Educacion-valores_Confederacion-Don-Bosco_01.jpg\" class=\"rollover dt-pswp-item layzr-bg\" data-large_image_width=\"750\" data-large_image_height=\"500\" data-dt-img-description=\"\" title=\"Confederaci\u00f3n Don Bosco\"><img fetchpriority=\"high\" decoding=\"async\" class=\"preload-me iso-lazy-load aspect\" src=\"data:image\/svg+xml,%3Csvg%20xmlns%3D&#39;http%3A%2F%2Fwww.w3.org%2F2000%2Fsvg&#39;%20viewBox%3D&#39;0%200%20490%20327&#39;%2F%3E\" data-src=\"https:\/\/confedonbosco.org\/wp-content\/uploads\/2021\/05\/Educacion-valores_Confederacion-Don-Bosco_01-490x327.jpg\" data-srcset=\"https:\/\/confedonbosco.org\/wp-content\/uploads\/2021\/05\/Educacion-valores_Confederacion-Don-Bosco_01-490x327.jpg 490w, https:\/\/confedonbosco.org\/wp-content\/uploads\/2021\/05\/Educacion-valores_Confederacion-Don-Bosco_01-735x491.jpg 735w\" loading=\"eager\" style=\"--ratio: 490 \/ 327\" sizes=\"(max-width: 490px) 100vw, 490px\" alt=\"\" width=\"490\" height=\"327\"  \/><span class=\"gallery-rollover\"><\/span><\/a><\/figure><\/div><div class=\"wf-cell iso-item\" data-post-id=\"1346\" data-date=\"2021-05-28T16:24:15+02:00\" data-name=\"Confederaci\u00f3n Don Bosco\"><figure class=\"post visible\"><a href=\"https:\/\/confedonbosco.org\/wp-content\/uploads\/2021\/05\/Educacion-valores_Confederacion-Don-Bosco_03.jpg\" class=\"rollover dt-pswp-item layzr-bg\" data-large_image_width=\"714\" data-large_image_height=\"400\" data-dt-img-description=\"\" title=\"Confederaci\u00f3n Don Bosco\"><img decoding=\"async\" class=\"preload-me iso-lazy-load aspect\" src=\"data:image\/svg+xml,%3Csvg%20xmlns%3D&#39;http%3A%2F%2Fwww.w3.org%2F2000%2Fsvg&#39;%20viewBox%3D&#39;0%200%20490%20275&#39;%2F%3E\" data-src=\"https:\/\/confedonbosco.org\/wp-content\/uploads\/2021\/05\/Educacion-valores_Confederacion-Don-Bosco_03-490x275.jpg\" data-srcset=\"https:\/\/confedonbosco.org\/wp-content\/uploads\/2021\/05\/Educacion-valores_Confederacion-Don-Bosco_03-490x275.jpg 490w, https:\/\/confedonbosco.org\/wp-content\/uploads\/2021\/05\/Educacion-valores_Confederacion-Don-Bosco_03-711x400.jpg 711w\" loading=\"eager\" style=\"--ratio: 490 \/ 275\" sizes=\"(max-width: 490px) 100vw, 490px\" alt=\"\" width=\"490\" height=\"275\"  \/><span class=\"gallery-rollover\"><\/span><\/a><\/figure><\/div><div class=\"wf-cell iso-item\" data-post-id=\"1341\" data-date=\"2021-05-28T16:24:14+02:00\" data-name=\"Confederaci\u00f3n Don Bosco\"><figure class=\"post visible\"><a href=\"https:\/\/confedonbosco.org\/wp-content\/uploads\/2021\/05\/Educacion-valores_Confederacion-Don-Bosco_02.jpg\" class=\"rollover dt-pswp-item layzr-bg\" data-large_image_width=\"465\" data-large_image_height=\"400\" data-dt-img-description=\"\" title=\"Confederaci\u00f3n Don Bosco\"><img decoding=\"async\" class=\"preload-me iso-lazy-load aspect\" src=\"data:image\/svg+xml,%3Csvg%20xmlns%3D&#39;http%3A%2F%2Fwww.w3.org%2F2000%2Fsvg&#39;%20viewBox%3D&#39;0%200%20465%20400&#39;%2F%3E\" data-src=\"https:\/\/confedonbosco.org\/wp-content\/uploads\/2021\/05\/Educacion-valores_Confederacion-Don-Bosco_02.jpg\" data-srcset=\"https:\/\/confedonbosco.org\/wp-content\/uploads\/2021\/05\/Educacion-valores_Confederacion-Don-Bosco_02.jpg 465w\" loading=\"eager\" style=\"--ratio: 465 \/ 400\" sizes=\"(max-width: 465px) 100vw, 465px\" alt=\"\" width=\"465\" height=\"400\"  \/><span class=\"gallery-rollover\"><\/span><\/a><\/figure><\/div><div class=\"wf-cell iso-item\" data-post-id=\"1351\" data-date=\"2021-05-28T16:24:15+02:00\" data-name=\"Confederaci\u00f3n Don Bosco\"><figure class=\"post visible\"><a href=\"https:\/\/confedonbosco.org\/wp-content\/uploads\/2021\/05\/Educacion-valores_Confederacion-Don-Bosco_04.jpg\" class=\"rollover dt-pswp-item layzr-bg\" data-large_image_width=\"577\" data-large_image_height=\"400\" data-dt-img-description=\"\" title=\"Confederaci\u00f3n Don Bosco\"><img decoding=\"async\" class=\"preload-me iso-lazy-load aspect\" src=\"data:image\/svg+xml,%3Csvg%20xmlns%3D&#39;http%3A%2F%2Fwww.w3.org%2F2000%2Fsvg&#39;%20viewBox%3D&#39;0%200%20490%20340&#39;%2F%3E\" data-src=\"https:\/\/confedonbosco.org\/wp-content\/uploads\/2021\/05\/Educacion-valores_Confederacion-Don-Bosco_04-490x340.jpg\" data-srcset=\"https:\/\/confedonbosco.org\/wp-content\/uploads\/2021\/05\/Educacion-valores_Confederacion-Don-Bosco_04-490x340.jpg 490w, https:\/\/confedonbosco.org\/wp-content\/uploads\/2021\/05\/Educacion-valores_Confederacion-Don-Bosco_04.jpg 576w\" loading=\"eager\" style=\"--ratio: 490 \/ 340\" sizes=\"(max-width: 490px) 100vw, 490px\" alt=\"\" width=\"490\" height=\"340\"  \/><span class=\"gallery-rollover\"><\/span><\/a><\/figure><\/div><div class=\"wf-cell iso-item\" data-post-id=\"1356\" data-date=\"2021-05-28T16:24:16+02:00\" data-name=\"Confederaci\u00f3n Don Bosco\"><figure class=\"post visible\"><a href=\"https:\/\/confedonbosco.org\/wp-content\/uploads\/2021\/05\/Educacion-valores_Confederacion-Don-Bosco_05.jpg\" class=\"rollover dt-pswp-item layzr-bg\" data-large_image_width=\"604\" data-large_image_height=\"400\" data-dt-img-description=\"\" title=\"Confederaci\u00f3n Don Bosco\"><img decoding=\"async\" class=\"preload-me iso-lazy-load aspect\" src=\"data:image\/svg+xml,%3Csvg%20xmlns%3D&#39;http%3A%2F%2Fwww.w3.org%2F2000%2Fsvg&#39;%20viewBox%3D&#39;0%200%20490%20325&#39;%2F%3E\" data-src=\"https:\/\/confedonbosco.org\/wp-content\/uploads\/2021\/05\/Educacion-valores_Confederacion-Don-Bosco_05-490x325.jpg\" data-srcset=\"https:\/\/confedonbosco.org\/wp-content\/uploads\/2021\/05\/Educacion-valores_Confederacion-Don-Bosco_05-490x325.jpg 490w, https:\/\/confedonbosco.org\/wp-content\/uploads\/2021\/05\/Educacion-valores_Confederacion-Don-Bosco_05-602x400.jpg 602w\" loading=\"eager\" style=\"--ratio: 490 \/ 325\" sizes=\"(max-width: 490px) 100vw, 490px\" alt=\"\" width=\"490\" height=\"325\"  \/><span class=\"gallery-rollover\"><\/span><\/a><\/figure><\/div><div class=\"wf-cell iso-item\" data-post-id=\"1361\" data-date=\"2021-05-28T16:24:17+02:00\" data-name=\"Confederaci\u00f3n Don Bosco\"><figure class=\"post visible\"><a href=\"https:\/\/confedonbosco.org\/wp-content\/uploads\/2021\/05\/Educacion-valores_Confederacion-Don-Bosco_06.jpg\" class=\"rollover dt-pswp-item layzr-bg\" data-large_image_width=\"583\" data-large_image_height=\"400\" data-dt-img-description=\"\" title=\"Confederaci\u00f3n Don Bosco\"><img decoding=\"async\" class=\"preload-me iso-lazy-load aspect\" src=\"data:image\/svg+xml,%3Csvg%20xmlns%3D&#39;http%3A%2F%2Fwww.w3.org%2F2000%2Fsvg&#39;%20viewBox%3D&#39;0%200%20490%20336&#39;%2F%3E\" data-src=\"https:\/\/confedonbosco.org\/wp-content\/uploads\/2021\/05\/Educacion-valores_Confederacion-Don-Bosco_06-490x336.jpg\" data-srcset=\"https:\/\/confedonbosco.org\/wp-content\/uploads\/2021\/05\/Educacion-valores_Confederacion-Don-Bosco_06-490x336.jpg 490w, https:\/\/confedonbosco.org\/wp-content\/uploads\/2021\/05\/Educacion-valores_Confederacion-Don-Bosco_06.jpg 583w\" loading=\"eager\" style=\"--ratio: 490 \/ 336\" sizes=\"(max-width: 490px) 100vw, 490px\" alt=\"\" width=\"490\" height=\"336\"  \/><span class=\"gallery-rollover\"><\/span><\/a><\/figure><\/div><\/div><!-- iso-container|iso-grid --><\/div>[\/vc_column][\/vc_row][vc_row css=&#8221;.vc_custom_1622556337452{margin-top: 2em !important;}&#8221;][vc_column]<div class=\"dt-fancy-separator h4-size title-color accent-border-color\" style=\"width: 100%;\"><div class=\"dt-fancy-title\"><span class=\"separator-holder separator-left\"><\/span>As li\u00f1as transversais da Confederaci\u00f3n Don Bosco<span class=\"separator-holder separator-right\"><\/span><\/div><\/div>[vc_empty_space][vc_wp_custommenu nav_menu=&#8221;42&#8243;][\/vc_column][\/vc_row]<\/p>\n<\/div>","protected":false},"excerpt":{"rendered":"<p>[vc_row equal_height=&#8221;yes&#8221;][vc_column width=&#8221;1\/2&#8243;][vc_column_text css=&#8221;.vc_custom_1622189359148{margin-bottom: 10px !important;}&#8221;] Este programa busca a socializaci\u00f3n e o desenvolvemento integralda mocidade a trav\u00e9s da participaci\u00f3n en diferentes actividades. [\/vc_column_text][vc_column_text]Hai moitas posibilidades de integraci\u00f3n que ofrecemos \u00e1 mocidade dos centros xuven\u00eds. Este programa mellora o seu papel protagonista, xa que fomenta a participaci\u00f3n directa no desenvolvemento e xesti\u00f3n de actividades, establecendo&hellip;<\/p>\n","protected":false},"author":27,"featured_media":0,"parent":1794,"menu_order":0,"comment_status":"closed","ping_status":"closed","template":"","meta":{"_monsterinsights_skip_tracking":false,"_monsterinsights_sitenote_active":false,"_monsterinsights_sitenote_note":"","_monsterinsights_sitenote_category":0,"footnotes":""},"class_list":["post-2240","page","type-page","status-publish","hentry","description-off"],"_links":{"self":[{"href":"https:\/\/confedonbosco.org\/gl\/wp-json\/wp\/v2\/pages\/2240","targetHints":{"allow":["GET"]}}],"collection":[{"href":"https:\/\/confedonbosco.org\/gl\/wp-json\/wp\/v2\/pages"}],"about":[{"href":"https:\/\/confedonbosco.org\/gl\/wp-json\/wp\/v2\/types\/page"}],"author":[{"embeddable":true,"href":"https:\/\/confedonbosco.org\/gl\/wp-json\/wp\/v2\/users\/27"}],"replies":[{"embeddable":true,"href":"https:\/\/confedonbosco.org\/gl\/wp-json\/wp\/v2\/comments?post=2240"}],"version-history":[{"count":3,"href":"https:\/\/confedonbosco.org\/gl\/wp-json\/wp\/v2\/pages\/2240\/revisions"}],"predecessor-version":[{"id":2244,"href":"https:\/\/confedonbosco.org\/gl\/wp-json\/wp\/v2\/pages\/2240\/revisions\/2244"}],"up":[{"embeddable":true,"href":"https:\/\/confedonbosco.org\/gl\/wp-json\/wp\/v2\/pages\/1794"}],"wp:attachment":[{"href":"https:\/\/confedonbosco.org\/gl\/wp-json\/wp\/v2\/media?parent=2240"}],"curies":[{"name":"wp","href":"https:\/\/api.w.org\/{rel}","templated":true}]}}