{"id":2175,"date":"2021-08-30T15:45:18","date_gmt":"2021-08-30T15:45:18","guid":{"rendered":"https:\/\/www.confedonbosco.org\/politica-de-privacidade\/"},"modified":"2021-08-31T10:18:58","modified_gmt":"2021-08-31T10:18:58","slug":"politica-de-privacidade","status":"publish","type":"page","link":"https:\/\/confedonbosco.org\/gl\/politica-de-privacidade\/","title":{"rendered":"Pol\u00edtica de Privacidade"},"content":{"rendered":"\n<h3 class=\"wp-block-heading\">Introducci\u00f3n<\/h3>\n\n<p>A pol\u00edtica de privacidade forma parte do aviso legal que rexe o sitio web: <a rel=\"noreferrer noopener\" href=\"http:\/\/www.confedonbosco.org\" target=\"_blank\">www.confedonbosco.org<\/a>.<br\/>O sitio web www.confedonbosco.org \u00e9 propiedade da Confederaci\u00f3n do Centro Xuvenil Don Bosco de Espa\u00f1a e cumpre cos requisitos derivados da <strong>Lei 34\/2002, do 11 de xullo, de servizos da sociedade da informaci\u00f3n e comercio electr\u00f3nico.<\/strong>, e a normativa vixente en materia de protecci\u00f3n de datos persoais e, en particular, o Regulamento (UE) 2016\/679 do Parlamento Europeo e do Consello, do 27 de abril de 2016, relativo \u00e1 protecci\u00f3n das persoas f\u00edsicas no que respecta ao tratamento de datos persoais datos e a libre circulaci\u00f3n destes datos. Confederaci\u00f3n do Centro Xuvenil Don Bosco de Espa\u00f1a res\u00e9rvase o dereito de modificar ou adaptar esta Pol\u00edtica de privacidade en calquera momento. Por iso, recomendamos que o revise cada vez que acceda ao sitio web.<br\/>No caso de que o usuario se rexistrase na p\u00e1xina web e acceda \u00e1 s\u00faa conta ou perfil, ao acceder a ela, informar\u00e1selle no caso de que houbese modificaci\u00f3ns substanciais en relaci\u00f3n co tratamento dos seus datos persoais.<\/p>\n\n<h3 class=\"wp-block-heading\">Responsable do tratamento<\/h3>\n\n<p>Os datos que se recollan ou se nos proporcionan voluntariamente a trav\u00e9s do sitio web, xa sexa navegando por el, as\u00ed como todos aqueles que nos pode proporcionar nos formularios de contacto, por correo electr\u00f3nico ou por tel\u00e9fono, ser\u00e1n recollidos e procesados \u200b\u200bpolo responsable do Ficheiro, cuxos datos se indican a continuaci\u00f3n:<\/p>\n\n<ul class=\"wp-block-list\"><li><strong>Identidade:<\/strong> Confederaci\u00f3n de Centros Xuven\u00eds Don Bosco de Espa\u00f1a<\/li><li><strong>CIF: <\/strong>G46949376<\/li><li><strong>Enderezo postal:<\/strong> C \/ Alcal\u00e1, 164, 3o &#8211; 28028 &#8211; Madrid (MADRID)<\/li><li><strong>Tel\u00e9fono:<\/strong> 963656988<\/li><li><strong>Correo electr\u00f3nico:<\/strong> &#x61;&#x64;&#109;i&#x6e;&#x69;&#x73;&#116;r&#x61;&#x63;&#x69;&#111;n&#x40;&#x63;&#x6f;&#110;f&#x65;&#x64;&#x6f;&#110;b&#x6f;&#x73;&#x63;&#111;&#46;&#x6f;&#x72;&#x67;<\/li><li><strong>URL: <\/strong>www.confedonbosco.org<\/li><\/ul>\n<p><strong>Rexistro Nacional de Asociaci\u00f3ns Ministerio do Interior, n\u00famero de rexistro F1325 desde o 18\/11\/1991<\/strong><\/p>\n\n<p>Se, por calquera motivo, quere po\u00f1erse en contacto connosco en calquera asunto relacionado co tratamento dos seus datos persoais ou a privacidade, pode facelo a trav\u00e9s de calquera dos medios indicados anteriormente.<\/p>\n\n<h3 class=\"wp-block-heading\">Cales son os seus dereitos en relaci\u00f3n co tratamento dos seus datos?<\/h3>\n\n<ol class=\"wp-block-list\"><li>Calquera persoa ten dereito a obter informaci\u00f3n sobre a existencia do tratamento dos seus datos persoais, acceder \u00e1 informaci\u00f3n e datos persoais que ten a Confederaci\u00f3n de Centros Xuven\u00eds Don Bosco de Espa\u00f1a, solicitar a rectificaci\u00f3n de datos inexactos ou, no seu caso, solicitar a supresi\u00f3n , cando, entre outras raz\u00f3ns, os datos xa non sexan necesarios para os fins para os que foron recollidos ou o interesado retira o consentimento prestado.<\/li><li>En determinados casos, o interesado pode solicitar a limitaci\u00f3n do tratamento dos seus datos, nese caso s\u00f3 os conservaremos de acordo coa normativa vixente.<\/li><li>Nalg\u00fans casos, pode exercer o seu dereito \u00e1 portabilidade dos datos, que se entregar\u00e1 nun formato adecuado, de uso habitual ou lido mec\u00e1nicamente a vostede ou ao novo controlador de datos que designe.<\/li><li>Ten dereito a revogar o consentimento en calquera momento para calquera dos tratamentos para os que o concedeu.<\/li><li>A Confederaci\u00f3n de Centros Xuven\u00eds Don Bosco de Espa\u00f1a disp\u00f3n de formularios para o exercicio de calquera dos dereitos mencionados, para o que debe po\u00f1erse en contacto connosco no seguinte enderezo de correo electr\u00f3nico administ&#114;&#97;&#99;&#105;&#111;&#110;&#64;&#99;&#111;&#110;&#x66;&#x65;&#x64;&#x6f;&#x6e;&#x62;&#x6f;&#x73;&#x63;&#x6f;&#x2e;&#x6f;&#x72;&#x67;, solicitando o modelo que precisa. Do mesmo xeito, pode utilizar os que a Axencia Espa\u00f1ola de Protecci\u00f3n de Datos ou terceiros po\u00f1an a disposici\u00f3n dos interesados.<\/li><li>Estes formularios deber\u00e1n estar asinados electr\u00f3nicamente ou acompa\u00f1ados dunha fotocopia do DNI. Se act\u00faa a trav\u00e9s dun representante, tam\u00e9n debe ir acompa\u00f1ado dunha copia do seu DNI ou sinatura electr\u00f3nica.<\/li><li>Os formularios deber\u00e1n presentarse persoalmente no enderezo da Confederaci\u00f3n do Centro Xuvenil Don Bosco de Espa\u00f1a indicado anteriormente ou, no seu caso, enviar por correo electr\u00f3nico.<\/li><li>Ten dereito a presentar unha reclamaci\u00f3n ante a Axencia Espa\u00f1ola de Protecci\u00f3n de Datos, no caso de que considere que a solicitude dos seus dereitos non se atendeu adecuadamente.<\/li><li>O prazo m\u00e1ximo para resolver pola Confederaci\u00f3n de Centros Xuven\u00eds Don Bosco de Espa\u00f1a \u00e9 dun mes, contado a partir da recepci\u00f3n efectiva da s\u00faa solicitude por n\u00f3s.<\/li><\/ol>\n<h3 class=\"wp-block-heading\">Que datos recollemos a trav\u00e9s do sitio web?<\/h3>\n\n<h5 class=\"wp-block-heading\">Datos almacenados navegando e utilizando o sitio web<\/h5>\n\n<p>A Confederaci\u00f3n Don Bosco non recolle datos da s\u00faa navegaci\u00f3n, a\u00ednda que o sitio web pode fornecer a utilidade de Google Maps, que poder\u00eda ter acceso \u00e1 s\u00faa situaci\u00f3n, se o permite, co fin de facilitar unha maior especificidade en canto \u00e1 distancia e \/ ou cami\u00f1os a os nosos locais. A este respecto, fac\u00e9monos referencia \u00e1 pol\u00edtica de privacidade utilizada por Google Maps para co\u00f1ecer o uso e tratamento destes datos <a href=\"http:\/\/www.google.com\/intl\/en\/policies\/privacy\/\" target=\"_blank\" rel=\"noreferrer noopener\">http:\/\/www.google.com\/intl\/en\/policies\/privacy\/<\/a><\/p>\n\n<h5 class=\"wp-block-heading\">Datos facilitados no formulario de contacto<\/h5>\n\n<p>Podes contactar connosco directamente a trav\u00e9s do correo electr\u00f3nico, &#8220;Contacte connosco&#8221;, etc. fornecido na p\u00e1xina web. Para iso, \u00e9 necesario que o Usuario se identifique e indique os seus datos persoais, para que a Confederaci\u00f3n de Centros Xuven\u00eds Don Bosco de Espa\u00f1a poida contactar co usuario, no caso de que sexa necesario atender a s\u00faa solicitude de informaci\u00f3n. Os datos necesarios e obrigatorios que debe proporcionar o usuario para realizar tal rexistro est\u00e1n marcados co s\u00edmbolo *. No caso de non proporcionar estes campos, non se permitir\u00e1 o env\u00edo da s\u00faa solicitude.<br\/>Estes datos persoais incorporaranse \u00e1s bases de datos da Confederaci\u00f3n do Centro Xuvenil Don Bosco de Espa\u00f1a, que os manter\u00e1 para atender a s\u00faa solicitude e \/ ou solicitude de informaci\u00f3n e, despois diso, ser\u00e1n eliminados nun prazo de tres meses. A base legal para o tratamento destes datos \u00e9 o consentimento do usuario que solicita informaci\u00f3n ou ten a necesidade de manter contacto coa Confederaci\u00f3n do Centro Xuvenil Don Bosco de Espa\u00f1a.<\/p>\n\n<p>Os fins do tratamento ser\u00e1n os seguintes:<\/p>\n\n<p><strong>a)<\/strong> Xestionar consultas ou solicitudes de informaci\u00f3n que nos env\u00ede a trav\u00e9s do sitio web, correo electr\u00f3nico ou tel\u00e9fono.<br\/><strong>b)<\/strong> Env\u00edo de comunicaci\u00f3ns, promoci\u00f3ns especiais, noticias ou acci\u00f3ns que sexan do seu interese ou que nos solicite, incluso por medios electr\u00f3nicos. Como \u00e9 un prop\u00f3sito accesorio ao principal, debes marcar a caixa habilitada para este fin.<\/p>\n\n<p>Os datos persoais que nos proporcione por este medio non se comunicar\u00e1n a terceiros e a Confederaci\u00f3n do Centro Xuvenil Don Bosco de Espa\u00f1a responder\u00e1 directamente a este tipo de consultas.<\/p>\n\n<h3 class=\"wp-block-heading\">Traballa connosco<\/h3>\n\n<p>No caso de que nos proporcione o seu curr\u00edculum vitae, xa sexa a trav\u00e9s do sitio web, correo electr\u00f3nico ou fisicamente na casa ou calquera sede da Confederaci\u00f3n do Centro Xuvenil Don Bosco de Espa\u00f1a, incorporaraos \u00e1 s\u00faa base de datos. O curr\u00edculo gardarase durante un per\u00edodo m\u00e1ximo de 1 ano, despois do cal, se non contactamos contigo, eliminarase.<br\/>A base legal para o tratamento basearase no consentimento expreso outorgado polo interesado para o tratamento dos datos contidos no curr\u00edculo ao envialo e marcar a caixa habilitada para tal fin.<br\/>A finalidade do tratamento \u00e9 incorporarte aos procesos de selecci\u00f3n presentes e futuros da Confederaci\u00f3n do Centro Xuvenil Don Bosco de Espa\u00f1a.<br\/>No caso de que o interesado se incorpore finalmente \u00e1 Confederaci\u00f3n de Centros Xuven\u00eds de Don Bosco como empregado, os seus datos incorporaranse a unha base de datos da s\u00faa propiedade, co fin de xestionar internamente a relaci\u00f3n laboral empregado-empresario.<\/p>\n\n<h3 class=\"wp-block-heading\">Env\u00edo de bolet\u00edns<\/h3>\n\n<p>A Confederaci\u00f3n Don Bosco env\u00eda Bolet\u00edns \/ Bolet\u00edns a aquelas persoas que o solicitaron ou que autorizaron o seu env\u00edo no momento do rexistro en calquera outra actividade da Confederaci\u00f3n. Para iso, \u00e9 necesario que a xente nos proporcione o seu nome, apelidos e correo electr\u00f3nico.<br\/>Esta informaci\u00f3n gardarase nunha base de datos da Confederaci\u00f3n do Centro Xuvenil Don Bosco de Espa\u00f1a na que se rexistrar\u00e1 ata que o interesado solicite a s\u00faa retirada ou, no seu caso, sexa rematada pola Confederaci\u00f3n do Centro Xuvenil Don Bosco. env\u00edo do mesmo. O resto dos datos<br\/>facilitado na participaci\u00f3n dun evento manterase nos termos indicados no momento correspondente.<br\/>A base legal para o tratamento destes datos persoais \u00e9 o consentimento expreso de todos os interesados \u200b\u200bque se subscriben a este servizo marcando a caixa para este fin.<br\/>Os datos (nome, apelidos e correo electr\u00f3nico) s\u00f3 ser\u00e1n procesados \u200b\u200be almacenados co fin de xestionar o env\u00edo do bolet\u00edn informativo por parte dos usuarios que o soliciten.<br\/>Para enviar o bolet\u00edn, solicitarase o consentimento expreso do usuario ao rexistrarse nel marcando a caixa para este efecto. A este respecto, o usuario poder\u00e1 revogar o consentimento prestado contactando coa Confederaci\u00f3n do Centro Xuvenil Don Bosco de Espa\u00f1a mediante os medios indicados anteriormente. En calquera caso, en cada comunicaci\u00f3n ter\u00e1 a posibilidade de darse de baixa ao recibila, ben a trav\u00e9s dunha ligaz\u00f3n e \/ ou enderezo de correo electr\u00f3nico.<br\/>O bolet\u00edn env\u00edase mediante a plataforma Mailchimp, con sede en Estados Unidos, para a que existe unha transferencia internacional de datos amparados polo acordo Uni\u00f3n Europea &#8211; Estados Unidos chamado Privacy Shield <a href=\"https:\/\/www.privacyshield.gov\/list\" target=\"_blank\" rel=\"noreferrer noopener\">https:\/\/www.privacyshield.gov\/list<\/a><\/p>\n","protected":false},"excerpt":{"rendered":"<p>Introducci\u00f3n A pol\u00edtica de privacidade forma parte do aviso legal que rexe o sitio web: www.confedonbosco.org.O sitio web www.confedonbosco.org \u00e9 propiedade da Confederaci\u00f3n do Centro Xuvenil Don Bosco de Espa\u00f1a e cumpre cos requisitos derivados da Lei 34\/2002, do 11 de xullo, de servizos da sociedade da informaci\u00f3n e comercio electr\u00f3nico., e a normativa vixente&hellip;<\/p>\n","protected":false},"author":27,"featured_media":0,"parent":0,"menu_order":0,"comment_status":"closed","ping_status":"closed","template":"","meta":{"_monsterinsights_skip_tracking":false,"_monsterinsights_sitenote_active":false,"_monsterinsights_sitenote_note":"","_monsterinsights_sitenote_category":0,"footnotes":""},"class_list":["post-2175","page","type-page","status-publish","hentry","description-off"],"_links":{"self":[{"href":"https:\/\/confedonbosco.org\/gl\/wp-json\/wp\/v2\/pages\/2175","targetHints":{"allow":["GET"]}}],"collection":[{"href":"https:\/\/confedonbosco.org\/gl\/wp-json\/wp\/v2\/pages"}],"about":[{"href":"https:\/\/confedonbosco.org\/gl\/wp-json\/wp\/v2\/types\/page"}],"author":[{"embeddable":true,"href":"https:\/\/confedonbosco.org\/gl\/wp-json\/wp\/v2\/users\/27"}],"replies":[{"embeddable":true,"href":"https:\/\/confedonbosco.org\/gl\/wp-json\/wp\/v2\/comments?post=2175"}],"version-history":[{"count":7,"href":"https:\/\/confedonbosco.org\/gl\/wp-json\/wp\/v2\/pages\/2175\/revisions"}],"predecessor-version":[{"id":2873,"href":"https:\/\/confedonbosco.org\/gl\/wp-json\/wp\/v2\/pages\/2175\/revisions\/2873"}],"wp:attachment":[{"href":"https:\/\/confedonbosco.org\/gl\/wp-json\/wp\/v2\/media?parent=2175"}],"curies":[{"name":"wp","href":"https:\/\/api.w.org\/{rel}","templated":true}]}}