{"id":1740,"date":"2021-06-04T10:20:20","date_gmt":"2021-06-04T10:20:20","guid":{"rendered":"https:\/\/www.confedonbosco.org\/sobre-nos\/"},"modified":"2021-08-31T08:23:29","modified_gmt":"2021-08-31T08:23:29","slug":"sobre-nos","status":"publish","type":"page","link":"https:\/\/confedonbosco.org\/gl\/sobre-nos\/","title":{"rendered":"Sobre n\u00f3s"},"content":{"rendered":"<div class=\"wpb-content-wrapper\"><p>[vc_row equal_height=&#8221;yes&#8221; css=&#8221;.vc_custom_1622123143012{margin-bottom: 35px !important;}&#8221;][vc_column width=&#8221;1\/2&#8243;]<div id=\"ultimate-heading-271169e5b5b5abea4\" class=\"uvc-heading ult-adjust-bottom-margin ultimate-heading-271169e5b5b5abea4 uvc-5303  uvc-heading-default-font-sizes\" data-hspacer=\"no_spacer\"  data-halign=\"left\" style=\"text-align:left\"><div class=\"uvc-heading-spacer no_spacer\" style=\"top\"><\/div><div class=\"uvc-main-heading ult-responsive\"  data-ultimate-target='.uvc-heading.ultimate-heading-271169e5b5b5abea4 h2'  data-responsive-json-new='{\"font-size\":\"\",\"line-height\":\"\"}' ><h2 style=\"--font-weight:theme;\">Somos de don Bosco<\/h2><\/div><\/div><div id=\"uvc-type-wrap-8768\"  data-ultimate-target='#uvc-type-wrap-8768'  data-responsive-json-new='{\"font-size\":\"\",\"line-height\":\"\"}'  class=\"uvc-type-wrap  ult-adjust-bottom-margin ult-responsive  uvc-type-align-left uvc-type-no-prefix uvc-wrap-368526295069e5b5b5abef2\" style=\"text-align:left;\"><div id=\"vticker-368526295069e5b5b5abef2\"  data-ultimate-target=&#039;#uvc-type-wrap-8768&#039;  data-responsive-json-new=&#039;{&quot;font-size&quot;:&quot;&quot;,&quot;line-height&quot;:&quot;&quot;}&#039;  class=\"ultimate-vticker ticker fancytext-background-enabled \" style=\"color:#474647;background:#eeb238; font-weight:bold; text-transform: uppercase;\"><ul><li style=&quot;opacity:1&quot;>Xuntos somos m\u00e1is<\/li><li style=&quot;opacity:0&quot;>Sempre feliz<\/li><li style=&quot;opacity:0&quot;>Os mozos primeiro<\/li><\/ul><\/div><script type=\"text\/javascript\">\n\t\t\t\t\t\tjQuery(function($){\n\t\t\t\t\t\t\t$(document).ready(function(){\n\t\t\t\t\t\t\t\tif( typeof jQuery(\"#vticker-368526295069e5b5b5abef2\").easyTicker == \"function\"){\n\t\t\t\t\t\t\t\t\t$(\"#vticker-368526295069e5b5b5abef2\").find(\"li\").css(\"opacity\",\"1\");\n\t\t\t\t\t\t\t\t\t\n\t\t\t\t\t\t\t\t\t$(\"#vticker-368526295069e5b5b5abef2\").easyTicker({\n\t\t\t\t\t\t\t\t\t\tdirection: \"up\",\n\t\t\t\t\t\t\t\t\t\teasing: \"swing\",\n\t\t\t\t\t\t\t\t\t\tspeed: \"200\",\n\t\t\t\t\t\t\t\t\t\tinterval: \"2000\",\n\t\t\t\t\t\t\t\t\t\theight: \"auto\",\n\t\t\t\t\t\t\t\t\t\tvisible: \"1\",\n\t\t\t\t\t\t\t\t\t\tmousePause: \"0\",\n\t\t\t\t\t\t\t\t\t\tcontrols: {\n\t\t\t\t\t\t\t\t\t\t\tup: \"\",\n\t\t\t\t\t\t\t\t\t\t\tdown: \"\",\n\t\t\t\t\t\t\t\t\t\t\ttoggle: \"\",\n\t\t\t\t\t\t\t\t\t\t\tplayText: \"Play\",\n\t\t\t\t\t\t\t\t\t\t\tstopText: \"Stop\"\n\t\t\t\t\t\t\t\t\t\t}\n\t\t\t\t\t\t\t\t\t});\n\t\t\t\t\t\t\t\t}\n\t\t\t\t\t\t\t});\n\t\t\t\t\t\t});\n\t\t\t\t\t<\/script><\/div>[vc_column_text css_animation=&#8221;none&#8221;]<span style=\"font-size: 20px;\">A Confederaci\u00f3n Don Bosco \u00e9 unha asociaci\u00f3n que traballa xunto coas Federaci\u00f3ns e Centros Xuven\u00eds na defensa e promoci\u00f3n da infancia e da mocidade, especialmente aqueles en risco de exclusi\u00f3n, a trav\u00e9s do liderado xuvenil e do estilo educativo de Don Bosco.<\/span>[\/vc_column_text][\/vc_column][vc_column width=&#8221;1\/2&#8243;]<div id=\"ultimate-video-916969e5b5b5abfc0\" class=\"ult-video  ult-adjust-bottom-margin ultimate-video-916969e5b5b5abfc0 ultv-4823 \"><div class=\"ultv-video ultv-aspect-ratio-16_9 ultv-subscribe-responsive-none\" data-videotype=\"uv_iframe\">\n\t\t\t\t\t\t<div class=\"ultv-video__outer-wrap\" data-autoplay=\"0\" data-device=\"false\"  data-iconbg=\"#3A3A3A\" data-overcolor=\"\" data-defaultbg=\"#474647\" data-defaultplay=\"defaulticon\"><div class=\"ultv-video__play\" data-src=\"https:\/\/www.youtube.com\/embed\/mAO6MUT8jU0?rel=0&#038;start&#038;end&#038;controls=1&#038;mute=0&#038;modestbranding=0&#038;autoplay=1\">\n\t\t\t\t\t\t\t\t<img decoding=\"async\" class=\"ultv-video__thumb\" src=\"https:\/\/i.ytimg.com\/vi\/mAO6MUT8jU0\/maxresdefault.jpg\"\/>\n\t\t\t\t\t\t\t\t<div class=\"ultv-video__play-icon  ultv-animation-float\" style=\"width:75px\"><svg height=\"100%\" version=\"1.1\" viewBox=\"0 0 68 48\" width=\"100%\"><path class=\"ultv-youtube-icon-bg\" d=\"m .66,37.62 c 0,0 .66,4.70 2.70,6.77 2.58,2.71 5.98,2.63 7.49,2.91 5.43,.52 23.10,.68 23.12,.68 .00,-1.3e-5 14.29,-0.02 23.81,-0.71 1.32,-0.15 4.22,-0.17 6.81,-2.89 2.03,-2.07 2.70,-6.77 2.70,-6.77 0,0 .67,-5.52 .67,-11.04 l 0,-5.17 c 0,-5.52 -0.67,-11.04 -0.67,-11.04 0,0 -0.66,-4.70 -2.70,-6.77 C 62.03,.86 59.13,.84 57.80,.69 48.28,0 34.00,0 34.00,0 33.97,0 19.69,0 10.18,.69 8.85,.84 5.95,.86 3.36,3.58 1.32,5.65 .66,10.35 .66,10.35 c 0,0 -0.55,4.50 -0.66,9.45 l 0,8.36 c .10,4.94 .66,9.45 .66,9.45 z\" fill=\"#1f1f1e\" ><\/path><path d=\"m 26.96,13.67 18.37,9.62 -18.37,9.55 -0.00,-19.17 z\" fill=\"#fff\"><\/path><path d=\"M 45.02,23.46 45.32,23.28 26.96,13.67 43.32,22.34 45.02,23.46 z\" fill=\"#ccc\"><\/path><\/svg><\/div> <\/div> <\/div><\/div><\/div>[\/vc_column][\/vc_row][vc_row equal_height=&#8221;yes&#8221; css=&#8221;.vc_custom_1622123143012{margin-bottom: 35px !important;}&#8221;][vc_column width=&#8221;1\/6&#8243;][vc_single_image image=&#8221;363&#8243; img_size=&#8221;120&#215;120&#8243;][\/vc_column][vc_column width=&#8221;5\/6&#8243;][vc_column_text css_animation=&#8221;none&#8221;]A Confederaci\u00f3n Don Bosco est\u00e1 composta actualmente por <span class=\"dt-highlight\" style=\"color: #474647; background: #EEB238 !important;\"><strong>9 federaci\u00f3ns<\/strong><\/span>que act\u00faan en <span class=\"dt-highlight\" style=\"color: #474647; background: #EEB238 !important;\"><strong>14 comunidades aut\u00f3nomas<\/strong><\/span> e que, \u00e1 s\u00faa vez, comprenden <span class=\"dt-highlight\" style=\"color: #474647; background: #EEB238 !important;\"><strong>127 centros xuven\u00eds<\/strong><\/span>.<\/p>\n<p>En total, m\u00e1is de <span class=\"dt-highlight\" style=\"background: #23B2BE !important;\"><strong>4.000 voluntarios<\/strong><\/span> atenden a aproximadamente <span class=\"dt-highlight\" style=\"background: #B25093 !important;\"><strong>55.700 beneficiarios<\/strong><\/span>en diversos programas e acci\u00f3ns. Ademais, contamos coa axuda dun centenar de persoas contratadas que completan o traballo educativo e de xesti\u00f3n nas entidades.[\/vc_column_text][\/vc_column][\/vc_row][vc_row full_width=&#8221;stretch_row&#8221; bg_type=&#8221;image&#8221; parallax_style=&#8221;vcpb-default&#8221; bg_image_new=&#8221;id^718|url^https:\/\/www.confedonbosco.org\/wp-content\/uploads\/2021\/05\/iconos-patron.png|caption^null|alt^null|title^iconos patron|description^null&#8221; bg_image_size=&#8221;initial&#8221; bg_img_attach=&#8221;fixed&#8221; css=&#8221;.vc_custom_1622121729720{padding-bottom: 2em !important;background-color: #23b2be !important;}&#8221;][vc_column]<div id=\"ultimate-heading-199569e5b5b5ac064\" class=\"uvc-heading ult-adjust-bottom-margin ultimate-heading-199569e5b5b5ac064 uvc-5326  uvc-heading-default-font-sizes\" data-hspacer=\"no_spacer\"  data-halign=\"center\" style=\"text-align:center\"><div class=\"uvc-heading-spacer no_spacer\" style=\"top\"><\/div><div class=\"uvc-main-heading ult-responsive\"  data-ultimate-target='.uvc-heading.ultimate-heading-199569e5b5b5ac064 h2'  data-responsive-json-new='{\"font-size\":\"\",\"line-height\":\"\"}' ><h2 style=\"--font-weight:theme;color:#ffffff;margin-bottom:1em;\">A nosa proposta educativa<\/h2><\/div><\/div>[vc_row_inner css=&#8221;.vc_custom_1622122758032{margin-bottom: 0px !important;background-color: #ffffff !important;}&#8221;][vc_column_inner width=&#8221;4\/6&#8243;][vc_column_text]<a href=\"https:\/\/www.salesianos.es\/\" target=\"_blank\" rel=\"noopener\"><strong>Os salesianos<\/strong><\/a> e <a href=\"https:\/\/salesianas.org\/\" target=\"_blank\" rel=\"noopener\"><strong>as fillas de Mar\u00eda Auxiliadora<\/strong><\/a> actualizan o Proxecto Educativo de San Xo\u00e1n Bosco e Santa Mar\u00eda Mazzarello, ofrecendo unha proposta educativa concreta e axudando a identificar os eixos fundamentais da acci\u00f3n educativa salesiana nos nosos oratorios e centros xuven\u00eds.<br \/>\nAs manifestaci\u00f3ns da cultura actual config\u00faranse, de xeito rotundo, a trav\u00e9s do tempo libre e ao seu redor organ\u00edzase a vida persoal e social. Especialmente <strong>a mocidade atopa no tempo libre e no lecer unha oportunidade de autorrealizaci\u00f3n<\/strong> e \u00e9 unha expresi\u00f3n da s\u00faa identidade persoal.[\/vc_column_text][\/vc_column_inner][vc_column_inner width=&#8221;1\/6&#8243;][vc_single_image image=&#8221;886&#8243; img_size=&#8221;&#8221; alignment=&#8221;center&#8221;][\/vc_column_inner][vc_column_inner width=&#8221;1\/6&#8243;][vc_single_image image=&#8221;881&#8243; img_size=&#8221;&#8221; alignment=&#8221;center&#8221;][\/vc_column_inner][\/vc_row_inner][vc_empty_space][vc_row_inner css=&#8221;.vc_custom_1622122798825{margin-top: 0px !important;padding-top: 0px !important;background-color: #ffffff !important;}&#8221;][vc_column_inner][vc_column_text]Nos centros xuven\u00eds salesianos trab\u00e1llase desde 1991 para que os oratorios e os centros xuven\u00eds sexan estruturas educativas no tempo libre, amplamente chamadas e capaces de involucrar \u00e1 mocidade no desenvolvemento do seu propio crecemento. Co fin de favorecer a converxencia entre as diferentes realidades de todas as nosas entidades distribu\u00eddas por todo o territorio nacional, a <strong>Proposta educativa para oratorios e centros xuven\u00eds<\/strong>desenvolveuse en 1988, sendo a \u00faltima actualizaci\u00f3n en 2007.[\/vc_column_text][\/vc_column_inner][\/vc_row_inner][\/vc_column][\/vc_row][vc_row][vc_column]<style type=\"text\/css\" data-type=\"the7_shortcodes-inline-css\">.gallery-shortcode.gallery-masonry-shortcode-id-5de70c2f7feed122d2d978a5a894e963 figure,\n.gallery-shortcode.gallery-masonry-shortcode-id-5de70c2f7feed122d2d978a5a894e963 .rollover,\n.gallery-shortcode.gallery-masonry-shortcode-id-5de70c2f7feed122d2d978a5a894e963 img,\n.gallery-shortcode.gallery-masonry-shortcode-id-5de70c2f7feed122d2d978a5a894e963 .gallery-rollover {\n  border-radius: 0px;\n}\n.gallery-shortcode.gallery-masonry-shortcode-id-5de70c2f7feed122d2d978a5a894e963.enable-bg-rollover .gallery-rollover {\n  background: -webkit-linear-gradient();\n  background: linear-gradient();\n}\n.gallery-shortcode.gallery-masonry-shortcode-id-5de70c2f7feed122d2d978a5a894e963.enable-bg-rollover.hover-scale figure .rollover:after {\n  background: -webkit-linear-gradient();\n  background: linear-gradient();\n}\n.gallery-shortcode.gallery-masonry-shortcode-id-5de70c2f7feed122d2d978a5a894e963 .gallery-zoom-ico {\n  width: 44px;\n  height: 44px;\n  line-height: 44px;\n  border-radius: 100px;\n  margin: -22px 0 0 -22px;\n  border-width: 0px;\n  color: #ffffff;\n}\n.dt-icon-bg-on.gallery-shortcode.gallery-masonry-shortcode-id-5de70c2f7feed122d2d978a5a894e963 .gallery-zoom-ico {\n  background: rgba(255,255,255,0.3);\n  box-shadow: none;\n}\n.gallery-shortcode.gallery-masonry-shortcode-id-5de70c2f7feed122d2d978a5a894e963 .gallery-zoom-ico:before,\n.gallery-shortcode.gallery-masonry-shortcode-id-5de70c2f7feed122d2d978a5a894e963 .gallery-zoom-ico span {\n  font-size: 32px;\n  line-height: 44px;\n  color: #ffffff;\n}\n.gallery-shortcode.gallery-masonry-shortcode-id-5de70c2f7feed122d2d978a5a894e963:not(.resize-by-browser-width) .dt-css-grid {\n  grid-row-gap: 10px;\n  grid-column-gap: 10px;\n  grid-template-columns: repeat(auto-fill,minmax(,1fr));\n}\n.gallery-shortcode.gallery-masonry-shortcode-id-5de70c2f7feed122d2d978a5a894e963:not(.resize-by-browser-width) .dt-css-grid .double-width {\n  grid-column: span 2;\n}\n.cssgridlegacy.no-cssgrid .gallery-shortcode.gallery-masonry-shortcode-id-5de70c2f7feed122d2d978a5a894e963:not(.resize-by-browser-width) .dt-css-grid,\n.no-cssgridlegacy.no-cssgrid .gallery-shortcode.gallery-masonry-shortcode-id-5de70c2f7feed122d2d978a5a894e963:not(.resize-by-browser-width) .dt-css-grid {\n  display: flex;\n  flex-flow: row wrap;\n  margin: -5px;\n}\n.cssgridlegacy.no-cssgrid .gallery-shortcode.gallery-masonry-shortcode-id-5de70c2f7feed122d2d978a5a894e963:not(.resize-by-browser-width) .dt-css-grid .wf-cell,\n.no-cssgridlegacy.no-cssgrid .gallery-shortcode.gallery-masonry-shortcode-id-5de70c2f7feed122d2d978a5a894e963:not(.resize-by-browser-width) .dt-css-grid .wf-cell {\n  flex: 1 0 ;\n  max-width: 100%;\n  padding: 5px;\n  box-sizing: border-box;\n}\n.gallery-shortcode.gallery-masonry-shortcode-id-5de70c2f7feed122d2d978a5a894e963.resize-by-browser-width .dt-css-grid {\n  grid-template-columns: repeat(4,1fr);\n  grid-template-rows: auto;\n  grid-column-gap: 10px;\n  grid-row-gap: 10px;\n}\n.gallery-shortcode.gallery-masonry-shortcode-id-5de70c2f7feed122d2d978a5a894e963.resize-by-browser-width .dt-css-grid .double-width {\n  grid-column: span 2;\n}\n.cssgridlegacy.no-cssgrid .gallery-shortcode.gallery-masonry-shortcode-id-5de70c2f7feed122d2d978a5a894e963.resize-by-browser-width .dt-css-grid {\n  margin: -5px;\n}\n.cssgridlegacy.no-cssgrid .gallery-shortcode.gallery-masonry-shortcode-id-5de70c2f7feed122d2d978a5a894e963.resize-by-browser-width .dt-css-grid .wf-cell {\n  width: 25%;\n  padding: 5px;\n}\n.cssgridlegacy.no-cssgrid .gallery-shortcode.gallery-masonry-shortcode-id-5de70c2f7feed122d2d978a5a894e963.resize-by-browser-width .dt-css-grid .wf-cell.double-width {\n  width: calc(25%) * 2;\n}\n.gallery-shortcode.gallery-masonry-shortcode-id-5de70c2f7feed122d2d978a5a894e963.resize-by-browser-width:not(.centered-layout-list):not(.content-bg-on) .dt-css-grid {\n  grid-row-gap: 10px - ;\n}\n@media screen and (max-width: 1199px) {\n  .gallery-shortcode.gallery-masonry-shortcode-id-5de70c2f7feed122d2d978a5a894e963.resize-by-browser-width .dt-css-grid {\n    grid-template-columns: repeat(4,1fr);\n  }\n  .cssgridlegacy.no-cssgrid .gallery-shortcode.gallery-masonry-shortcode-id-5de70c2f7feed122d2d978a5a894e963.resize-by-browser-width .dt-css-grid .wf-cell,\n  .no-cssgridlegacy.no-cssgrid .gallery-shortcode.gallery-masonry-shortcode-id-5de70c2f7feed122d2d978a5a894e963.resize-by-browser-width .dt-css-grid .wf-cell {\n    width: 25%;\n  }\n  .cssgridlegacy.no-cssgrid .gallery-shortcode.gallery-masonry-shortcode-id-5de70c2f7feed122d2d978a5a894e963.resize-by-browser-width .dt-css-grid .wf-cell.double-width,\n  .no-cssgridlegacy.no-cssgrid .gallery-shortcode.gallery-masonry-shortcode-id-5de70c2f7feed122d2d978a5a894e963.resize-by-browser-width .dt-css-grid .wf-cell.double-width {\n    width: calc(25%)*2;\n  }\n}\n@media screen and (max-width: 991px) {\n  .gallery-shortcode.gallery-masonry-shortcode-id-5de70c2f7feed122d2d978a5a894e963.resize-by-browser-width .dt-css-grid {\n    grid-template-columns: repeat(2,1fr);\n  }\n  .cssgridlegacy.no-cssgrid .gallery-shortcode.gallery-masonry-shortcode-id-5de70c2f7feed122d2d978a5a894e963.resize-by-browser-width .dt-css-grid .wf-cell,\n  .no-cssgridlegacy.no-cssgrid .gallery-shortcode.gallery-masonry-shortcode-id-5de70c2f7feed122d2d978a5a894e963.resize-by-browser-width .dt-css-grid .wf-cell {\n    width: 50%;\n  }\n  .cssgridlegacy.no-cssgrid .gallery-shortcode.gallery-masonry-shortcode-id-5de70c2f7feed122d2d978a5a894e963.resize-by-browser-width .dt-css-grid .wf-cell.double-width,\n  .no-cssgridlegacy.no-cssgrid .gallery-shortcode.gallery-masonry-shortcode-id-5de70c2f7feed122d2d978a5a894e963.resize-by-browser-width .dt-css-grid .wf-cell.double-width {\n    width: calc(50%)*2;\n  }\n}\n@media screen and (max-width: 767px) {\n  .gallery-shortcode.gallery-masonry-shortcode-id-5de70c2f7feed122d2d978a5a894e963.resize-by-browser-width .dt-css-grid {\n    grid-template-columns: repeat(2,1fr);\n  }\n  .cssgridlegacy.no-cssgrid .gallery-shortcode.gallery-masonry-shortcode-id-5de70c2f7feed122d2d978a5a894e963.resize-by-browser-width .dt-css-grid .wf-cell,\n  .no-cssgridlegacy.no-cssgrid .gallery-shortcode.gallery-masonry-shortcode-id-5de70c2f7feed122d2d978a5a894e963.resize-by-browser-width .dt-css-grid .wf-cell {\n    width: 50%;\n  }\n  .cssgridlegacy.no-cssgrid .gallery-shortcode.gallery-masonry-shortcode-id-5de70c2f7feed122d2d978a5a894e963.resize-by-browser-width .dt-css-grid .wf-cell.double-width,\n  .no-cssgridlegacy.no-cssgrid .gallery-shortcode.gallery-masonry-shortcode-id-5de70c2f7feed122d2d978a5a894e963.resize-by-browser-width .dt-css-grid .wf-cell.double-width {\n    width: calc(50%)*2;\n  }\n}<\/style><div class=\"gallery-shortcode dt-gallery-container gallery-masonry-shortcode-id-5de70c2f7feed122d2d978a5a894e963 mode-masonry jquery-filter dt-icon-bg-off quick-scale-img resize-by-browser-width  hover-fade loading-effect-scale-up description-on-hover\" data-padding=\"5px\" data-cur-page=\"1\" data-post-limit=\"-1\" data-pagination-mode=\"none\" data-desktop-columns-num=\"4\" data-v-tablet-columns-num=\"2\" data-h-tablet-columns-num=\"4\" data-phone-columns-num=\"2\" data-width=\"0px\" data-columns=\"0\"><div class=\"iso-container\" ><div class=\"wf-cell iso-item\" data-post-id=\"903\" data-date=\"2021-05-27T15:10:12+02:00\" data-name=\"CDB-03\"><figure class=\"post visible\"><span class=\"rollover layzr-bg\"  title=\"CDB-03\"><img fetchpriority=\"high\" decoding=\"async\" class=\"preload-me iso-lazy-load aspect\" src=\"data:image\/svg+xml,%3Csvg%20xmlns%3D&#39;http%3A%2F%2Fwww.w3.org%2F2000%2Fsvg&#39;%20viewBox%3D&#39;0%200%20485%20400&#39;%2F%3E\" data-src=\"https:\/\/confedonbosco.org\/wp-content\/uploads\/2021\/05\/CDB-03.jpg\" data-srcset=\"https:\/\/confedonbosco.org\/wp-content\/uploads\/2021\/05\/CDB-03.jpg 485w\" loading=\"eager\" style=\"--ratio: 485 \/ 400\" sizes=\"(max-width: 485px) 100vw, 485px\" alt=\"\" width=\"485\" height=\"400\"  \/><span class=\"gallery-rollover\"><\/span><\/span><\/figure><\/div><div class=\"wf-cell iso-item\" data-post-id=\"908\" data-date=\"2021-05-27T15:13:47+02:00\" data-name=\"CDB-04\"><figure class=\"post visible\"><span class=\"rollover layzr-bg\"  title=\"CDB-04\"><img decoding=\"async\" class=\"preload-me iso-lazy-load aspect\" src=\"data:image\/svg+xml,%3Csvg%20xmlns%3D&#39;http%3A%2F%2Fwww.w3.org%2F2000%2Fsvg&#39;%20viewBox%3D&#39;0%200%20490%20305&#39;%2F%3E\" data-src=\"https:\/\/confedonbosco.org\/wp-content\/uploads\/2021\/05\/CDB-04-490x305.jpg\" data-srcset=\"https:\/\/confedonbosco.org\/wp-content\/uploads\/2021\/05\/CDB-04-490x305.jpg 490w, https:\/\/confedonbosco.org\/wp-content\/uploads\/2021\/05\/CDB-04.jpg 561w\" loading=\"eager\" style=\"--ratio: 490 \/ 305\" sizes=\"(max-width: 490px) 100vw, 490px\" alt=\"\" width=\"490\" height=\"305\"  \/><span class=\"gallery-rollover\"><\/span><\/span><\/figure><\/div><div class=\"wf-cell iso-item\" data-post-id=\"898\" data-date=\"2021-05-27T15:10:11+02:00\" data-name=\"CDB-02\"><figure class=\"post visible\"><span class=\"rollover layzr-bg\"  title=\"CDB-02\"><img decoding=\"async\" class=\"preload-me iso-lazy-load aspect\" src=\"data:image\/svg+xml,%3Csvg%20xmlns%3D&#39;http%3A%2F%2Fwww.w3.org%2F2000%2Fsvg&#39;%20viewBox%3D&#39;0%200%20435%20400&#39;%2F%3E\" data-src=\"https:\/\/confedonbosco.org\/wp-content\/uploads\/2021\/05\/CDB-02.jpg\" data-srcset=\"https:\/\/confedonbosco.org\/wp-content\/uploads\/2021\/05\/CDB-02.jpg 435w\" loading=\"eager\" style=\"--ratio: 435 \/ 400\" sizes=\"(max-width: 435px) 100vw, 435px\" alt=\"\" width=\"435\" height=\"400\"  \/><span class=\"gallery-rollover\"><\/span><\/span><\/figure><\/div><div class=\"wf-cell iso-item\" data-post-id=\"893\" data-date=\"2021-05-27T15:10:11+02:00\" data-name=\"CDB-01\"><figure class=\"post visible\"><span class=\"rollover layzr-bg\"  title=\"CDB-01\"><img decoding=\"async\" class=\"preload-me iso-lazy-load aspect\" src=\"data:image\/svg+xml,%3Csvg%20xmlns%3D&#39;http%3A%2F%2Fwww.w3.org%2F2000%2Fsvg&#39;%20viewBox%3D&#39;0%200%20400%20400&#39;%2F%3E\" data-src=\"https:\/\/confedonbosco.org\/wp-content\/uploads\/2021\/05\/CDB-01.jpg\" data-srcset=\"https:\/\/confedonbosco.org\/wp-content\/uploads\/2021\/05\/CDB-01.jpg 400w\" loading=\"eager\" style=\"--ratio: 400 \/ 400\" sizes=\"(max-width: 400px) 100vw, 400px\" alt=\"\" width=\"400\" height=\"400\"  \/><span class=\"gallery-rollover\"><\/span><\/span><\/figure><\/div><\/div><!-- iso-container|iso-grid --><\/div>[\/vc_column][\/vc_row]<\/p>\n<\/div>","protected":false},"excerpt":{"rendered":"<p>[vc_row equal_height=&#8221;yes&#8221; css=&#8221;.vc_custom_1622123143012{margin-bottom: 35px !important;}&#8221;][vc_column width=&#8221;1\/2&#8243;][vc_column_text css_animation=&#8221;none&#8221;]A Confederaci\u00f3n Don Bosco \u00e9 unha asociaci\u00f3n que traballa xunto coas Federaci\u00f3ns e Centros Xuven\u00eds na defensa e promoci\u00f3n da infancia e da mocidade, especialmente aqueles en risco de exclusi\u00f3n, a trav\u00e9s do liderado xuvenil e do estilo educativo de Don Bosco.[\/vc_column_text][\/vc_column][vc_column width=&#8221;1\/2&#8243;][\/vc_column][\/vc_row][vc_row equal_height=&#8221;yes&#8221; css=&#8221;.vc_custom_1622123143012{margin-bottom: 35px !important;}&#8221;][vc_column width=&#8221;1\/6&#8243;][vc_single_image image=&#8221;363&#8243;&hellip;<\/p>\n","protected":false},"author":27,"featured_media":0,"parent":0,"menu_order":0,"comment_status":"closed","ping_status":"closed","template":"","meta":{"_monsterinsights_skip_tracking":false,"_monsterinsights_sitenote_active":false,"_monsterinsights_sitenote_note":"","_monsterinsights_sitenote_category":0,"footnotes":""},"class_list":["post-1740","page","type-page","status-publish","hentry","description-off"],"_links":{"self":[{"href":"https:\/\/confedonbosco.org\/gl\/wp-json\/wp\/v2\/pages\/1740","targetHints":{"allow":["GET"]}}],"collection":[{"href":"https:\/\/confedonbosco.org\/gl\/wp-json\/wp\/v2\/pages"}],"about":[{"href":"https:\/\/confedonbosco.org\/gl\/wp-json\/wp\/v2\/types\/page"}],"author":[{"embeddable":true,"href":"https:\/\/confedonbosco.org\/gl\/wp-json\/wp\/v2\/users\/27"}],"replies":[{"embeddable":true,"href":"https:\/\/confedonbosco.org\/gl\/wp-json\/wp\/v2\/comments?post=1740"}],"version-history":[{"count":20,"href":"https:\/\/confedonbosco.org\/gl\/wp-json\/wp\/v2\/pages\/1740\/revisions"}],"predecessor-version":[{"id":2668,"href":"https:\/\/confedonbosco.org\/gl\/wp-json\/wp\/v2\/pages\/1740\/revisions\/2668"}],"wp:attachment":[{"href":"https:\/\/confedonbosco.org\/gl\/wp-json\/wp\/v2\/media?parent=1740"}],"curies":[{"name":"wp","href":"https:\/\/api.w.org\/{rel}","templated":true}]}}