{"id":2681,"date":"2021-08-31T08:33:00","date_gmt":"2021-08-31T08:33:00","guid":{"rendered":"https:\/\/www.confedonbosco.org\/guri-buruz\/giza-taldea\/"},"modified":"2021-08-31T08:52:28","modified_gmt":"2021-08-31T08:52:28","slug":"giza-taldea","status":"publish","type":"page","link":"https:\/\/confedonbosco.org\/eu\/guri-buruz\/giza-taldea\/","title":{"rendered":"Giza taldea"},"content":{"rendered":"<div class=\"wpb-content-wrapper\"><p>[vc_row][vc_column]<div id=\"ultimate-heading-309869e5b648dc810\" class=\"uvc-heading ult-adjust-bottom-margin ultimate-heading-309869e5b648dc810 uvc-7211  uvc-heading-default-font-sizes\" data-hspacer=\"no_spacer\"  data-halign=\"center\" style=\"text-align:center\"><div class=\"uvc-heading-spacer no_spacer\" style=\"top\"><\/div><div class=\"uvc-main-heading ult-responsive\"  data-ultimate-target='.uvc-heading.ultimate-heading-309869e5b648dc810 h3'  data-responsive-json-new='{\"font-size\":\"\",\"line-height\":\"\"}' ><h3 style=\"--font-weight:theme;\">Zuzendaritza Batzordea<\/h3><\/div><\/div>[vc_row_inner gap=&#8221;35&#8243;][vc_column_inner width=&#8221;1\/3&#8243;][vc_single_image image=&#8221;1584&#8243; img_size=&#8221;200&#215;200&#8243; alignment=&#8221;center&#8221; style=&#8221;vc_box_border_circle_2&#8243; css_animation=&#8221;bottom-to-top&#8221;][vc_column_text css_animation=&#8221;none&#8221;]<\/p>\n<h6 style=\"text-align: center;\"><span class=\"dt-highlight\" style=\"color: #474647; background: #EEB238 !important;\"> Pilar Blasco Climent <\/span><\/h6>\n<p style=\"text-align: center;\">Presidencia e responsable de participaci\u00f3n e igualdade<\/p>\n<p>[\/vc_column_text][\/vc_column_inner][vc_column_inner width=&#8221;1\/3&#8243;][vc_single_image image=&#8221;1589&#8243; img_size=&#8221;200&#215;200&#8243; alignment=&#8221;center&#8221; style=&#8221;vc_box_border_circle_2&#8243; css_animation=&#8221;bottom-to-top&#8221;][vc_column_text css_animation=&#8221;none&#8221;]<\/p>\n<h6 style=\"text-align: center;\"><span class=\"dt-highlight\" style=\"color: #474647; background: #EEB238 !important;\"> Manuel Segu\u00edn Fidalgo <\/span><\/h6>\n<p style=\"text-align: center;\">Lehendakariordetza eta komunikazio eta osasun arduraduna<\/p>\n<p>[\/vc_column_text][\/vc_column_inner][vc_column_inner width=&#8221;1\/3&#8243;][vc_single_image image=&#8221;1594&#8243; img_size=&#8221;200&#215;200&#8243; alignment=&#8221;center&#8221; style=&#8221;vc_box_border_circle_2&#8243; css_animation=&#8221;bottom-to-top&#8221;][vc_column_text css_animation=&#8221;none&#8221;]<\/p>\n<h6 style=\"text-align: center;\"><span class=\"dt-highlight\" style=\"color: #474647; background: #EEB238 !important;\"> Alejandro Rojas Miguel <\/span><\/h6>\n<p style=\"text-align: center;\">Lehendakariordetza eta prestakuntza eta ingurumenaren arduraduna<\/p>\n<p>[\/vc_column_text][\/vc_column_inner][\/vc_row_inner][vc_row_inner gap=&#8221;35&#8243;][vc_column_inner width=&#8221;1\/3&#8243;][vc_single_image image=&#8221;1599&#8243; img_size=&#8221;200&#215;200&#8243; alignment=&#8221;center&#8221; style=&#8221;vc_box_border_circle_2&#8243; css_animation=&#8221;bottom-to-top&#8221;][vc_column_text css_animation=&#8221;none&#8221;]<\/p>\n<h6 style=\"text-align: center;\"><span class=\"dt-highlight\" style=\"color: #474647; background: #EEB238 !important;\"> Iv\u00e1n Mart\u00edn Bartolom\u00e9 <\/span><\/h6>\n<p style=\"text-align: center;\">Idazkaria eta ingurumenaren arduraduna<\/p>\n<p>[\/vc_column_text][\/vc_column_inner][vc_column_inner width=&#8221;1\/3&#8243;][vc_single_image image=&#8221;1604&#8243; img_size=&#8221;200&#215;200&#8243; alignment=&#8221;center&#8221; style=&#8221;vc_box_border_circle_2&#8243; css_animation=&#8221;bottom-to-top&#8221;][vc_column_text css_animation=&#8221;none&#8221;]<\/p>\n<h6 style=\"text-align: center;\"><span class=\"dt-highlight\" style=\"color: #474647; background: #EEB238 !important;\"> Pedro Hern\u00e1ndez Delgado <\/span><\/h6>\n<p style=\"text-align: center;\">Diruzaina<\/p>\n<p>[\/vc_column_text][\/vc_column_inner][vc_column_inner width=&#8221;1\/3&#8243;][vc_single_image image=&#8221;1609&#8243; img_size=&#8221;200&#215;200&#8243; alignment=&#8221;center&#8221; style=&#8221;vc_box_border_circle_2&#8243; css_animation=&#8221;bottom-to-top&#8221;][vc_column_text css_animation=&#8221;none&#8221;]<\/p>\n<h6 style=\"text-align: center;\"><span class=\"dt-highlight\" style=\"color: #474647; background: #EEB238 !important;\"> Bego\u00f1a Ros Gras <\/span><\/h6>\n<p style=\"text-align: center;\">Nazioartekoa eta prestakuntzaren erantzukizuna<\/p>\n<p>[\/vc_column_text][\/vc_column_inner][\/vc_row_inner][\/vc_column][\/vc_row][vc_row full_width=&#8221;stretch_row&#8221; bg_type=&#8221;image&#8221; parallax_style=&#8221;vcpb-default&#8221; bg_image_new=&#8221;id^718|url^http:\/\/www.confedonbosco.org\/wp-content\/uploads\/2021\/05\/iconos-patron.png|caption^null|alt^null|title^iconos patron|description^null&#8221; bg_image_size=&#8221;initial&#8221; bg_img_attach=&#8221;fixed&#8221; seperator_enable=&#8221;seperator_enable_value&#8221; seperator_type=&#8221;tilt_left_seperator&#8221; seperator_position=&#8221;top_bottom_seperator&#8221; css=&#8221;.vc_custom_1622049481474{padding-top: 2em !important;padding-bottom: 100px !important;background-color: #23b2be !important;}&#8221;][vc_column]<div id=\"ultimate-heading-445969e5b648dc8c8\" class=\"uvc-heading ult-adjust-bottom-margin ultimate-heading-445969e5b648dc8c8 uvc-3464  uvc-heading-default-font-sizes\" data-hspacer=\"no_spacer\"  data-halign=\"center\" style=\"text-align:center\"><div class=\"uvc-heading-spacer no_spacer\" style=\"top\"><\/div><div class=\"uvc-main-heading ult-responsive\"  data-ultimate-target='.uvc-heading.ultimate-heading-445969e5b648dc8c8 h3'  data-responsive-json-new='{\"font-size\":\"\",\"line-height\":\"\"}' ><h3 style=\"--font-weight:theme;color:#ffffff;margin-bottom:20px;\">Egoitza Nagusiko Talde Teknikoa<\/h3><\/div><\/div>[vc_row_inner css=&#8221;.vc_custom_1622110626116{margin-right: 10px !important;margin-left: 10px !important;background-color: #ffffff !important;}&#8221;][vc_column_inner width=&#8221;1\/4&#8243;][vc_icon icon_fontawesome=&#8221;fas fa-cogs&#8221; color=&#8221;custom&#8221; background_style=&#8221;rounded&#8221; background_color=&#8221;custom&#8221; align=&#8221;center&#8221; custom_color=&#8221;#ffffff&#8221; css=&#8221;.vc_custom_1622046987851{margin-top: 0px !important;margin-bottom: 5px !important;}&#8221; custom_background_color=&#8221;#eeb238&#8243;][vc_column_text css=&#8221;.vc_custom_1622049023908{padding-top: 0px !important;}&#8221;]<\/p>\n<h6 style=\"text-align: center;\">Laura Gonz\u00e1lez Fern\u00e1ndez<\/h6>\n<p style=\"text-align: center;\">Zuzendaritza taldeko koordinatzailea<\/p>\n<p>[\/vc_column_text][\/vc_column_inner][vc_column_inner width=&#8221;1\/4&#8243;][vc_icon icon_fontawesome=&#8221;fas fa-cogs&#8221; color=&#8221;custom&#8221; background_style=&#8221;rounded-outline&#8221; background_color=&#8221;custom&#8221; align=&#8221;center&#8221; custom_color=&#8221;#eeb238&#8243; css=&#8221;.vc_custom_1622047084114{margin-top: 0px !important;margin-bottom: 5px !important;}&#8221; custom_background_color=&#8221;#eeb238&#8243;][vc_column_text]<\/p>\n<h6 style=\"text-align: center;\">Laura Miret Garc\u00eda<\/h6>\n<p style=\"text-align: center;\">Kudeaketa Teknika<\/p>\n<p>[\/vc_column_text][\/vc_column_inner][vc_column_inner width=&#8221;1\/4&#8243;][vc_icon icon_fontawesome=&#8221;fas fa-cogs&#8221; color=&#8221;custom&#8221; background_style=&#8221;rounded-outline&#8221; background_color=&#8221;custom&#8221; align=&#8221;center&#8221; custom_color=&#8221;#eeb238&#8243; css=&#8221;.vc_custom_1622047084114{margin-top: 0px !important;margin-bottom: 5px !important;}&#8221; custom_background_color=&#8221;#eeb238&#8243;][vc_column_text]<\/p>\n<h6 style=\"text-align: center;\">F\u00e1tima Aveda\u00f1o Mart\u00edn<\/h6>\n<p style=\"text-align: center;\">Kudeaketa Teknika<\/p>\n<p>[\/vc_column_text][\/vc_column_inner][vc_column_inner width=&#8221;1\/4&#8243;][vc_icon icon_fontawesome=&#8221;fas fa-comment&#8221; color=&#8221;custom&#8221; background_style=&#8221;rounded-outline&#8221; background_color=&#8221;custom&#8221; align=&#8221;center&#8221; custom_color=&#8221;#eeb238&#8243; css=&#8221;.vc_custom_1622047122264{margin-top: 0px !important;margin-bottom: 5px !important;}&#8221; custom_background_color=&#8221;#eeb238&#8243;][vc_column_text]<\/p>\n<h6 style=\"text-align: center;\">Salvi Mac\u00edas Parrado<\/h6>\n<p style=\"text-align: center;\">Komunikazio teknikaria<\/p>\n<p>[\/vc_column_text][\/vc_column_inner][\/vc_row_inner][vc_row_inner css=&#8221;.vc_custom_1622048496964{margin-right: 10px !important;margin-left: 10px !important;background-color: #ffffff !important;}&#8221;][vc_column_inner width=&#8221;1\/4&#8243;][vc_icon icon_fontawesome=&#8221;fas fa-file-signature&#8221; color=&#8221;custom&#8221; background_style=&#8221;rounded&#8221; background_color=&#8221;custom&#8221; align=&#8221;center&#8221; custom_color=&#8221;#ffffff&#8221; css=&#8221;.vc_custom_1622047161949{margin-top: 0px !important;margin-bottom: 5px !important;}&#8221; custom_background_color=&#8221;#eeb238&#8243;][vc_column_text]<\/p>\n<h6 style=\"text-align: center;\">David Arduengo Fern\u00e1ndez<\/h6>\n<p style=\"text-align: center;\">Proiektu taldeko koordinatzailea<\/p>\n<p>[\/vc_column_text][\/vc_column_inner][vc_column_inner width=&#8221;1\/4&#8243;][vc_icon icon_fontawesome=&#8221;fas fa-file-signature&#8221; color=&#8221;custom&#8221; background_style=&#8221;rounded-outline&#8221; background_color=&#8221;custom&#8221; align=&#8221;center&#8221; custom_color=&#8221;#eeb238&#8243; css=&#8221;.vc_custom_1622047178229{margin-top: 0px !important;margin-bottom: 5px !important;}&#8221; custom_background_color=&#8221;#eeb238&#8243;][vc_column_text]<\/p>\n<h6 style=\"text-align: center;\">Anabel S\u00e1nchez Rueda<\/h6>\n<p style=\"text-align: center;\">Proiektuaren Teknika<\/p>\n<p>[\/vc_column_text][\/vc_column_inner][vc_column_inner width=&#8221;1\/4&#8243;][vc_icon icon_fontawesome=&#8221;fas fa-file-signature&#8221; color=&#8221;custom&#8221; background_style=&#8221;rounded-outline&#8221; background_color=&#8221;custom&#8221; align=&#8221;center&#8221; custom_color=&#8221;#eeb238&#8243; css=&#8221;.vc_custom_1622047178229{margin-top: 0px !important;margin-bottom: 5px !important;}&#8221; custom_background_color=&#8221;#eeb238&#8243;][vc_column_text]<\/p>\n<h6 style=\"text-align: center;\">Armando Gomis Veas<\/h6>\n<p style=\"text-align: center;\">Proiektuetako teknikaria<\/p>\n<p>[\/vc_column_text][\/vc_column_inner][vc_column_inner width=&#8221;1\/4&#8243;][vc_icon icon_fontawesome=&#8221;fas fa-file-signature&#8221; color=&#8221;custom&#8221; background_style=&#8221;rounded-outline&#8221; background_color=&#8221;custom&#8221; align=&#8221;center&#8221; custom_color=&#8221;#eeb238&#8243; css=&#8221;.vc_custom_1622047178229{margin-top: 0px !important;margin-bottom: 5px !important;}&#8221; custom_background_color=&#8221;#eeb238&#8243;][vc_column_text]<\/p>\n<h6 style=\"text-align: center;\">Mar\u00eda M\u00e9ndez Zamarre\u00f1o<\/h6>\n<p style=\"text-align: center;\">Proiektuaren Teknika<\/p>\n<p>[\/vc_column_text][\/vc_column_inner][\/vc_row_inner][vc_row_inner css=&#8221;.vc_custom_1622048115838{margin-right: 10px !important;margin-left: 10px !important;background-color: #ffffff !important;}&#8221;][vc_column_inner width=&#8221;1\/4&#8243;][\/vc_column_inner][vc_column_inner width=&#8221;1\/4&#8243;][vc_icon icon_fontawesome=&#8221;fas fa-file-signature&#8221; color=&#8221;custom&#8221; background_style=&#8221;rounded-outline&#8221; background_color=&#8221;custom&#8221; align=&#8221;center&#8221; custom_color=&#8221;#eeb238&#8243; css=&#8221;.vc_custom_1622047178229{margin-top: 0px !important;margin-bottom: 5px !important;}&#8221; custom_background_color=&#8221;#eeb238&#8243;][vc_column_text]<\/p>\n<h6 style=\"text-align: center;\">Esperanza Jim\u00e9nez Campos<\/h6>\n<p style=\"text-align: center;\">Proiektuaren Teknika<\/p>\n<p>[\/vc_column_text][\/vc_column_inner][vc_column_inner width=&#8221;1\/4&#8243;][vc_icon icon_fontawesome=&#8221;fas fa-file-signature&#8221; color=&#8221;custom&#8221; background_style=&#8221;rounded-outline&#8221; background_color=&#8221;custom&#8221; align=&#8221;center&#8221; custom_color=&#8221;#eeb238&#8243; css=&#8221;.vc_custom_1622047178229{margin-top: 0px !important;margin-bottom: 5px !important;}&#8221; custom_background_color=&#8221;#eeb238&#8243;][vc_column_text]<\/p>\n<h6 style=\"text-align: center;\">Esther de la Iglesia Herguedas<\/h6>\n<p style=\"text-align: center;\">Proiektuaren Teknika<\/p>\n<p>[\/vc_column_text][\/vc_column_inner][vc_column_inner width=&#8221;1\/4&#8243;][\/vc_column_inner][\/vc_row_inner][\/vc_column][\/vc_row]<\/p>\n<\/div>","protected":false},"excerpt":{"rendered":"<p>[vc_row][vc_column][vc_row_inner gap=&#8221;35&#8243;][vc_column_inner width=&#8221;1\/3&#8243;][vc_single_image image=&#8221;1584&#8243; img_size=&#8221;200&#215;200&#8243; alignment=&#8221;center&#8221; style=&#8221;vc_box_border_circle_2&#8243; css_animation=&#8221;bottom-to-top&#8221;][vc_column_text css_animation=&#8221;none&#8221;] Presidencia e responsable de participaci\u00f3n e igualdade [\/vc_column_text][\/vc_column_inner][vc_column_inner width=&#8221;1\/3&#8243;][vc_single_image image=&#8221;1589&#8243; img_size=&#8221;200&#215;200&#8243; alignment=&#8221;center&#8221; style=&#8221;vc_box_border_circle_2&#8243; css_animation=&#8221;bottom-to-top&#8221;][vc_column_text css_animation=&#8221;none&#8221;] Lehendakariordetza eta komunikazio eta osasun arduraduna [\/vc_column_text][\/vc_column_inner][vc_column_inner width=&#8221;1\/3&#8243;][vc_single_image image=&#8221;1594&#8243; img_size=&#8221;200&#215;200&#8243; alignment=&#8221;center&#8221; style=&#8221;vc_box_border_circle_2&#8243; css_animation=&#8221;bottom-to-top&#8221;][vc_column_text css_animation=&#8221;none&#8221;] Lehendakariordetza eta prestakuntza eta ingurumenaren arduraduna [\/vc_column_text][\/vc_column_inner][\/vc_row_inner][vc_row_inner gap=&#8221;35&#8243;][vc_column_inner width=&#8221;1\/3&#8243;][vc_single_image image=&#8221;1599&#8243; img_size=&#8221;200&#215;200&#8243; alignment=&#8221;center&#8221; style=&#8221;vc_box_border_circle_2&#8243; css_animation=&#8221;bottom-to-top&#8221;][vc_column_text css_animation=&#8221;none&#8221;] Idazkaria eta&hellip;<\/p>\n","protected":false},"author":27,"featured_media":0,"parent":1734,"menu_order":0,"comment_status":"closed","ping_status":"closed","template":"","meta":{"_monsterinsights_skip_tracking":false,"_monsterinsights_sitenote_active":false,"_monsterinsights_sitenote_note":"","_monsterinsights_sitenote_category":0,"footnotes":""},"class_list":["post-2681","page","type-page","status-publish","hentry","description-off"],"_links":{"self":[{"href":"https:\/\/confedonbosco.org\/eu\/wp-json\/wp\/v2\/pages\/2681","targetHints":{"allow":["GET"]}}],"collection":[{"href":"https:\/\/confedonbosco.org\/eu\/wp-json\/wp\/v2\/pages"}],"about":[{"href":"https:\/\/confedonbosco.org\/eu\/wp-json\/wp\/v2\/types\/page"}],"author":[{"embeddable":true,"href":"https:\/\/confedonbosco.org\/eu\/wp-json\/wp\/v2\/users\/27"}],"replies":[{"embeddable":true,"href":"https:\/\/confedonbosco.org\/eu\/wp-json\/wp\/v2\/comments?post=2681"}],"version-history":[{"count":21,"href":"https:\/\/confedonbosco.org\/eu\/wp-json\/wp\/v2\/pages\/2681\/revisions"}],"predecessor-version":[{"id":2713,"href":"https:\/\/confedonbosco.org\/eu\/wp-json\/wp\/v2\/pages\/2681\/revisions\/2713"}],"up":[{"embeddable":true,"href":"https:\/\/confedonbosco.org\/eu\/wp-json\/wp\/v2\/pages\/1734"}],"wp:attachment":[{"href":"https:\/\/confedonbosco.org\/eu\/wp-json\/wp\/v2\/media?parent=2681"}],"curies":[{"name":"wp","href":"https:\/\/api.w.org\/{rel}","templated":true}]}}