{"id":2876,"date":"2021-08-31T10:31:29","date_gmt":"2021-08-31T10:31:29","guid":{"rendered":"https:\/\/www.confedonbosco.org\/politica-de-privacitat\/"},"modified":"2021-08-31T10:31:29","modified_gmt":"2021-08-31T10:31:29","slug":"politica-de-privacitat","status":"publish","type":"page","link":"https:\/\/confedonbosco.org\/ca\/politica-de-privacitat\/","title":{"rendered":"Pol\u00edtica de privacitat"},"content":{"rendered":"\n<h3 class=\"wp-block-heading\">Introducci\u00f3<\/h3>\n\n<p>La Pol\u00edtica de Privacitat forma part de l&#8217;Av\u00eds Legal que regeix la p\u00e0gina web: <a rel=\"noreferrer noopener\" href=\"http:\/\/www.confedonbosco.org\" target=\"_blank\">www.confedonbosco.org.<\/a><br\/>La p\u00e0gina web www.confedonbosco.org \u00e9s titularitat de Confederaci\u00f3 de Centres Juvenils Don Bosco d&#8217;Espanya i compleix amb els requisits derivats de la<strong>Llei 34\/2002, de 11 de juliol, de Serveis de la Societat de la Informaci\u00f3 i de Comer\u00e7 Electr\u00f2nic<\/strong>, y normativa vigent relativa a la protecci\u00f3 de dades de car\u00e0cter personal i, en particular, el Reglament (UE) 2016\/679 de el Parlament Europeu i de Consell, de 27 d&#8217;abril de 2016, relatiu a la protecci\u00f3 de les persones f\u00edsiques pel que fa a el tractament de dades personals ia la lliure circulaci\u00f3 d&#8217;aquestes dades Confederaci\u00f3 de Centres Juvenils Don Bosco d&#8217;Espanya es reserva el dret a modificar o adaptar la present pol\u00edtica de privacitat en tot moment. Per tant, us recomanem que revisi la mateixa cada vegada que accedeixi a la p\u00e0gina web.<br\/>En el cas que l&#8217;usuari s&#8217;hagi registrat a la p\u00e0gina web i accedeixi al seu compte o perfil, a l&#8217;accedir-hi, se li informar\u00e0 en el cas que hi hagi hagut modificacions substancials en relaci\u00f3 amb el tractament de les seves dades personals.<\/p>\n\n<h3 class=\"wp-block-heading\">Responsable de l&#8217;tractament<\/h3>\n\n<p>Les dades que es recullin o ens facilitis volunt\u00e0riament per mitj\u00e0 de la p\u00e0gina web, ja sigui per la navegaci\u00f3 en la mateixa, aix\u00ed com tots aquells que ens puguis facilitar en els formularis de contacte, via e-mail o per tel\u00e8fon, seran recollides i tractades per el responsable de l&#8217;Arxiu, les dades que s&#8217;indiquen a continuaci\u00f3:<\/p>\n\n<ul class=\"wp-block-list\"><li><strong>Identitat <\/strong>Confederaci\u00f3n de Centros Juveniles Don Bosco de Espa\u00f1a<\/li><li><strong>CIF: <\/strong>G46949376<\/li><li><strong>Adre\u00e7a postal:<\/strong>C\/Alcal\u00e1, 164, 3o &#8211; 28028 \u2013 Madrid (MADRID)<\/li><li><strong>Tel\u00e8fon:<\/strong> 963656988<\/li><li><strong>Correu electr\u00f2nic:<\/strong> &#x61;&#x64;&#x6d;&#x69;&#110;&#105;&#115;&#116;rac&#x69;&#x6f;&#x6e;&#x40;&#x63;&#111;&#110;&#102;edo&#x6e;&#x62;&#x6f;&#x73;&#x63;&#111;&#46;&#111;rg<\/li><li><strong>URL: <\/strong>www.confedonbosco.org<\/li><\/ul>\n<p><strong>Registre Nacional d&#8217;Associacions Ministeri de l&#8217;Interior, n\u00famero de registre F1325 des del 18\/11\/1991<\/strong><\/p>\n\n<p>Si, per qualsevol motiu, vols posar-te en contacte amb nosaltres en qualsevol q\u00fcesti\u00f3 relacionada amb el tractament de les seves dades personals o privacitat, pots fer-ho a trav\u00e9s de qualsevol dels mitjans indicats anteriorment.<\/p>\n\n<h3 class=\"wp-block-heading\">Quins s\u00f3n els teus drets en relaci\u00f3 amb el tractament de les teves dades?<\/h3>\n\n<ol class=\"wp-block-list\"><li>Qualsevol persona t\u00e9 dret a obtenir informaci\u00f3 sobre l&#8217;exist\u00e8ncia d&#8217;el tractament de les seves dades personals, accedir a la informaci\u00f3 i dades personals que Confederaci\u00f3 de Centres Juvenils Don Bosco d&#8217;Espanya, t\u00e9, sol\u00b7licitar la rectificaci\u00f3 de les dades inexactes o, si escau, sol\u00b7licitar la supressi\u00f3, quan, entre altres motius, les dades ja no siguin necessaris per als fins per als quals van ser recollits o l&#8217;interessat retiri el consentiment que hagi atorgat.<\/li><li>En determinats sup\u00f2sits, l&#8217;interessat podr\u00e0 sol\u00b7licitar la limitaci\u00f3 de l&#8217;tractament de les seves dades, en aquest cas, nom\u00e9s els conservarem d&#8217;acord amb la normativa vigent.<\/li><li>En alguns casos, pot exercitar el seu dret a la portabilitat de les dades, que seran lliurats en un format adequat, d&#8217;\u00fas com\u00fa o lectura mec\u00e0nica a vost\u00e8 o el nou responsable de l&#8217;tractament que designi.<\/li><li>T\u00e9 dret a revocar en qualsevol moment el consentiment per a qualsevol dels tractaments per als que ho has atorgat.<\/li><li>Confederaci\u00f3 de Centres Juvenils Don Bosco d&#8217;Espanya disposa de formularis per a l&#8217;exercici de qualsevol dels citats drets, per al que s&#8217;haur\u00e0 de posar en contacte amb nosaltres a la seg\u00fcent adre\u00e7a de correu electr\u00f2nica &#97;d&#x6d;i&#x6e;i&#x73;t&#x72;a&#x63;i&#x6f;&#110;&#x40;&#99;&#x6f;&#110;&#x66;&#101;&#x64;&#111;&#x6e;&#98;&#x6f;&#115;c&#x6f;&#46;&#x6f;r&#x67;, sol\u00b7licitant el model que necessiti. De la mateixa manera, pots utilitzar els que l&#8217;Ag\u00e8ncia Espanyola de Protecci\u00f3 de Dades o tercers posen a disposici\u00f3 dels interessats.<\/li><li>Aquests formularis hauran d&#8217;anar signats electr\u00f2nicament o anar acompanyats de fotoc\u00f2pia de l&#8217;DNI. Si s&#8217;actua per mitj\u00e0 de representant, a m\u00e9s, haur\u00e0 d&#8217;anar acompanyat de la seva c\u00f2pia de DNI o signatura electr\u00f2nica.<\/li><li>Els formularis s&#8217;han de presentar presencialment en el domicili de Confederaci\u00f3 de Centres Juvenils Don Bosco d&#8217;Espanya indicat anteriorment o, si escau, enviat per correu electr\u00f2nic.<\/li><li>T\u00e9 dret a presentar una reclamaci\u00f3 davant l&#8217;Ag\u00e8ncia Espanyola de Protecci\u00f3 de Dades, en el cas que consideris que no s&#8217;ha at\u00e8s convenientment la sol\u00b7licitud dels teus drets.<\/li><li>El termini m\u00e0xim per a resoldre per Confederaci\u00f3 de Centres Juvenils Don Bosco d&#8217;Espanya \u00e9s d&#8217;un mes, a comptar de l&#8217;efectiva recepci\u00f3 de la sol\u00b7licitud per part nostra.<\/li><\/ol>\n<h3 class=\"wp-block-heading\">Quines dades hem recopilat a trav\u00e9s de la p\u00e0gina web?<\/h3>\n\n<h5 class=\"wp-block-heading\">Dades emmagatzemades per la navegaci\u00f3 i \u00fas de la p\u00e0gina web<\/h5>\n\n<p>La Confederaci\u00f3 Don Bosco no recopila dades de la teva navegaci\u00f3, si b\u00e9, en la p\u00e0gina web es pot facilitar la utilitat de Google Maps, la qual podria tenir acc\u00e9s a la ubicaci\u00f3, en el sup\u00f2sit que l&#8217;hi permetis, per tal de facilitar-te una major especificitat sobre la dist\u00e0ncia i \/ o camins a les nostres seus. Referent a aix\u00f2, ens remetem a la Pol\u00edtica de Privacitat utilitzada per Google Maps, per tal de con\u00e8ixer l&#8217;\u00fas i tractament d&#8217;aquestes dades <a href=\"http:\/\/www.google.com\/intl\/en\/policies\/privacy\/\" target=\"_blank\" rel=\"noreferrer noopener\">http:\/\/www.google.com\/intl\/en\/policies\/privacy\/<\/a><\/p>\n\n<h5 class=\"wp-block-heading\">Dades facilitades en el formulari de contacte<\/h5>\n\n<p>Es poden posar en contacte directament amb nosaltres a trav\u00e9s de correu-e, &#8220;Contacta amb Nosaltres&#8221;, etc. facilitats en la p\u00e0gina web. Per a aix\u00f2, \u00e9s necessari que l&#8217;Usuari s&#8217;identifiqui i indiqui les seves dades personals, amb la finalitat que Confederaci\u00f3 de Centres Juvenils Don Bosco d&#8217;Espanya, pugui contactar amb l&#8217;usuari, en cas que sigui necessari per atendre la seva sol\u00b7licitud d&#8217;informaci\u00f3. Les dades necess\u00e0ries i obligatoris a facilitar per l&#8217;usuari per dur a terme tal registre, es troben marcats amb el s\u00edmbol *. En el cas de no facilitar tals camps, no es permetr\u00e0 l&#8217;enviament de la petici\u00f3.<br\/>Aquestes dades personals seran incorporades a les bases de dades de Confederaci\u00f3 de Centres Juvenils Don Bosco d&#8217;Espanya, qui conservar\u00e0 els mateixos per contestar a la seva sol\u00b7licitud i \/ o petici\u00f3 d&#8217;informaci\u00f3 i, despr\u00e9s d&#8217;aix\u00f2, seran eliminats en el termini de tres mesos. La base legal per al tractament d&#8217;aquestes dades \u00e9s el consentiment de l&#8217;usuari que sol\u00b7licita informaci\u00f3, o t\u00e9 la necessitat de mantenir contacte amb Confederaci\u00f3n de Centros Juveniles Don Bosco de Espa\u00f1a.<\/p>\n\n<p>Les finalitats de l&#8217;tractament seran les seg\u00fcents:<\/p>\n\n<p><strong>a)<\/strong>Gestionar les consultes o sol\u00b7licituds d&#8217;informaci\u00f3 que ens envi\u00efs a trav\u00e9s de la p\u00e0gina web, correu electr\u00f2nic o tel\u00e8fon.<br\/><strong>b)<\/strong>Enviament de comunicacions, promocions especials, not\u00edcies o accions que resultin del teu inter\u00e8s o ens demanis fins i tot per mitjans electr\u00f2nics. A l&#8217;tractar-se d&#8217;una finalitat access\u00f2ria a la principal, haur\u00e0s de marcar la casella habilitada a aquest efecte.<\/p>\n\n<p>Les dades personals que ens facilitis per aquest mitj\u00e0 no seran comunicades a tercers, sent Confederaci\u00f3 de Centres Juvenils Don Bosco d&#8217;Espanya qui doni, directament resposta a aquest tipus de consultes.<\/p>\n\n<h3 class=\"wp-block-heading\">Treballa amb nosaltres<\/h3>\n\n<p>En el cas que ens faciliti el seu curr\u00edculum vitae, ja sigui per mitj\u00e0 de la p\u00e0gina web, correu electr\u00f2nic o f\u00edsicament al domicili o qualsevol seu de Confederaci\u00f3 de Centres Juvenils Don Bosco d&#8217;Espanya els incorporar\u00e0 a la base de dades. El curr\u00edculum ser\u00e0 emmagatzemat durant el termini m\u00e0xim d&#8217;1 any, despr\u00e9s del qual, en el cas de no haver-nos posats en contacte amb tu, ser\u00e0 eliminat.<br\/>La base legal per al tractament es basar\u00e0 en el consentiment expr\u00e9s atorgat per l&#8217;interessat per al tractament de les dades contingudes en el curr\u00edculum a l&#8217;remetre el mateix i marcar la casella habilitada a aquest efecte.<br\/>La finalitat de l&#8217;tractament \u00e9s incorporar a presents i futurs processos de selecci\u00f3 de Confederaci\u00f3 de Centres Juvenils Don Bosco d&#8217;Espanya.<br\/>En el cas que finalment, l&#8217;interessat s&#8217;incorpori com a empleat a Confederaci\u00f3 de Centres Juvenils Don Bosco d&#8217;Espanya, les seves dades s&#8217;incorporaran a una base de dades propietat d&#8217;ell mateix, amb la finalitat de gestionar internament la relaci\u00f3 laboral empleat- ocupador.<\/p>\n\n<h3 class=\"wp-block-heading\">Enviament de Newsletter<\/h3>\n\n<p>La Confederaci\u00f3 Don Bosco realitza l&#8217;enviament de butlletins \/ Newsletter a aquelles persones que ho han sol\u00b7licitat, o b\u00e9 que hagin autoritzat l&#8217;enviament de la mateixa en el moment d&#8217;inscripci\u00f3 en alguna altra activitat de la Confederaci\u00f3. Per a aix\u00f2 \u00e9s necessari que les persones ens facilitin nom, cognom i correu electr\u00f2nic.<br\/>Aquesta informaci\u00f3 ser\u00e0 emmagatzemada en una base de dades de Confederaci\u00f3 de Centres Juvenils Don Bosco d&#8217;Espanya en la qual quedar\u00e0 registrada fins que l&#8217;interessat sol\u00b7liciti la baixa de la mateixa o, si escau, es cessament per part de Confederaci\u00f3 de Centres Juvenils Don Bosco d&#8217;Espanya de l&#8217;enviament de la mateixa. La resta de dades<br\/>facilitats en la participaci\u00f3 d&#8217;un esdeveniment es mantindran en els termes indicats en el seu corresponent moment.<br\/>La base legal per al tractament d&#8217;aquestes dades personals \u00e9s el consentiment expr\u00e9s prestat per tots aquells interessats que se subscriguin en aquest servei marcant la casella destinada a aquest efecte.<br\/>Les dades (nom, cognoms i correu electr\u00f2nic) seran \u00fanicament tractats i emmagatzemats amb la finalitat de gestionar l&#8217;enviament de la Newsletter per part dels usuaris que sol\u00b7licitin la mateixa.<br\/>Per a l&#8217;enviament de la Newsletter, es demanar\u00e0 el consentiment expr\u00e9s de l&#8217;usuari a l&#8217;hora de realitzar el registre en ella marcant la casella destinada a aquest efecte. Referent a aix\u00f2, l&#8217;usuari podr\u00e0 revocar el consentiment prestat, dirigint-se a Confederaci\u00f3 de Centres Juvenils Don Bosco d&#8217;Espanya fent \u00fas dels mitjans indicats anteriorment. En qualsevol cas, en cada comunicaci\u00f3, se li donar\u00e0 la possibilitat de donar-se de baixa en la recepci\u00f3 de les mateixes, ja sigui per mitj\u00e0 d&#8217;un link i \/ o adre\u00e7a de correu electr\u00f2nic.<br\/>L&#8217;enviament de la newsletter es realitza utilitzant la plataforma Mailchimp, radicada als EUA per la qual cosa es produeix una transfer\u00e8ncia internacional de dades emparada per l&#8217;acord Uni\u00f3 Europea &#8211; Estats Units denominat Privacy Shield <a href=\"https:\/\/www.privacyshield.gov\/list\" target=\"_blank\" rel=\"noreferrer noopener\">https:\/\/www.privacyshield.gov\/list<\/a><\/p>\n","protected":false},"excerpt":{"rendered":"<p>Introducci\u00f3 La Pol\u00edtica de Privacitat forma part de l&#8217;Av\u00eds Legal que regeix la p\u00e0gina web: www.confedonbosco.org.La p\u00e0gina web www.confedonbosco.org \u00e9s titularitat de Confederaci\u00f3 de Centres Juvenils Don Bosco d&#8217;Espanya i compleix amb els requisits derivats de laLlei 34\/2002, de 11 de juliol, de Serveis de la Societat de la Informaci\u00f3 i de Comer\u00e7 Electr\u00f2nic, y&hellip;<\/p>\n","protected":false},"author":27,"featured_media":0,"parent":0,"menu_order":0,"comment_status":"closed","ping_status":"closed","template":"","meta":{"_monsterinsights_skip_tracking":false,"_monsterinsights_sitenote_active":false,"_monsterinsights_sitenote_note":"","_monsterinsights_sitenote_category":0,"footnotes":""},"class_list":["post-2876","page","type-page","status-publish","hentry","description-off"],"_links":{"self":[{"href":"https:\/\/confedonbosco.org\/ca\/wp-json\/wp\/v2\/pages\/2876","targetHints":{"allow":["GET"]}}],"collection":[{"href":"https:\/\/confedonbosco.org\/ca\/wp-json\/wp\/v2\/pages"}],"about":[{"href":"https:\/\/confedonbosco.org\/ca\/wp-json\/wp\/v2\/types\/page"}],"author":[{"embeddable":true,"href":"https:\/\/confedonbosco.org\/ca\/wp-json\/wp\/v2\/users\/27"}],"replies":[{"embeddable":true,"href":"https:\/\/confedonbosco.org\/ca\/wp-json\/wp\/v2\/comments?post=2876"}],"version-history":[{"count":1,"href":"https:\/\/confedonbosco.org\/ca\/wp-json\/wp\/v2\/pages\/2876\/revisions"}],"predecessor-version":[{"id":2877,"href":"https:\/\/confedonbosco.org\/ca\/wp-json\/wp\/v2\/pages\/2876\/revisions\/2877"}],"wp:attachment":[{"href":"https:\/\/confedonbosco.org\/ca\/wp-json\/wp\/v2\/media?parent=2876"}],"curies":[{"name":"wp","href":"https:\/\/api.w.org\/{rel}","templated":true}]}}