{"id":2857,"date":"2021-08-31T10:13:15","date_gmt":"2021-08-31T10:13:15","guid":{"rendered":"https:\/\/www.confedonbosco.org\/normativa-de-galetes\/"},"modified":"2021-08-31T10:13:18","modified_gmt":"2021-08-31T10:13:18","slug":"normativa-de-galetes","status":"publish","type":"page","link":"https:\/\/confedonbosco.org\/ca\/normativa-de-galetes\/","title":{"rendered":"Normativa de galetes"},"content":{"rendered":"\n<p>Aquesta Pol\u00edtica de Cookies \u00e9s part integrant de l&#8217;Av\u00eds Legal i la <a rel=\"noreferrer noopener\" href=\"http:\/\/www.confedonbosco.org\/politica-privacidad\/\" data-type=\"page\" data-id=\"3\" target=\"_blank\">Pol\u00edtica de Privacitat<\/a>de Confederaci\u00f3 de Centres Juvenils Don Bosco d&#8217;Espanya. L&#8217;acc\u00e9s i la navegaci\u00f3 en el lloc, o l&#8217;\u00fas dels serveis de la mateixa, impliquen l&#8217;acceptaci\u00f3 de les Condicions Generals establertes al nostre Av\u00eds Legal (i per tant de la <a rel=\"noreferrer noopener\" href=\"http:\/\/www.confedonbosco.org\/politica-privacidad\/\" target=\"_blank\">Pol\u00edtica de Privacitat<\/a> i Pol\u00edtica de Cookies). Si us plau, llegiu-atentament. T&#8217;agra\u00efm que hagis decidit visitar-nos. Volem que la teva experi\u00e8ncia en el lloc sigui el millor possible, i per aquest motiu hem escrit aquesta Pol\u00edtica de Cookies de la forma m\u00e9s transparent possible.<\/p>\n\n<div style=\"height:40px\" aria-hidden=\"true\" class=\"wp-block-spacer\"><\/div>\n\n<h3 class=\"wp-block-heading\">Qu\u00e8 \u00e9s una galeta?<\/h3>\n\n<p>Les cookies s\u00f3n arxius que cont\u00e9 petites quantitats d&#8217;informaci\u00f3 que es descarreguen en el dispositiu de l&#8217;usuari que s&#8217;utilitza quan visites un lloc web.<br\/>La seva finalitat principal \u00e9s recon\u00e8ixer a l&#8217;usuari cada vegada que accedeix a www.confedonbosco.org ens permet, a m\u00e9s, millorar la qualitat i la usabilitat del nostre web.<br\/>Les cookies s\u00f3n essencials per al funcionament d&#8217;Internet; no poden danyar l&#8217;equip \/ dispositiu de l&#8217;usuari i, si es troben activades en la configuraci\u00f3 del teu navegador, ens ajuden a identificar i resoldre possibles errors de funcionament de www.confedonbosco.org.<\/p>\n\n<h5 class=\"wp-block-heading\">Tipus de Cookies:<\/h5>\n\n<p>Hi ha diferents tipus de galetes. Totes elles treballen de la mateixa manera, per\u00f2 tenen petites difer\u00e8ncies:<\/p>\n\n<ul class=\"wp-block-list\"><li><strong>Galetes de sessi\u00f3.<\/strong> Les galetes de sessi\u00f3 duren nom\u00e9s per la durada de la teva visita i s&#8217;esborren quan tanques el navegador. La seva finalitat principal \u00e9s identificar el tipus de dispositiu, donar suport a la seguretat lloc web o la seva funcionalitat b\u00e0sica. No contenen informaci\u00f3 personal que ens permet identificar una persona.<\/li><li><strong>Galetes Persistents o Permanents.<\/strong> S&#8217;emmagatzemen en el disc dur de l&#8217;dispositiu i la nostra web les llegeix cada vegada que fas una nova visita a www.confedonbosco.org; posseeix una data de caducitat o expiraci\u00f3 determinada, complerta la qual la galeta deixa de funcionar. Ens permeten identificar les teves accions i prefer\u00e8ncies; analitzar les visites i ens ajuden a comprendre com arriben els usuaris a la nostra p\u00e0gina i millorar els nostres serveis.<\/li><li><strong>Galetes de Funcionalitat. <\/strong>Permeten a www.confedonbosco.org recorder decisions adoptades per l&#8217;usuari, com el seu login o identificador. La informaci\u00f3 d&#8217;aquestes galetes recullen es anonimiza (\u00e9s a dir, no cont\u00e9 ni el teu nom, adre\u00e7a, o altres dades).<\/li><li><strong>Galetes de Tercers. <\/strong>Les galetes de tercers s\u00f3n les galetes que instal un lloc web que no \u00e9s el que est\u00e0s visitant; per exemple, les usades per xarxes socials (com Facebook) o per complements externs de contingut (com Google Maps). A m\u00e9s, algunes empreses de publicitat fan servir aquest tipus d&#8217;arxius per realitzar un seguiment de les teves visites a cada lloc en qu\u00e8 s&#8217;anuncien.<\/li><li><strong>Galetes Anal\u00edtiques. <\/strong>S\u00f3n galetes que tenen per finalitat el manteniment peri\u00f2dic i garantir el millor funcionament i servei a l&#8217;usuari; recopilant dades de la teva activitat.<\/li><\/ul>\n<div style=\"height:40px\" aria-hidden=\"true\" class=\"wp-block-spacer\"><\/div>\n\n<h3 class=\"wp-block-heading\">\u00das de Cookies per part de www.confedonbosco.org<\/h3>\n\n<p>Mitjan\u00e7ant l&#8217;acc\u00e9s a www.confedonbosco.org, acceptades de manera expressa que puguem usar aquest tipus de cookies en els teus dispositius. Si desactives les cookies, pot ser que la teva navegaci\u00f3 per www.confedonbosco.org no sigui \u00f2ptima i algunes de les utilitats que disposa www.confedonbosco.org no funcionin correctament.<\/p>\n\n<h5 class=\"wp-block-heading\">Galetes pr\u00f2pies<\/h5>\n\n<p>No utilitzem cookies pr\u00f2pies.<\/p>\n\n<h5 class=\"wp-block-heading\">Galetes de Tercers: Galetes de Google Analytics<\/h5>\n\n<p>El lloc utilitza el servei Google Analytics, que \u00e9s prestat per Google, Inc., entitat t\u00e9 l&#8217;oficina principal a 1600 Amphitheatre Parkway, Mountain View (Calif\u00f2rnia), CA 94043, Estats Units (&#8220;Google&#8221;). Google Analytics utilitza cookies per ajudar-nos a analitzar l&#8217;\u00fas que fan els usuaris de el lloc. La informaci\u00f3 que genera la cookie sobre el teu \u00fas de el lloc (incloent la teva adre\u00e7a IP) ser\u00e0 directament transmesa i arxivada per Google en els seus servidors d&#8217;Estats Units. Google utilitzar\u00e0 aquesta informaci\u00f3 per compte nostre amb el prop\u00f2sit de seguir la pista del teu \u00fas de el lloc, recopilant informes de l&#8217;activitat de el lloc i prestant altres serveis relacionats amb l&#8217;activitat de el lloc i l&#8217;\u00fas d&#8217;Internet. Google podr\u00e0 transmetre aquesta informaci\u00f3 a tercers quan aix\u00ed li ho requereixi la legislaci\u00f3, o quan aquests tercers processin la informaci\u00f3 per compte de Google. Google no associar\u00e0 la teva adre\u00e7a IP amb cap altra dada de qu\u00e8 disposi Google.<br\/>Si vols pots rebutjar el tractament de les dades o la informaci\u00f3 rebutjant l&#8217;\u00fas de cookies mitjan\u00e7ant la selecci\u00f3 de la configuraci\u00f3 apropiada del seu navegador. No obstant aix\u00f2, si ho fas, pot ser que no puguis utilitzar la plena funcionalitat d&#8217;aquest lloc. A l&#8217;utilitzar aquest lloc conscients el tractament la teva informaci\u00f3 per Google en la forma i per als fins dalt indicats. M\u00e9s informaci\u00f3 a <a rel=\"noreferrer noopener\" href=\"https:\/\/www.google.es\/intl\/es\/policies\/technologies\/cookies\/\" target=\"_blank\">https:\/\/www.google.es\/intl\/es\/policies\/technologies\/cookies\/<\/a>.<br\/>Google ha desenvolupat un complement que pot instal\u00b7lar en el seu navegador si voleu no ser rastrejat pels seus galetes: <a rel=\"noreferrer noopener\" href=\"https:\/\/tools.google.com\/dlpage\/gaoptout\" target=\"_blank\">https:\/\/tools.google.com\/dlpage\/gaoptout<\/a>.<\/p>\n\n<h6 class=\"wp-block-heading\">Galetes anal\u00edtiques<\/h6>\n\n<figure class=\"wp-block-table is-style-stripes\"><table><thead><tr><th>Nom<\/th><th>Prop\u00f2sito<\/th><\/tr><\/thead><tbody><tr><td>_utma<\/td><td>Es fa servir per distingir usuaris i sessions. La galeta es crea quan s&#8217;executa la biblioteca JavaScript i no hi ha cap galeta __utma.<br\/>La galeta s&#8217;actualitza cada vegada que s&#8217;envien dades a Google Analytics.<\/td><\/tr><tr><td>_utmt<\/td><td>S&#8217;usa per limitar el percentatge de sol\u00b7licituds..<\/td><\/tr><tr><td>_utmb<\/td><td>Es fa servir per determinar noves sessions o visites. La galeta es crea quan s&#8217;executa la biblioteca JavaScript i no hi ha cap galeta __utmb. La galeta s&#8217;actualitza cada vegada que s&#8217;envien dades a Google Analytics.<\/td><\/tr><tr><td>_utmc<\/td><td>No s&#8217;usa en ga.js. Es configura per interactuar amb urchin.js.<br\/>Anteriorment, aquesta galeta actuava juntament amb la galeta __utmb per determinar si l&#8217;usuari estava en una nova sessi\u00f3 o visita.<\/td><\/tr><tr><td>_utmz<\/td><td>Almacena la fuente de tr\u00e1fico o la campa\u00f1a que explica c\u00f3mo ha llegado el usuario al sitio. La galeta es crea quan s&#8217;executa la biblioteca JavaScript i s&#8217;actualitza cada vegada que s&#8217;envien dades a Google Analytics.<\/td><\/tr><tr><td>_utmv<\/td><td>Es fa servir per emmagatzemar dades de variables personalitzades de visitant. Aquesta galeta es crea quan un programador fa servir el m\u00e8tode _setCustomVar amb una variable personalitzada de visitant. Tamb\u00e9 es feia servir per al m\u00e8tode _setVar retirat. La galeta s&#8217;actualitza cada vegada que s&#8217;envien dades a Google Analytics.<\/td><\/tr><tr><td>_ga<\/td><td>S&#8217;usa per diferenciar entre usuaris i sessions. La galeta es crea a l&#8217;carregar la llibreria javascript i no hi ha una versi\u00f3 pr\u00e8via de la galeta _ga. La galeta s&#8217;actualitza cada vegada que envia les dades a Google Analytics.<\/td><\/tr><tr><td>_gat<\/td><td>Es fa servir per diferenciar entre els diferents objectes de seguiment creats a la sessi\u00f3. La galeta es crea a l&#8217;carregar la llibreria javascript i no hi ha una versi\u00f3 pr\u00e8via de la galeta _gat. La galeta s&#8217;actualitza cada vegada que envia les dades a Google Analytics.<\/td><\/tr><\/tbody><\/table><\/figure>\n<div style=\"height:30px\" aria-hidden=\"true\" class=\"wp-block-spacer\"><\/div>\n\n<h5 class=\"wp-block-heading\">Galetes de Tercers: Galetes de WPML<\/h5>\n\n<p>WPML utilitza cookies per identificar l&#8217;idioma actual de l&#8217;visitant, l&#8217;\u00faltim idioma visitat i l&#8217;idioma dels usuaris que han iniciat sessi\u00f3. No es compartir\u00e0 cap dada personal de l&#8217;usuari.<\/p>\n\n<div style=\"height:30px\" aria-hidden=\"true\" class=\"wp-block-spacer\"><\/div>\n\n<h5 class=\"wp-block-heading\">Hirugarrenen cookieak: WordPress cookieak<\/h5>\n\n<p>Si deixes un comentari al nostre lloc pots triar guardar el teu nom, adre\u00e7a de correu electr\u00f2nic i web a galetes. Aix\u00f2 \u00e9s per a la teva comoditat, perqu\u00e8 no hagis de tornar a omplir les teves dades quan deixis un altre comentari. Aquestes galetes tindran una durada d&#8217;un any.<\/p>\n\n<p>Si tens un compte i et connectes a aquest lloc, instal\u00b7larem una cookie temporal per determinar si el teu navegador accepta cookies. Aquesta galeta no cont\u00e9 dades personals i s&#8217;elimina a l&#8217;tancar el navegador.<\/p>\n\n<p>Quan accedeixis, tamb\u00e9 instal\u00b7larem m\u00e9s galetes per guardar la teva informaci\u00f3 d&#8217;acc\u00e9s i les teves opcions de visualitzaci\u00f3 de pantalla. Les galetes d&#8217;acc\u00e9s duren dos dies, i les galetes d&#8217;opcions de pantalla duren un any. Si selecciones \u00abRecu\u00e9rdarme\u00bb, el teu acc\u00e9s perdurar\u00e0 durant dues setmanes. Si surts del teu compte, les galetes d&#8217;acc\u00e9s s&#8217;eliminaran.<\/p>\n\n<p>Si edites o publiques un article es guardar\u00e0 una galeta addicional al teu navegador. Aquesta galeta no inclou dades personals i simplement indica l&#8217;identificador de l&#8217;article que acabes d&#8217;editar. Caduca despr\u00e9s d&#8217;1 dia.<\/p>\n\n<div style=\"height:30px\" aria-hidden=\"true\" class=\"wp-block-spacer\"><\/div>\n\n<h5 class=\"wp-block-heading\">Configuraci\u00f3 de l&#8217;usuari per evitar Galetes<\/h5>\n\n<p>Des www.confedonbosco.org i en compliment de la normativa legal vigent, posem a la teva disposici\u00f3 la informaci\u00f3 que et permeti configurar el teu navegador \/ navegadors d&#8217;Internet per mantenir la teva privacitat i seguretat en relaci\u00f3 a les galetes. Per aix\u00f2, et facilitem la informaci\u00f3 i enlla\u00e7os als situats de suport oficials dels principals navegadors perqu\u00e8 puguis decidir si vols o no acceptar l&#8217;\u00fas de cookies.<\/p>\n\n<p>Aix\u00ed, pots bloquejar les galetes a trav\u00e9s de les eines de configuraci\u00f3 de el navegador o b\u00e9 pots configurar el teu navegador perqu\u00e8 et avisi quan un servidor vulgui guardar una galeta:<\/p>\n\n<p><strong>a)<\/strong>Si utilitzes Microsoft Internet Explorer, en l&#8217;opci\u00f3 de men\u00fa Eines &gt; Opciones d&#8217;Internet &gt; Privacitat &gt; Configuraci\u00f3. Per saber m\u00e9s visita<br\/><a rel=\"noreferrer noopener\" href=\"https:\/\/support.microsoft.com\/es-es\/help\/17442\/windows-internet-explorer-delete-manage-cookies\" target=\"_blank\">https:\/\/support.microsoft.com\/es-es\/help\/17442\/windows-internet-explorer-delete-manage-cookies<\/a><br\/><strong>b)<\/strong> Si utilitzes Firefox, en l&#8217;opci\u00f3 de men\u00fa Eines &gt; Opcions &gt; Privadesa &gt; Galetes. Per saber m\u00e9s visita <a rel=\"noreferrer noopener\" href=\"https:\/\/support.mozilla.org\/es\/kb\/Deshabilitar%20cookies%20de%20terceros\" target=\"_blank\">https:\/\/support.mozilla.org\/es\/kb\/Deshabilitar%20cookies%20de%20terceros<\/a><br\/><strong>c)<\/strong>Si utilitzes Chrome, a la secci\u00f3 d&#8217;Opcions &gt; Opcions avan\u00e7ades &gt; Privadesa. Per saber-ne m\u00e9s <a href=\"http:\/\/support.google.com\/chrome\/bin\/answer.py?hl=es&amp;answer=95647\">http:\/\/support.google.com\/chrome\/bin\/answer.py?hl=es&amp;answer=95647<\/a><br\/><strong>d<\/strong>) Si utilitzes Opera, en l&#8217;opci\u00f3 de Seguretat i privadesa, podr\u00e0s configurar el navegador. Per saber m\u00e9s visita <a rel=\"noreferrer noopener\" href=\"http:\/\/www.opera.com\/help\/tutorials\/security\/cookies\/\" target=\"_blank\">http:\/\/www.opera.com\/help\/tutorials\/security\/cookies\/<\/a><br\/><strong>e)<\/strong> Si utilitzes Safari, en l&#8217;opci\u00f3 Prefer\u00e8ncies &gt; Seguretat o Privadesa, podr\u00e0s configurar Navegador. Per saber m\u00e9s visita: <a rel=\"noreferrer noopener\" href=\"\/\/support.apple.com\/kb\/PH21411?viewlocale=es_ES&amp;locale=es_ES\" target=\"_blank\">hhttps:\/\/support.apple.com\/kb\/PH21411?viewlocale=es_ES&amp;locale=es_ES<\/a><br\/><strong>f)<\/strong> Si voleu desactivar Google Universal Analytics, podeu instal\u00b7lar la seg\u00fcent extensi\u00f3 proporcionada per Google:<a rel=\"noreferrer noopener\" href=\"https:\/\/tools.google.com\/dlpage\/gaoptout\" target=\"_blank\"> https:\/\/tools.google.com\/dlpage\/gaoptout<\/a><\/p>\n","protected":false},"excerpt":{"rendered":"<p>Aquesta Pol\u00edtica de Cookies \u00e9s part integrant de l&#8217;Av\u00eds Legal i la Pol\u00edtica de Privacitatde Confederaci\u00f3 de Centres Juvenils Don Bosco d&#8217;Espanya. L&#8217;acc\u00e9s i la navegaci\u00f3 en el lloc, o l&#8217;\u00fas dels serveis de la mateixa, impliquen l&#8217;acceptaci\u00f3 de les Condicions Generals establertes al nostre Av\u00eds Legal (i per tant de la Pol\u00edtica de Privacitat&hellip;<\/p>\n","protected":false},"author":27,"featured_media":0,"parent":0,"menu_order":0,"comment_status":"closed","ping_status":"closed","template":"","meta":{"_monsterinsights_skip_tracking":false,"_monsterinsights_sitenote_active":false,"_monsterinsights_sitenote_note":"","_monsterinsights_sitenote_category":0,"footnotes":""},"class_list":["post-2857","page","type-page","status-publish","hentry","description-off"],"_links":{"self":[{"href":"https:\/\/confedonbosco.org\/ca\/wp-json\/wp\/v2\/pages\/2857","targetHints":{"allow":["GET"]}}],"collection":[{"href":"https:\/\/confedonbosco.org\/ca\/wp-json\/wp\/v2\/pages"}],"about":[{"href":"https:\/\/confedonbosco.org\/ca\/wp-json\/wp\/v2\/types\/page"}],"author":[{"embeddable":true,"href":"https:\/\/confedonbosco.org\/ca\/wp-json\/wp\/v2\/users\/27"}],"replies":[{"embeddable":true,"href":"https:\/\/confedonbosco.org\/ca\/wp-json\/wp\/v2\/comments?post=2857"}],"version-history":[{"count":3,"href":"https:\/\/confedonbosco.org\/ca\/wp-json\/wp\/v2\/pages\/2857\/revisions"}],"predecessor-version":[{"id":2864,"href":"https:\/\/confedonbosco.org\/ca\/wp-json\/wp\/v2\/pages\/2857\/revisions\/2864"}],"wp:attachment":[{"href":"https:\/\/confedonbosco.org\/ca\/wp-json\/wp\/v2\/media?parent=2857"}],"curies":[{"name":"wp","href":"https:\/\/api.w.org\/{rel}","templated":true}]}}