{"id":2733,"date":"2021-08-31T09:04:01","date_gmt":"2021-08-31T09:04:01","guid":{"rendered":"https:\/\/www.confedonbosco.org\/qui-som\/la-nostra-historia\/"},"modified":"2021-08-31T09:04:07","modified_gmt":"2021-08-31T09:04:07","slug":"la-nostra-historia","status":"publish","type":"page","link":"https:\/\/confedonbosco.org\/ca\/qui-som\/la-nostra-historia\/","title":{"rendered":"La nostra hist\u00f2ria"},"content":{"rendered":"<div class=\"wpb-content-wrapper\"><p>[vc_row css=&#8221;.vc_custom_1621936137413{margin-bottom: 2em !important;}&#8221;][vc_column][vc_column_text css_animation=&#8221;left-to-right&#8221;]<\/p>\n<h6><strong>El 1991, les federacions de centres Juvenils Salesians van decidir crear la <span class=\"dt-highlight\" style=\"color: #474647; background: #EEB238 !important;\">Confederaci\u00f3n Don Bosco<\/span>.<\/strong><\/h6>\n<p>[\/vc_column_text][vc_column_text]A principis dels anys 90, hi havia a Espanya quatre Federacions de Centres Juvenils Salesians: Federaci\u00f3 El Pati d&#8217;Andalusia, Federaci\u00f3 Don Bosco de Catalunya, Federaci\u00f3 Valdoco de Madrid i Federaci\u00f3 Don Bosco de la Comunitat Valenciana.<\/p>\n<p>Reunides el 12 de maig de 1991, en el marc de la <span class=\"dt-highlight\" style=\"color: #fff; background: #B25093 !important;\"><strong>VIII Trobada Estatal de Centres Juvenils<\/strong><\/span> celebrat a la ciutat de Pamplona, van decidir constituir-se en una estructura d&#8217;\u00e0mbit estatal: la <strong>Confederaci\u00f3n de Centros Juveniles Don Bosco de Espa\u00f1a<\/strong>.<\/p>\n<p>Aix\u00ed naixia la Confederaci\u00f3 Don Bosco amb la <strong>vocaci\u00f3 d&#8217;ajudar els centres locals<\/strong> a trav\u00e9s de les seves federacions, oferint-vies legals i de participaci\u00f3, recursos formatius, recursos t\u00e8cnics i econ\u00f2mics, suport i assessorament. Qualsevol iniciativa, que contribueixi al seu desenvolupament i creixement com a estructures d&#8217;educaci\u00f3, prevenci\u00f3 i participaci\u00f3 juvenil.[\/vc_column_text][vc_row_inner equal_height=&#8221;yes&#8221; content_placement=&#8221;middle&#8221;][vc_column_inner width=&#8221;1\/6&#8243;]<div class=\"ult-animation  ult-no-mobile \" data-animate=\"infinite InfinitePulse\" data-animation-delay=\"0\" data-animation-duration=\"3\" data-animation-iteration=\"infinite\" style=\"\" >[vc_single_image image=&#8221;620&#8243; img_size=&#8221;&#8221; alignment=&#8221;center&#8221;]<\/div>[\/vc_column_inner][vc_column_inner width=&#8221;5\/6&#8243; css=&#8221;.vc_custom_1621935061407{border-top-width: 0px !important;border-right-width: 0px !important;border-bottom-width: 0px !important;border-left-width: 5px !important;padding-top: 5px !important;padding-bottom: 5px !important;border-left-color: #eeb238 !important;border-left-style: solid !important;border-right-color: #eeb238 !important;border-right-style: solid !important;border-top-color: #eeb238 !important;border-top-style: solid !important;border-bottom-color: #eeb238 !important;border-bottom-style: solid !important;}&#8221;][vc_column_text css=&#8221;.vc_custom_1621935068938{margin-bottom: 5px !important;}&#8221;]<span style=\"font-size: 20px;line-height: 30px\">La Confederaci\u00f3 Don Bosco s&#8217;ha consolidat, en aquests anys d&#8217;exist\u00e8ncia, un model estructural i de participaci\u00f3 totalment capacitat per desenvolupar les seves comeses, que est\u00e0 a l&#8217;servei de tots els centres juvenils de Salesians i Salesianes d&#8217;Espanya, tamb\u00e9 dels que els que no participen de les estructures federatives per\u00f2 comparteixen la nostra identitat i carisma.<\/span>[\/vc_column_text][\/vc_column_inner][\/vc_row_inner][\/vc_column][\/vc_row][vc_row full_width=&#8221;stretch_row&#8221; content_placement=&#8221;bottom&#8221; bg_type=&#8221;bg_color&#8221; bg_override=&#8221;full&#8221; seperator_enable=&#8221;seperator_enable_value&#8221; seperator_type=&#8221;tilt_right_seperator&#8221; bg_color_value=&#8221;#474647&#8243;][vc_column]<div id=\"ultimate-heading-774169e5cf4176fbf\" class=\"uvc-heading ult-adjust-bottom-margin ultimate-heading-774169e5cf4176fbf uvc-9012  uvc-heading-default-font-sizes\" data-hspacer=\"no_spacer\"  data-halign=\"center\" style=\"text-align:center\"><div class=\"uvc-heading-spacer no_spacer\" style=\"top\"><\/div><div class=\"uvc-main-heading ult-responsive\"  data-ultimate-target='.uvc-heading.ultimate-heading-774169e5cf4176fbf h3'  data-responsive-json-new='{\"font-size\":\"\",\"line-height\":\"\"}' ><h3 style=\"--font-weight:theme;color:#eeb238;margin-top:1em;margin-bottom:1em;\">L\u00ednia temporal<\/h3><\/div><\/div>[\/vc_column][\/vc_row][vc_row full_width=&#8221;stretch_row&#8221; bg_type=&#8221;image&#8221; parallax_style=&#8221;vcpb-vz-jquery&#8221; bg_image_new=&#8221;id^314|url^http:\/\/www.confedonbosco.org\/wp-content\/uploads\/2021\/05\/Parallax-intro-2-1.png|caption^null|alt^null|title^Parallax-intro-2|description^null&#8221; bg_image_repeat=&#8221;repeat-y&#8221; bg_img_attach=&#8221;fixed&#8221; bg_override=&#8221;full&#8221; css=&#8221;.vc_custom_1621963135646{padding-bottom: 2em !important;}&#8221;][vc_column]<div class=\"smile-icon-timeline-wrap csstime   \"  data-time_sep_bg_color=&quot;#eeb238&quot; data-time_block_bg_color=&quot;#ededed&quot; data-time_sep_color=&quot;#474647&quot; style=\"\"><div class=\"timeline-line \" style=\"border-right-color:#474647;\"><span><\/span><\/div><div class=\"timeline-wrapper\"><\/div>\n\t\t\t\t<div id=\"timeline-seperator-4250\" class=\"timeline-separator-text \" data-sep-col=\"#474647\" data-sep-bg-col=\"\"><span class=\"sep-text ult-responsive\"  data-ultimate-target='#timeline-seperator-4250 .sep-text'  data-responsive-json-new='{\"font-size\":\"\",\"line-height\":\"\"}'  style=\"color:#474647;border-style:solid;border-color:#eeb238;border-width:2px;border-radius:0px;\">1991<\/span><\/div><div class=\"timeline-wrapper \"><div class=\"timeline-block \"><div class=\"timeline-dot\"><\/div><div class=\"ult-timeline-arrow\"><s><\/s><l><\/l><\/div><div class=\"timeline-icon-block\"><div class=\"ult-timeline-icon \" style=\"   \"><div class=\"ult-just-icon-wrapper  \"><div class=\"align-icon\" style=\"text-align:center;\">\n<div class=\"aio-icon advanced \"  style=\"color:#eeb238;background:#ffffff;border-style:solid;border-color:#474647;border-width:1px;width:35px;height:35px;line-height:35px;border-radius:500px;font-size:22px;display:inline-block;\">\n\t<i class=\"fasfa-star\"><\/i>\n<\/div><\/div><\/div><\/div> <!-- icon --><\/div><div class=\"timeline-header-block\" >\n\t\t\t\t\t\t\t<div id=\"timeline-item-7301\" class=\"timeline-header\" style=\"\"><h3 class=\"ult-timeline-title ult-responsive\"  data-ultimate-target='#timeline-item-7301 .ult-timeline-title'  data-responsive-json-new='{\"font-size\":\"\",\"line-height\":\"\"}'  style=\"\">Naixement de la Federaci\u00f3 Don Bosco<\/h3><div class=\"ult-responsive timeline-item-spt\"  data-ultimate-target='#timeline-item-7301 .timeline-item-spt'  data-responsive-json-new='{\"font-size\":\"\",\"line-height\":\"\"}'  style=\"\">Maig 12<\/p>\n<p><img loading=\"lazy\" decoding=\"async\" class=\"alignnone size-medium wp-image-1568\" src=\"https:\/\/www.confedonbosco.org\/wp-content\/uploads\/2021\/06\/Cartel-firma-Confederacion-Don-Bosco-219x300.jpg\" alt=\"\" width=\"219\" height=\"300\" srcset=\"https:\/\/confedonbosco.org\/wp-content\/uploads\/2021\/06\/Cartel-firma-Confederacion-Don-Bosco-219x300.jpg 219w, https:\/\/confedonbosco.org\/wp-content\/uploads\/2021\/06\/Cartel-firma-Confederacion-Don-Bosco-747x1024.jpg 747w, https:\/\/confedonbosco.org\/wp-content\/uploads\/2021\/06\/Cartel-firma-Confederacion-Don-Bosco-768x1053.jpg 768w, https:\/\/confedonbosco.org\/wp-content\/uploads\/2021\/06\/Cartel-firma-Confederacion-Don-Bosco.jpg 945w\" sizes=\"auto, (max-width: 219px) 100vw, 219px\" \/><\/div><\/div> <!-- header --><\/div><\/div><div class=\"timeline-block \"><div class=\"timeline-dot\"><\/div><div class=\"ult-timeline-arrow\"><s><\/s><l><\/l><\/div><div class=\"timeline-icon-block\"><div class=\"ult-timeline-icon \" style=\"   \"><div class=\"ult-just-icon-wrapper  \"><div class=\"align-icon\" style=\"text-align:center;\">\n<div class=\"aio-icon advanced \"  style=\"color:#b25093;background:#ffffff;border-style:solid;border-color:#474647;border-width:1px;width:35px;height:35px;line-height:35px;border-radius:500px;font-size:22px;display:inline-block;\">\n\t<i class=\"icomoon-the7-font-the7-plus-03\"><\/i>\n<\/div><\/div><\/div><\/div> <!-- icon --><\/div><div class=\"timeline-header-block\" >\n\t\t\t\t\t\t\t<div id=\"timeline-item-5754\" class=\"timeline-header\" style=\"\"><h3 class=\"ult-timeline-title ult-responsive\"  data-ultimate-target='#timeline-item-5754 .ult-timeline-title'  data-responsive-json-new='{\"font-size\":\"\",\"line-height\":\"\"}'  style=\"\">Incorporaci\u00f3 de les Federacions d'Andalusia, Catalunya, Madrid i Comunitat Valenciana<\/h3><div class=\"ult-responsive timeline-item-spt\"  data-ultimate-target='#timeline-item-5754 .timeline-item-spt'  data-responsive-json-new='{\"font-size\":\"\",\"line-height\":\"\"}'  style=\"\"><\/div><\/div> <!-- header --><\/div><\/div><\/div>\n\t\t\t\t<div id=\"timeline-seperator-5181\" class=\"timeline-separator-text \" data-sep-col=\"#474647\" data-sep-bg-col=\"\"><span class=\"sep-text ult-responsive\"  data-ultimate-target='#timeline-seperator-5181 .sep-text'  data-responsive-json-new='{\"font-size\":\"\",\"line-height\":\"\"}'  style=\"color:#474647;border-style:solid;border-color:#eeb238;border-width:2px;border-radius:0px;\">1991-1995<\/span><\/div><div class=\"timeline-wrapper \"><div class=\"timeline-block \"><div class=\"timeline-dot\"><\/div><div class=\"ult-timeline-arrow\"><s><\/s><l><\/l><\/div><div class=\"timeline-icon-block\"><div class=\"ult-timeline-icon \" style=\"   \"><div class=\"ult-just-icon-wrapper  \"><div class=\"align-icon\" style=\"text-align:center;\">\n<div class=\"aio-icon advanced \"  style=\"color:#b25093;background:#ffffff;border-style:solid;border-color:#474647;border-width:1px;width:35px;height:35px;line-height:35px;border-radius:500px;font-size:22px;display:inline-block;\">\n\t<i class=\"icomoon-the7-font-the7-plus-03\"><\/i>\n<\/div><\/div><\/div><\/div> <!-- icon --><\/div><div class=\"timeline-header-block\" >\n\t\t\t\t\t\t\t<div id=\"timeline-item-5127\" class=\"timeline-header\" style=\"\"><h3 class=\"ult-timeline-title ult-responsive\"  data-ultimate-target='#timeline-item-5127 .ult-timeline-title'  data-responsive-json-new='{\"font-size\":\"\",\"line-height\":\"\"}'  style=\"\">Incorporaci\u00f3 de les Federacions de M\u00farcia, Arag\u00f3, Gal\u00edcia, Castella i Lle\u00f3, Pa\u00eds Basc, i finalment, les Can\u00e0ries<\/h3><div class=\"ult-responsive timeline-item-spt\"  data-ultimate-target='#timeline-item-5127 .timeline-item-spt'  data-responsive-json-new='{\"font-size\":\"\",\"line-height\":\"\"}'  style=\"\"><\/div><\/div> <!-- header --><\/div><\/div><\/div>\n\t\t\t\t<div id=\"timeline-seperator-8987\" class=\"timeline-separator-text \" data-sep-col=\"#474647\" data-sep-bg-col=\"\"><span class=\"sep-text ult-responsive\"  data-ultimate-target='#timeline-seperator-8987 .sep-text'  data-responsive-json-new='{\"font-size\":\"\",\"line-height\":\"\"}'  style=\"color:#474647;border-style:solid;border-color:#eeb238;border-width:2px;border-radius:0px;\">2002<\/span><\/div><div class=\"timeline-wrapper \"><div class=\"timeline-block \"><div class=\"timeline-dot\"><\/div><div class=\"ult-timeline-arrow\"><s><\/s><l><\/l><\/div><div class=\"timeline-icon-block\"><div class=\"ult-timeline-icon \" style=\"   \"><div class=\"ult-just-icon-wrapper  \"><div class=\"align-icon\" style=\"text-align:center;\">\n<div class=\"aio-icon advanced \"  style=\"color:#23b2be;background:#ffffff;border-style:solid;border-color:#474647;border-width:1px;width:35px;height:35px;line-height:35px;border-radius:500px;font-size:22px;display:inline-block;\">\n\t<i class=\"fasfa-award\"><\/i>\n<\/div><\/div><\/div><\/div> <!-- icon --><\/div><div class=\"timeline-header-block\" >\n\t\t\t\t\t\t\t<div id=\"timeline-item-1637\" class=\"timeline-header\" style=\"\"><h3 class=\"ult-timeline-title ult-responsive\"  data-ultimate-target='#timeline-item-1637 .ult-timeline-title'  data-responsive-json-new='{\"font-size\":\"\",\"line-height\":\"\"}'  style=\"\">Reconeixement \u00abCreu de Plata de l'Ordre Civil de la Solidaritat\u00bb<\/h3><div class=\"ult-responsive timeline-item-spt\"  data-ultimate-target='#timeline-item-1637 .timeline-item-spt'  data-responsive-json-new='{\"font-size\":\"\",\"line-height\":\"\"}'  style=\"\"><\/div><\/div> <!-- header --><\/div><\/div><\/div>\n\t\t\t\t<div id=\"timeline-seperator-6925\" class=\"timeline-separator-text \" data-sep-col=\"#474647\" data-sep-bg-col=\"\"><span class=\"sep-text ult-responsive\"  data-ultimate-target='#timeline-seperator-6925 .sep-text'  data-responsive-json-new='{\"font-size\":\"\",\"line-height\":\"\"}'  style=\"color:#474647;border-style:solid;border-color:#eeb238;border-width:2px;border-radius:0px;\">2004<\/span><\/div><div class=\"timeline-wrapper \"><div class=\"timeline-block \"><div class=\"timeline-dot\"><\/div><div class=\"ult-timeline-arrow\"><s><\/s><l><\/l><\/div><div class=\"timeline-icon-block\"><div class=\"ult-timeline-icon \" style=\"   \"><div class=\"ult-just-icon-wrapper  \"><div class=\"align-icon\" style=\"text-align:center;\">\n<div class=\"aio-icon advanced \"  style=\"color:#23b2be;background:#ffffff;border-style:solid;border-color:#474647;border-width:1px;width:35px;height:35px;line-height:35px;border-radius:500px;font-size:22px;display:inline-block;\">\n\t<i class=\"fasfa-award\"><\/i>\n<\/div><\/div><\/div><\/div> <!-- icon --><\/div><div class=\"timeline-header-block\" >\n\t\t\t\t\t\t\t<div id=\"timeline-item-6202\" class=\"timeline-header\" style=\"\"><h3 class=\"ult-timeline-title ult-responsive\"  data-ultimate-target='#timeline-item-6202 .ult-timeline-title'  data-responsive-json-new='{\"font-size\":\"\",\"line-height\":\"\"}'  style=\"\">Guard\u00f3 a la traject\u00f2ria de Solidaritat social<\/h3><div class=\"ult-responsive timeline-item-spt\"  data-ultimate-target='#timeline-item-6202 .timeline-item-spt'  data-responsive-json-new='{\"font-size\":\"\",\"line-height\":\"\"}'  style=\"\"><\/div><\/div> <!-- header --><\/div><\/div><\/div>\n\t\t\t\t<div id=\"timeline-seperator-2748\" class=\"timeline-separator-text \" data-sep-col=\"#474647\" data-sep-bg-col=\"\"><span class=\"sep-text ult-responsive\"  data-ultimate-target='#timeline-seperator-2748 .sep-text'  data-responsive-json-new='{\"font-size\":\"\",\"line-height\":\"\"}'  style=\"color:#474647;border-style:solid;border-color:#eeb238;border-width:2px;border-radius:0px;\">2013<\/span><\/div><div class=\"timeline-wrapper \"><div class=\"timeline-block \"><div class=\"timeline-dot\"><\/div><div class=\"ult-timeline-arrow\"><s><\/s><l><\/l><\/div><div class=\"timeline-icon-block\"><div class=\"ult-timeline-icon \" style=\"   \"><div class=\"ult-just-icon-wrapper  \"><div class=\"align-icon\" style=\"text-align:center;\">\n<div class=\"aio-icon advanced \"  style=\"color:#23b2be;background:#ffffff;border-style:solid;border-color:#474647;border-width:1px;width:35px;height:35px;line-height:35px;border-radius:500px;font-size:22px;display:inline-block;\">\n\t<i class=\"fasfa-award\"><\/i>\n<\/div><\/div><\/div><\/div> <!-- icon --><\/div><div class=\"timeline-header-block\" >\n\t\t\t\t\t\t\t<div id=\"timeline-item-4053\" class=\"timeline-header\" style=\"\"><h3 class=\"ult-timeline-title ult-responsive\"  data-ultimate-target='#timeline-item-4053 .ult-timeline-title'  data-responsive-json-new='{\"font-size\":\"\",\"line-height\":\"\"}'  style=\"\">Premi Reina Sofia Contra les Drogues<\/h3><div class=\"ult-responsive timeline-item-spt\"  data-ultimate-target='#timeline-item-4053 .timeline-item-spt'  data-responsive-json-new='{\"font-size\":\"\",\"line-height\":\"\"}'  style=\"\"><\/div><\/div> <!-- header --><\/div><\/div><\/div>\n\t\t\t\t<div id=\"timeline-seperator-1384\" class=\"timeline-separator-text \" data-sep-col=\"#474647\" data-sep-bg-col=\"\"><span class=\"sep-text ult-responsive\"  data-ultimate-target='#timeline-seperator-1384 .sep-text'  data-responsive-json-new='{\"font-size\":\"\",\"line-height\":\"\"}'  style=\"color:#474647;border-style:solid;border-color:#eeb238;border-width:2px;border-radius:0px;\">2015<\/span><\/div><div class=\"timeline-wrapper \"><div class=\"timeline-block \"><div class=\"timeline-dot\"><\/div><div class=\"ult-timeline-arrow\"><s><\/s><l><\/l><\/div><div class=\"timeline-icon-block\"><div class=\"ult-timeline-icon \" style=\"   \"><div class=\"ult-just-icon-wrapper  \"><div class=\"align-icon\" style=\"text-align:center;\">\n<div class=\"aio-icon advanced \"  style=\"color:#23b2be;background:#ffffff;border-style:solid;border-color:#474647;border-width:1px;width:35px;height:35px;line-height:35px;border-radius:500px;font-size:22px;display:inline-block;\">\n\t<i class=\"fasfa-award\"><\/i>\n<\/div><\/div><\/div><\/div> <!-- icon --><\/div><div class=\"timeline-header-block\" >\n\t\t\t\t\t\t\t<div id=\"timeline-item-4875\" class=\"timeline-header\" style=\"\"><h3 class=\"ult-timeline-title ult-responsive\"  data-ultimate-target='#timeline-item-4875 .ult-timeline-title'  data-responsive-json-new='{\"font-size\":\"\",\"line-height\":\"\"}'  style=\"\">Premi a la millor idea de l'any per al projecte Reconeix sobre el reconeixement de les habilitats adquirides en el voluntariat<\/h3><div class=\"ult-responsive timeline-item-spt\"  data-ultimate-target='#timeline-item-4875 .timeline-item-spt'  data-responsive-json-new='{\"font-size\":\"\",\"line-height\":\"\"}'  style=\"\"><\/div><\/div> <!-- header --><\/div><\/div><div class=\"timeline-block \"><div class=\"timeline-dot\"><\/div><div class=\"ult-timeline-arrow\"><s><\/s><l><\/l><\/div><div class=\"timeline-icon-block\"><div class=\"ult-timeline-icon \" style=\"   \"><div class=\"ult-just-icon-wrapper  \"><div class=\"align-icon\" style=\"text-align:center;\">\n<div class=\"aio-icon advanced \"  style=\"color:#eeb238;background:#ffffff;border-style:solid;border-color:#474647;border-width:1px;width:35px;height:35px;line-height:35px;border-radius:500px;font-size:22px;display:inline-block;\">\n\t<i class=\"fasfa-exchange-alt\"><\/i>\n<\/div><\/div><\/div><\/div> <!-- icon --><\/div><div class=\"timeline-header-block\" >\n\t\t\t\t\t\t\t<div id=\"timeline-item-6915\" class=\"timeline-header\" style=\"\"><h3 class=\"ult-timeline-title ult-responsive\"  data-ultimate-target='#timeline-item-6915 .ult-timeline-title'  data-responsive-json-new='{\"font-size\":\"\",\"line-height\":\"\"}'  style=\"\">Trasllat oficial de la Seu de la Confederaci\u00f3 a Madrid en el Marc de el Centre Nacional de Pastoral juvenil Salesiana<\/h3><div class=\"ult-responsive timeline-item-spt\"  data-ultimate-target='#timeline-item-6915 .timeline-item-spt'  data-responsive-json-new='{\"font-size\":\"\",\"line-height\":\"\"}'  style=\"\"><\/div><\/div> <!-- header --><\/div><\/div><\/div>\n\t\t\t\t<div id=\"timeline-seperator-5320\" class=\"timeline-separator-text \" data-sep-col=\"#474647\" data-sep-bg-col=\"\"><span class=\"sep-text ult-responsive\"  data-ultimate-target='#timeline-seperator-5320 .sep-text'  data-responsive-json-new='{\"font-size\":\"\",\"line-height\":\"\"}'  style=\"color:#474647;border-style:solid;border-color:#eeb238;border-width:2px;border-radius:0px;\">2016<\/span><\/div><div class=\"timeline-wrapper \"><div class=\"timeline-block \"><div class=\"timeline-dot\"><\/div><div class=\"ult-timeline-arrow\"><s><\/s><l><\/l><\/div><div class=\"timeline-icon-block\"><div class=\"ult-timeline-icon \" style=\"   \"><div class=\"ult-just-icon-wrapper  \"><div class=\"align-icon\" style=\"text-align:center;\">\n<div class=\"aio-icon advanced \"  style=\"color:#23b2be;background:#ffffff;border-style:solid;border-color:#474647;border-width:1px;width:35px;height:35px;line-height:35px;border-radius:500px;font-size:22px;display:inline-block;\">\n\t<i class=\"fasfa-award\"><\/i>\n<\/div><\/div><\/div><\/div> <!-- icon --><\/div><div class=\"timeline-header-block\" >\n\t\t\t\t\t\t\t<div id=\"timeline-item-8374\" class=\"timeline-header\" style=\"\"><h3 class=\"ult-timeline-title ult-responsive\"  data-ultimate-target='#timeline-item-8374 .ult-timeline-title'  data-responsive-json-new='{\"font-size\":\"\",\"line-height\":\"\"}'  style=\"\">Premi finalista a la Innovaci\u00f3 Social pel projecte Reconeix<\/h3><div class=\"ult-responsive timeline-item-spt\"  data-ultimate-target='#timeline-item-8374 .timeline-item-spt'  data-responsive-json-new='{\"font-size\":\"\",\"line-height\":\"\"}'  style=\"\"><\/div><\/div> <!-- header --><\/div><\/div><\/div><\/div>[\/vc_column][\/vc_row]<\/p>\n<\/div>","protected":false},"excerpt":{"rendered":"<p>[vc_row css=&#8221;.vc_custom_1621936137413{margin-bottom: 2em !important;}&#8221;][vc_column][vc_column_text css_animation=&#8221;left-to-right&#8221;] El 1991, les federacions de centres Juvenils Salesians van decidir crear la . [\/vc_column_text][vc_column_text]A principis dels anys 90, hi havia a Espanya quatre Federacions de Centres Juvenils Salesians: Federaci\u00f3 El Pati d&#8217;Andalusia, Federaci\u00f3 Don Bosco de Catalunya, Federaci\u00f3 Valdoco de Madrid i Federaci\u00f3 Don Bosco de la Comunitat Valenciana. Reunides&hellip;<\/p>\n","protected":false},"author":27,"featured_media":0,"parent":1752,"menu_order":0,"comment_status":"closed","ping_status":"closed","template":"","meta":{"_monsterinsights_skip_tracking":false,"_monsterinsights_sitenote_active":false,"_monsterinsights_sitenote_note":"","_monsterinsights_sitenote_category":0,"footnotes":""},"class_list":["post-2733","page","type-page","status-publish","hentry","description-off"],"_links":{"self":[{"href":"https:\/\/confedonbosco.org\/ca\/wp-json\/wp\/v2\/pages\/2733","targetHints":{"allow":["GET"]}}],"collection":[{"href":"https:\/\/confedonbosco.org\/ca\/wp-json\/wp\/v2\/pages"}],"about":[{"href":"https:\/\/confedonbosco.org\/ca\/wp-json\/wp\/v2\/types\/page"}],"author":[{"embeddable":true,"href":"https:\/\/confedonbosco.org\/ca\/wp-json\/wp\/v2\/users\/27"}],"replies":[{"embeddable":true,"href":"https:\/\/confedonbosco.org\/ca\/wp-json\/wp\/v2\/comments?post=2733"}],"version-history":[{"count":7,"href":"https:\/\/confedonbosco.org\/ca\/wp-json\/wp\/v2\/pages\/2733\/revisions"}],"predecessor-version":[{"id":2740,"href":"https:\/\/confedonbosco.org\/ca\/wp-json\/wp\/v2\/pages\/2733\/revisions\/2740"}],"up":[{"embeddable":true,"href":"https:\/\/confedonbosco.org\/ca\/wp-json\/wp\/v2\/pages\/1752"}],"wp:attachment":[{"href":"https:\/\/confedonbosco.org\/ca\/wp-json\/wp\/v2\/media?parent=2733"}],"curies":[{"name":"wp","href":"https:\/\/api.w.org\/{rel}","templated":true}]}}