{"id":2701,"date":"2021-08-31T08:52:25","date_gmt":"2021-08-31T08:52:25","guid":{"rendered":"https:\/\/www.confedonbosco.org\/qui-som\/missio-visio-i-valors\/"},"modified":"2021-08-31T08:52:40","modified_gmt":"2021-08-31T08:52:40","slug":"missio-visio-i-valors","status":"publish","type":"page","link":"https:\/\/confedonbosco.org\/ca\/qui-som\/missio-visio-i-valors\/","title":{"rendered":"Missi\u00f3, visi\u00f3 i valors"},"content":{"rendered":"<div class=\"wpb-content-wrapper\"><p>[vc_row equal_height=&#8221;yes&#8221;][vc_column width=&#8221;1\/3&#8243;][vc_single_image image=&#8221;653&#8243; img_size=&#8221;&#8221; alignment=&#8221;center&#8221; css_animation=&#8221;fadeInLeft&#8221;][\/vc_column][vc_column width=&#8221;2\/3&#8243;][vc_column_text]<\/p>\n<h2>Missi\u00f3<\/h2>\n<p>La Confederaci\u00f3 Don Bosco \u00e9s una associaci\u00f3 que treballa al costat de les Federacions i Centres Juvenils <strong>en defensa i promoci\u00f3 de la inf\u00e0ncia i la joventut<\/strong>, especialment la que est\u00e0 en risc d&#8217;exclusi\u00f3, a trav\u00e9s del <span class=\"dt-highlight\" style=\"color: #fff; background: #23B2BE !important;\"><strong>protagonisme juvenil<\/strong><\/span> i l&#8217;estil <span class=\"dt-highlight\" style=\"color: #fff; background: #B25093 !important;\"><strong>educatiu de Don Bosco<\/strong><\/span>.[\/vc_column_text][vc_column_text]<\/p>\n<h2>Visi\u00f3<\/h2>\n<p>La Confederaci\u00f3 Don Bosco \u00e9s una <strong>organitzaci\u00f3 salesiana<\/strong> compromesa amb els i les joves, i un referent qualificat en l&#8217;\u00e0mbit de la joventut i el Temps Lliure Educatiu, que gestiona els seus projectes amb criteris de millora cont\u00ednua i innovaci\u00f3 al costat de les federacions i Centres Juvenils.[\/vc_column_text][\/vc_column][\/vc_row][vc_row full_width=&#8221;stretch_row&#8221; bg_type=&#8221;image&#8221; parallax_style=&#8221;vcpb-default&#8221; bg_image_new=&#8221;id^718|url^https:\/\/www.confedonbosco.org\/wp-content\/uploads\/2021\/05\/iconos-patron.png|caption^null|alt^null|title^iconos patron|description^null&#8221; bg_image_size=&#8221;initial&#8221; bg_img_attach=&#8221;fixed&#8221; fadeout_row=&#8221;fadeout_row_value&#8221; seperator_enable=&#8221;seperator_enable_value&#8221; seperator_type=&#8221;tilt_right_seperator&#8221; seperator_position=&#8221;bottom_seperator&#8221; css=&#8221;.vc_custom_1622110506950{padding-bottom: 2em !important;background-color: #b25093 !important;}&#8221;][vc_column]<h3 id=\"uvc-type-wrap-4745\"  data-ultimate-target='#uvc-type-wrap-4745'  data-responsive-json-new='{\"font-size\":\"\",\"line-height\":\"\"}'  class=\"uvc-type-wrap  ult-adjust-bottom-margin ult-responsive  uvc-type-align-center uvc-type-no-prefix uvc-wrap-388490361169e87d25554f1\" style=\"text-align:center;\"><span id=\"typed-388490361169e87d25554f1\" class=\"ultimate-typed-main fancytext-typewriter-background-enabled\" style=\"color:#ffffff;background:#7a3766; font-weight:bold; text-transform: unset;\"><\/span><span  data-ultimate-target='#uvc-type-wrap-4745 .mycustfancy'  data-responsive-json-new='{\"font-size\":\"\",\"line-height\":\"\"}'  class=\"ultimate-typewriter-suffix mycustfancy ult-responsive\" style=\"font-weight:normal;color:#ffffff; text-transform: unset;\">la joventut<\/span><script type=\"text\/javascript\">\n\t\t\t\t\t\tjQuery(function($){ \n\t\t\t\t\t\t\t$(document).ready(function(){\n\t\t\t\t\t\t\t\tif( typeof jQuery(\"#typed-388490361169e87d25554f1\").typed == \"function\"){\n\t\t\t\t\t\t\t\t\t$(\"#typed-388490361169e87d25554f1\").typed({\n\t\t\t\t\t\t\t\t\t\tstrings: [\"amb\",\"per a\",\"per\"],\n\t\t\t\t\t\t\t\t\t\ttypeSpeed: 35,\n\t\t\t\t\t\t\t\t\t\tbackSpeed: 0,\n\t\t\t\t\t\t\t\t\t\tstartDelay: \"200\",\n\t\t\t\t\t\t\t\t\t\tbackDelay: \"1500\",\n\t\t\t\t\t\t\t\t\t\tloop: true,\n\t\t\t\t\t\t\t\t\t\tloopCount: false,\n\t\t\t\t\t\t\t\t\t\tshowCursor: true,\n\t\t\t\t\t\t\t\t\t\tcursorChar: \"\",\n\t\t\t\t\t\t\t\t\t\tattr: null\n\t\t\t\t\t\t\t\t\t});\n\t\t\t\t\t\t\t\t}\n\t\t\t\t\t\t\t});\n\t\t\t\t\t\t});\n\t\t\t\t\t<\/script><\/h3>[\/vc_column][\/vc_row][vc_row][vc_column][vc_column_text]<\/p>\n<h2>Valors<\/h2>\n<h5><strong><span class=\"dt-highlight\" style=\"color: #474647; background: #EEB238 !important;\">desenvolupament de la persona i prevenci\u00f3<\/span><\/strong><\/h5>\n<p>[\/vc_column_text][\/vc_column][\/vc_row][vc_row][vc_column width=&#8221;2\/3&#8243;][vc_column_text]<\/p>\n<h6>Sant Joan Bosco va ser un educador que actua a trav\u00e9s d&#8217;una nova pedagogia educativa, basada en desenvolupar la persona en la seva totalitat: <span style=\"color: #84bf57\">cos<\/span>, <span style=\"color: #b25093\">cor<\/span>, <span style=\"color: #23b2be\">mente<\/span> y <span style=\"color: #ee8434\">esperit<\/span>.<\/h6>\n<p>&nbsp;<\/p>\n<p>Va donar al seu nou m\u00e8tode el nom de \u00abEl Sistema Preventiu\u00bb de Don Bosco, el qual tracta de fer que la joventut es desenvolupi en un ambient educatiu on les relacions de proximitat, unes normes raonables i una preocupaci\u00f3 pel desenvolupament integral de la persona facin d&#8217;ella subjecte actiu en el seu proc\u00e9s desenvolupament personal, traient el millor de si mateixa.[\/vc_column_text][\/vc_column][vc_column width=&#8221;1\/3&#8243;]<div class=\"info-wrapper ult-adjust-bottom-margin\"><div id=\"info-circle-wrapper-69e87d2555619\" data-uniqid=\"69e87d2555619\" class=\"info-circle-wrapper  info-circle-responsive \" data-half-percentage=\"70\" data-circle-type=\"full-circle\"><div class=\"info-c-full-br\" style='border:1px dashed #cdcdcd;width:50%;opacity:0;' data-start-degree=\"90\" data-divert=\"\" data-info-circle-angle=\"full\" data-responsive-circle=\"on\" data-responsive-breakpoint=\"800\" data-launch=\"linear\" data-launch-duration=\"1\" data-launch-delay=\"0.2\" data-slide-true=\"on\" data-slide-duration=\"3\" data-icon-size=\"20\" data-icon-show=\"show\" data-icon-show-size=\"16\" data-highlight-style=\"info-circle-pulse\" data-focus-on=\"hover\"><div  class=\"icon-circle-list\"><div class=\"info-circle-icons \" style=\"background:#84bf57;color:#ffffff;\" ><i class=\"fas fa-hand-holding-medical info-circle-icon\" ><\/i><\/div><div class=\"info-details\" data-icon-class=\"ult-info-circle-icon\"><div class=\"info-circle-def\"><div  class=\"info-circle-sub-def\"><i class=\"fas fa-hand-holding-medical info-circle-icon\" ><\/i><div class=\"responsive-font-class ult-responsive\" ><h3  data-ultimate-target='#info-cirlce-wrap-3590 .responsive-font-class h3.new-cust-responsive-class'  data-responsive-json-new='{\"font-size\":\"desktop:20px;\",\"line-height\":\"desktop:26px;\"}'  class=\"info-circle-heading ult-responsive new-cust-responsive-class\" style=\"font-weight:bold;\">Cos<\/h3><div  class=\"info-circle-text \" style=\"font-weight:normal;\"><\/div><\/div><\/div><\/div><\/div><div class=\"info-circle-icons \" style=\"background:#b25093;color:#ffffff;\" ><i class=\"fas fa-heart info-circle-icon\" ><\/i><\/div><div class=\"info-details\" data-icon-class=\"ult-info-circle-icon\"><div class=\"info-circle-def\"><div  class=\"info-circle-sub-def\"><i class=\"fas fa-heart info-circle-icon\" ><\/i><div class=\"responsive-font-class ult-responsive\" ><h3  data-ultimate-target='#info-cirlce-wrap-3590 .responsive-font-class h3.new-cust-responsive-class'  data-responsive-json-new='{\"font-size\":\"desktop:20px;\",\"line-height\":\"desktop:26px;\"}'  class=\"info-circle-heading ult-responsive new-cust-responsive-class\" style=\"font-weight:bold;\">Cor<\/h3><div  class=\"info-circle-text \" style=\"font-weight:normal;\"><\/div><\/div><\/div><\/div><\/div><div class=\"info-circle-icons \" style=\"background:#23b2be;color:#ffffff;\" ><i class=\"fas fa-brain info-circle-icon\" ><\/i><\/div><div class=\"info-details\" data-icon-class=\"ult-info-circle-icon\"><div class=\"info-circle-def\"><div  class=\"info-circle-sub-def\"><i class=\"fas fa-brain info-circle-icon\" ><\/i><div class=\"responsive-font-class ult-responsive\" ><h3  data-ultimate-target='#info-cirlce-wrap-3590 .responsive-font-class h3.new-cust-responsive-class'  data-responsive-json-new='{\"font-size\":\"desktop:20px;\",\"line-height\":\"desktop:26px;\"}'  class=\"info-circle-heading ult-responsive new-cust-responsive-class\" style=\"font-weight:bold;\">Mente<\/h3><div  class=\"info-circle-text \" style=\"font-weight:normal;\"><\/div><\/div><\/div><\/div><\/div><div class=\"info-circle-icons \" style=\"background:#ee8434;color:#ffffff;\" ><i class=\"fas fa-star info-circle-icon\" ><\/i><\/div><div class=\"info-details\" data-icon-class=\"ult-info-circle-icon\"><div class=\"info-circle-def\"><div  class=\"info-circle-sub-def\"><i class=\"fas fa-star info-circle-icon\" ><\/i><div class=\"responsive-font-class ult-responsive\" ><h3  data-ultimate-target='#info-cirlce-wrap-3590 .responsive-font-class h3.new-cust-responsive-class'  data-responsive-json-new='{\"font-size\":\"desktop:20px;\",\"line-height\":\"desktop:26px;\"}'  class=\"info-circle-heading ult-responsive new-cust-responsive-class\" style=\"font-weight:bold;\">Esperit<\/h3><div  class=\"info-circle-text \" style=\"font-weight:normal;\"><\/div><\/div><\/div><\/div><\/div><\/div><div id=\"info-cirlce-wrap-3590\" class=\"info-c-full\" style=\"background-color:;color:#474647;width:60%;height:60%;margin:20%;\"><div class=\"info-c-full-wrap\"><\/div><\/div><\/div><div class=\"smile_icon_list_wrap \" data-content_bg=\"\" data-content_color=\"#474647\">\n\t\t\t\t\t\t\t<ul id=\"info-cirlce-wrap-3590\" class=\"smile_icon_list left circle with_bg\"><li class=\"icon_list_item\" style=\"font-size:60px;\">\n\t\t\t\t\t\t\t\t\t<div class=\"icon_list_icon\" style=\"font-size:20px;width:20px;height:20px;line-height:1;\">\n\t\t\t\t\t\t\t\t\t\t<i class=\"smt-pencil\"><\/i>\n\t\t\t\t\t\t\t\t\t<\/div>\n\t\t\t\t\t\t\t\t\t<div  class=\"icon_description\" style=\"font-size:20px;\">\n\t\t\t\t\t\t\t\t\t\t<div class=\"responsive-font-class ult-responsive\"  data-ultimate-target='#info-cirlce-wrap-3590 .responsive-font-class *'  data-responsive-json-new='{\"font-size\":\"\",\"line-height\":\"\"}'  style=\"font-weight:normal;\">\n\t\t\t\t\t\t\t\t\t\t\t<h3  data-ultimate-target='#info-cirlce-wrap-3590 .responsive-font-class h3.new-cust-responsive-class'  data-responsive-json-new='{\"font-size\":\"desktop:20px;\",\"line-height\":\"desktop:26px;\"}'  class=\"ult-responsive new-cust-responsive-class\" style=\"font-weight:bold;\"><\/h3>\n\t\t\t\t\t\t\t\t\t\t\t<p><\/p>\n\t\t\t\t\t\t\t\t\t\t<\/div>\n\t\t\t\t\t\t\t\t\t<\/div>\n\t\t\t\t\t\t\t\t\t<div class=\"icon_list_connector\" style=\" border-style:dashed;border-color:#cdcdcd; left:10px; top:20px;\">\n\t\t\t\t\t\t\t\t\t<\/div><\/li><\/ul>\n\t\t\t\t\t\t<\/div><\/div><\/div>[\/vc_column][\/vc_row][vc_row][vc_column][vc_column_text]Els nostres <strong>valors<\/strong> estan fonamentats en la <strong>fe cristiana<\/strong> i el <strong>carisma salesi\u00e0<\/strong>, basats en el sistema preventiu de Don Bosco, els quals s\u00f3n:[\/vc_column_text]<div class=\"smile_icon_list_wrap ult_info_list_container ult-adjust-bottom-margin  \"><ul class=\"smile_icon_list left circle with_bg\"><li class=\"icon_list_item\" style=\" font-size:60px;\"><div class=\"icon_list_icon\" data-animation=\"\" data-animation-delay=\"03\" style=\"font-size:20px;border-width:5px;border-style:solid;background:#ffffff;color:#eeb238;border-color:#cdcdcd;\"><i class=\"fas fa-user-plus\" ><\/i><\/div><div class=\"icon_description\" id=\"Info-list-wrap-7283\" style=\"font-size:20px;\"><h3 class=\"ult-responsive info-list-heading\"  data-ultimate-target='#Info-list-wrap-7283 h3'  data-responsive-json-new='{\"font-size\":\"desktop:16px;\",\"line-height\":\"desktop:24px;\"}'  style=\"\">Una educaci\u00f3 centrada en la persona.<\/h3><div class=\"icon_description_text ult-responsive\"  data-ultimate-target='#Info-list-wrap-7283 .icon_description_text'  data-responsive-json-new='{\"font-size\":\"desktop:13px;\",\"line-height\":\"desktop:18px;\"}'  style=\"\"><\/div><\/div><div class=\"icon_list_connector\" data-animation=\"fadeInUp\" data-animation-delay=\"03\" style=\"border-right-width: 1px;border-right-style: dashed;border-color: #474647;\"><\/div><\/li><li class=\"icon_list_item\" style=\" font-size:60px;\"><div class=\"icon_list_icon\" data-animation=\"\" data-animation-delay=\"03\" style=\"font-size:20px;border-width:5px;border-style:solid;background:#ffffff;color:#eeb238;border-color:#cdcdcd;\"><i class=\"icomoon-the7-font-the7-social-04\" ><\/i><\/div><div class=\"icon_description\" id=\"Info-list-wrap-2996\" style=\"font-size:20px;\"><h3 class=\"ult-responsive info-list-heading\"  data-ultimate-target='#Info-list-wrap-2996 h3'  data-responsive-json-new='{\"font-size\":\"desktop:16px;\",\"line-height\":\"desktop:24px;\"}'  style=\"\">Una educaci\u00f3 que s'insereix en la societat i la transforma.<\/h3><div class=\"icon_description_text ult-responsive\"  data-ultimate-target='#Info-list-wrap-2996 .icon_description_text'  data-responsive-json-new='{\"font-size\":\"desktop:13px;\",\"line-height\":\"desktop:18px;\"}'  style=\"\"><\/div><\/div><div class=\"icon_list_connector\" data-animation=\"fadeInUp\" data-animation-delay=\"03\" style=\"border-right-width: 1px;border-right-style: dashed;border-color: #474647;\"><\/div><\/li><li class=\"icon_list_item\" style=\" font-size:60px;\"><div class=\"icon_list_icon\" data-animation=\"\" data-animation-delay=\"03\" style=\"font-size:20px;border-width:5px;border-style:solid;background:#ffffff;color:#eeb238;border-color:#cdcdcd;\"><i class=\"fas fa-praying-hands\" ><\/i><\/div><div class=\"icon_description\" id=\"Info-list-wrap-5097\" style=\"font-size:20px;\"><h3 class=\"ult-responsive info-list-heading\"  data-ultimate-target='#Info-list-wrap-5097 h3'  data-responsive-json-new='{\"font-size\":\"desktop:16px;\",\"line-height\":\"desktop:24px;\"}'  style=\"\">Una educaci\u00f3 fonamentada en la fe i els valors evang\u00e8lics.<\/h3><div class=\"icon_description_text ult-responsive\"  data-ultimate-target='#Info-list-wrap-5097 .icon_description_text'  data-responsive-json-new='{\"font-size\":\"desktop:13px;\",\"line-height\":\"desktop:18px;\"}'  style=\"\"><\/div><\/div><div class=\"icon_list_connector\" data-animation=\"fadeInUp\" data-animation-delay=\"03\" style=\"border-right-width: 1px;border-right-style: dashed;border-color: #474647;\"><\/div><\/li><li class=\"icon_list_item\" style=\" font-size:60px;\"><div class=\"icon_list_icon\" data-animation=\"\" data-animation-delay=\"03\" style=\"font-size:20px;border-width:5px;border-style:solid;background:#ffffff;color:#eeb238;border-color:#cdcdcd;\"><i class=\"icomoon-the7-font-the7-heart-filled\" ><\/i><\/div><div class=\"icon_description\" id=\"Info-list-wrap-8129\" style=\"font-size:20px;\"><h3 class=\"ult-responsive info-list-heading\"  data-ultimate-target='#Info-list-wrap-8129 h3'  data-responsive-json-new='{\"font-size\":\"desktop:16px;\",\"line-height\":\"desktop:24px;\"}'  style=\"\">Una educaci\u00f3 segons l'estil educatiu de Don Bosco.<\/h3><div class=\"icon_description_text ult-responsive\"  data-ultimate-target='#Info-list-wrap-8129 .icon_description_text'  data-responsive-json-new='{\"font-size\":\"desktop:13px;\",\"line-height\":\"desktop:18px;\"}'  style=\"\"><\/div><\/div><div class=\"icon_list_connector\" data-animation=\"fadeInUp\" data-animation-delay=\"03\" style=\"border-right-width: 1px;border-right-style: dashed;border-color: #474647;\"><\/div><\/li><li class=\"icon_list_item\" style=\" font-size:60px;\"><div class=\"icon_list_icon\" data-animation=\"\" data-animation-delay=\"03\" style=\"font-size:20px;border-width:5px;border-style:solid;background:#ffffff;color:#eeb238;border-color:#cdcdcd;\"><i class=\"fas fa-house-user\" ><\/i><\/div><div class=\"icon_description\" id=\"Info-list-wrap-2546\" style=\"font-size:20px;\"><h3 class=\"ult-responsive info-list-heading\"  data-ultimate-target='#Info-list-wrap-2546 h3'  data-responsive-json-new='{\"font-size\":\"desktop:16px;\",\"line-height\":\"desktop:24px;\"}'  style=\"\">El Centre Juvenil \u00e9s la nostra comunitat educativa.<\/h3><div class=\"icon_description_text ult-responsive\"  data-ultimate-target='#Info-list-wrap-2546 .icon_description_text'  data-responsive-json-new='{\"font-size\":\"desktop:13px;\",\"line-height\":\"desktop:18px;\"}'  style=\"\"><\/div><\/div><div class=\"icon_list_connector\" data-animation=\"fadeInUp\" data-animation-delay=\"03\" style=\"border-right-width: 1px;border-right-style: dashed;border-color: #474647;\"><\/div><\/li><li class=\"icon_list_item\" style=\" font-size:60px;\"><div class=\"icon_list_icon\" data-animation=\"\" data-animation-delay=\"03\" style=\"font-size:20px;border-width:5px;border-style:solid;background:#ffffff;color:#eeb238;border-color:#cdcdcd;\"><i class=\"fas fa-comments\" ><\/i><\/div><div class=\"icon_description\" id=\"Info-list-wrap-6475\" style=\"font-size:20px;\"><h3 class=\"ult-responsive info-list-heading\"  data-ultimate-target='#Info-list-wrap-6475 h3'  data-responsive-json-new='{\"font-size\":\"desktop:16px;\",\"line-height\":\"desktop:24px;\"}'  style=\"\">El protagonisme juvenil \u00e9s el nostre model de participaci\u00f3 social.<\/h3><div class=\"icon_description_text ult-responsive\"  data-ultimate-target='#Info-list-wrap-6475 .icon_description_text'  data-responsive-json-new='{\"font-size\":\"desktop:13px;\",\"line-height\":\"desktop:18px;\"}'  style=\"\"><\/div><\/div><div class=\"icon_list_connector\" data-animation=\"fadeInUp\" data-animation-delay=\"03\" style=\"border-right-width: 1px;border-right-style: dashed;border-color: #474647;\"><\/div><\/li><li class=\"icon_list_item\" style=\" font-size:60px;\"><div class=\"icon_list_icon\" data-animation=\"\" data-animation-delay=\"03\" style=\"font-size:20px;border-width:5px;border-style:solid;background:#ffffff;color:#eeb238;border-color:#cdcdcd;\"><i class=\"fas fa-hand-holding-heart\" ><\/i><\/div><div class=\"icon_description\" id=\"Info-list-wrap-1369\" style=\"font-size:20px;\"><h3 class=\"ult-responsive info-list-heading\"  data-ultimate-target='#Info-list-wrap-1369 h3'  data-responsive-json-new='{\"font-size\":\"desktop:16px;\",\"line-height\":\"desktop:24px;\"}'  style=\"\">L'acollida incondicional a tots i totes.<\/h3><div class=\"icon_description_text ult-responsive\"  data-ultimate-target='#Info-list-wrap-1369 .icon_description_text'  data-responsive-json-new='{\"font-size\":\"desktop:13px;\",\"line-height\":\"desktop:18px;\"}'  style=\"\"><\/div><\/div><div class=\"icon_list_connector\" data-animation=\"fadeInUp\" data-animation-delay=\"03\" style=\"border-right-width: 1px;border-right-style: dashed;border-color: #474647;\"><\/div><\/li><li class=\"icon_list_item\" style=\" font-size:60px;\"><div class=\"icon_list_icon\" data-animation=\"\" data-animation-delay=\"03\" style=\"font-size:20px;border-width:5px;border-style:solid;background:#ffffff;color:#eeb238;border-color:#cdcdcd;\"><i class=\"fas fa-hands\" ><\/i><\/div><div class=\"icon_description\" id=\"Info-list-wrap-4183\" style=\"font-size:20px;\"><h3 class=\"ult-responsive info-list-heading\"  data-ultimate-target='#Info-list-wrap-4183 h3'  data-responsive-json-new='{\"font-size\":\"desktop:16px;\",\"line-height\":\"desktop:24px;\"}'  style=\"\">L'atenci\u00f3 preferent a la joventut m\u00e9s desfavorida.<\/h3><div class=\"icon_description_text ult-responsive\"  data-ultimate-target='#Info-list-wrap-4183 .icon_description_text'  data-responsive-json-new='{\"font-size\":\"desktop:13px;\",\"line-height\":\"desktop:18px;\"}'  style=\"\"><\/div><\/div><div class=\"icon_list_connector\" data-animation=\"fadeInUp\" data-animation-delay=\"03\" style=\"border-right-width: 1px;border-right-style: dashed;border-color: #474647;\"><\/div><\/li><\/ul><\/div>[\/vc_column][\/vc_row]<\/p>\n<\/div>","protected":false},"excerpt":{"rendered":"<p>[vc_row equal_height=&#8221;yes&#8221;][vc_column width=&#8221;1\/3&#8243;][vc_single_image image=&#8221;653&#8243; img_size=&#8221;&#8221; alignment=&#8221;center&#8221; css_animation=&#8221;fadeInLeft&#8221;][\/vc_column][vc_column width=&#8221;2\/3&#8243;][vc_column_text] Missi\u00f3 La Confederaci\u00f3 Don Bosco \u00e9s una associaci\u00f3 que treballa al costat de les Federacions i Centres Juvenils en defensa i promoci\u00f3 de la inf\u00e0ncia i la joventut, especialment la que est\u00e0 en risc d&#8217;exclusi\u00f3, a trav\u00e9s del i l&#8217;estil .[\/vc_column_text][vc_column_text] Visi\u00f3 La Confederaci\u00f3 Don Bosco \u00e9s&hellip;<\/p>\n","protected":false},"author":27,"featured_media":0,"parent":1752,"menu_order":0,"comment_status":"closed","ping_status":"closed","template":"","meta":{"_monsterinsights_skip_tracking":false,"_monsterinsights_sitenote_active":false,"_monsterinsights_sitenote_note":"","_monsterinsights_sitenote_category":0,"footnotes":""},"class_list":["post-2701","page","type-page","status-publish","hentry","description-off"],"_links":{"self":[{"href":"https:\/\/confedonbosco.org\/ca\/wp-json\/wp\/v2\/pages\/2701","targetHints":{"allow":["GET"]}}],"collection":[{"href":"https:\/\/confedonbosco.org\/ca\/wp-json\/wp\/v2\/pages"}],"about":[{"href":"https:\/\/confedonbosco.org\/ca\/wp-json\/wp\/v2\/types\/page"}],"author":[{"embeddable":true,"href":"https:\/\/confedonbosco.org\/ca\/wp-json\/wp\/v2\/users\/27"}],"replies":[{"embeddable":true,"href":"https:\/\/confedonbosco.org\/ca\/wp-json\/wp\/v2\/comments?post=2701"}],"version-history":[{"count":6,"href":"https:\/\/confedonbosco.org\/ca\/wp-json\/wp\/v2\/pages\/2701\/revisions"}],"predecessor-version":[{"id":2724,"href":"https:\/\/confedonbosco.org\/ca\/wp-json\/wp\/v2\/pages\/2701\/revisions\/2724"}],"up":[{"embeddable":true,"href":"https:\/\/confedonbosco.org\/ca\/wp-json\/wp\/v2\/pages\/1752"}],"wp:attachment":[{"href":"https:\/\/confedonbosco.org\/ca\/wp-json\/wp\/v2\/media?parent=2701"}],"curies":[{"name":"wp","href":"https:\/\/api.w.org\/{rel}","templated":true}]}}