{"id":2677,"date":"2021-08-31T08:32:46","date_gmt":"2021-08-31T08:32:46","guid":{"rendered":"https:\/\/www.confedonbosco.org\/qui-som\/equip-huma\/"},"modified":"2021-08-31T08:52:28","modified_gmt":"2021-08-31T08:52:28","slug":"equip-huma","status":"publish","type":"page","link":"https:\/\/confedonbosco.org\/ca\/qui-som\/equip-huma\/","title":{"rendered":"Equip hum\u00e0"},"content":{"rendered":"<div class=\"wpb-content-wrapper\"><p>[vc_row][vc_column]<div id=\"ultimate-heading-561869e5cf8189a63\" class=\"uvc-heading ult-adjust-bottom-margin ultimate-heading-561869e5cf8189a63 uvc-2080  uvc-heading-default-font-sizes\" data-hspacer=\"no_spacer\"  data-halign=\"center\" style=\"text-align:center\"><div class=\"uvc-heading-spacer no_spacer\" style=\"top\"><\/div><div class=\"uvc-main-heading ult-responsive\"  data-ultimate-target='.uvc-heading.ultimate-heading-561869e5cf8189a63 h3'  data-responsive-json-new='{\"font-size\":\"\",\"line-height\":\"\"}' ><h3 style=\"--font-weight:theme;\">Consell Directiu<\/h3><\/div><\/div>[vc_row_inner gap=&#8221;35&#8243;][vc_column_inner width=&#8221;1\/3&#8243;][vc_single_image image=&#8221;1585&#8243; img_size=&#8221;200&#215;200&#8243; alignment=&#8221;center&#8221; style=&#8221;vc_box_border_circle_2&#8243; css_animation=&#8221;bottom-to-top&#8221;][vc_column_text css_animation=&#8221;none&#8221;]<\/p>\n<h6 style=\"text-align: center;\"><span class=\"dt-highlight\" style=\"color: #474647; background: #EEB238 !important;\"> Pilar Blasco Climent <\/span><\/h6>\n<p style=\"text-align: center;\">Presid\u00e8ncia i responsable de participaci\u00f3 i igualtat<\/p>\n<p>[\/vc_column_text][\/vc_column_inner][vc_column_inner width=&#8221;1\/3&#8243;][vc_single_image image=&#8221;1590&#8243; img_size=&#8221;200&#215;200&#8243; alignment=&#8221;center&#8221; style=&#8221;vc_box_border_circle_2&#8243; css_animation=&#8221;bottom-to-top&#8221;][vc_column_text css_animation=&#8221;none&#8221;]<\/p>\n<h6 style=\"text-align: center;\"><span class=\"dt-highlight\" style=\"color: #474647; background: #EEB238 !important;\"> Manuel Segu\u00edn Fidalgo <\/span><\/h6>\n<p style=\"text-align: center;\">Vicepresid\u00e8ncia i responsable de comunicaci\u00f3 i salut<\/p>\n<p>[\/vc_column_text][\/vc_column_inner][vc_column_inner width=&#8221;1\/3&#8243;][vc_single_image image=&#8221;1595&#8243; img_size=&#8221;200&#215;200&#8243; alignment=&#8221;center&#8221; style=&#8221;vc_box_border_circle_2&#8243; css_animation=&#8221;bottom-to-top&#8221;][vc_column_text css_animation=&#8221;none&#8221;]<\/p>\n<h6 style=\"text-align: center;\"><span class=\"dt-highlight\" style=\"color: #474647; background: #EEB238 !important;\"> Alejandro Rojas Miguel <\/span><\/h6>\n<p style=\"text-align: center;\">Vicepresid\u00e8ncia i corresponsable de formaci\u00f3 i medi ambient<\/p>\n<p>[\/vc_column_text][\/vc_column_inner][\/vc_row_inner][vc_row_inner gap=&#8221;35&#8243;][vc_column_inner width=&#8221;1\/3&#8243;][vc_single_image image=&#8221;1600&#8243; img_size=&#8221;200&#215;200&#8243; alignment=&#8221;center&#8221; style=&#8221;vc_box_border_circle_2&#8243; css_animation=&#8221;bottom-to-top&#8221;][vc_column_text css_animation=&#8221;none&#8221;]<\/p>\n<h6 style=\"text-align: center;\"><span class=\"dt-highlight\" style=\"color: #474647; background: #EEB238 !important;\"> Iv\u00e1n Mart\u00edn Bartolom\u00e9 <\/span><\/h6>\n<p style=\"text-align: center;\">Secretari i corresponsable de medi ambient<\/p>\n<p>[\/vc_column_text][\/vc_column_inner][vc_column_inner width=&#8221;1\/3&#8243;][vc_single_image image=&#8221;1605&#8243; img_size=&#8221;200&#215;200&#8243; alignment=&#8221;center&#8221; style=&#8221;vc_box_border_circle_2&#8243; css_animation=&#8221;bottom-to-top&#8221;][vc_column_text css_animation=&#8221;none&#8221;]<\/p>\n<h6 style=\"text-align: center;\"><span class=\"dt-highlight\" style=\"color: #474647; background: #EEB238 !important;\"> Pedro Hern\u00e1ndez Delgado <\/span><\/h6>\n<p style=\"text-align: center;\">Tresorer<\/p>\n<p>[\/vc_column_text][\/vc_column_inner][vc_column_inner width=&#8221;1\/3&#8243;][vc_single_image image=&#8221;1610&#8243; img_size=&#8221;200&#215;200&#8243; alignment=&#8221;center&#8221; style=&#8221;vc_box_border_circle_2&#8243; css_animation=&#8221;bottom-to-top&#8221;][vc_column_text css_animation=&#8221;none&#8221;]<\/p>\n<h6 style=\"text-align: center;\"><span class=\"dt-highlight\" style=\"color: #474647; background: #EEB238 !important;\"> Bego\u00f1a Ros Gras <\/span><\/h6>\n<p style=\"text-align: center;\">Internacional i corresponsable de formaci\u00f3<\/p>\n<p>[\/vc_column_text][\/vc_column_inner][\/vc_row_inner][\/vc_column][\/vc_row][vc_row full_width=&#8221;stretch_row&#8221; bg_type=&#8221;image&#8221; parallax_style=&#8221;vcpb-default&#8221; bg_image_new=&#8221;id^718|url^http:\/\/www.confedonbosco.org\/wp-content\/uploads\/2021\/05\/iconos-patron.png|caption^null|alt^null|title^iconos patron|description^null&#8221; bg_image_size=&#8221;initial&#8221; bg_img_attach=&#8221;fixed&#8221; seperator_enable=&#8221;seperator_enable_value&#8221; seperator_type=&#8221;tilt_left_seperator&#8221; seperator_position=&#8221;top_bottom_seperator&#8221; css=&#8221;.vc_custom_1622049481474{padding-top: 2em !important;padding-bottom: 100px !important;background-color: #23b2be !important;}&#8221;][vc_column]<div id=\"ultimate-heading-30569e5cf8189adc\" class=\"uvc-heading ult-adjust-bottom-margin ultimate-heading-30569e5cf8189adc uvc-7798  uvc-heading-default-font-sizes\" data-hspacer=\"no_spacer\"  data-halign=\"center\" style=\"text-align:center\"><div class=\"uvc-heading-spacer no_spacer\" style=\"top\"><\/div><div class=\"uvc-main-heading ult-responsive\"  data-ultimate-target='.uvc-heading.ultimate-heading-30569e5cf8189adc h3'  data-responsive-json-new='{\"font-size\":\"\",\"line-height\":\"\"}' ><h3 style=\"--font-weight:theme;color:#ffffff;margin-bottom:20px;\">Equip T\u00e8cnic seu central<\/h3><\/div><\/div>[vc_row_inner css=&#8221;.vc_custom_1622110626116{margin-right: 10px !important;margin-left: 10px !important;background-color: #ffffff !important;}&#8221;][vc_column_inner width=&#8221;1\/4&#8243;][vc_icon icon_fontawesome=&#8221;fas fa-cogs&#8221; color=&#8221;custom&#8221; background_style=&#8221;rounded&#8221; background_color=&#8221;custom&#8221; align=&#8221;center&#8221; custom_color=&#8221;#ffffff&#8221; css=&#8221;.vc_custom_1622046987851{margin-top: 0px !important;margin-bottom: 5px !important;}&#8221; custom_background_color=&#8221;#eeb238&#8243;][vc_column_text css=&#8221;.vc_custom_1622049023908{padding-top: 0px !important;}&#8221;]<\/p>\n<h6 style=\"text-align: center;\">Laura Gonz\u00e1lez Fern\u00e1ndez<\/h6>\n<p style=\"text-align: center;\">Coordinadora d&#8217;l&#8217;equip de gesti\u00f3<\/p>\n<p>[\/vc_column_text][\/vc_column_inner][vc_column_inner width=&#8221;1\/4&#8243;][vc_icon icon_fontawesome=&#8221;fas fa-cogs&#8221; color=&#8221;custom&#8221; background_style=&#8221;rounded-outline&#8221; background_color=&#8221;custom&#8221; align=&#8221;center&#8221; custom_color=&#8221;#eeb238&#8243; css=&#8221;.vc_custom_1622047084114{margin-top: 0px !important;margin-bottom: 5px !important;}&#8221; custom_background_color=&#8221;#eeb238&#8243;][vc_column_text]<\/p>\n<h6 style=\"text-align: center;\">Laura Miret Garc\u00eda<\/h6>\n<p style=\"text-align: center;\">T\u00e8cnica de gesti\u00f3<\/p>\n<p>[\/vc_column_text][\/vc_column_inner][vc_column_inner width=&#8221;1\/4&#8243;][vc_icon icon_fontawesome=&#8221;fas fa-cogs&#8221; color=&#8221;custom&#8221; background_style=&#8221;rounded-outline&#8221; background_color=&#8221;custom&#8221; align=&#8221;center&#8221; custom_color=&#8221;#eeb238&#8243; css=&#8221;.vc_custom_1622047084114{margin-top: 0px !important;margin-bottom: 5px !important;}&#8221; custom_background_color=&#8221;#eeb238&#8243;][vc_column_text]<\/p>\n<h6 style=\"text-align: center;\">F\u00e1tima Aveda\u00f1o Mart\u00edn<\/h6>\n<p style=\"text-align: center;\">T\u00e8cnica de gesti\u00f3<\/p>\n<p>[\/vc_column_text][\/vc_column_inner][vc_column_inner width=&#8221;1\/4&#8243;][vc_icon icon_fontawesome=&#8221;fas fa-comment&#8221; color=&#8221;custom&#8221; background_style=&#8221;rounded-outline&#8221; background_color=&#8221;custom&#8221; align=&#8221;center&#8221; custom_color=&#8221;#eeb238&#8243; css=&#8221;.vc_custom_1622047122264{margin-top: 0px !important;margin-bottom: 5px !important;}&#8221; custom_background_color=&#8221;#eeb238&#8243;][vc_column_text]<\/p>\n<h6 style=\"text-align: center;\">Salvi Mac\u00edas Parrado<\/h6>\n<p style=\"text-align: center;\">T\u00e8cnic de comunicaci\u00f3<\/p>\n<p>[\/vc_column_text][\/vc_column_inner][\/vc_row_inner][vc_row_inner css=&#8221;.vc_custom_1622048496964{margin-right: 10px !important;margin-left: 10px !important;background-color: #ffffff !important;}&#8221;][vc_column_inner width=&#8221;1\/4&#8243;][vc_icon icon_fontawesome=&#8221;fas fa-file-signature&#8221; color=&#8221;custom&#8221; background_style=&#8221;rounded&#8221; background_color=&#8221;custom&#8221; align=&#8221;center&#8221; custom_color=&#8221;#ffffff&#8221; css=&#8221;.vc_custom_1622047161949{margin-top: 0px !important;margin-bottom: 5px !important;}&#8221; custom_background_color=&#8221;#eeb238&#8243;][vc_column_text]<\/p>\n<h6 style=\"text-align: center;\">David Arduengo Fern\u00e1ndez<\/h6>\n<p style=\"text-align: center;\">Coordinador d&#8217;l&#8217;equip de projectes<\/p>\n<p>[\/vc_column_text][\/vc_column_inner][vc_column_inner width=&#8221;1\/4&#8243;][vc_icon icon_fontawesome=&#8221;fas fa-file-signature&#8221; color=&#8221;custom&#8221; background_style=&#8221;rounded-outline&#8221; background_color=&#8221;custom&#8221; align=&#8221;center&#8221; custom_color=&#8221;#eeb238&#8243; css=&#8221;.vc_custom_1622047178229{margin-top: 0px !important;margin-bottom: 5px !important;}&#8221; custom_background_color=&#8221;#eeb238&#8243;][vc_column_text]<\/p>\n<h6 style=\"text-align: center;\">Anabel S\u00e1nchez Rueda<\/h6>\n<p style=\"text-align: center;\">T\u00e8cnica de projectes<\/p>\n<p>[\/vc_column_text][\/vc_column_inner][vc_column_inner width=&#8221;1\/4&#8243;][vc_icon icon_fontawesome=&#8221;fas fa-file-signature&#8221; color=&#8221;custom&#8221; background_style=&#8221;rounded-outline&#8221; background_color=&#8221;custom&#8221; align=&#8221;center&#8221; custom_color=&#8221;#eeb238&#8243; css=&#8221;.vc_custom_1622047178229{margin-top: 0px !important;margin-bottom: 5px !important;}&#8221; custom_background_color=&#8221;#eeb238&#8243;][vc_column_text]<\/p>\n<h6 style=\"text-align: center;\">Armando Gomis Veas<\/h6>\n<p style=\"text-align: center;\">T\u00e8cnic de projectes<\/p>\n<p>[\/vc_column_text][\/vc_column_inner][vc_column_inner width=&#8221;1\/4&#8243;][vc_icon icon_fontawesome=&#8221;fas fa-file-signature&#8221; color=&#8221;custom&#8221; background_style=&#8221;rounded-outline&#8221; background_color=&#8221;custom&#8221; align=&#8221;center&#8221; custom_color=&#8221;#eeb238&#8243; css=&#8221;.vc_custom_1622047178229{margin-top: 0px !important;margin-bottom: 5px !important;}&#8221; custom_background_color=&#8221;#eeb238&#8243;][vc_column_text]<\/p>\n<h6 style=\"text-align: center;\">Mar\u00eda M\u00e9ndez Zamarre\u00f1o<\/h6>\n<p style=\"text-align: center;\">T\u00e8cnica de projectes<\/p>\n<p>[\/vc_column_text][\/vc_column_inner][\/vc_row_inner][vc_row_inner css=&#8221;.vc_custom_1622048115838{margin-right: 10px !important;margin-left: 10px !important;background-color: #ffffff !important;}&#8221;][vc_column_inner width=&#8221;1\/4&#8243;][\/vc_column_inner][vc_column_inner width=&#8221;1\/4&#8243;][vc_icon icon_fontawesome=&#8221;fas fa-file-signature&#8221; color=&#8221;custom&#8221; background_style=&#8221;rounded-outline&#8221; background_color=&#8221;custom&#8221; align=&#8221;center&#8221; custom_color=&#8221;#eeb238&#8243; css=&#8221;.vc_custom_1622047178229{margin-top: 0px !important;margin-bottom: 5px !important;}&#8221; custom_background_color=&#8221;#eeb238&#8243;][vc_column_text]<\/p>\n<h6 style=\"text-align: center;\">Esperanza Jim\u00e9nez Campos<\/h6>\n<p style=\"text-align: center;\">T\u00e8cnica de projectes<\/p>\n<p>[\/vc_column_text][\/vc_column_inner][vc_column_inner width=&#8221;1\/4&#8243;][vc_icon icon_fontawesome=&#8221;fas fa-file-signature&#8221; color=&#8221;custom&#8221; background_style=&#8221;rounded-outline&#8221; background_color=&#8221;custom&#8221; align=&#8221;center&#8221; custom_color=&#8221;#eeb238&#8243; css=&#8221;.vc_custom_1622047178229{margin-top: 0px !important;margin-bottom: 5px !important;}&#8221; custom_background_color=&#8221;#eeb238&#8243;][vc_column_text]<\/p>\n<h6 style=\"text-align: center;\">Esther de la Iglesia Herguedas<\/h6>\n<p style=\"text-align: center;\">T\u00e8cnica de projectes<\/p>\n<p>[\/vc_column_text][\/vc_column_inner][vc_column_inner width=&#8221;1\/4&#8243;][\/vc_column_inner][\/vc_row_inner][\/vc_column][\/vc_row]<\/p>\n<\/div>","protected":false},"excerpt":{"rendered":"<p>[vc_row][vc_column][vc_row_inner gap=&#8221;35&#8243;][vc_column_inner width=&#8221;1\/3&#8243;][vc_single_image image=&#8221;1585&#8243; img_size=&#8221;200&#215;200&#8243; alignment=&#8221;center&#8221; style=&#8221;vc_box_border_circle_2&#8243; css_animation=&#8221;bottom-to-top&#8221;][vc_column_text css_animation=&#8221;none&#8221;] Presid\u00e8ncia i responsable de participaci\u00f3 i igualtat [\/vc_column_text][\/vc_column_inner][vc_column_inner width=&#8221;1\/3&#8243;][vc_single_image image=&#8221;1590&#8243; img_size=&#8221;200&#215;200&#8243; alignment=&#8221;center&#8221; style=&#8221;vc_box_border_circle_2&#8243; css_animation=&#8221;bottom-to-top&#8221;][vc_column_text css_animation=&#8221;none&#8221;] Vicepresid\u00e8ncia i responsable de comunicaci\u00f3 i salut [\/vc_column_text][\/vc_column_inner][vc_column_inner width=&#8221;1\/3&#8243;][vc_single_image image=&#8221;1595&#8243; img_size=&#8221;200&#215;200&#8243; alignment=&#8221;center&#8221; style=&#8221;vc_box_border_circle_2&#8243; css_animation=&#8221;bottom-to-top&#8221;][vc_column_text css_animation=&#8221;none&#8221;] Vicepresid\u00e8ncia i corresponsable de formaci\u00f3 i medi ambient [\/vc_column_text][\/vc_column_inner][\/vc_row_inner][vc_row_inner gap=&#8221;35&#8243;][vc_column_inner width=&#8221;1\/3&#8243;][vc_single_image image=&#8221;1600&#8243; img_size=&#8221;200&#215;200&#8243; alignment=&#8221;center&#8221; style=&#8221;vc_box_border_circle_2&#8243; css_animation=&#8221;bottom-to-top&#8221;][vc_column_text&hellip;<\/p>\n","protected":false},"author":27,"featured_media":0,"parent":1752,"menu_order":0,"comment_status":"closed","ping_status":"closed","template":"","meta":{"_monsterinsights_skip_tracking":false,"_monsterinsights_sitenote_active":false,"_monsterinsights_sitenote_note":"","_monsterinsights_sitenote_category":0,"footnotes":""},"class_list":["post-2677","page","type-page","status-publish","hentry","description-off"],"_links":{"self":[{"href":"https:\/\/confedonbosco.org\/ca\/wp-json\/wp\/v2\/pages\/2677","targetHints":{"allow":["GET"]}}],"collection":[{"href":"https:\/\/confedonbosco.org\/ca\/wp-json\/wp\/v2\/pages"}],"about":[{"href":"https:\/\/confedonbosco.org\/ca\/wp-json\/wp\/v2\/types\/page"}],"author":[{"embeddable":true,"href":"https:\/\/confedonbosco.org\/ca\/wp-json\/wp\/v2\/users\/27"}],"replies":[{"embeddable":true,"href":"https:\/\/confedonbosco.org\/ca\/wp-json\/wp\/v2\/comments?post=2677"}],"version-history":[{"count":11,"href":"https:\/\/confedonbosco.org\/ca\/wp-json\/wp\/v2\/pages\/2677\/revisions"}],"predecessor-version":[{"id":2714,"href":"https:\/\/confedonbosco.org\/ca\/wp-json\/wp\/v2\/pages\/2677\/revisions\/2714"}],"up":[{"embeddable":true,"href":"https:\/\/confedonbosco.org\/ca\/wp-json\/wp\/v2\/pages\/1752"}],"wp:attachment":[{"href":"https:\/\/confedonbosco.org\/ca\/wp-json\/wp\/v2\/media?parent=2677"}],"curies":[{"name":"wp","href":"https:\/\/api.w.org\/{rel}","templated":true}]}}