{"id":2550,"date":"2021-08-31T07:43:09","date_gmt":"2021-08-31T07:43:09","guid":{"rendered":"https:\/\/www.confedonbosco.org\/projectes\/internacional\/"},"modified":"2021-08-31T07:43:11","modified_gmt":"2021-08-31T07:43:11","slug":"internacional","status":"publish","type":"page","link":"https:\/\/confedonbosco.org\/ca\/projectes\/internacional\/","title":{"rendered":"Internacional"},"content":{"rendered":"<div class=\"wpb-content-wrapper\"><p>[vc_row][vc_column width=&#8221;2\/3&#8243;][vc_column_text]En la Confederaci\u00f3 Don Bosco treballem per oferir <strong>experi\u00e8ncies de voluntariat en centres juvenils salesians d&#8217;altres pa\u00efsos europeus, acollida de voluntaris, seminaris i trobades formatives i campaments internacionals<\/strong> amb la col\u00b7laboraci\u00f3 de la xarxa <a href=\"https:\/\/www.donboscoyouth.net\/\" target=\"_blank\" rel=\"noopener\"><strong>Don Bosco Youth-Net<\/strong><\/a>, una organitzaci\u00f3 que agrupa entitats juvenils de diferents pa\u00efsos d&#8217;al voltant de el m\u00f3n. Tamb\u00e9 vam participar en diferents activitats del programa de mobilitat europea <strong>Erasmus +<\/strong>. A m\u00e9s de participar en activitats d&#8217;altres organitzacions i entitats europees.<\/p>\n<p>Per a la confederaci\u00f3 aquesta \u00e0rea \u00e9s una aposta important, ja que \u00e9s una forma molt senzilla d&#8217;oferir activitats en l&#8217;\u00e0mbit internacional.<br \/>\nA m\u00e9s comptem amb un Grup Operatiu d&#8217;Internacional, en el qual participen diferents joves dels nostres centres juvenils.[\/vc_column_text][\/vc_column][vc_column width=&#8221;1\/3&#8243;][vc_single_image image=&#8221;1177&#8243; img_size=&#8221;&#8221;][\/vc_column][\/vc_row][vc_row bg_type=&#8221;image&#8221; parallax_style=&#8221;vcpb-default&#8221; bg_image_new=&#8221;id^718|url^https:\/\/www.confedonbosco.org\/wp-content\/uploads\/2021\/05\/iconos-patron.png|caption^null|alt^null|title^iconos patron|description^null&#8221; bg_image_size=&#8221;initial&#8221; bg_img_attach=&#8221;fixed&#8221; bg_override=&#8221;full&#8221; seperator_enable=&#8221;seperator_enable_value&#8221; seperator_type=&#8221;tilt_right_seperator&#8221; css=&#8221;.vc_custom_1622211606278{padding-top: 50px !important;padding-bottom: 50px !important;background-color: #23b2be !important;}&#8221;][vc_column][vc_row_inner][vc_column_inner]<div id=\"ultimate-heading-578469e5cb345f953\" class=\"uvc-heading ult-adjust-bottom-margin ultimate-heading-578469e5cb345f953 uvc-9810  uvc-heading-default-font-sizes\" data-hspacer=\"no_spacer\"  data-halign=\"center\" style=\"text-align:center\"><div class=\"uvc-heading-spacer no_spacer\" style=\"top\"><\/div><div class=\"uvc-main-heading ult-responsive\"  data-ultimate-target='.uvc-heading.ultimate-heading-578469e5cb345f953 h3'  data-responsive-json-new='{\"font-size\":\"\",\"line-height\":\"\"}' ><h3 style=\"--font-weight:theme;color:#ffffff;margin-bottom:1em;\">Coneix els nostres programes internacionals<\/h3><\/div><\/div>[\/vc_column_inner][\/vc_row_inner][vc_tour interval=&#8221;0&#8243; title_size=&#8221;normal&#8221; style=&#8221;tab-style-two&#8221;][vc_tab title=&#8221;Intercanvis d&#8217;estiu&#8221; tab_id=&#8221;30c42447-3f87-10&#8243;][vc_column_text]<strong>Durant les vacances d&#8217;estiu es proposa l&#8217;experi\u00e8ncia Summer Exchange en qu\u00e8 organitzacions juvenils salesianes de tot Europa ofereixen als animadors d&#8217;altres centres de la Don Bosco Youth Net l&#8217;oportunitat de participar en els seus projectes locals de voluntariat en patis d&#8217;esbarjo i oratoris. Summer Exchange of Animators serveix per recopilar les possibilitats d&#8217;intercanvi internacional.<\/strong><\/p>\n<p>Summer Exchange of Animators \u00e9s un concepte general que inclou tots els projectes que compleixen amb els requisits seg\u00fcents: el projecte ha de ser un comprom\u00eds voluntari a curt termini que duri nom\u00e9s un parell de setmanes, el voluntari estar\u00e0 actiu com a animador, el projecte t\u00e9 estar vinculat a la xarxa Don Bosco i ha de tenir lloc durant les vacances d&#8217;estiu.<\/p>\n<p>La Confederaci\u00f3 Don Bosco porta m\u00e9s de 10 anys enviant i acollint voluntaris al Summer Exchange of Animators.[\/vc_column_text][\/vc_tab][vc_tab title=&#8221;Participaci\u00f3 a Don Bosco Youth-Net&#8221; tab_id=&#8221;d1f4803e-315b-8&#8243;][vc_row_inner][vc_column_inner width=&#8221;1\/4&#8243;][vc_single_image image=&#8221;918&#8243; img_size=&#8221;&#8221;][\/vc_column_inner][vc_column_inner width=&#8221;3\/4&#8243;][vc_column_text]<a href=\"https:\/\/www.donboscoyouth.net\/\" target=\"_blank\" rel=\"noopener\">Don Bosco Youth-Net<\/a> \u00e9s una xarxa internacional d&#8217;organitzacions juvenils que treballen a l&#8217;estil de Don Bosco a les diferents inspectories d&#8217;Europa. Entre les seves activitats realitzen reunions internacionals, formaci\u00f3 per a voluntaris (a Espanya i en altres pa\u00efsos d&#8217;Europa), amb intercanvis de voluntaris per a activitats en els centres juvenils i campaments d&#8217;estiu.[\/vc_column_text][\/vc_column_inner][\/vc_row_inner][vc_row_inner][vc_column_inner][vc_column_text]<span class=\"dt-highlight\" style=\"color: #474647; background: #EEB238 !important;\"><strong>La Confederaci\u00f3 Don Bosco \u00e9s una organitzaci\u00f3 membre de la Don Bosco Youth-Net actualment, al costat d&#8217;altres 17 organitzacions en 16 pa\u00efsos europeus.<\/strong><\/span><\/p>\n<p>Els seus objectius s\u00f3n:<\/p>\n<ul>\n<li>Unir als joves d&#8217;Europa i de l&#8217;m\u00f3n, per participar en activitats juvenils que estiguin vinculades amb l&#8217;estil de treball a trav\u00e9s de l&#8217;esperit de Don Bosco.<\/li>\n<li>Organitzar iniciatives internacionals que contribueixin a el ple desenvolupament dels joves. Ampliar les oportunitats dels joves que, per motius de diversa \u00edndole, es veuen exclosos d&#8217;aquest tipus d&#8217;activitats.<\/li>\n<li>A m\u00e9s d&#8217;un intercanvi profund d&#8217;informaci\u00f3, idees i experi\u00e8ncies entre els diferents socis.<\/li>\n<li>I finalment, representar la veu dels joves de Don Bosco i defensar els seus interessos a nivell internacional.<\/li>\n<\/ul>\n<p>La DBYN \u00e9s una eina important\u00edssima d&#8217;aprenentatge per als nostres joves animadors i \/ o destinataris, ja sigui a trav\u00e9s de la participaci\u00f3 en els propis \u00f2rgans de governs de la Xarxa, compartint amb altres entitats similars en altres pa\u00efsos, com les oportunitats de projectes (\u00e9s a dir, participaci\u00f3 en activitats) compartits d&#8217;intercanvi i formaci\u00f3.[\/vc_column_text][\/vc_column_inner][\/vc_row_inner][\/vc_tab][vc_tab title=&#8221;Enviament de voluntariat a projectes Erasmus +&#8221; tab_id=&#8221;1622209734707-2-6&#8243;][vc_column_text]<strong>Erasmus + \u00e9s el programa de la UE en els \u00e0mbits de l&#8217;educaci\u00f3, la formaci\u00f3, la joventut i l&#8217;esport per al per\u00edode 2021-2027.<\/strong><\/p>\n<p>L&#8217;educaci\u00f3, la formaci\u00f3, la joventut i l&#8217;esport s\u00f3n \u00e0rees clau que donen suport a la ciutadania en el seu desenvolupament personal i professional. L&#8217;educaci\u00f3 i formaci\u00f3 inclusives d&#8217;alta qualitat, aix\u00ed com l&#8217;aprenentatge informal i no formal, en \u00faltima inst\u00e0ncia, equipa als joves i participants de totes les edats amb les qualificacions i habilitats necess\u00e0ries per a la seva participaci\u00f3 significativa en la societat democr\u00e0tica, la comprensi\u00f3 intercultural i la transici\u00f3 reeixida en el mercat laboral.<\/p>\n<p>En el marc d&#8217;algunes accions d&#8217;Erasmus + (principalment, accions de mobilitat), <strong>la Confederaci\u00f3 Don Bosco \u00e9s una organitzaci\u00f3 participant que mana a diferents persones a participar en una activitat d&#8217;un projecte Erasmus +<\/strong>.[\/vc_column_text][\/vc_tab][vc_tab title=&#8221;Acollida de projectes d&#8217;intercanvi Erasmus +&#8221; tab_id=&#8221;1622209745405-3-3&#8243;][vc_column_text]En el marc d&#8217;algunes accions d&#8217;Erasmus + (principalment, accions de mobilitat), la Confederaci\u00f3 Don Bosco \u00e9s una<strong>organitzaci\u00f3 d&#8217;acollida<\/strong>, que rep a diferents persones a participar i organitza una o m\u00e9s activitats d&#8217;un projecte Erasmus +.[\/vc_column_text][\/vc_tab][\/vc_tour][\/vc_column][\/vc_row]<\/p>\n<\/div>","protected":false},"excerpt":{"rendered":"<p>[vc_row][vc_column width=&#8221;2\/3&#8243;][vc_column_text]En la Confederaci\u00f3 Don Bosco treballem per oferir experi\u00e8ncies de voluntariat en centres juvenils salesians d&#8217;altres pa\u00efsos europeus, acollida de voluntaris, seminaris i trobades formatives i campaments internacionals amb la col\u00b7laboraci\u00f3 de la xarxa Don Bosco Youth-Net, una organitzaci\u00f3 que agrupa entitats juvenils de diferents pa\u00efsos d&#8217;al voltant de el m\u00f3n. Tamb\u00e9 vam participar&hellip;<\/p>\n","protected":false},"author":27,"featured_media":0,"parent":1803,"menu_order":0,"comment_status":"closed","ping_status":"closed","template":"","meta":{"_monsterinsights_skip_tracking":false,"_monsterinsights_sitenote_active":false,"_monsterinsights_sitenote_note":"","_monsterinsights_sitenote_category":0,"footnotes":""},"class_list":["post-2550","page","type-page","status-publish","hentry","description-off"],"_links":{"self":[{"href":"https:\/\/confedonbosco.org\/ca\/wp-json\/wp\/v2\/pages\/2550","targetHints":{"allow":["GET"]}}],"collection":[{"href":"https:\/\/confedonbosco.org\/ca\/wp-json\/wp\/v2\/pages"}],"about":[{"href":"https:\/\/confedonbosco.org\/ca\/wp-json\/wp\/v2\/types\/page"}],"author":[{"embeddable":true,"href":"https:\/\/confedonbosco.org\/ca\/wp-json\/wp\/v2\/users\/27"}],"replies":[{"embeddable":true,"href":"https:\/\/confedonbosco.org\/ca\/wp-json\/wp\/v2\/comments?post=2550"}],"version-history":[{"count":5,"href":"https:\/\/confedonbosco.org\/ca\/wp-json\/wp\/v2\/pages\/2550\/revisions"}],"predecessor-version":[{"id":2563,"href":"https:\/\/confedonbosco.org\/ca\/wp-json\/wp\/v2\/pages\/2550\/revisions\/2563"}],"up":[{"embeddable":true,"href":"https:\/\/confedonbosco.org\/ca\/wp-json\/wp\/v2\/pages\/1803"}],"wp:attachment":[{"href":"https:\/\/confedonbosco.org\/ca\/wp-json\/wp\/v2\/media?parent=2550"}],"curies":[{"name":"wp","href":"https:\/\/api.w.org\/{rel}","templated":true}]}}