{"id":2486,"date":"2021-08-31T06:47:33","date_gmt":"2021-08-31T06:47:33","guid":{"rendered":"https:\/\/www.confedonbosco.org\/projectes\/educacio-en-la-fe\/"},"modified":"2021-08-31T06:47:53","modified_gmt":"2021-08-31T06:47:53","slug":"educacio-en-la-fe","status":"publish","type":"page","link":"https:\/\/confedonbosco.org\/ca\/projectes\/educacio-en-la-fe\/","title":{"rendered":"Educaci\u00f3 en la Fe"},"content":{"rendered":"<div class=\"wpb-content-wrapper\"><p>[vc_row][vc_column width=&#8221;2\/3&#8243;][vc_column_text]El Moviment Juvenil Salesi\u00e0 \u00e9s la comuni\u00f3 de diversos grups, que coincideixen i s&#8217;uneixen en una <strong>misma proposta educativa i evangelitzadora, inspirada en l&#8217;esperit i l&#8217;estil de Don Bosco i Mare Mazzarello<\/strong>. La qual es desenvolupa a trav\u00e9s de l&#8217;Itinerari d&#8217;educaci\u00f3 en la fe, proposta educativa que unifica criteris en q\u00fcesti\u00f3 de continguts en tots els \u00e0mbits.<\/p>\n<p>Fomenta i promou la comunicaci\u00f3 per compartir experi\u00e8ncies en tots els \u00e0mbits -local, inspectorial, nacional, continental i mundial-respecte a totes les facetes del nostre moviment.<\/p>\n<p>Els grups, moviments i associacions de el Moviment Juvenil Salesi\u00e0 fan refer\u00e8ncia expl\u00edcita a les seves L\u00ednies B\u00e0siques, Estatuts, Projectes Educatius, etc., no nom\u00e9s als valors de l&#8217;Espiritualitat Juvenil Salesiana, sin\u00f3 tamb\u00e9 a l&#8217;propi Moviment i mostren inter\u00e8s per compartir aquests valors amb altres grups. [\/vc_column_text][\/vc_column][vc_column width=&#8221;1\/3&#8243;][vc_single_image image=&#8221;1191&#8243; img_size=&#8221;&#8221;][\/vc_column][\/vc_row][vc_row bg_type=&#8221;image&#8221; parallax_style=&#8221;vcpb-default&#8221; bg_image_new=&#8221;id^718|url^https:\/\/www.confedonbosco.org\/wp-content\/uploads\/2021\/05\/iconos-patron.png|caption^null|alt^null|title^iconos patron|description^null&#8221; bg_image_size=&#8221;initial&#8221; bg_img_attach=&#8221;fixed&#8221; bg_override=&#8221;full&#8221; seperator_enable=&#8221;seperator_enable_value&#8221; seperator_type=&#8221;tilt_right_seperator&#8221; css=&#8221;.vc_custom_1622213986548{padding-top: 50px !important;padding-right: 5px !important;padding-bottom: 50px !important;padding-left: 5px !important;background-color: #b25093 !important;}&#8221;][vc_column][vc_row_inner][vc_column_inner]<div id=\"ultimate-heading-713069e5cf5b923d9\" class=\"uvc-heading ult-adjust-bottom-margin ultimate-heading-713069e5cf5b923d9 uvc-3097  uvc-heading-default-font-sizes\" data-hspacer=\"no_spacer\"  data-halign=\"center\" style=\"text-align:center\"><div class=\"uvc-heading-spacer no_spacer\" style=\"top\"><\/div><div class=\"uvc-main-heading ult-responsive\"  data-ultimate-target='.uvc-heading.ultimate-heading-713069e5cf5b923d9 h5'  data-responsive-json-new='{\"font-size\":\"\",\"line-height\":\"\"}' ><h5 style=\"--font-weight:theme;color:#ffffff;\">Els trets d'aquesta espiritualitat es desenvolupen de manera gradual i progressiu en el proc\u00e9s educatiu concret.<\/h5><\/div><\/div><div class=\"ult-just-icon-wrapper  \"><div class=\"align-icon\" style=\"text-align:center;\">\n<div class=\"aio-icon none \" data-animation=\"pulse\" data-animation-delay=\"03\" style=\"color:#ffffff;font-size:32px;display:inline-block;\">\n\t<i class=\"icomoon-the7-font-the7-arrow-05\"><\/i>\n<\/div><\/div><\/div>[\/vc_column_inner][\/vc_row_inner][vc_empty_space][vc_row_inner css=&#8221;.vc_custom_1622212953581{background-color: #ffffff !important;}&#8221;][vc_column_inner]<div id=\"ultimate-heading-213469e5cf5b92459\" class=\"uvc-heading ult-adjust-bottom-margin ultimate-heading-213469e5cf5b92459 uvc-2849  uvc-heading-default-font-sizes\" data-hspacer=\"no_spacer\"  data-halign=\"center\" style=\"text-align:center\"><div class=\"uvc-heading-spacer no_spacer\" style=\"top\"><\/div><div class=\"uvc-main-heading ult-responsive\"  data-ultimate-target='.uvc-heading.ultimate-heading-213469e5cf5b92459 h3'  data-responsive-json-new='{\"font-size\":\"\",\"line-height\":\"\"}' ><h3 style=\"--font-weight:theme;\">Materials per etapes<\/h3><\/div><\/div>[\/vc_column_inner][\/vc_row_inner][vc_row_inner css=&#8221;.vc_custom_1622213402268{padding-bottom: 15px !important;background-color: #ffffff !important;}&#8221;][vc_column_inner width=&#8221;1\/4&#8243;]<span id=\"creative-link-wrap-7804\" class=\"ult_main_cl ult-adjust-bottom-margin  \" >\n\t \t\t\t<span class=\"ult_cl_link_9  ult_crlink\" >\n\t\t\t\t\t<a  data-ultimate-target='#creative-link-wrap-7804 .ult_colorlink'  data-responsive-json-new='{\"font-size\":\"desktop:20px;\",\"line-height\":\"\"}'  href=\"https:\/\/pastoraljuvenil.es\/itinerario-educacionfe\/edad-9-12\/\" target=\"_blank\" rel=\"noopener\"  class=\"ult_colorlink ult-responsive \" style=\"font-weight:bold; \"  data-textcolor=\"#23b2be\" data-texthover=\"#474647\"data-style=\"Style_9\">\n\t\t\t\t\t\t<span class=\"ult_link_top ult_btn9_link_top \" style=\"border-top-width:2px;border-top-style:solid;border-top-color:#eeb238;\"><\/span>\n\t\t\t\t\t\t<span data-hover=\"9 -12 ANYS\" style=\"color:#23b2be;;;\" class=\"ult_btn10_span   \">9 -12 ANYS<\/span>\n\t\t\t\t\t\t<span class=\"ult_link_btm  ult_btn9_link_btm\" style=\"border-top-width:2px;border-top-style:solid;border-top-color:#eeb238;\"><\/span>\n\t\t\t\t\t<\/a>\n\t\t\t\t<\/span>\n\t\t\t<\/span><div id=\"ultimate-heading-730569e5cf5b924c1\" class=\"uvc-heading ult-adjust-bottom-margin ultimate-heading-730569e5cf5b924c1 uvc-5233  uvc-heading-default-font-sizes\" data-hspacer=\"no_spacer\"  data-halign=\"center\" style=\"text-align:center\"><div class=\"uvc-heading-spacer no_spacer\" style=\"top\"><\/div><div class=\"uvc-main-heading ult-responsive\"  data-ultimate-target='.uvc-heading.ultimate-heading-730569e5cf5b924c1 h6'  data-responsive-json-new='{\"font-size\":\"\",\"line-height\":\"\"}' ><h6 style=\"--font-weight:theme;color:#eeb238;\">Inf\u00e0ncia<\/h6><\/div><\/div>[\/vc_column_inner][vc_column_inner width=&#8221;1\/4&#8243;]<span id=\"creative-link-wrap-7851\" class=\"ult_main_cl ult-adjust-bottom-margin  \" >\n\t \t\t\t<span class=\"ult_cl_link_9  ult_crlink\" >\n\t\t\t\t\t<a  data-ultimate-target='#creative-link-wrap-7851 .ult_colorlink'  data-responsive-json-new='{\"font-size\":\"desktop:20px;\",\"line-height\":\"\"}'  href=\"https:\/\/pastoraljuvenil.es\/itinerario-educacionfe\/edad-12-14\/\" target=\"_blank\" rel=\"noopener\"  class=\"ult_colorlink ult-responsive \" style=\"font-weight:bold; \"  data-textcolor=\"#23b2be\" data-texthover=\"#474647\"data-style=\"Style_9\">\n\t\t\t\t\t\t<span class=\"ult_link_top ult_btn9_link_top \" style=\"border-top-width:2px;border-top-style:solid;border-top-color:#eeb238;\"><\/span>\n\t\t\t\t\t\t<span data-hover=\"12- 14 ANYS\" style=\"color:#23b2be;;;\" class=\"ult_btn10_span   \">12- 14 ANYS<\/span>\n\t\t\t\t\t\t<span class=\"ult_link_btm  ult_btn9_link_btm\" style=\"border-top-width:2px;border-top-style:solid;border-top-color:#eeb238;\"><\/span>\n\t\t\t\t\t<\/a>\n\t\t\t\t<\/span>\n\t\t\t<\/span><div id=\"ultimate-heading-320169e5cf5b924f5\" class=\"uvc-heading ult-adjust-bottom-margin ultimate-heading-320169e5cf5b924f5 uvc-6843  uvc-heading-default-font-sizes\" data-hspacer=\"no_spacer\"  data-halign=\"center\" style=\"text-align:center\"><div class=\"uvc-heading-spacer no_spacer\" style=\"top\"><\/div><div class=\"uvc-main-heading ult-responsive\"  data-ultimate-target='.uvc-heading.ultimate-heading-320169e5cf5b924f5 h6'  data-responsive-json-new='{\"font-size\":\"\",\"line-height\":\"\"}' ><h6 style=\"--font-weight:theme;color:#eeb238;\">Preadolesc\u00e8ncia<\/h6><\/div><\/div>[\/vc_column_inner][vc_column_inner width=&#8221;1\/4&#8243;]<span id=\"creative-link-wrap-8804\" class=\"ult_main_cl ult-adjust-bottom-margin  \" >\n\t \t\t\t<span class=\"ult_cl_link_9  ult_crlink\" >\n\t\t\t\t\t<a  data-ultimate-target='#creative-link-wrap-8804 .ult_colorlink'  data-responsive-json-new='{\"font-size\":\"desktop:20px;\",\"line-height\":\"\"}'  href=\"https:\/\/pastoraljuvenil.es\/itinerario-educacionfe\/edad-14-16\/\" target=\"_blank\" rel=\"noopener\"  class=\"ult_colorlink ult-responsive \" style=\"font-weight:bold; \"  data-textcolor=\"#23b2be\" data-texthover=\"#474647\"data-style=\"Style_9\">\n\t\t\t\t\t\t<span class=\"ult_link_top ult_btn9_link_top \" style=\"border-top-width:2px;border-top-style:solid;border-top-color:#eeb238;\"><\/span>\n\t\t\t\t\t\t<span data-hover=\"14 -16 ANYS\" style=\"color:#23b2be;;;\" class=\"ult_btn10_span   \">14 -16 ANYS<\/span>\n\t\t\t\t\t\t<span class=\"ult_link_btm  ult_btn9_link_btm\" style=\"border-top-width:2px;border-top-style:solid;border-top-color:#eeb238;\"><\/span>\n\t\t\t\t\t<\/a>\n\t\t\t\t<\/span>\n\t\t\t<\/span><div id=\"ultimate-heading-692269e5cf5b9251e\" class=\"uvc-heading ult-adjust-bottom-margin ultimate-heading-692269e5cf5b9251e uvc-2406  uvc-heading-default-font-sizes\" data-hspacer=\"no_spacer\"  data-halign=\"center\" style=\"text-align:center\"><div class=\"uvc-heading-spacer no_spacer\" style=\"top\"><\/div><div class=\"uvc-main-heading ult-responsive\"  data-ultimate-target='.uvc-heading.ultimate-heading-692269e5cf5b9251e h6'  data-responsive-json-new='{\"font-size\":\"\",\"line-height\":\"\"}' ><h6 style=\"--font-weight:theme;color:#eeb238;\">Adolesc\u00e8ncia<\/h6><\/div><\/div>[\/vc_column_inner][vc_column_inner width=&#8221;1\/4&#8243;]<span id=\"creative-link-wrap-2354\" class=\"ult_main_cl ult-adjust-bottom-margin  \" >\n\t \t\t\t<span class=\"ult_cl_link_9  ult_crlink\" >\n\t\t\t\t\t<a  data-ultimate-target='#creative-link-wrap-2354 .ult_colorlink'  data-responsive-json-new='{\"font-size\":\"desktop:20px;\",\"line-height\":\"\"}'  href=\"https:\/\/pastoraljuvenil.es\/itinerario-educacionfe\/edad-16-19\/\" target=\"_blank\" rel=\"noopener\"  class=\"ult_colorlink ult-responsive \" style=\"font-weight:bold; \"  data-textcolor=\"#23b2be\" data-texthover=\"#474647\"data-style=\"Style_9\">\n\t\t\t\t\t\t<span class=\"ult_link_top ult_btn9_link_top \" style=\"border-top-width:2px;border-top-style:solid;border-top-color:#eeb238;\"><\/span>\n\t\t\t\t\t\t<span data-hover=\"16-19 ANYS\" style=\"color:#23b2be;;;\" class=\"ult_btn10_span   \">16-19 ANYS<\/span>\n\t\t\t\t\t\t<span class=\"ult_link_btm  ult_btn9_link_btm\" style=\"border-top-width:2px;border-top-style:solid;border-top-color:#eeb238;\"><\/span>\n\t\t\t\t\t<\/a>\n\t\t\t\t<\/span>\n\t\t\t<\/span><div id=\"ultimate-heading-103869e5cf5b92543\" class=\"uvc-heading ult-adjust-bottom-margin ultimate-heading-103869e5cf5b92543 uvc-1112  uvc-heading-default-font-sizes\" data-hspacer=\"no_spacer\"  data-halign=\"center\" style=\"text-align:center\"><div class=\"uvc-heading-spacer no_spacer\" style=\"top\"><\/div><div class=\"uvc-main-heading ult-responsive\"  data-ultimate-target='.uvc-heading.ultimate-heading-103869e5cf5b92543 h6'  data-responsive-json-new='{\"font-size\":\"\",\"line-height\":\"\"}' ><h6 style=\"--font-weight:theme;color:#eeb238;\">Joventut<\/h6><\/div><\/div>[\/vc_column_inner][\/vc_row_inner][vc_row_inner css=&#8221;.vc_custom_1622213654373{background-color: #ffffff !important;}&#8221;][vc_column_inner]<span id=\"creative-link-wrap-2062\" class=\"ult_main_cl ult-adjust-bottom-margin  \" >\n\t \t\t\t<span class=\"ult_cl_link_5  ult_crlink\" >\n\t\t\t\t\t<a  data-ultimate-target='#creative-link-wrap-2062 .ult_colorlink'  data-responsive-json-new='{\"font-size\":\"desktop:20px;\",\"line-height\":\"\"}'  href=\"https:\/\/www.pastoraljuvenil.es\/wp-content\/uploads\/2017\/06\/Tablasmodelopedagogico.pdf\" target=\"_blank\" rel=\"noopener\"  class=\"ult_colorlink ult-responsive \" style=\"font-weight:bold; \"  data-textcolor=\"#23b2be\" data-texthover=\"#474647\"data-style=\"Style_5\">\n\t\t\t\t\t\t<span class=\"ult_link_top\" style=\"border-color:#eeb238;border-bottom-width:1px;border-style:solid;\"><\/span>\n\t\t\t\t\t\t<span data-hover=\"Taules d&#039;objectius i continguts de l&#039;model pedag\u00f2gic\" style=\"color:#23b2be;;;\" class=\"ult_btn10_span   \">Taules d'objectius i continguts de l'model pedag\u00f2gic<\/span>\n\t\t\t\t\t\t<span class=\"ult_link_btm  \" style=\"border-color:#eeb238;border-bottom-width:1px;border-style:solid;\"><\/span>\n\t\t\t\t\t<\/a>\n\t\t\t\t<\/span>\n\t\t\t<\/span>[\/vc_column_inner][\/vc_row_inner][vc_empty_space][vc_row_inner css=&#8221;.vc_custom_1622212953581{background-color: #ffffff !important;}&#8221;][vc_column_inner]<div id=\"ultimate-heading-925369e5cf5b92572\" class=\"uvc-heading ult-adjust-bottom-margin ultimate-heading-925369e5cf5b92572 uvc-8071  uvc-heading-default-font-sizes\" data-hspacer=\"no_spacer\"  data-halign=\"center\" style=\"text-align:center\"><div class=\"uvc-heading-spacer no_spacer\" style=\"top\"><\/div><div class=\"uvc-main-heading ult-responsive\"  data-ultimate-target='.uvc-heading.ultimate-heading-925369e5cf5b92572 h3'  data-responsive-json-new='{\"font-size\":\"\",\"line-height\":\"\"}' ><h3 style=\"--font-weight:theme;\">Materials per temes<\/h3><\/div><\/div>[\/vc_column_inner][\/vc_row_inner][vc_row_inner css=&#8221;.vc_custom_1622213127381{padding-bottom: 15px !important;background-color: #ffffff !important;}&#8221;][vc_column_inner width=&#8221;1\/3&#8243;]<span id=\"creative-link-wrap-3301\" class=\"ult_main_cl ult-adjust-bottom-margin  \" >\n\t \t\t\t<span class=\"ult_cl_link_1  ult_crlink\" >\n\t\t\t\t\t<a  data-ultimate-target='#creative-link-wrap-3301 .ult_colorlink'  data-responsive-json-new='{\"font-size\":\"desktop:20px;\",\"line-height\":\"\"}'  href=\"https:\/\/pastoraljuvenil.es\/itinerario-educacionfe\/la-fe-vivida\/\" target=\"_blank\" rel=\"noopener\"  class=\"ult_colorlink ult-responsive \" style=\"font-weight:bold;color:#23b2be; \"  data-textcolor=\"#23b2be\" data-texthover=\"#474647\"data-style=\"Style_1\">\n\t\t\t\t\t\t\n\t\t\t\t\t\t<span data-hover=\"La fe viscuda\" style=\"color:#23b2be;;;\" class=\"ult_btn10_span   \">La fe viscuda<\/span>\n\t\t\t\t\t\t\n\t\t\t\t\t<\/a>\n\t\t\t\t<\/span>\n\t\t\t<\/span>[\/vc_column_inner][vc_column_inner width=&#8221;1\/3&#8243;]<span id=\"creative-link-wrap-4404\" class=\"ult_main_cl ult-adjust-bottom-margin  \" >\n\t \t\t\t<span class=\"ult_cl_link_1  ult_crlink\" >\n\t\t\t\t\t<a  data-ultimate-target='#creative-link-wrap-4404 .ult_colorlink'  data-responsive-json-new='{\"font-size\":\"desktop:20px;\",\"line-height\":\"\"}'  href=\"https:\/\/pastoraljuvenil.es\/itinerario-educacionfe\/la-fe-comprometida\/\" target=\"_blank\" rel=\"noopener\"  class=\"ult_colorlink ult-responsive \" style=\"font-weight:bold;color:#23b2be; \"  data-textcolor=\"#23b2be\" data-texthover=\"#474647\"data-style=\"Style_1\">\n\t\t\t\t\t\t\n\t\t\t\t\t\t<span data-hover=\"La fe compromesa\" style=\"color:#23b2be;;;\" class=\"ult_btn10_span   \">La fe compromesa<\/span>\n\t\t\t\t\t\t\n\t\t\t\t\t<\/a>\n\t\t\t\t<\/span>\n\t\t\t<\/span>[\/vc_column_inner][vc_column_inner width=&#8221;1\/3&#8243;]<span id=\"creative-link-wrap-5550\" class=\"ult_main_cl ult-adjust-bottom-margin  \" >\n\t \t\t\t<span class=\"ult_cl_link_1  ult_crlink\" >\n\t\t\t\t\t<a  data-ultimate-target='#creative-link-wrap-5550 .ult_colorlink'  data-responsive-json-new='{\"font-size\":\"desktop:20px;\",\"line-height\":\"\"}'  href=\"https:\/\/pastoraljuvenil.es\/itinerario-educacionfe\/la-fe-compartida\/\" target=\"_blank\" rel=\"noopener\"  class=\"ult_colorlink ult-responsive \" style=\"font-weight:bold;color:#23b2be; \"  data-textcolor=\"#23b2be\" data-texthover=\"#474647\"data-style=\"Style_1\">\n\t\t\t\t\t\t\n\t\t\t\t\t\t<span data-hover=\"La fe compartida\" style=\"color:#23b2be;;;\" class=\"ult_btn10_span   \">La fe compartida<\/span>\n\t\t\t\t\t\t\n\t\t\t\t\t<\/a>\n\t\t\t\t<\/span>\n\t\t\t<\/span>[\/vc_column_inner][\/vc_row_inner][vc_row_inner css=&#8221;.vc_custom_1622213127381{padding-bottom: 15px !important;background-color: #ffffff !important;}&#8221;][vc_column_inner width=&#8221;1\/3&#8243;]<span id=\"creative-link-wrap-3162\" class=\"ult_main_cl ult-adjust-bottom-margin  \" >\n\t \t\t\t<span class=\"ult_cl_link_1  ult_crlink\" >\n\t\t\t\t\t<a  data-ultimate-target='#creative-link-wrap-3162 .ult_colorlink'  data-responsive-json-new='{\"font-size\":\"desktop:20px;\",\"line-height\":\"\"}'  href=\"https:\/\/pastoraljuvenil.es\/itinerario-educacionfe\/la-fe-comprendida\/\" target=\"_blank\" rel=\"noopener\"  class=\"ult_colorlink ult-responsive \" style=\"font-weight:bold;color:#23b2be; \"  data-textcolor=\"#23b2be\" data-texthover=\"#474647\"data-style=\"Style_1\">\n\t\t\t\t\t\t\n\t\t\t\t\t\t<span data-hover=\"La fe compresa\" style=\"color:#23b2be;;;\" class=\"ult_btn10_span   \">La fe compresa<\/span>\n\t\t\t\t\t\t\n\t\t\t\t\t<\/a>\n\t\t\t\t<\/span>\n\t\t\t<\/span>[\/vc_column_inner][vc_column_inner width=&#8221;1\/3&#8243;]<span id=\"creative-link-wrap-4678\" class=\"ult_main_cl ult-adjust-bottom-margin  \" >\n\t \t\t\t<span class=\"ult_cl_link_1  ult_crlink\" >\n\t\t\t\t\t<a  data-ultimate-target='#creative-link-wrap-4678 .ult_colorlink'  data-responsive-json-new='{\"font-size\":\"desktop:20px;\",\"line-height\":\"\"}'  href=\"https:\/\/pastoraljuvenil.es\/itinerario-educacionfe\/el-centro-de-la-fe\/\" target=\"_blank\" rel=\"noopener\"  class=\"ult_colorlink ult-responsive \" style=\"font-weight:bold;color:#23b2be; \"  data-textcolor=\"#23b2be\" data-texthover=\"#474647\"data-style=\"Style_1\">\n\t\t\t\t\t\t\n\t\t\t\t\t\t<span data-hover=\"O centro da fe\" style=\"color:#23b2be;;;\" class=\"ult_btn10_span   \">O centro da fe<\/span>\n\t\t\t\t\t\t\n\t\t\t\t\t<\/a>\n\t\t\t\t<\/span>\n\t\t\t<\/span>[\/vc_column_inner][vc_column_inner width=&#8221;1\/3&#8243;]<span id=\"creative-link-wrap-9647\" class=\"ult_main_cl ult-adjust-bottom-margin  \" >\n\t \t\t\t<span class=\"ult_cl_link_1  ult_crlink\" >\n\t\t\t\t\t<a  data-ultimate-target='#creative-link-wrap-9647 .ult_colorlink'  data-responsive-json-new='{\"font-size\":\"desktop:20px;\",\"line-height\":\"\"}'  href=\"https:\/\/pastoraljuvenil.es\/itinerario-educacionfe\/la-fe-celebrada\/\" target=\"_blank\" rel=\"noopener\"  class=\"ult_colorlink ult-responsive \" style=\"font-weight:bold;color:#23b2be; \"  data-textcolor=\"#23b2be\" data-texthover=\"#474647\"data-style=\"Style_1\">\n\t\t\t\t\t\t\n\t\t\t\t\t\t<span data-hover=\"La fe celebrada\" style=\"color:#23b2be;;;\" class=\"ult_btn10_span   \">La fe celebrada<\/span>\n\t\t\t\t\t\t\n\t\t\t\t\t<\/a>\n\t\t\t\t<\/span>\n\t\t\t<\/span>[\/vc_column_inner][\/vc_row_inner][vc_empty_space][vc_row_inner css=&#8221;.vc_custom_1622213127381{padding-bottom: 15px !important;background-color: #ffffff !important;}&#8221;][vc_column_inner width=&#8221;1\/2&#8243;]<span id=\"creative-link-wrap-3232\" class=\"ult_main_cl ult-adjust-bottom-margin  \" >\n\t \t\t\t<span class=\"ult_cl_link_8  ult_crlink\" >\n\t\t\t\t\t<a  data-ultimate-target='#creative-link-wrap-3232 .ult_colorlink'  data-responsive-json-new='{\"font-size\":\"desktop:20px;\",\"line-height\":\"\"}'  href=\"https:\/\/pastoraljuvenil.es\/itinerario-educacionfe\/formacion-ief\/\" target=\"_blank\" rel=\"noopener\"  class=\"ult_colorlink ult-responsive  vc_custom_1622214642598\" style=\"font-weight:bold; \"  data-textcolor=\"#23b2be\" data-texthover=\"#474647\"data-style=\"Style_8\">\n\t\t\t\t\t\t<span class=\"ult_link_top ult_btn8_link_top \" style=\"outline-color:#eeb238;outline-width:2px;outline-style:solid;\"><\/span>\n\t\t\t\t\t\t<span data-hover=\"Formaci\u00f3 IEF\" style=\"color:#23b2be;;;\" class=\"ult_btn10_span   \">Formaci\u00f3 IEF<\/span>\n\t\t\t\t\t\t<span class=\"ult_link_btm  ulmt_btn8_link_btm\" style=\"outline-color:#cdcdcd;outline-width:2px;outline-style:solid;\"><\/span>\n\t\t\t\t\t<\/a>\n\t\t\t\t<\/span>\n\t\t\t<\/span>[\/vc_column_inner][vc_column_inner width=&#8221;1\/2&#8243;]<span id=\"creative-link-wrap-6612\" class=\"ult_main_cl ult-adjust-bottom-margin  \" >\n\t \t\t\t<span class=\"ult_cl_link_8  ult_crlink\" >\n\t\t\t\t\t<a  data-ultimate-target='#creative-link-wrap-6612 .ult_colorlink'  data-responsive-json-new='{\"font-size\":\"desktop:20px;\",\"line-height\":\"\"}'  href=\"https:\/\/pastoraljuvenil.es\/itinerario-educacionfe\/edad-9-12-encuentros\/\" target=\"_blank\" rel=\"noopener\"  class=\"ult_colorlink ult-responsive  vc_custom_1622214694616\" style=\"font-weight:bold; \"  data-textcolor=\"#23b2be\" data-texthover=\"#474647\"data-style=\"Style_8\">\n\t\t\t\t\t\t<span class=\"ult_link_top ult_btn8_link_top \" style=\"outline-color:#eeb238;outline-width:2px;outline-style:solid;\"><\/span>\n\t\t\t\t\t\t<span data-hover=\"Trobada inspectorial anual\" style=\"color:#23b2be;;;\" class=\"ult_btn10_span   \">Trobada inspectorial anual<\/span>\n\t\t\t\t\t\t<span class=\"ult_link_btm  ulmt_btn8_link_btm\" style=\"outline-color:#cdcdcd;outline-width:2px;outline-style:solid;\"><\/span>\n\t\t\t\t\t<\/a>\n\t\t\t\t<\/span>\n\t\t\t<\/span>[\/vc_column_inner][\/vc_row_inner][\/vc_column][\/vc_row]<\/p>\n<\/div>","protected":false},"excerpt":{"rendered":"<p>[vc_row][vc_column width=&#8221;2\/3&#8243;][vc_column_text]El Moviment Juvenil Salesi\u00e0 \u00e9s la comuni\u00f3 de diversos grups, que coincideixen i s&#8217;uneixen en una misma proposta educativa i evangelitzadora, inspirada en l&#8217;esperit i l&#8217;estil de Don Bosco i Mare Mazzarello. La qual es desenvolupa a trav\u00e9s de l&#8217;Itinerari d&#8217;educaci\u00f3 en la fe, proposta educativa que unifica criteris en q\u00fcesti\u00f3 de continguts en&hellip;<\/p>\n","protected":false},"author":27,"featured_media":0,"parent":1803,"menu_order":0,"comment_status":"closed","ping_status":"closed","template":"","meta":{"_monsterinsights_skip_tracking":false,"_monsterinsights_sitenote_active":false,"_monsterinsights_sitenote_note":"","_monsterinsights_sitenote_category":0,"footnotes":""},"class_list":["post-2486","page","type-page","status-publish","hentry","description-off"],"_links":{"self":[{"href":"https:\/\/confedonbosco.org\/ca\/wp-json\/wp\/v2\/pages\/2486","targetHints":{"allow":["GET"]}}],"collection":[{"href":"https:\/\/confedonbosco.org\/ca\/wp-json\/wp\/v2\/pages"}],"about":[{"href":"https:\/\/confedonbosco.org\/ca\/wp-json\/wp\/v2\/types\/page"}],"author":[{"embeddable":true,"href":"https:\/\/confedonbosco.org\/ca\/wp-json\/wp\/v2\/users\/27"}],"replies":[{"embeddable":true,"href":"https:\/\/confedonbosco.org\/ca\/wp-json\/wp\/v2\/comments?post=2486"}],"version-history":[{"count":13,"href":"https:\/\/confedonbosco.org\/ca\/wp-json\/wp\/v2\/pages\/2486\/revisions"}],"predecessor-version":[{"id":2510,"href":"https:\/\/confedonbosco.org\/ca\/wp-json\/wp\/v2\/pages\/2486\/revisions\/2510"}],"up":[{"embeddable":true,"href":"https:\/\/confedonbosco.org\/ca\/wp-json\/wp\/v2\/pages\/1803"}],"wp:attachment":[{"href":"https:\/\/confedonbosco.org\/ca\/wp-json\/wp\/v2\/media?parent=2486"}],"curies":[{"name":"wp","href":"https:\/\/api.w.org\/{rel}","templated":true}]}}