{"id":2401,"date":"2021-08-30T16:48:13","date_gmt":"2021-08-30T16:48:13","guid":{"rendered":"https:\/\/www.confedonbosco.org\/linies-transversals\/voluntariat\/"},"modified":"2021-08-30T16:48:41","modified_gmt":"2021-08-30T16:48:41","slug":"voluntariat","status":"publish","type":"page","link":"https:\/\/confedonbosco.org\/ca\/linies-transversals\/voluntariat\/","title":{"rendered":"Voluntariat"},"content":{"rendered":"<div class=\"wpb-content-wrapper\"><p>[vc_row equal_height=&#8221;yes&#8221;][vc_column width=&#8221;1\/2&#8243;][vc_column_text css=&#8221;.vc_custom_1622190874294{margin-bottom: 10px !important;}&#8221;]<\/p>\n<h5>Des de la Confederaci\u00f3 Don Bosco, entenem el voluntariat com una<span style=\"color: #eeb238\">opci\u00f3 de vida<\/span>, en la qual la persona tria lliurement el comprom\u00eds de transformar la societat i convertir-la en un espai m\u00e9s just i solidari.<\/h5>\n<p>[\/vc_column_text][vc_column_text]Amb aquest programa pretenem aconseguir que es difongui la tasca volunt\u00e0ria a trav\u00e9s de les vies en qu\u00e8 la joventut pot participar en accions de sensibilitzaci\u00f3 de la import\u00e0ncia que t\u00e9 el voluntariat per a la nostra societat actual.<\/p>\n<p>Per treballar aix\u00f2 ho fem a trav\u00e9s d&#8217;activitats com ara campanyes de sensibilitzaci\u00f3, jornades, celebracions amb motiu del Dia de l&#8217;Voluntariat, edici\u00f3 i difusi\u00f3 de materials, etc.<\/p>\n<p>Les <strong>persones benefici\u00e0ries<\/strong> s\u00f3n tant <strong>voluntaris i volunt\u00e0ries<\/strong> que pertanyen als nostres centres i associacions juvenils com a persones joves que provinguin d&#8217;altres organitzacions promotores de l&#8217;voluntariat <strong>amb edats compreses entre 14 i 35 anys<\/strong>. Es porta a terme gr\u00e0cies a la feina de les persones volunt\u00e0ries ajudats per persones contractades.[\/vc_column_text][\/vc_column][vc_column width=&#8221;1\/2&#8243;]<style type=\"text\/css\" data-type=\"the7_shortcodes-inline-css\">.gallery-shortcode.gallery-masonry-shortcode-id-cf824ae4fac3f9f66546dda67aef1102 figure,\n.gallery-shortcode.gallery-masonry-shortcode-id-cf824ae4fac3f9f66546dda67aef1102 .rollover,\n.gallery-shortcode.gallery-masonry-shortcode-id-cf824ae4fac3f9f66546dda67aef1102 img,\n.gallery-shortcode.gallery-masonry-shortcode-id-cf824ae4fac3f9f66546dda67aef1102 .gallery-rollover {\n  border-radius: 0px;\n}\n.gallery-shortcode.gallery-masonry-shortcode-id-cf824ae4fac3f9f66546dda67aef1102.enable-bg-rollover .gallery-rollover {\n  background: -webkit-linear-gradient();\n  background: linear-gradient();\n}\n.gallery-shortcode.gallery-masonry-shortcode-id-cf824ae4fac3f9f66546dda67aef1102.enable-bg-rollover.hover-scale figure .rollover:after {\n  background: -webkit-linear-gradient();\n  background: linear-gradient();\n}\n.gallery-shortcode.gallery-masonry-shortcode-id-cf824ae4fac3f9f66546dda67aef1102 .gallery-zoom-ico {\n  width: 44px;\n  height: 44px;\n  line-height: 44px;\n  border-radius: 100px;\n  margin: -22px 0 0 -22px;\n  border-width: 0px;\n  color: #ffffff;\n}\n.dt-icon-bg-on.gallery-shortcode.gallery-masonry-shortcode-id-cf824ae4fac3f9f66546dda67aef1102 .gallery-zoom-ico {\n  background: rgba(255,255,255,0.3);\n  box-shadow: none;\n}\n.gallery-shortcode.gallery-masonry-shortcode-id-cf824ae4fac3f9f66546dda67aef1102 .gallery-zoom-ico:before,\n.gallery-shortcode.gallery-masonry-shortcode-id-cf824ae4fac3f9f66546dda67aef1102 .gallery-zoom-ico span {\n  font-size: 32px;\n  line-height: 44px;\n  color: #ffffff;\n}\n.gallery-shortcode.gallery-masonry-shortcode-id-cf824ae4fac3f9f66546dda67aef1102:not(.resize-by-browser-width) .dt-css-grid {\n  grid-row-gap: 10px;\n  grid-column-gap: 10px;\n  grid-template-columns: repeat(auto-fill,minmax(,1fr));\n}\n.gallery-shortcode.gallery-masonry-shortcode-id-cf824ae4fac3f9f66546dda67aef1102:not(.resize-by-browser-width) .dt-css-grid .double-width {\n  grid-column: span 2;\n}\n.cssgridlegacy.no-cssgrid .gallery-shortcode.gallery-masonry-shortcode-id-cf824ae4fac3f9f66546dda67aef1102:not(.resize-by-browser-width) .dt-css-grid,\n.no-cssgridlegacy.no-cssgrid .gallery-shortcode.gallery-masonry-shortcode-id-cf824ae4fac3f9f66546dda67aef1102:not(.resize-by-browser-width) .dt-css-grid {\n  display: flex;\n  flex-flow: row wrap;\n  margin: -5px;\n}\n.cssgridlegacy.no-cssgrid .gallery-shortcode.gallery-masonry-shortcode-id-cf824ae4fac3f9f66546dda67aef1102:not(.resize-by-browser-width) .dt-css-grid .wf-cell,\n.no-cssgridlegacy.no-cssgrid .gallery-shortcode.gallery-masonry-shortcode-id-cf824ae4fac3f9f66546dda67aef1102:not(.resize-by-browser-width) .dt-css-grid .wf-cell {\n  flex: 1 0 ;\n  max-width: 100%;\n  padding: 5px;\n  box-sizing: border-box;\n}\n.gallery-shortcode.gallery-masonry-shortcode-id-cf824ae4fac3f9f66546dda67aef1102.resize-by-browser-width .dt-css-grid {\n  grid-template-columns: repeat(2,1fr);\n  grid-template-rows: auto;\n  grid-column-gap: 10px;\n  grid-row-gap: 10px;\n}\n.gallery-shortcode.gallery-masonry-shortcode-id-cf824ae4fac3f9f66546dda67aef1102.resize-by-browser-width .dt-css-grid .double-width {\n  grid-column: span 2;\n}\n.cssgridlegacy.no-cssgrid .gallery-shortcode.gallery-masonry-shortcode-id-cf824ae4fac3f9f66546dda67aef1102.resize-by-browser-width .dt-css-grid {\n  margin: -5px;\n}\n.cssgridlegacy.no-cssgrid .gallery-shortcode.gallery-masonry-shortcode-id-cf824ae4fac3f9f66546dda67aef1102.resize-by-browser-width .dt-css-grid .wf-cell {\n  width: 50%;\n  padding: 5px;\n}\n.cssgridlegacy.no-cssgrid .gallery-shortcode.gallery-masonry-shortcode-id-cf824ae4fac3f9f66546dda67aef1102.resize-by-browser-width .dt-css-grid .wf-cell.double-width {\n  width: calc(50%) * 2;\n}\n.gallery-shortcode.gallery-masonry-shortcode-id-cf824ae4fac3f9f66546dda67aef1102.resize-by-browser-width:not(.centered-layout-list):not(.content-bg-on) .dt-css-grid {\n  grid-row-gap: 10px - ;\n}\n@media screen and (max-width: 1199px) {\n  .gallery-shortcode.gallery-masonry-shortcode-id-cf824ae4fac3f9f66546dda67aef1102.resize-by-browser-width .dt-css-grid {\n    grid-template-columns: repeat(2,1fr);\n  }\n  .cssgridlegacy.no-cssgrid .gallery-shortcode.gallery-masonry-shortcode-id-cf824ae4fac3f9f66546dda67aef1102.resize-by-browser-width .dt-css-grid .wf-cell,\n  .no-cssgridlegacy.no-cssgrid .gallery-shortcode.gallery-masonry-shortcode-id-cf824ae4fac3f9f66546dda67aef1102.resize-by-browser-width .dt-css-grid .wf-cell {\n    width: 50%;\n  }\n  .cssgridlegacy.no-cssgrid .gallery-shortcode.gallery-masonry-shortcode-id-cf824ae4fac3f9f66546dda67aef1102.resize-by-browser-width .dt-css-grid .wf-cell.double-width,\n  .no-cssgridlegacy.no-cssgrid .gallery-shortcode.gallery-masonry-shortcode-id-cf824ae4fac3f9f66546dda67aef1102.resize-by-browser-width .dt-css-grid .wf-cell.double-width {\n    width: calc(50%)*2;\n  }\n}\n@media screen and (max-width: 991px) {\n  .gallery-shortcode.gallery-masonry-shortcode-id-cf824ae4fac3f9f66546dda67aef1102.resize-by-browser-width .dt-css-grid {\n    grid-template-columns: repeat(2,1fr);\n  }\n  .cssgridlegacy.no-cssgrid .gallery-shortcode.gallery-masonry-shortcode-id-cf824ae4fac3f9f66546dda67aef1102.resize-by-browser-width .dt-css-grid .wf-cell,\n  .no-cssgridlegacy.no-cssgrid .gallery-shortcode.gallery-masonry-shortcode-id-cf824ae4fac3f9f66546dda67aef1102.resize-by-browser-width .dt-css-grid .wf-cell {\n    width: 50%;\n  }\n  .cssgridlegacy.no-cssgrid .gallery-shortcode.gallery-masonry-shortcode-id-cf824ae4fac3f9f66546dda67aef1102.resize-by-browser-width .dt-css-grid .wf-cell.double-width,\n  .no-cssgridlegacy.no-cssgrid .gallery-shortcode.gallery-masonry-shortcode-id-cf824ae4fac3f9f66546dda67aef1102.resize-by-browser-width .dt-css-grid .wf-cell.double-width {\n    width: calc(50%)*2;\n  }\n}\n@media screen and (max-width: 767px) {\n  .gallery-shortcode.gallery-masonry-shortcode-id-cf824ae4fac3f9f66546dda67aef1102.resize-by-browser-width .dt-css-grid {\n    grid-template-columns: repeat(2,1fr);\n  }\n  .cssgridlegacy.no-cssgrid .gallery-shortcode.gallery-masonry-shortcode-id-cf824ae4fac3f9f66546dda67aef1102.resize-by-browser-width .dt-css-grid .wf-cell,\n  .no-cssgridlegacy.no-cssgrid .gallery-shortcode.gallery-masonry-shortcode-id-cf824ae4fac3f9f66546dda67aef1102.resize-by-browser-width .dt-css-grid .wf-cell {\n    width: 50%;\n  }\n  .cssgridlegacy.no-cssgrid .gallery-shortcode.gallery-masonry-shortcode-id-cf824ae4fac3f9f66546dda67aef1102.resize-by-browser-width .dt-css-grid .wf-cell.double-width,\n  .no-cssgridlegacy.no-cssgrid .gallery-shortcode.gallery-masonry-shortcode-id-cf824ae4fac3f9f66546dda67aef1102.resize-by-browser-width .dt-css-grid .wf-cell.double-width {\n    width: calc(50%)*2;\n  }\n}<\/style><div class=\"gallery-shortcode dt-gallery-container gallery-masonry-shortcode-id-cf824ae4fac3f9f66546dda67aef1102 mode-masonry jquery-filter dt-icon-bg-off quick-scale-img enable-bg-rollover resize-by-browser-width  hover-fade loading-effect-scale-up description-on-hover\" data-padding=\"5px\" data-cur-page=\"1\" data-post-limit=\"-1\" data-pagination-mode=\"none\" data-desktop-columns-num=\"2\" data-v-tablet-columns-num=\"2\" data-h-tablet-columns-num=\"2\" data-phone-columns-num=\"2\" data-width=\"0px\" data-columns=\"0\"><div class=\"iso-container\" ><div class=\"wf-cell iso-item\" data-post-id=\"1408\" data-date=\"2021-05-28T16:40:10+02:00\" data-name=\"Confederaci\u00f3n Don Bosco\"><figure class=\"post visible\"><a href=\"https:\/\/confedonbosco.org\/wp-content\/uploads\/2021\/05\/Voluntariado_Confederacion-Don-Bosco_03.jpg\" class=\"rollover dt-pswp-item layzr-bg\" data-large_image_width=\"711\" data-large_image_height=\"400\" data-dt-img-description=\"\" title=\"Confederaci\u00f3n Don Bosco\"><img fetchpriority=\"high\" decoding=\"async\" class=\"preload-me iso-lazy-load aspect\" src=\"data:image\/svg+xml,%3Csvg%20xmlns%3D&#39;http%3A%2F%2Fwww.w3.org%2F2000%2Fsvg&#39;%20viewBox%3D&#39;0%200%20490%20276&#39;%2F%3E\" data-src=\"https:\/\/confedonbosco.org\/wp-content\/uploads\/2021\/05\/Voluntariado_Confederacion-Don-Bosco_03-490x276.jpg\" data-srcset=\"https:\/\/confedonbosco.org\/wp-content\/uploads\/2021\/05\/Voluntariado_Confederacion-Don-Bosco_03-490x276.jpg 490w, https:\/\/confedonbosco.org\/wp-content\/uploads\/2021\/05\/Voluntariado_Confederacion-Don-Bosco_03.jpg 710w\" loading=\"eager\" style=\"--ratio: 490 \/ 276\" sizes=\"(max-width: 490px) 100vw, 490px\" alt=\"\" width=\"490\" height=\"276\"  \/><span class=\"gallery-rollover\"><\/span><\/a><\/figure><\/div><div class=\"wf-cell iso-item\" data-post-id=\"1403\" data-date=\"2021-05-28T16:40:10+02:00\" data-name=\"Confederaci\u00f3n Don Bosco\"><figure class=\"post visible\"><a href=\"https:\/\/confedonbosco.org\/wp-content\/uploads\/2021\/05\/Voluntariado_Confederacion-Don-Bosco_02.jpg\" class=\"rollover dt-pswp-item layzr-bg\" data-large_image_width=\"600\" data-large_image_height=\"400\" data-dt-img-description=\"\" title=\"Confederaci\u00f3n Don Bosco\"><img decoding=\"async\" class=\"preload-me iso-lazy-load aspect\" src=\"data:image\/svg+xml,%3Csvg%20xmlns%3D&#39;http%3A%2F%2Fwww.w3.org%2F2000%2Fsvg&#39;%20viewBox%3D&#39;0%200%20490%20327&#39;%2F%3E\" data-src=\"https:\/\/confedonbosco.org\/wp-content\/uploads\/2021\/05\/Voluntariado_Confederacion-Don-Bosco_02-490x327.jpg\" data-srcset=\"https:\/\/confedonbosco.org\/wp-content\/uploads\/2021\/05\/Voluntariado_Confederacion-Don-Bosco_02-490x327.jpg 490w, https:\/\/confedonbosco.org\/wp-content\/uploads\/2021\/05\/Voluntariado_Confederacion-Don-Bosco_02-598x400.jpg 598w\" loading=\"eager\" style=\"--ratio: 490 \/ 327\" sizes=\"(max-width: 490px) 100vw, 490px\" alt=\"\" width=\"490\" height=\"327\"  \/><span class=\"gallery-rollover\"><\/span><\/a><\/figure><\/div><div class=\"wf-cell iso-item\" data-post-id=\"896\" data-date=\"2021-05-27T15:10:11+02:00\" data-name=\"CDB-02\"><figure class=\"post visible\"><a href=\"https:\/\/confedonbosco.org\/wp-content\/uploads\/2021\/05\/CDB-02.jpg\" class=\"rollover dt-pswp-item layzr-bg\" data-large_image_width=\"435\" data-large_image_height=\"400\" data-dt-img-description=\"\" title=\"CDB-02\"><img decoding=\"async\" class=\"preload-me iso-lazy-load aspect\" src=\"data:image\/svg+xml,%3Csvg%20xmlns%3D&#39;http%3A%2F%2Fwww.w3.org%2F2000%2Fsvg&#39;%20viewBox%3D&#39;0%200%20435%20400&#39;%2F%3E\" data-src=\"https:\/\/confedonbosco.org\/wp-content\/uploads\/2021\/05\/CDB-02.jpg\" data-srcset=\"https:\/\/confedonbosco.org\/wp-content\/uploads\/2021\/05\/CDB-02.jpg 435w\" loading=\"eager\" style=\"--ratio: 435 \/ 400\" sizes=\"(max-width: 435px) 100vw, 435px\" alt=\"\" width=\"435\" height=\"400\"  \/><span class=\"gallery-rollover\"><\/span><\/a><\/figure><\/div><div class=\"wf-cell iso-item\" data-post-id=\"1398\" data-date=\"2021-05-28T16:40:09+02:00\" data-name=\"Confederaci\u00f3n Don Bosco\"><figure class=\"post visible\"><a href=\"https:\/\/confedonbosco.org\/wp-content\/uploads\/2021\/05\/Voluntariado_Confederacion-Don-Bosco_01.jpg\" class=\"rollover dt-pswp-item layzr-bg\" data-large_image_width=\"600\" data-large_image_height=\"400\" data-dt-img-description=\"\" title=\"Confederaci\u00f3n Don Bosco\"><img decoding=\"async\" class=\"preload-me iso-lazy-load aspect\" src=\"data:image\/svg+xml,%3Csvg%20xmlns%3D&#39;http%3A%2F%2Fwww.w3.org%2F2000%2Fsvg&#39;%20viewBox%3D&#39;0%200%20490%20327&#39;%2F%3E\" data-src=\"https:\/\/confedonbosco.org\/wp-content\/uploads\/2021\/05\/Voluntariado_Confederacion-Don-Bosco_01-490x327.jpg\" data-srcset=\"https:\/\/confedonbosco.org\/wp-content\/uploads\/2021\/05\/Voluntariado_Confederacion-Don-Bosco_01-490x327.jpg 490w, https:\/\/confedonbosco.org\/wp-content\/uploads\/2021\/05\/Voluntariado_Confederacion-Don-Bosco_01-598x400.jpg 598w\" loading=\"eager\" style=\"--ratio: 490 \/ 327\" sizes=\"(max-width: 490px) 100vw, 490px\" alt=\"\" width=\"490\" height=\"327\"  \/><span class=\"gallery-rollover\"><\/span><\/a><\/figure><\/div><\/div><!-- iso-container|iso-grid --><\/div>[\/vc_column][\/vc_row]<\/p>\n<p>[vc_row css=&#8221;.vc_custom_1622556094031{margin-top: 2em !important;}&#8221;][vc_column]<div class=\"dt-fancy-separator h4-size title-color accent-border-color\" style=\"width: 100%;\"><div class=\"dt-fancy-title\"><span class=\"separator-holder separator-left\"><\/span>Les l\u00ednies transversals de la Confederaci\u00f3 Don Bosco<span class=\"separator-holder separator-right\"><\/span><\/div><\/div>[vc_empty_space][vc_wp_custommenu nav_menu=&#8221;42&#8243;][\/vc_column][\/vc_row]<\/p>\n<\/div>","protected":false},"excerpt":{"rendered":"<p>[vc_row equal_height=&#8221;yes&#8221;][vc_column width=&#8221;1\/2&#8243;][vc_column_text css=&#8221;.vc_custom_1622190874294{margin-bottom: 10px !important;}&#8221;] Des de la Confederaci\u00f3 Don Bosco, entenem el voluntariat com unaopci\u00f3 de vida, en la qual la persona tria lliurement el comprom\u00eds de transformar la societat i convertir-la en un espai m\u00e9s just i solidari. [\/vc_column_text][vc_column_text]Amb aquest programa pretenem aconseguir que es difongui la tasca volunt\u00e0ria a trav\u00e9s de&hellip;<\/p>\n","protected":false},"author":27,"featured_media":0,"parent":1788,"menu_order":0,"comment_status":"closed","ping_status":"closed","template":"","meta":{"_monsterinsights_skip_tracking":false,"_monsterinsights_sitenote_active":false,"_monsterinsights_sitenote_note":"","_monsterinsights_sitenote_category":0,"footnotes":""},"class_list":["post-2401","page","type-page","status-publish","hentry","description-off"],"_links":{"self":[{"href":"https:\/\/confedonbosco.org\/ca\/wp-json\/wp\/v2\/pages\/2401","targetHints":{"allow":["GET"]}}],"collection":[{"href":"https:\/\/confedonbosco.org\/ca\/wp-json\/wp\/v2\/pages"}],"about":[{"href":"https:\/\/confedonbosco.org\/ca\/wp-json\/wp\/v2\/types\/page"}],"author":[{"embeddable":true,"href":"https:\/\/confedonbosco.org\/ca\/wp-json\/wp\/v2\/users\/27"}],"replies":[{"embeddable":true,"href":"https:\/\/confedonbosco.org\/ca\/wp-json\/wp\/v2\/comments?post=2401"}],"version-history":[{"count":12,"href":"https:\/\/confedonbosco.org\/ca\/wp-json\/wp\/v2\/pages\/2401\/revisions"}],"predecessor-version":[{"id":2427,"href":"https:\/\/confedonbosco.org\/ca\/wp-json\/wp\/v2\/pages\/2401\/revisions\/2427"}],"up":[{"embeddable":true,"href":"https:\/\/confedonbosco.org\/ca\/wp-json\/wp\/v2\/pages\/1788"}],"wp:attachment":[{"href":"https:\/\/confedonbosco.org\/ca\/wp-json\/wp\/v2\/media?parent=2401"}],"curies":[{"name":"wp","href":"https:\/\/api.w.org\/{rel}","templated":true}]}}