{"id":2370,"date":"2021-08-30T16:39:27","date_gmt":"2021-08-30T16:39:27","guid":{"rendered":"https:\/\/www.confedonbosco.org\/linies-transversals\/reflexio-i-investigacio\/"},"modified":"2025-07-31T11:53:59","modified_gmt":"2025-07-31T09:53:59","slug":"reflexio-i-investigacio","status":"publish","type":"page","link":"https:\/\/confedonbosco.org\/ca\/linies-transversals\/reflexio-i-investigacio\/","title":{"rendered":"Reflexi\u00f3 i investigaci\u00f3"},"content":{"rendered":"<div class=\"wpb-content-wrapper\"><p>[vc_row equal_height=&#8221;yes&#8221;][vc_column width=&#8221;1\/2&#8243;][vc_column_text css=&#8221;.vc_custom_1622191655440{margin-bottom: 10px !important;}&#8221;]<\/p>\n<h5>En la Confederaci\u00f3 Don Bosco, tenim com a prioritat generar <span style=\"color: #eeb238;\">espais de reflexi\u00f3<\/span>amb l&#8217;objectiu d&#8217;establir una sistem\u00e0tica per<span style=\"color: #eeb238;\">investigar i aprofundir<\/span>en les realitats dels nostres destinataris i destinat\u00e0ries.<\/h5>\n<p>[\/vc_column_text][vc_column_text]A l&#8217;aprofundir en aquestes realitats, vam detectar necessitats que posteriorment s&#8217;analitzen a trav\u00e9s de grups de treball, debats, grups d&#8217;experts &#8230; que es desenvolupen en el proc\u00e9s d&#8217;execuci\u00f3 dels nostres projectes i activitats. D&#8217;aquesta manera, obtenim dades a trav\u00e9s dels quals contrastar informaci\u00f3 i que ens permeten realitzar la planificaci\u00f3, execuci\u00f3 i seguiment d&#8217;accions concretes, obtenint al seu torn informaci\u00f3 per a futures l\u00ednies d&#8217;actuaci\u00f3.[\/vc_column_text][\/vc_column][vc_column width=&#8221;1\/2&#8243;]<style type=\"text\/css\" data-type=\"the7_shortcodes-inline-css\">.gallery-shortcode.gallery-masonry-shortcode-id-e32992ca553d16bb6b94d510ca0dedd5 figure,\n.gallery-shortcode.gallery-masonry-shortcode-id-e32992ca553d16bb6b94d510ca0dedd5 .rollover,\n.gallery-shortcode.gallery-masonry-shortcode-id-e32992ca553d16bb6b94d510ca0dedd5 img,\n.gallery-shortcode.gallery-masonry-shortcode-id-e32992ca553d16bb6b94d510ca0dedd5 .gallery-rollover {\n  border-radius: 0px;\n}\n.gallery-shortcode.gallery-masonry-shortcode-id-e32992ca553d16bb6b94d510ca0dedd5.enable-bg-rollover .gallery-rollover {\n  background: -webkit-linear-gradient();\n  background: linear-gradient();\n}\n.gallery-shortcode.gallery-masonry-shortcode-id-e32992ca553d16bb6b94d510ca0dedd5.enable-bg-rollover.hover-scale figure .rollover:after {\n  background: -webkit-linear-gradient();\n  background: linear-gradient();\n}\n.gallery-shortcode.gallery-masonry-shortcode-id-e32992ca553d16bb6b94d510ca0dedd5 .gallery-zoom-ico {\n  width: 44px;\n  height: 44px;\n  line-height: 44px;\n  border-radius: 100px;\n  margin: -22px 0 0 -22px;\n  border-width: 0px;\n  color: #ffffff;\n}\n.dt-icon-bg-on.gallery-shortcode.gallery-masonry-shortcode-id-e32992ca553d16bb6b94d510ca0dedd5 .gallery-zoom-ico {\n  background: rgba(255,255,255,0.3);\n  box-shadow: none;\n}\n.gallery-shortcode.gallery-masonry-shortcode-id-e32992ca553d16bb6b94d510ca0dedd5 .gallery-zoom-ico:before,\n.gallery-shortcode.gallery-masonry-shortcode-id-e32992ca553d16bb6b94d510ca0dedd5 .gallery-zoom-ico span {\n  font-size: 32px;\n  line-height: 44px;\n  color: #ffffff;\n}\n.gallery-shortcode.gallery-masonry-shortcode-id-e32992ca553d16bb6b94d510ca0dedd5:not(.resize-by-browser-width) .dt-css-grid {\n  grid-row-gap: 10px;\n  grid-column-gap: 10px;\n  grid-template-columns: repeat(auto-fill,minmax(,1fr));\n}\n.gallery-shortcode.gallery-masonry-shortcode-id-e32992ca553d16bb6b94d510ca0dedd5:not(.resize-by-browser-width) .dt-css-grid .double-width {\n  grid-column: span 2;\n}\n.cssgridlegacy.no-cssgrid .gallery-shortcode.gallery-masonry-shortcode-id-e32992ca553d16bb6b94d510ca0dedd5:not(.resize-by-browser-width) .dt-css-grid,\n.no-cssgridlegacy.no-cssgrid .gallery-shortcode.gallery-masonry-shortcode-id-e32992ca553d16bb6b94d510ca0dedd5:not(.resize-by-browser-width) .dt-css-grid {\n  display: flex;\n  flex-flow: row wrap;\n  margin: -5px;\n}\n.cssgridlegacy.no-cssgrid .gallery-shortcode.gallery-masonry-shortcode-id-e32992ca553d16bb6b94d510ca0dedd5:not(.resize-by-browser-width) .dt-css-grid .wf-cell,\n.no-cssgridlegacy.no-cssgrid .gallery-shortcode.gallery-masonry-shortcode-id-e32992ca553d16bb6b94d510ca0dedd5:not(.resize-by-browser-width) .dt-css-grid .wf-cell {\n  flex: 1 0 ;\n  max-width: 100%;\n  padding: 5px;\n  box-sizing: border-box;\n}\n.gallery-shortcode.gallery-masonry-shortcode-id-e32992ca553d16bb6b94d510ca0dedd5.resize-by-browser-width .dt-css-grid {\n  grid-template-columns: repeat(2,1fr);\n  grid-template-rows: auto;\n  grid-column-gap: 10px;\n  grid-row-gap: 10px;\n}\n.gallery-shortcode.gallery-masonry-shortcode-id-e32992ca553d16bb6b94d510ca0dedd5.resize-by-browser-width .dt-css-grid .double-width {\n  grid-column: span 2;\n}\n.cssgridlegacy.no-cssgrid .gallery-shortcode.gallery-masonry-shortcode-id-e32992ca553d16bb6b94d510ca0dedd5.resize-by-browser-width .dt-css-grid {\n  margin: -5px;\n}\n.cssgridlegacy.no-cssgrid .gallery-shortcode.gallery-masonry-shortcode-id-e32992ca553d16bb6b94d510ca0dedd5.resize-by-browser-width .dt-css-grid .wf-cell {\n  width: 50%;\n  padding: 5px;\n}\n.cssgridlegacy.no-cssgrid .gallery-shortcode.gallery-masonry-shortcode-id-e32992ca553d16bb6b94d510ca0dedd5.resize-by-browser-width .dt-css-grid .wf-cell.double-width {\n  width: calc(50%) * 2;\n}\n.gallery-shortcode.gallery-masonry-shortcode-id-e32992ca553d16bb6b94d510ca0dedd5.resize-by-browser-width:not(.centered-layout-list):not(.content-bg-on) .dt-css-grid {\n  grid-row-gap: 10px - ;\n}\n@media screen and (max-width: 1199px) {\n  .gallery-shortcode.gallery-masonry-shortcode-id-e32992ca553d16bb6b94d510ca0dedd5.resize-by-browser-width .dt-css-grid {\n    grid-template-columns: repeat(2,1fr);\n  }\n  .cssgridlegacy.no-cssgrid .gallery-shortcode.gallery-masonry-shortcode-id-e32992ca553d16bb6b94d510ca0dedd5.resize-by-browser-width .dt-css-grid .wf-cell,\n  .no-cssgridlegacy.no-cssgrid .gallery-shortcode.gallery-masonry-shortcode-id-e32992ca553d16bb6b94d510ca0dedd5.resize-by-browser-width .dt-css-grid .wf-cell {\n    width: 50%;\n  }\n  .cssgridlegacy.no-cssgrid .gallery-shortcode.gallery-masonry-shortcode-id-e32992ca553d16bb6b94d510ca0dedd5.resize-by-browser-width .dt-css-grid .wf-cell.double-width,\n  .no-cssgridlegacy.no-cssgrid .gallery-shortcode.gallery-masonry-shortcode-id-e32992ca553d16bb6b94d510ca0dedd5.resize-by-browser-width .dt-css-grid .wf-cell.double-width {\n    width: calc(50%)*2;\n  }\n}\n@media screen and (max-width: 991px) {\n  .gallery-shortcode.gallery-masonry-shortcode-id-e32992ca553d16bb6b94d510ca0dedd5.resize-by-browser-width .dt-css-grid {\n    grid-template-columns: repeat(2,1fr);\n  }\n  .cssgridlegacy.no-cssgrid .gallery-shortcode.gallery-masonry-shortcode-id-e32992ca553d16bb6b94d510ca0dedd5.resize-by-browser-width .dt-css-grid .wf-cell,\n  .no-cssgridlegacy.no-cssgrid .gallery-shortcode.gallery-masonry-shortcode-id-e32992ca553d16bb6b94d510ca0dedd5.resize-by-browser-width .dt-css-grid .wf-cell {\n    width: 50%;\n  }\n  .cssgridlegacy.no-cssgrid .gallery-shortcode.gallery-masonry-shortcode-id-e32992ca553d16bb6b94d510ca0dedd5.resize-by-browser-width .dt-css-grid .wf-cell.double-width,\n  .no-cssgridlegacy.no-cssgrid .gallery-shortcode.gallery-masonry-shortcode-id-e32992ca553d16bb6b94d510ca0dedd5.resize-by-browser-width .dt-css-grid .wf-cell.double-width {\n    width: calc(50%)*2;\n  }\n}\n@media screen and (max-width: 767px) {\n  .gallery-shortcode.gallery-masonry-shortcode-id-e32992ca553d16bb6b94d510ca0dedd5.resize-by-browser-width .dt-css-grid {\n    grid-template-columns: repeat(2,1fr);\n  }\n  .cssgridlegacy.no-cssgrid .gallery-shortcode.gallery-masonry-shortcode-id-e32992ca553d16bb6b94d510ca0dedd5.resize-by-browser-width .dt-css-grid .wf-cell,\n  .no-cssgridlegacy.no-cssgrid .gallery-shortcode.gallery-masonry-shortcode-id-e32992ca553d16bb6b94d510ca0dedd5.resize-by-browser-width .dt-css-grid .wf-cell {\n    width: 50%;\n  }\n  .cssgridlegacy.no-cssgrid .gallery-shortcode.gallery-masonry-shortcode-id-e32992ca553d16bb6b94d510ca0dedd5.resize-by-browser-width .dt-css-grid .wf-cell.double-width,\n  .no-cssgridlegacy.no-cssgrid .gallery-shortcode.gallery-masonry-shortcode-id-e32992ca553d16bb6b94d510ca0dedd5.resize-by-browser-width .dt-css-grid .wf-cell.double-width {\n    width: calc(50%)*2;\n  }\n}<\/style><div class=\"gallery-shortcode dt-gallery-container gallery-masonry-shortcode-id-e32992ca553d16bb6b94d510ca0dedd5 mode-masonry jquery-filter dt-icon-bg-off quick-scale-img enable-bg-rollover resize-by-browser-width  hover-fade loading-effect-scale-up description-on-hover\" data-padding=\"5px\" data-cur-page=\"1\" data-post-limit=\"-1\" data-pagination-mode=\"none\" data-desktop-columns-num=\"2\" data-v-tablet-columns-num=\"2\" data-h-tablet-columns-num=\"2\" data-phone-columns-num=\"2\" data-width=\"0px\" data-columns=\"0\"><div class=\"iso-container\" ><div class=\"wf-cell iso-item\" data-post-id=\"1451\" data-date=\"2021-05-28T16:49:41+02:00\" data-name=\"Confederaci\u00f3n Don Bosco\"><figure class=\"post visible\"><a href=\"https:\/\/confedonbosco.org\/wp-content\/uploads\/2021\/05\/Reflexion-Investigacion_Confederacion-Don-Bosco_03.jpg\" class=\"rollover dt-pswp-item layzr-bg\" data-large_image_width=\"561\" data-large_image_height=\"400\" data-dt-img-description=\"\" title=\"Confederaci\u00f3n Don Bosco\"><img fetchpriority=\"high\" decoding=\"async\" class=\"preload-me iso-lazy-load aspect\" src=\"data:image\/svg+xml,%3Csvg%20xmlns%3D&#39;http%3A%2F%2Fwww.w3.org%2F2000%2Fsvg&#39;%20viewBox%3D&#39;0%200%20490%20349&#39;%2F%3E\" data-src=\"https:\/\/confedonbosco.org\/wp-content\/uploads\/2021\/05\/Reflexion-Investigacion_Confederacion-Don-Bosco_03-490x349.jpg\" data-srcset=\"https:\/\/confedonbosco.org\/wp-content\/uploads\/2021\/05\/Reflexion-Investigacion_Confederacion-Don-Bosco_03-490x349.jpg 490w, https:\/\/confedonbosco.org\/wp-content\/uploads\/2021\/05\/Reflexion-Investigacion_Confederacion-Don-Bosco_03.jpg 561w\" loading=\"eager\" style=\"--ratio: 490 \/ 349\" sizes=\"(max-width: 490px) 100vw, 490px\" alt=\"\" width=\"490\" height=\"349\"  \/><span class=\"gallery-rollover\"><\/span><\/a><\/figure><\/div><div class=\"wf-cell iso-item\" data-post-id=\"1414\" data-date=\"2021-05-28T16:46:04+02:00\" data-name=\"Confederaci\u00f3n Don Bosco\"><figure class=\"post visible\"><a href=\"https:\/\/confedonbosco.org\/wp-content\/uploads\/2021\/05\/Educacion-Salud_Confederacion-Don-Bosco_01.jpg\" class=\"rollover dt-pswp-item layzr-bg\" data-large_image_width=\"510\" data-large_image_height=\"384\" data-dt-img-description=\"\" title=\"Confederaci\u00f3n Don Bosco\"><img decoding=\"async\" class=\"preload-me iso-lazy-load aspect\" src=\"data:image\/svg+xml,%3Csvg%20xmlns%3D&#39;http%3A%2F%2Fwww.w3.org%2F2000%2Fsvg&#39;%20viewBox%3D&#39;0%200%20490%20369&#39;%2F%3E\" data-src=\"https:\/\/confedonbosco.org\/wp-content\/uploads\/2021\/05\/Educacion-Salud_Confederacion-Don-Bosco_01-490x369.jpg\" data-srcset=\"https:\/\/confedonbosco.org\/wp-content\/uploads\/2021\/05\/Educacion-Salud_Confederacion-Don-Bosco_01-490x369.jpg 490w, https:\/\/confedonbosco.org\/wp-content\/uploads\/2021\/05\/Educacion-Salud_Confederacion-Don-Bosco_01.jpg 509w\" loading=\"eager\" style=\"--ratio: 490 \/ 369\" sizes=\"(max-width: 490px) 100vw, 490px\" alt=\"\" width=\"490\" height=\"369\"  \/><span class=\"gallery-rollover\"><\/span><\/a><\/figure><\/div><div class=\"wf-cell iso-item\" data-post-id=\"1441\" data-date=\"2021-05-28T16:49:39+02:00\" data-name=\"Confederaci\u00f3n Don Bosco\"><figure class=\"post visible\"><a href=\"https:\/\/confedonbosco.org\/wp-content\/uploads\/2021\/05\/Reflexion-Investigacion_Confederacion-Don-Bosco_01.jpg\" class=\"rollover dt-pswp-item layzr-bg\" data-large_image_width=\"937\" data-large_image_height=\"400\" data-dt-img-description=\"\" title=\"Confederaci\u00f3n Don Bosco\"><img decoding=\"async\" class=\"preload-me iso-lazy-load aspect\" src=\"data:image\/svg+xml,%3Csvg%20xmlns%3D&#39;http%3A%2F%2Fwww.w3.org%2F2000%2Fsvg&#39;%20viewBox%3D&#39;0%200%20490%20209&#39;%2F%3E\" data-src=\"https:\/\/confedonbosco.org\/wp-content\/uploads\/2021\/05\/Reflexion-Investigacion_Confederacion-Don-Bosco_01-490x209.jpg\" data-srcset=\"https:\/\/confedonbosco.org\/wp-content\/uploads\/2021\/05\/Reflexion-Investigacion_Confederacion-Don-Bosco_01-490x209.jpg 490w, https:\/\/confedonbosco.org\/wp-content\/uploads\/2021\/05\/Reflexion-Investigacion_Confederacion-Don-Bosco_01-735x314.jpg 735w\" loading=\"eager\" style=\"--ratio: 490 \/ 209\" sizes=\"(max-width: 490px) 100vw, 490px\" alt=\"\" width=\"490\" height=\"209\"  \/><span class=\"gallery-rollover\"><\/span><\/a><\/figure><\/div><div class=\"wf-cell iso-item\" data-post-id=\"1446\" data-date=\"2021-05-28T16:49:40+02:00\" data-name=\"Confederaci\u00f3n Don Bosco\"><figure class=\"post visible\"><a href=\"https:\/\/confedonbosco.org\/wp-content\/uploads\/2021\/05\/Reflexion-Investigacion_Confederacion-Don-Bosco_02.jpg\" class=\"rollover dt-pswp-item layzr-bg\" data-large_image_width=\"592\" data-large_image_height=\"400\" data-dt-img-description=\"\" title=\"Confederaci\u00f3n Don Bosco\"><img decoding=\"async\" class=\"preload-me iso-lazy-load aspect\" src=\"data:image\/svg+xml,%3Csvg%20xmlns%3D&#39;http%3A%2F%2Fwww.w3.org%2F2000%2Fsvg&#39;%20viewBox%3D&#39;0%200%20490%20331&#39;%2F%3E\" data-src=\"https:\/\/confedonbosco.org\/wp-content\/uploads\/2021\/05\/Reflexion-Investigacion_Confederacion-Don-Bosco_02-490x331.jpg\" data-srcset=\"https:\/\/confedonbosco.org\/wp-content\/uploads\/2021\/05\/Reflexion-Investigacion_Confederacion-Don-Bosco_02-490x331.jpg 490w, https:\/\/confedonbosco.org\/wp-content\/uploads\/2021\/05\/Reflexion-Investigacion_Confederacion-Don-Bosco_02.jpg 591w\" loading=\"eager\" style=\"--ratio: 490 \/ 331\" sizes=\"(max-width: 490px) 100vw, 490px\" alt=\"\" width=\"490\" height=\"331\"  \/><span class=\"gallery-rollover\"><\/span><\/a><\/figure><\/div><\/div><!-- iso-container|iso-grid --><\/div>[\/vc_column][\/vc_row]<\/p>\n<p>[vc_row css=&#8221;.vc_custom_1622556094031{margin-top: 2em !important;}&#8221;][vc_column]<div class=\"dt-fancy-separator h4-size title-color accent-border-color\" style=\"width: 100%;\"><div class=\"dt-fancy-title\"><span class=\"separator-holder separator-left\"><\/span>Les l\u00ednies transversals de la Confederaci\u00f3 Don Bosco<span class=\"separator-holder separator-right\"><\/span><\/div><\/div>[vc_empty_space][vc_wp_custommenu nav_menu=&#8221;42&#8243;][\/vc_column][\/vc_row]<\/p>\n<\/div>","protected":false},"excerpt":{"rendered":"<p>[vc_row equal_height=&#8221;yes&#8221;][vc_column width=&#8221;1\/2&#8243;][vc_column_text css=&#8221;.vc_custom_1622191655440{margin-bottom: 10px !important;}&#8221;] En la Confederaci\u00f3 Don Bosco, tenim com a prioritat generar espais de reflexi\u00f3amb l&#8217;objectiu d&#8217;establir una sistem\u00e0tica perinvestigar i aprofundiren les realitats dels nostres destinataris i destinat\u00e0ries. [\/vc_column_text][vc_column_text]A l&#8217;aprofundir en aquestes realitats, vam detectar necessitats que posteriorment s&#8217;analitzen a trav\u00e9s de grups de treball, debats, grups d&#8217;experts &#8230; que&hellip;<\/p>\n","protected":false},"author":27,"featured_media":0,"parent":1788,"menu_order":0,"comment_status":"closed","ping_status":"closed","template":"","meta":{"_monsterinsights_skip_tracking":false,"_monsterinsights_sitenote_active":false,"_monsterinsights_sitenote_note":"","_monsterinsights_sitenote_category":0,"footnotes":""},"class_list":["post-2370","page","type-page","status-publish","hentry","description-off"],"_links":{"self":[{"href":"https:\/\/confedonbosco.org\/ca\/wp-json\/wp\/v2\/pages\/2370","targetHints":{"allow":["GET"]}}],"collection":[{"href":"https:\/\/confedonbosco.org\/ca\/wp-json\/wp\/v2\/pages"}],"about":[{"href":"https:\/\/confedonbosco.org\/ca\/wp-json\/wp\/v2\/types\/page"}],"author":[{"embeddable":true,"href":"https:\/\/confedonbosco.org\/ca\/wp-json\/wp\/v2\/users\/27"}],"replies":[{"embeddable":true,"href":"https:\/\/confedonbosco.org\/ca\/wp-json\/wp\/v2\/comments?post=2370"}],"version-history":[{"count":11,"href":"https:\/\/confedonbosco.org\/ca\/wp-json\/wp\/v2\/pages\/2370\/revisions"}],"predecessor-version":[{"id":8399,"href":"https:\/\/confedonbosco.org\/ca\/wp-json\/wp\/v2\/pages\/2370\/revisions\/8399"}],"up":[{"embeddable":true,"href":"https:\/\/confedonbosco.org\/ca\/wp-json\/wp\/v2\/pages\/1788"}],"wp:attachment":[{"href":"https:\/\/confedonbosco.org\/ca\/wp-json\/wp\/v2\/media?parent=2370"}],"curies":[{"name":"wp","href":"https:\/\/api.w.org\/{rel}","templated":true}]}}