{"id":2290,"date":"2021-08-30T16:22:06","date_gmt":"2021-08-30T16:22:06","guid":{"rendered":"https:\/\/www.confedonbosco.org\/linies-transversals\/formacio\/"},"modified":"2021-08-30T16:22:08","modified_gmt":"2021-08-30T16:22:08","slug":"formacio","status":"publish","type":"page","link":"https:\/\/confedonbosco.org\/ca\/linies-transversals\/formacio\/","title":{"rendered":"Formaci\u00f3"},"content":{"rendered":"<div class=\"wpb-content-wrapper\"><p>[vc_row equal_height=&#8221;yes&#8221;][vc_column width=&#8221;1\/2&#8243;][vc_column_text css=&#8221;.vc_custom_1622190534957{margin-bottom: 10px !important;}&#8221;]<\/p>\n<h5>La formaci\u00f3 de les persones que hi intervenen i coordinen programes i accions \u00e9s priorit\u00e0ria.<\/h5>\n<p>[\/vc_column_text][vc_column_text css=&#8221;.vc_custom_1622190768949{margin-bottom: 15px !important;}&#8221;]En primer lloc perqu\u00e8 defensem un <span class=\"dt-highlight\" style=\"color: #474647; background: #EEB238 !important;\"><strong>voluntariat preparat, professionalitzat i d&#8217;avantguarda<\/strong><\/span> per afrontar amb \u00e8xit els objectius educatius i socials que ens proposem en tots els nostres programes. En segon lloc, perqu\u00e8 la formaci\u00f3 \u00e9s un element educatiu m\u00e9s per als i les joves que treballen amb la Confederaci\u00f3 Don Bosco, a m\u00e9s d&#8217;un element de cohesi\u00f3, creixement i desenvolupament per a la mateixa entitat.<\/p>\n<p>Les activitats que realitzem s\u00f3n, entre altres:[\/vc_column_text]<div class=\"standard-arrow bullet-top\"><ul>\n<li>Cursos.<\/li>\n<li>Jornades.<\/li>\n<li>Seminaris.<\/li>\n<li>Escoles de formaci\u00f3.<\/li>\n<li>Congressos.<\/li>\n<li>Plataforma de formaci\u00f3 en l\u00ednia.<\/li>\n<\/ul>\n<\/div>[vc_column_text]Les <strong>persones benefici\u00e0ries<\/strong> s\u00f3n els <strong>voluntaris i volunt\u00e0ries de les nostres entitats amb edats compreses entre 18 i 35 anys<\/strong> i es porta a terme gr\u00e0cies a la feina de persones volunt\u00e0ries ajudades per persones contractades.[\/vc_column_text][\/vc_column][vc_column width=&#8221;1\/2&#8243;]<style type=\"text\/css\" data-type=\"the7_shortcodes-inline-css\">.gallery-shortcode.gallery-masonry-shortcode-id-108e38651c2bc49a51d64f1296838133 figure,\n.gallery-shortcode.gallery-masonry-shortcode-id-108e38651c2bc49a51d64f1296838133 .rollover,\n.gallery-shortcode.gallery-masonry-shortcode-id-108e38651c2bc49a51d64f1296838133 img,\n.gallery-shortcode.gallery-masonry-shortcode-id-108e38651c2bc49a51d64f1296838133 .gallery-rollover {\n  border-radius: 0px;\n}\n.gallery-shortcode.gallery-masonry-shortcode-id-108e38651c2bc49a51d64f1296838133.enable-bg-rollover .gallery-rollover {\n  background: -webkit-linear-gradient();\n  background: linear-gradient();\n}\n.gallery-shortcode.gallery-masonry-shortcode-id-108e38651c2bc49a51d64f1296838133.enable-bg-rollover.hover-scale figure .rollover:after {\n  background: -webkit-linear-gradient();\n  background: linear-gradient();\n}\n.gallery-shortcode.gallery-masonry-shortcode-id-108e38651c2bc49a51d64f1296838133 .gallery-zoom-ico {\n  width: 44px;\n  height: 44px;\n  line-height: 44px;\n  border-radius: 100px;\n  margin: -22px 0 0 -22px;\n  border-width: 0px;\n  color: #ffffff;\n}\n.dt-icon-bg-on.gallery-shortcode.gallery-masonry-shortcode-id-108e38651c2bc49a51d64f1296838133 .gallery-zoom-ico {\n  background: rgba(255,255,255,0.3);\n  box-shadow: none;\n}\n.gallery-shortcode.gallery-masonry-shortcode-id-108e38651c2bc49a51d64f1296838133 .gallery-zoom-ico:before,\n.gallery-shortcode.gallery-masonry-shortcode-id-108e38651c2bc49a51d64f1296838133 .gallery-zoom-ico span {\n  font-size: 32px;\n  line-height: 44px;\n  color: #ffffff;\n}\n.gallery-shortcode.gallery-masonry-shortcode-id-108e38651c2bc49a51d64f1296838133:not(.resize-by-browser-width) .dt-css-grid {\n  grid-row-gap: 10px;\n  grid-column-gap: 10px;\n  grid-template-columns: repeat(auto-fill,minmax(,1fr));\n}\n.gallery-shortcode.gallery-masonry-shortcode-id-108e38651c2bc49a51d64f1296838133:not(.resize-by-browser-width) .dt-css-grid .double-width {\n  grid-column: span 2;\n}\n.cssgridlegacy.no-cssgrid .gallery-shortcode.gallery-masonry-shortcode-id-108e38651c2bc49a51d64f1296838133:not(.resize-by-browser-width) .dt-css-grid,\n.no-cssgridlegacy.no-cssgrid .gallery-shortcode.gallery-masonry-shortcode-id-108e38651c2bc49a51d64f1296838133:not(.resize-by-browser-width) .dt-css-grid {\n  display: flex;\n  flex-flow: row wrap;\n  margin: -5px;\n}\n.cssgridlegacy.no-cssgrid .gallery-shortcode.gallery-masonry-shortcode-id-108e38651c2bc49a51d64f1296838133:not(.resize-by-browser-width) .dt-css-grid .wf-cell,\n.no-cssgridlegacy.no-cssgrid .gallery-shortcode.gallery-masonry-shortcode-id-108e38651c2bc49a51d64f1296838133:not(.resize-by-browser-width) .dt-css-grid .wf-cell {\n  flex: 1 0 ;\n  max-width: 100%;\n  padding: 5px;\n  box-sizing: border-box;\n}\n.gallery-shortcode.gallery-masonry-shortcode-id-108e38651c2bc49a51d64f1296838133.resize-by-browser-width .dt-css-grid {\n  grid-template-columns: repeat(2,1fr);\n  grid-template-rows: auto;\n  grid-column-gap: 10px;\n  grid-row-gap: 10px;\n}\n.gallery-shortcode.gallery-masonry-shortcode-id-108e38651c2bc49a51d64f1296838133.resize-by-browser-width .dt-css-grid .double-width {\n  grid-column: span 2;\n}\n.cssgridlegacy.no-cssgrid .gallery-shortcode.gallery-masonry-shortcode-id-108e38651c2bc49a51d64f1296838133.resize-by-browser-width .dt-css-grid {\n  margin: -5px;\n}\n.cssgridlegacy.no-cssgrid .gallery-shortcode.gallery-masonry-shortcode-id-108e38651c2bc49a51d64f1296838133.resize-by-browser-width .dt-css-grid .wf-cell {\n  width: 50%;\n  padding: 5px;\n}\n.cssgridlegacy.no-cssgrid .gallery-shortcode.gallery-masonry-shortcode-id-108e38651c2bc49a51d64f1296838133.resize-by-browser-width .dt-css-grid .wf-cell.double-width {\n  width: calc(50%) * 2;\n}\n.gallery-shortcode.gallery-masonry-shortcode-id-108e38651c2bc49a51d64f1296838133.resize-by-browser-width:not(.centered-layout-list):not(.content-bg-on) .dt-css-grid {\n  grid-row-gap: 10px - ;\n}\n@media screen and (max-width: 1199px) {\n  .gallery-shortcode.gallery-masonry-shortcode-id-108e38651c2bc49a51d64f1296838133.resize-by-browser-width .dt-css-grid {\n    grid-template-columns: repeat(2,1fr);\n  }\n  .cssgridlegacy.no-cssgrid .gallery-shortcode.gallery-masonry-shortcode-id-108e38651c2bc49a51d64f1296838133.resize-by-browser-width .dt-css-grid .wf-cell,\n  .no-cssgridlegacy.no-cssgrid .gallery-shortcode.gallery-masonry-shortcode-id-108e38651c2bc49a51d64f1296838133.resize-by-browser-width .dt-css-grid .wf-cell {\n    width: 50%;\n  }\n  .cssgridlegacy.no-cssgrid .gallery-shortcode.gallery-masonry-shortcode-id-108e38651c2bc49a51d64f1296838133.resize-by-browser-width .dt-css-grid .wf-cell.double-width,\n  .no-cssgridlegacy.no-cssgrid .gallery-shortcode.gallery-masonry-shortcode-id-108e38651c2bc49a51d64f1296838133.resize-by-browser-width .dt-css-grid .wf-cell.double-width {\n    width: calc(50%)*2;\n  }\n}\n@media screen and (max-width: 991px) {\n  .gallery-shortcode.gallery-masonry-shortcode-id-108e38651c2bc49a51d64f1296838133.resize-by-browser-width .dt-css-grid {\n    grid-template-columns: repeat(2,1fr);\n  }\n  .cssgridlegacy.no-cssgrid .gallery-shortcode.gallery-masonry-shortcode-id-108e38651c2bc49a51d64f1296838133.resize-by-browser-width .dt-css-grid .wf-cell,\n  .no-cssgridlegacy.no-cssgrid .gallery-shortcode.gallery-masonry-shortcode-id-108e38651c2bc49a51d64f1296838133.resize-by-browser-width .dt-css-grid .wf-cell {\n    width: 50%;\n  }\n  .cssgridlegacy.no-cssgrid .gallery-shortcode.gallery-masonry-shortcode-id-108e38651c2bc49a51d64f1296838133.resize-by-browser-width .dt-css-grid .wf-cell.double-width,\n  .no-cssgridlegacy.no-cssgrid .gallery-shortcode.gallery-masonry-shortcode-id-108e38651c2bc49a51d64f1296838133.resize-by-browser-width .dt-css-grid .wf-cell.double-width {\n    width: calc(50%)*2;\n  }\n}\n@media screen and (max-width: 767px) {\n  .gallery-shortcode.gallery-masonry-shortcode-id-108e38651c2bc49a51d64f1296838133.resize-by-browser-width .dt-css-grid {\n    grid-template-columns: repeat(2,1fr);\n  }\n  .cssgridlegacy.no-cssgrid .gallery-shortcode.gallery-masonry-shortcode-id-108e38651c2bc49a51d64f1296838133.resize-by-browser-width .dt-css-grid .wf-cell,\n  .no-cssgridlegacy.no-cssgrid .gallery-shortcode.gallery-masonry-shortcode-id-108e38651c2bc49a51d64f1296838133.resize-by-browser-width .dt-css-grid .wf-cell {\n    width: 50%;\n  }\n  .cssgridlegacy.no-cssgrid .gallery-shortcode.gallery-masonry-shortcode-id-108e38651c2bc49a51d64f1296838133.resize-by-browser-width .dt-css-grid .wf-cell.double-width,\n  .no-cssgridlegacy.no-cssgrid .gallery-shortcode.gallery-masonry-shortcode-id-108e38651c2bc49a51d64f1296838133.resize-by-browser-width .dt-css-grid .wf-cell.double-width {\n    width: calc(50%)*2;\n  }\n}<\/style><div class=\"gallery-shortcode dt-gallery-container gallery-masonry-shortcode-id-108e38651c2bc49a51d64f1296838133 mode-masonry jquery-filter dt-icon-bg-off quick-scale-img enable-bg-rollover resize-by-browser-width  hover-fade loading-effect-scale-up description-on-hover\" data-padding=\"5px\" data-cur-page=\"1\" data-post-limit=\"-1\" data-pagination-mode=\"none\" data-desktop-columns-num=\"2\" data-v-tablet-columns-num=\"2\" data-h-tablet-columns-num=\"2\" data-phone-columns-num=\"2\" data-width=\"0px\" data-columns=\"0\"><div class=\"iso-container\" ><div class=\"wf-cell iso-item\" data-post-id=\"1312\" data-date=\"2021-05-28T16:15:35+02:00\" data-name=\"Confederaci\u00f3n Don Bosco\"><figure class=\"post visible\"><a href=\"https:\/\/confedonbosco.org\/wp-content\/uploads\/2021\/05\/Formacion_Confederacion-Don-Bosco_03.jpg\" class=\"rollover dt-pswp-item layzr-bg\" data-large_image_width=\"1006\" data-large_image_height=\"350\" data-dt-img-description=\"\" title=\"Confederaci\u00f3n Don Bosco\"><img fetchpriority=\"high\" decoding=\"async\" class=\"preload-me iso-lazy-load aspect\" src=\"data:image\/svg+xml,%3Csvg%20xmlns%3D&#39;http%3A%2F%2Fwww.w3.org%2F2000%2Fsvg&#39;%20viewBox%3D&#39;0%200%20490%20170&#39;%2F%3E\" data-src=\"https:\/\/confedonbosco.org\/wp-content\/uploads\/2021\/05\/Formacion_Confederacion-Don-Bosco_03-490x170.jpg\" data-srcset=\"https:\/\/confedonbosco.org\/wp-content\/uploads\/2021\/05\/Formacion_Confederacion-Don-Bosco_03-490x170.jpg 490w, https:\/\/confedonbosco.org\/wp-content\/uploads\/2021\/05\/Formacion_Confederacion-Don-Bosco_03-735x255.jpg 735w\" loading=\"eager\" style=\"--ratio: 490 \/ 170\" sizes=\"(max-width: 490px) 100vw, 490px\" alt=\"\" width=\"490\" height=\"170\"  \/><span class=\"gallery-rollover\"><\/span><\/a><\/figure><\/div><div class=\"wf-cell iso-item\" data-post-id=\"1307\" data-date=\"2021-05-28T16:15:34+02:00\" data-name=\"Confederaci\u00f3n Don Bosco\"><figure class=\"post visible\"><a href=\"https:\/\/confedonbosco.org\/wp-content\/uploads\/2021\/05\/Formacion_Confederacion-Don-Bosco_02.jpg\" class=\"rollover dt-pswp-item layzr-bg\" data-large_image_width=\"611\" data-large_image_height=\"400\" data-dt-img-description=\"\" title=\"Confederaci\u00f3n Don Bosco\"><img decoding=\"async\" class=\"preload-me iso-lazy-load aspect\" src=\"data:image\/svg+xml,%3Csvg%20xmlns%3D&#39;http%3A%2F%2Fwww.w3.org%2F2000%2Fsvg&#39;%20viewBox%3D&#39;0%200%20490%20321&#39;%2F%3E\" data-src=\"https:\/\/confedonbosco.org\/wp-content\/uploads\/2021\/05\/Formacion_Confederacion-Don-Bosco_02-490x321.jpg\" data-srcset=\"https:\/\/confedonbosco.org\/wp-content\/uploads\/2021\/05\/Formacion_Confederacion-Don-Bosco_02-490x321.jpg 490w, https:\/\/confedonbosco.org\/wp-content\/uploads\/2021\/05\/Formacion_Confederacion-Don-Bosco_02-609x400.jpg 609w\" loading=\"eager\" style=\"--ratio: 490 \/ 321\" sizes=\"(max-width: 490px) 100vw, 490px\" alt=\"\" width=\"490\" height=\"321\"  \/><span class=\"gallery-rollover\"><\/span><\/a><\/figure><\/div><div class=\"wf-cell iso-item\" data-post-id=\"1317\" data-date=\"2021-05-28T16:15:36+02:00\" data-name=\"Confederaci\u00f3n Don Bosco\"><figure class=\"post visible\"><a href=\"https:\/\/confedonbosco.org\/wp-content\/uploads\/2021\/05\/Formacion_Confederacion-Don-Bosco_04.jpg\" class=\"rollover dt-pswp-item layzr-bg\" data-large_image_width=\"572\" data-large_image_height=\"400\" data-dt-img-description=\"\" title=\"Confederaci\u00f3n Don Bosco\"><img decoding=\"async\" class=\"preload-me iso-lazy-load aspect\" src=\"data:image\/svg+xml,%3Csvg%20xmlns%3D&#39;http%3A%2F%2Fwww.w3.org%2F2000%2Fsvg&#39;%20viewBox%3D&#39;0%200%20490%20343&#39;%2F%3E\" data-src=\"https:\/\/confedonbosco.org\/wp-content\/uploads\/2021\/05\/Formacion_Confederacion-Don-Bosco_04-490x343.jpg\" data-srcset=\"https:\/\/confedonbosco.org\/wp-content\/uploads\/2021\/05\/Formacion_Confederacion-Don-Bosco_04-490x343.jpg 490w, https:\/\/confedonbosco.org\/wp-content\/uploads\/2021\/05\/Formacion_Confederacion-Don-Bosco_04-570x400.jpg 570w\" loading=\"eager\" style=\"--ratio: 490 \/ 343\" sizes=\"(max-width: 490px) 100vw, 490px\" alt=\"\" width=\"490\" height=\"343\"  \/><span class=\"gallery-rollover\"><\/span><\/a><\/figure><\/div><div class=\"wf-cell iso-item\" data-post-id=\"1302\" data-date=\"2021-05-28T16:15:34+02:00\" data-name=\"Confederaci\u00f3n Don Bosco\"><figure class=\"post visible\"><a href=\"https:\/\/confedonbosco.org\/wp-content\/uploads\/2021\/05\/Formacion_Confederacion-Don-Bosco_01.jpg\" class=\"rollover dt-pswp-item layzr-bg\" data-large_image_width=\"601\" data-large_image_height=\"400\" data-dt-img-description=\"\" title=\"Confederaci\u00f3n Don Bosco\"><img decoding=\"async\" class=\"preload-me iso-lazy-load aspect\" src=\"data:image\/svg+xml,%3Csvg%20xmlns%3D&#39;http%3A%2F%2Fwww.w3.org%2F2000%2Fsvg&#39;%20viewBox%3D&#39;0%200%20490%20326&#39;%2F%3E\" data-src=\"https:\/\/confedonbosco.org\/wp-content\/uploads\/2021\/05\/Formacion_Confederacion-Don-Bosco_01-490x326.jpg\" data-srcset=\"https:\/\/confedonbosco.org\/wp-content\/uploads\/2021\/05\/Formacion_Confederacion-Don-Bosco_01-490x326.jpg 490w, https:\/\/confedonbosco.org\/wp-content\/uploads\/2021\/05\/Formacion_Confederacion-Don-Bosco_01.jpg 601w\" loading=\"eager\" style=\"--ratio: 490 \/ 326\" sizes=\"(max-width: 490px) 100vw, 490px\" alt=\"\" width=\"490\" height=\"326\"  \/><span class=\"gallery-rollover\"><\/span><\/a><\/figure><\/div><div class=\"wf-cell iso-item\" data-post-id=\"1327\" data-date=\"2021-05-28T16:15:37+02:00\" data-name=\"Confederaci\u00f3n Don Bosco\"><figure class=\"post visible\"><a href=\"https:\/\/confedonbosco.org\/wp-content\/uploads\/2021\/05\/Formacion_Confederacion-Don-Bosco_06.jpg\" class=\"rollover dt-pswp-item layzr-bg\" data-large_image_width=\"452\" data-large_image_height=\"400\" data-dt-img-description=\"\" title=\"Confederaci\u00f3n Don Bosco\"><img decoding=\"async\" class=\"preload-me iso-lazy-load aspect\" src=\"data:image\/svg+xml,%3Csvg%20xmlns%3D&#39;http%3A%2F%2Fwww.w3.org%2F2000%2Fsvg&#39;%20viewBox%3D&#39;0%200%20452%20400&#39;%2F%3E\" data-src=\"https:\/\/confedonbosco.org\/wp-content\/uploads\/2021\/05\/Formacion_Confederacion-Don-Bosco_06.jpg\" data-srcset=\"https:\/\/confedonbosco.org\/wp-content\/uploads\/2021\/05\/Formacion_Confederacion-Don-Bosco_06.jpg 452w\" loading=\"eager\" style=\"--ratio: 452 \/ 400\" sizes=\"(max-width: 452px) 100vw, 452px\" alt=\"\" width=\"452\" height=\"400\"  \/><span class=\"gallery-rollover\"><\/span><\/a><\/figure><\/div><div class=\"wf-cell iso-item\" data-post-id=\"1322\" data-date=\"2021-05-28T16:15:37+02:00\" data-name=\"Confederaci\u00f3n Don Bosco\"><figure class=\"post visible\"><a href=\"https:\/\/confedonbosco.org\/wp-content\/uploads\/2021\/05\/Formacion_Confederacion-Don-Bosco_05.jpg\" class=\"rollover dt-pswp-item layzr-bg\" data-large_image_width=\"649\" data-large_image_height=\"400\" data-dt-img-description=\"\" title=\"Confederaci\u00f3n Don Bosco\"><img decoding=\"async\" class=\"preload-me iso-lazy-load aspect\" src=\"data:image\/svg+xml,%3Csvg%20xmlns%3D&#39;http%3A%2F%2Fwww.w3.org%2F2000%2Fsvg&#39;%20viewBox%3D&#39;0%200%20490%20302&#39;%2F%3E\" data-src=\"https:\/\/confedonbosco.org\/wp-content\/uploads\/2021\/05\/Formacion_Confederacion-Don-Bosco_05-490x302.jpg\" data-srcset=\"https:\/\/confedonbosco.org\/wp-content\/uploads\/2021\/05\/Formacion_Confederacion-Don-Bosco_05-490x302.jpg 490w, https:\/\/confedonbosco.org\/wp-content\/uploads\/2021\/05\/Formacion_Confederacion-Don-Bosco_05.jpg 649w\" loading=\"eager\" style=\"--ratio: 490 \/ 302\" sizes=\"(max-width: 490px) 100vw, 490px\" alt=\"\" width=\"490\" height=\"302\"  \/><span class=\"gallery-rollover\"><\/span><\/a><\/figure><\/div><\/div><!-- iso-container|iso-grid --><\/div>[\/vc_column][\/vc_row][vc_row][vc_column][vc_column_text]<\/p>\n<p>[\/vc_column_text][\/vc_column][\/vc_row][vc_row][vc_column][vc_column_text]<\/p>\n<p>[\/vc_column_text][\/vc_column][\/vc_row][vc_row css=&#8221;.vc_custom_1622556094031{margin-top: 2em !important;}&#8221;][vc_column]<div class=\"dt-fancy-separator h4-size title-color accent-border-color\" style=\"width: 100%;\"><div class=\"dt-fancy-title\"><span class=\"separator-holder separator-left\"><\/span>Les l\u00ednies transversals de la Confederaci\u00f3 Don Bosco<span class=\"separator-holder separator-right\"><\/span><\/div><\/div>[vc_empty_space][vc_wp_custommenu nav_menu=&#8221;42&#8243;][\/vc_column][\/vc_row]<\/p>\n<\/div>","protected":false},"excerpt":{"rendered":"<p>[vc_row equal_height=&#8221;yes&#8221;][vc_column width=&#8221;1\/2&#8243;][vc_column_text css=&#8221;.vc_custom_1622190534957{margin-bottom: 10px !important;}&#8221;] La formaci\u00f3 de les persones que hi intervenen i coordinen programes i accions \u00e9s priorit\u00e0ria. [\/vc_column_text][vc_column_text css=&#8221;.vc_custom_1622190768949{margin-bottom: 15px !important;}&#8221;]En primer lloc perqu\u00e8 defensem un per afrontar amb \u00e8xit els objectius educatius i socials que ens proposem en tots els nostres programes. En segon lloc, perqu\u00e8 la formaci\u00f3 \u00e9s un&hellip;<\/p>\n","protected":false},"author":27,"featured_media":0,"parent":1788,"menu_order":0,"comment_status":"closed","ping_status":"closed","template":"","meta":{"_monsterinsights_skip_tracking":false,"_monsterinsights_sitenote_active":false,"_monsterinsights_sitenote_note":"","_monsterinsights_sitenote_category":0,"footnotes":""},"class_list":["post-2290","page","type-page","status-publish","hentry","description-off"],"_links":{"self":[{"href":"https:\/\/confedonbosco.org\/ca\/wp-json\/wp\/v2\/pages\/2290","targetHints":{"allow":["GET"]}}],"collection":[{"href":"https:\/\/confedonbosco.org\/ca\/wp-json\/wp\/v2\/pages"}],"about":[{"href":"https:\/\/confedonbosco.org\/ca\/wp-json\/wp\/v2\/types\/page"}],"author":[{"embeddable":true,"href":"https:\/\/confedonbosco.org\/ca\/wp-json\/wp\/v2\/users\/27"}],"replies":[{"embeddable":true,"href":"https:\/\/confedonbosco.org\/ca\/wp-json\/wp\/v2\/comments?post=2290"}],"version-history":[{"count":7,"href":"https:\/\/confedonbosco.org\/ca\/wp-json\/wp\/v2\/pages\/2290\/revisions"}],"predecessor-version":[{"id":2299,"href":"https:\/\/confedonbosco.org\/ca\/wp-json\/wp\/v2\/pages\/2290\/revisions\/2299"}],"up":[{"embeddable":true,"href":"https:\/\/confedonbosco.org\/ca\/wp-json\/wp\/v2\/pages\/1788"}],"wp:attachment":[{"href":"https:\/\/confedonbosco.org\/ca\/wp-json\/wp\/v2\/media?parent=2290"}],"curies":[{"name":"wp","href":"https:\/\/api.w.org\/{rel}","templated":true}]}}