{"id":2221,"date":"2021-08-30T15:55:42","date_gmt":"2021-08-30T15:55:42","guid":{"rendered":"https:\/\/www.confedonbosco.org\/linies-transversals\/qualitat-de-vida-infantil-i-juvenil\/"},"modified":"2025-07-31T11:38:27","modified_gmt":"2025-07-31T09:38:27","slug":"qualitat-de-vida-infantil-i-juvenil","status":"publish","type":"page","link":"https:\/\/confedonbosco.org\/ca\/linies-transversals\/qualitat-de-vida-infantil-i-juvenil\/","title":{"rendered":"Qualitat de vida"},"content":{"rendered":"<div class=\"wpb-content-wrapper\"><p>[vc_row equal_height=&#8221;yes&#8221;][vc_column width=&#8221;1\/2&#8243;][vc_column_text css=&#8221;.vc_custom_1622190482861{margin-bottom: 10px !important;}&#8221;]<\/p>\n<h5>Aquest programa pret\u00e9n afavorir l&#8217;acc\u00e9s a diverses <span style=\"color: #eeb238;\">activitats de tipus l\u00fadic i educatiu<\/span>.<\/h5>\n<p>[\/vc_column_text][vc_column_text]En ellas <strong>se fomenten valors socials<\/strong> com el <strong>respecte a la difer\u00e8ncia<\/strong>, la<strong>tolerancia<\/strong> i la <strong>cultura de la pau<\/strong>. L&#8217;atenci\u00f3 a l&#8217;frac\u00e0s educatiu i a l&#8217;absentisme escolar, en col\u00b7laboraci\u00f3 amb la resta d&#8217;agents socials (fam\u00edlia, escola, administraci\u00f3) \u00e9s una de les actuacions emblem\u00e0tiques d&#8217;aquest programa. Les activitats que es duen a terme amb els nens, nenes i persones joves s\u00f3n, entre altres: campaments i col\u00f2nies, centres de dia i centres oberts, suport escolar, activitats art\u00edstic-creatives, seguiment familiar, festes, festivals, tallers creatius, ludoteques i ociotecas, activitats esportives, etc.<\/p>\n<p>Les <strong>persones benefici\u00e0ries<\/strong> son <strong>j\u00f3venes d&#8217;entre 6 i 13 anys<\/strong>la majoria en risc d&#8217;exclusi\u00f3 social i es porta a terme gr\u00e0cies a la feina dels voluntaris i volunt\u00e0ries ajudats per persones contractades.[\/vc_column_text][\/vc_column][vc_column width=&#8221;1\/2&#8243;]<style type=\"text\/css\" data-type=\"the7_shortcodes-inline-css\">.gallery-shortcode.gallery-masonry-shortcode-id-b68d73c0d0c147356dc0134b84e187ac figure,\n.gallery-shortcode.gallery-masonry-shortcode-id-b68d73c0d0c147356dc0134b84e187ac .rollover,\n.gallery-shortcode.gallery-masonry-shortcode-id-b68d73c0d0c147356dc0134b84e187ac img,\n.gallery-shortcode.gallery-masonry-shortcode-id-b68d73c0d0c147356dc0134b84e187ac .gallery-rollover {\n  border-radius: 0px;\n}\n.gallery-shortcode.gallery-masonry-shortcode-id-b68d73c0d0c147356dc0134b84e187ac.enable-bg-rollover .gallery-rollover {\n  background: -webkit-linear-gradient();\n  background: linear-gradient();\n}\n.gallery-shortcode.gallery-masonry-shortcode-id-b68d73c0d0c147356dc0134b84e187ac.enable-bg-rollover.hover-scale figure .rollover:after {\n  background: -webkit-linear-gradient();\n  background: linear-gradient();\n}\n.gallery-shortcode.gallery-masonry-shortcode-id-b68d73c0d0c147356dc0134b84e187ac .gallery-zoom-ico {\n  width: 44px;\n  height: 44px;\n  line-height: 44px;\n  border-radius: 100px;\n  margin: -22px 0 0 -22px;\n  border-width: 0px;\n  color: #ffffff;\n}\n.dt-icon-bg-on.gallery-shortcode.gallery-masonry-shortcode-id-b68d73c0d0c147356dc0134b84e187ac .gallery-zoom-ico {\n  background: rgba(255,255,255,0.3);\n  box-shadow: none;\n}\n.gallery-shortcode.gallery-masonry-shortcode-id-b68d73c0d0c147356dc0134b84e187ac .gallery-zoom-ico:before,\n.gallery-shortcode.gallery-masonry-shortcode-id-b68d73c0d0c147356dc0134b84e187ac .gallery-zoom-ico span {\n  font-size: 32px;\n  line-height: 44px;\n  color: #ffffff;\n}\n.gallery-shortcode.gallery-masonry-shortcode-id-b68d73c0d0c147356dc0134b84e187ac:not(.resize-by-browser-width) .dt-css-grid {\n  grid-row-gap: 10px;\n  grid-column-gap: 10px;\n  grid-template-columns: repeat(auto-fill,minmax(,1fr));\n}\n.gallery-shortcode.gallery-masonry-shortcode-id-b68d73c0d0c147356dc0134b84e187ac:not(.resize-by-browser-width) .dt-css-grid .double-width {\n  grid-column: span 2;\n}\n.cssgridlegacy.no-cssgrid .gallery-shortcode.gallery-masonry-shortcode-id-b68d73c0d0c147356dc0134b84e187ac:not(.resize-by-browser-width) .dt-css-grid,\n.no-cssgridlegacy.no-cssgrid .gallery-shortcode.gallery-masonry-shortcode-id-b68d73c0d0c147356dc0134b84e187ac:not(.resize-by-browser-width) .dt-css-grid {\n  display: flex;\n  flex-flow: row wrap;\n  margin: -5px;\n}\n.cssgridlegacy.no-cssgrid .gallery-shortcode.gallery-masonry-shortcode-id-b68d73c0d0c147356dc0134b84e187ac:not(.resize-by-browser-width) .dt-css-grid .wf-cell,\n.no-cssgridlegacy.no-cssgrid .gallery-shortcode.gallery-masonry-shortcode-id-b68d73c0d0c147356dc0134b84e187ac:not(.resize-by-browser-width) .dt-css-grid .wf-cell {\n  flex: 1 0 ;\n  max-width: 100%;\n  padding: 5px;\n  box-sizing: border-box;\n}\n.gallery-shortcode.gallery-masonry-shortcode-id-b68d73c0d0c147356dc0134b84e187ac.resize-by-browser-width .dt-css-grid {\n  grid-template-columns: repeat(2,1fr);\n  grid-template-rows: auto;\n  grid-column-gap: 10px;\n  grid-row-gap: 10px;\n}\n.gallery-shortcode.gallery-masonry-shortcode-id-b68d73c0d0c147356dc0134b84e187ac.resize-by-browser-width .dt-css-grid .double-width {\n  grid-column: span 2;\n}\n.cssgridlegacy.no-cssgrid .gallery-shortcode.gallery-masonry-shortcode-id-b68d73c0d0c147356dc0134b84e187ac.resize-by-browser-width .dt-css-grid {\n  margin: -5px;\n}\n.cssgridlegacy.no-cssgrid .gallery-shortcode.gallery-masonry-shortcode-id-b68d73c0d0c147356dc0134b84e187ac.resize-by-browser-width .dt-css-grid .wf-cell {\n  width: 50%;\n  padding: 5px;\n}\n.cssgridlegacy.no-cssgrid .gallery-shortcode.gallery-masonry-shortcode-id-b68d73c0d0c147356dc0134b84e187ac.resize-by-browser-width .dt-css-grid .wf-cell.double-width {\n  width: calc(50%) * 2;\n}\n.gallery-shortcode.gallery-masonry-shortcode-id-b68d73c0d0c147356dc0134b84e187ac.resize-by-browser-width:not(.centered-layout-list):not(.content-bg-on) .dt-css-grid {\n  grid-row-gap: 10px - ;\n}\n@media screen and (max-width: 1199px) {\n  .gallery-shortcode.gallery-masonry-shortcode-id-b68d73c0d0c147356dc0134b84e187ac.resize-by-browser-width .dt-css-grid {\n    grid-template-columns: repeat(2,1fr);\n  }\n  .cssgridlegacy.no-cssgrid .gallery-shortcode.gallery-masonry-shortcode-id-b68d73c0d0c147356dc0134b84e187ac.resize-by-browser-width .dt-css-grid .wf-cell,\n  .no-cssgridlegacy.no-cssgrid .gallery-shortcode.gallery-masonry-shortcode-id-b68d73c0d0c147356dc0134b84e187ac.resize-by-browser-width .dt-css-grid .wf-cell {\n    width: 50%;\n  }\n  .cssgridlegacy.no-cssgrid .gallery-shortcode.gallery-masonry-shortcode-id-b68d73c0d0c147356dc0134b84e187ac.resize-by-browser-width .dt-css-grid .wf-cell.double-width,\n  .no-cssgridlegacy.no-cssgrid .gallery-shortcode.gallery-masonry-shortcode-id-b68d73c0d0c147356dc0134b84e187ac.resize-by-browser-width .dt-css-grid .wf-cell.double-width {\n    width: calc(50%)*2;\n  }\n}\n@media screen and (max-width: 991px) {\n  .gallery-shortcode.gallery-masonry-shortcode-id-b68d73c0d0c147356dc0134b84e187ac.resize-by-browser-width .dt-css-grid {\n    grid-template-columns: repeat(2,1fr);\n  }\n  .cssgridlegacy.no-cssgrid .gallery-shortcode.gallery-masonry-shortcode-id-b68d73c0d0c147356dc0134b84e187ac.resize-by-browser-width .dt-css-grid .wf-cell,\n  .no-cssgridlegacy.no-cssgrid .gallery-shortcode.gallery-masonry-shortcode-id-b68d73c0d0c147356dc0134b84e187ac.resize-by-browser-width .dt-css-grid .wf-cell {\n    width: 50%;\n  }\n  .cssgridlegacy.no-cssgrid .gallery-shortcode.gallery-masonry-shortcode-id-b68d73c0d0c147356dc0134b84e187ac.resize-by-browser-width .dt-css-grid .wf-cell.double-width,\n  .no-cssgridlegacy.no-cssgrid .gallery-shortcode.gallery-masonry-shortcode-id-b68d73c0d0c147356dc0134b84e187ac.resize-by-browser-width .dt-css-grid .wf-cell.double-width {\n    width: calc(50%)*2;\n  }\n}\n@media screen and (max-width: 767px) {\n  .gallery-shortcode.gallery-masonry-shortcode-id-b68d73c0d0c147356dc0134b84e187ac.resize-by-browser-width .dt-css-grid {\n    grid-template-columns: repeat(2,1fr);\n  }\n  .cssgridlegacy.no-cssgrid .gallery-shortcode.gallery-masonry-shortcode-id-b68d73c0d0c147356dc0134b84e187ac.resize-by-browser-width .dt-css-grid .wf-cell,\n  .no-cssgridlegacy.no-cssgrid .gallery-shortcode.gallery-masonry-shortcode-id-b68d73c0d0c147356dc0134b84e187ac.resize-by-browser-width .dt-css-grid .wf-cell {\n    width: 50%;\n  }\n  .cssgridlegacy.no-cssgrid .gallery-shortcode.gallery-masonry-shortcode-id-b68d73c0d0c147356dc0134b84e187ac.resize-by-browser-width .dt-css-grid .wf-cell.double-width,\n  .no-cssgridlegacy.no-cssgrid .gallery-shortcode.gallery-masonry-shortcode-id-b68d73c0d0c147356dc0134b84e187ac.resize-by-browser-width .dt-css-grid .wf-cell.double-width {\n    width: calc(50%)*2;\n  }\n}<\/style><div class=\"gallery-shortcode dt-gallery-container gallery-masonry-shortcode-id-b68d73c0d0c147356dc0134b84e187ac mode-masonry jquery-filter dt-icon-bg-off quick-scale-img enable-bg-rollover resize-by-browser-width  hover-fade loading-effect-scale-up description-on-hover\" data-padding=\"5px\" data-cur-page=\"1\" data-post-limit=\"-1\" data-pagination-mode=\"none\" data-desktop-columns-num=\"2\" data-v-tablet-columns-num=\"2\" data-h-tablet-columns-num=\"2\" data-phone-columns-num=\"2\" data-width=\"0px\" data-columns=\"0\"><div class=\"iso-container\" ><div class=\"wf-cell iso-item\" data-post-id=\"1230\" data-date=\"2021-05-28T15:36:00+02:00\" data-name=\"Calidad de vida infantil y juvenil_Don Bosco_04\"><figure class=\"post visible\"><span class=\"rollover layzr-bg\"  title=\"Calidad de vida infantil y juvenil_Don Bosco_04\"><img fetchpriority=\"high\" decoding=\"async\" class=\"preload-me iso-lazy-load aspect\" src=\"data:image\/svg+xml,%3Csvg%20xmlns%3D&#39;http%3A%2F%2Fwww.w3.org%2F2000%2Fsvg&#39;%20viewBox%3D&#39;0%200%20490%20284&#39;%2F%3E\" data-src=\"https:\/\/confedonbosco.org\/wp-content\/uploads\/2021\/05\/Calidad-de-vida-infantil-y-juvenil_Don-Bosco_04-490x284.jpg\" data-srcset=\"https:\/\/confedonbosco.org\/wp-content\/uploads\/2021\/05\/Calidad-de-vida-infantil-y-juvenil_Don-Bosco_04-490x284.jpg 490w, https:\/\/confedonbosco.org\/wp-content\/uploads\/2021\/05\/Calidad-de-vida-infantil-y-juvenil_Don-Bosco_04.jpg 690w\" loading=\"eager\" style=\"--ratio: 490 \/ 284\" sizes=\"(max-width: 490px) 100vw, 490px\" alt=\"\" width=\"490\" height=\"284\"  \/><span class=\"gallery-rollover\"><\/span><\/span><\/figure><\/div><div class=\"wf-cell iso-item\" data-post-id=\"1225\" data-date=\"2021-05-28T15:35:59+02:00\" data-name=\"Calidad de vida infantil y juvenil_Don Bosco_03\"><figure class=\"post visible\"><span class=\"rollover layzr-bg\"  title=\"Calidad de vida infantil y juvenil_Don Bosco_03\"><img decoding=\"async\" class=\"preload-me iso-lazy-load aspect\" src=\"data:image\/svg+xml,%3Csvg%20xmlns%3D&#39;http%3A%2F%2Fwww.w3.org%2F2000%2Fsvg&#39;%20viewBox%3D&#39;0%200%20490%20368&#39;%2F%3E\" data-src=\"https:\/\/confedonbosco.org\/wp-content\/uploads\/2021\/05\/Calidad-de-vida-infantil-y-juvenil_Don-Bosco_03-490x368.jpg\" data-srcset=\"https:\/\/confedonbosco.org\/wp-content\/uploads\/2021\/05\/Calidad-de-vida-infantil-y-juvenil_Don-Bosco_03-490x368.jpg 490w, https:\/\/confedonbosco.org\/wp-content\/uploads\/2021\/05\/Calidad-de-vida-infantil-y-juvenil_Don-Bosco_03.jpg 532w\" loading=\"eager\" style=\"--ratio: 490 \/ 368\" sizes=\"(max-width: 490px) 100vw, 490px\" alt=\"\" width=\"490\" height=\"368\"  \/><span class=\"gallery-rollover\"><\/span><\/span><\/figure><\/div><\/div><!-- iso-container|iso-grid --><\/div><style type=\"text\/css\" data-type=\"the7_shortcodes-inline-css\">.gallery-shortcode.gallery-masonry-shortcode-id-8aa6437429209803545a85267ab9a76f figure,\n.gallery-shortcode.gallery-masonry-shortcode-id-8aa6437429209803545a85267ab9a76f .rollover,\n.gallery-shortcode.gallery-masonry-shortcode-id-8aa6437429209803545a85267ab9a76f img,\n.gallery-shortcode.gallery-masonry-shortcode-id-8aa6437429209803545a85267ab9a76f .gallery-rollover {\n  border-radius: 0px;\n}\n.gallery-shortcode.gallery-masonry-shortcode-id-8aa6437429209803545a85267ab9a76f.enable-bg-rollover .gallery-rollover {\n  background: -webkit-linear-gradient();\n  background: linear-gradient();\n}\n.gallery-shortcode.gallery-masonry-shortcode-id-8aa6437429209803545a85267ab9a76f.enable-bg-rollover.hover-scale figure .rollover:after {\n  background: -webkit-linear-gradient();\n  background: linear-gradient();\n}\n.gallery-shortcode.gallery-masonry-shortcode-id-8aa6437429209803545a85267ab9a76f .gallery-zoom-ico {\n  width: 44px;\n  height: 44px;\n  line-height: 44px;\n  border-radius: 100px;\n  margin: -22px 0 0 -22px;\n  border-width: 0px;\n  color: #ffffff;\n}\n.dt-icon-bg-on.gallery-shortcode.gallery-masonry-shortcode-id-8aa6437429209803545a85267ab9a76f .gallery-zoom-ico {\n  background: rgba(255,255,255,0.3);\n  box-shadow: none;\n}\n.gallery-shortcode.gallery-masonry-shortcode-id-8aa6437429209803545a85267ab9a76f .gallery-zoom-ico:before,\n.gallery-shortcode.gallery-masonry-shortcode-id-8aa6437429209803545a85267ab9a76f .gallery-zoom-ico span {\n  font-size: 32px;\n  line-height: 44px;\n  color: #ffffff;\n}\n.gallery-shortcode.gallery-masonry-shortcode-id-8aa6437429209803545a85267ab9a76f:not(.resize-by-browser-width) .dt-css-grid {\n  grid-row-gap: 10px;\n  grid-column-gap: 10px;\n  grid-template-columns: repeat(auto-fill,minmax(,1fr));\n}\n.gallery-shortcode.gallery-masonry-shortcode-id-8aa6437429209803545a85267ab9a76f:not(.resize-by-browser-width) .dt-css-grid .double-width {\n  grid-column: span 2;\n}\n.cssgridlegacy.no-cssgrid .gallery-shortcode.gallery-masonry-shortcode-id-8aa6437429209803545a85267ab9a76f:not(.resize-by-browser-width) .dt-css-grid,\n.no-cssgridlegacy.no-cssgrid .gallery-shortcode.gallery-masonry-shortcode-id-8aa6437429209803545a85267ab9a76f:not(.resize-by-browser-width) .dt-css-grid {\n  display: flex;\n  flex-flow: row wrap;\n  margin: -5px;\n}\n.cssgridlegacy.no-cssgrid .gallery-shortcode.gallery-masonry-shortcode-id-8aa6437429209803545a85267ab9a76f:not(.resize-by-browser-width) .dt-css-grid .wf-cell,\n.no-cssgridlegacy.no-cssgrid .gallery-shortcode.gallery-masonry-shortcode-id-8aa6437429209803545a85267ab9a76f:not(.resize-by-browser-width) .dt-css-grid .wf-cell {\n  flex: 1 0 ;\n  max-width: 100%;\n  padding: 5px;\n  box-sizing: border-box;\n}\n.gallery-shortcode.gallery-masonry-shortcode-id-8aa6437429209803545a85267ab9a76f.resize-by-browser-width .dt-css-grid {\n  grid-template-columns: repeat(3,1fr);\n  grid-template-rows: auto;\n  grid-column-gap: 10px;\n  grid-row-gap: 10px;\n}\n.gallery-shortcode.gallery-masonry-shortcode-id-8aa6437429209803545a85267ab9a76f.resize-by-browser-width .dt-css-grid .double-width {\n  grid-column: span 2;\n}\n.cssgridlegacy.no-cssgrid .gallery-shortcode.gallery-masonry-shortcode-id-8aa6437429209803545a85267ab9a76f.resize-by-browser-width .dt-css-grid {\n  margin: -5px;\n}\n.cssgridlegacy.no-cssgrid .gallery-shortcode.gallery-masonry-shortcode-id-8aa6437429209803545a85267ab9a76f.resize-by-browser-width .dt-css-grid .wf-cell {\n  width: 33.333333333333%;\n  padding: 5px;\n}\n.cssgridlegacy.no-cssgrid .gallery-shortcode.gallery-masonry-shortcode-id-8aa6437429209803545a85267ab9a76f.resize-by-browser-width .dt-css-grid .wf-cell.double-width {\n  width: calc(33.333333333333%) * 2;\n}\n.gallery-shortcode.gallery-masonry-shortcode-id-8aa6437429209803545a85267ab9a76f.resize-by-browser-width:not(.centered-layout-list):not(.content-bg-on) .dt-css-grid {\n  grid-row-gap: 10px - ;\n}\n@media screen and (max-width: 1199px) {\n  .gallery-shortcode.gallery-masonry-shortcode-id-8aa6437429209803545a85267ab9a76f.resize-by-browser-width .dt-css-grid {\n    grid-template-columns: repeat(2,1fr);\n  }\n  .cssgridlegacy.no-cssgrid .gallery-shortcode.gallery-masonry-shortcode-id-8aa6437429209803545a85267ab9a76f.resize-by-browser-width .dt-css-grid .wf-cell,\n  .no-cssgridlegacy.no-cssgrid .gallery-shortcode.gallery-masonry-shortcode-id-8aa6437429209803545a85267ab9a76f.resize-by-browser-width .dt-css-grid .wf-cell {\n    width: 50%;\n  }\n  .cssgridlegacy.no-cssgrid .gallery-shortcode.gallery-masonry-shortcode-id-8aa6437429209803545a85267ab9a76f.resize-by-browser-width .dt-css-grid .wf-cell.double-width,\n  .no-cssgridlegacy.no-cssgrid .gallery-shortcode.gallery-masonry-shortcode-id-8aa6437429209803545a85267ab9a76f.resize-by-browser-width .dt-css-grid .wf-cell.double-width {\n    width: calc(50%)*2;\n  }\n}\n@media screen and (max-width: 991px) {\n  .gallery-shortcode.gallery-masonry-shortcode-id-8aa6437429209803545a85267ab9a76f.resize-by-browser-width .dt-css-grid {\n    grid-template-columns: repeat(2,1fr);\n  }\n  .cssgridlegacy.no-cssgrid .gallery-shortcode.gallery-masonry-shortcode-id-8aa6437429209803545a85267ab9a76f.resize-by-browser-width .dt-css-grid .wf-cell,\n  .no-cssgridlegacy.no-cssgrid .gallery-shortcode.gallery-masonry-shortcode-id-8aa6437429209803545a85267ab9a76f.resize-by-browser-width .dt-css-grid .wf-cell {\n    width: 50%;\n  }\n  .cssgridlegacy.no-cssgrid .gallery-shortcode.gallery-masonry-shortcode-id-8aa6437429209803545a85267ab9a76f.resize-by-browser-width .dt-css-grid .wf-cell.double-width,\n  .no-cssgridlegacy.no-cssgrid .gallery-shortcode.gallery-masonry-shortcode-id-8aa6437429209803545a85267ab9a76f.resize-by-browser-width .dt-css-grid .wf-cell.double-width {\n    width: calc(50%)*2;\n  }\n}\n@media screen and (max-width: 767px) {\n  .gallery-shortcode.gallery-masonry-shortcode-id-8aa6437429209803545a85267ab9a76f.resize-by-browser-width .dt-css-grid {\n    grid-template-columns: repeat(2,1fr);\n  }\n  .cssgridlegacy.no-cssgrid .gallery-shortcode.gallery-masonry-shortcode-id-8aa6437429209803545a85267ab9a76f.resize-by-browser-width .dt-css-grid .wf-cell,\n  .no-cssgridlegacy.no-cssgrid .gallery-shortcode.gallery-masonry-shortcode-id-8aa6437429209803545a85267ab9a76f.resize-by-browser-width .dt-css-grid .wf-cell {\n    width: 50%;\n  }\n  .cssgridlegacy.no-cssgrid .gallery-shortcode.gallery-masonry-shortcode-id-8aa6437429209803545a85267ab9a76f.resize-by-browser-width .dt-css-grid .wf-cell.double-width,\n  .no-cssgridlegacy.no-cssgrid .gallery-shortcode.gallery-masonry-shortcode-id-8aa6437429209803545a85267ab9a76f.resize-by-browser-width .dt-css-grid .wf-cell.double-width {\n    width: calc(50%)*2;\n  }\n}<\/style><div class=\"gallery-shortcode dt-gallery-container gallery-masonry-shortcode-id-8aa6437429209803545a85267ab9a76f mode-masonry jquery-filter dt-icon-bg-off quick-scale-img enable-bg-rollover resize-by-browser-width  hover-fade loading-effect-scale-up description-on-hover\" data-padding=\"5px\" data-cur-page=\"1\" data-post-limit=\"-1\" data-pagination-mode=\"none\" data-desktop-columns-num=\"3\" data-v-tablet-columns-num=\"2\" data-h-tablet-columns-num=\"2\" data-phone-columns-num=\"2\" data-width=\"0px\" data-columns=\"0\"><div class=\"iso-container\" ><div class=\"wf-cell iso-item\" data-post-id=\"1215\" data-date=\"2021-05-28T15:35:56+02:00\" data-name=\"Calidad de vida infantil y juvenil_Don Bosco_01\"><figure class=\"post visible\"><span class=\"rollover layzr-bg\"  title=\"Calidad de vida infantil y juvenil_Don Bosco_01\"><img decoding=\"async\" class=\"preload-me iso-lazy-load aspect\" src=\"data:image\/svg+xml,%3Csvg%20xmlns%3D&#39;http%3A%2F%2Fwww.w3.org%2F2000%2Fsvg&#39;%20viewBox%3D&#39;0%200%20429%20400&#39;%2F%3E\" data-src=\"https:\/\/confedonbosco.org\/wp-content\/uploads\/2021\/05\/Calidad-de-vida-infantil-y-juvenil_Don-Bosco_01.jpg\" data-srcset=\"https:\/\/confedonbosco.org\/wp-content\/uploads\/2021\/05\/Calidad-de-vida-infantil-y-juvenil_Don-Bosco_01.jpg 429w\" loading=\"eager\" style=\"--ratio: 429 \/ 400\" sizes=\"(max-width: 429px) 100vw, 429px\" alt=\"\" width=\"429\" height=\"400\"  \/><span class=\"gallery-rollover\"><\/span><\/span><\/figure><\/div><div class=\"wf-cell iso-item\" data-post-id=\"1220\" data-date=\"2021-05-28T15:35:58+02:00\" data-name=\"Calidad de vida infantil y juvenil_Don Bosco_02\"><figure class=\"post visible\"><span class=\"rollover layzr-bg\"  title=\"Calidad de vida infantil y juvenil_Don Bosco_02\"><img decoding=\"async\" class=\"preload-me iso-lazy-load aspect\" src=\"data:image\/svg+xml,%3Csvg%20xmlns%3D&#39;http%3A%2F%2Fwww.w3.org%2F2000%2Fsvg&#39;%20viewBox%3D&#39;0%200%20447%20400&#39;%2F%3E\" data-src=\"https:\/\/confedonbosco.org\/wp-content\/uploads\/2021\/05\/Calidad-de-vida-infantil-y-juvenil_Don-Bosco_02.jpg\" data-srcset=\"https:\/\/confedonbosco.org\/wp-content\/uploads\/2021\/05\/Calidad-de-vida-infantil-y-juvenil_Don-Bosco_02.jpg 447w\" loading=\"eager\" style=\"--ratio: 447 \/ 400\" sizes=\"(max-width: 447px) 100vw, 447px\" alt=\"\" width=\"447\" height=\"400\"  \/><span class=\"gallery-rollover\"><\/span><\/span><\/figure><\/div><div class=\"wf-cell iso-item\" data-post-id=\"1235\" data-date=\"2021-05-28T15:36:01+02:00\" data-name=\"Calidad de vida infantil y juvenil_Don Bosco_05\"><figure class=\"post visible\"><span class=\"rollover layzr-bg\"  title=\"Calidad de vida infantil y juvenil_Don Bosco_05\"><img decoding=\"async\" class=\"preload-me iso-lazy-load aspect\" src=\"data:image\/svg+xml,%3Csvg%20xmlns%3D&#39;http%3A%2F%2Fwww.w3.org%2F2000%2Fsvg&#39;%20viewBox%3D&#39;0%200%20490%20321&#39;%2F%3E\" data-src=\"https:\/\/confedonbosco.org\/wp-content\/uploads\/2021\/05\/Calidad-de-vida-infantil-y-juvenil_Don-Bosco_05-490x321.jpg\" data-srcset=\"https:\/\/confedonbosco.org\/wp-content\/uploads\/2021\/05\/Calidad-de-vida-infantil-y-juvenil_Don-Bosco_05-490x321.jpg 490w, https:\/\/confedonbosco.org\/wp-content\/uploads\/2021\/05\/Calidad-de-vida-infantil-y-juvenil_Don-Bosco_05-609x400.jpg 609w\" loading=\"eager\" style=\"--ratio: 490 \/ 321\" sizes=\"(max-width: 490px) 100vw, 490px\" alt=\"\" width=\"490\" height=\"321\"  \/><span class=\"gallery-rollover\"><\/span><\/span><\/figure><\/div><\/div><!-- iso-container|iso-grid --><\/div>[\/vc_column][\/vc_row][vc_row css=&#8221;.vc_custom_1622556152486{margin-top: 2em !important;}&#8221;][vc_column]<div class=\"dt-fancy-separator h4-size title-color accent-border-color\" style=\"width: 100%;\"><div class=\"dt-fancy-title\"><span class=\"separator-holder separator-left\"><\/span>Les l\u00ednies transversals de la Confederaci\u00f3 Don Bosco<span class=\"separator-holder separator-right\"><\/span><\/div><\/div>[vc_empty_space][vc_wp_custommenu nav_menu=&#8221;42&#8243;][\/vc_column][\/vc_row]<\/p>\n<\/div>","protected":false},"excerpt":{"rendered":"<p>[vc_row equal_height=&#8221;yes&#8221;][vc_column width=&#8221;1\/2&#8243;][vc_column_text css=&#8221;.vc_custom_1622190482861{margin-bottom: 10px !important;}&#8221;] Aquest programa pret\u00e9n afavorir l&#8217;acc\u00e9s a diverses activitats de tipus l\u00fadic i educatiu. [\/vc_column_text][vc_column_text]En ellas se fomenten valors socials com el respecte a la difer\u00e8ncia, latolerancia i la cultura de la pau. L&#8217;atenci\u00f3 a l&#8217;frac\u00e0s educatiu i a l&#8217;absentisme escolar, en col\u00b7laboraci\u00f3 amb la resta d&#8217;agents socials (fam\u00edlia, escola,&hellip;<\/p>\n","protected":false},"author":27,"featured_media":0,"parent":1788,"menu_order":0,"comment_status":"closed","ping_status":"closed","template":"","meta":{"_monsterinsights_skip_tracking":false,"_monsterinsights_sitenote_active":false,"_monsterinsights_sitenote_note":"","_monsterinsights_sitenote_category":0,"footnotes":""},"class_list":["post-2221","page","type-page","status-publish","hentry","description-off"],"_links":{"self":[{"href":"https:\/\/confedonbosco.org\/ca\/wp-json\/wp\/v2\/pages\/2221","targetHints":{"allow":["GET"]}}],"collection":[{"href":"https:\/\/confedonbosco.org\/ca\/wp-json\/wp\/v2\/pages"}],"about":[{"href":"https:\/\/confedonbosco.org\/ca\/wp-json\/wp\/v2\/types\/page"}],"author":[{"embeddable":true,"href":"https:\/\/confedonbosco.org\/ca\/wp-json\/wp\/v2\/users\/27"}],"replies":[{"embeddable":true,"href":"https:\/\/confedonbosco.org\/ca\/wp-json\/wp\/v2\/comments?post=2221"}],"version-history":[{"count":4,"href":"https:\/\/confedonbosco.org\/ca\/wp-json\/wp\/v2\/pages\/2221\/revisions"}],"predecessor-version":[{"id":8396,"href":"https:\/\/confedonbosco.org\/ca\/wp-json\/wp\/v2\/pages\/2221\/revisions\/8396"}],"up":[{"embeddable":true,"href":"https:\/\/confedonbosco.org\/ca\/wp-json\/wp\/v2\/pages\/1788"}],"wp:attachment":[{"href":"https:\/\/confedonbosco.org\/ca\/wp-json\/wp\/v2\/media?parent=2221"}],"curies":[{"name":"wp","href":"https:\/\/api.w.org\/{rel}","templated":true}]}}