{"id":1843,"date":"2021-06-04T10:53:34","date_gmt":"2021-06-04T10:53:34","guid":{"rendered":"https:\/\/www.confedonbosco.org\/la-nube\/"},"modified":"2023-03-15T14:26:23","modified_gmt":"2023-03-15T13:26:23","slug":"la-nube-ct","status":"publish","type":"page","link":"https:\/\/confedonbosco.org\/ca\/la-nube-ct\/","title":{"rendered":"La nube"},"content":{"rendered":"<div class=\"wpb-content-wrapper\"><p>[vc_row equal_height=&#8221;yes&#8221;][vc_column width=&#8221;1\/4&#8243; css=&#8221;.vc_custom_1622136978363{margin-bottom: 20px !important;}&#8221;]<style type=\"text\/css\" data-type=\"the7_shortcodes-inline-css\">.shortcode-single-image-wrap.shortcode-single-image-5be262fca08c0844a2861c410f23bd3e.enable-bg-rollover .rollover i,\n.shortcode-single-image-wrap.shortcode-single-image-5be262fca08c0844a2861c410f23bd3e.enable-bg-rollover .rollover-video i {\n  background: rgba(71,70,71,0.5);\n  box-shadow: none;\n  background: -webkit-linear-gradient();\n  background: linear-gradient();\n}\n.shortcode-single-image-wrap.shortcode-single-image-5be262fca08c0844a2861c410f23bd3e .rollover-icon {\n  font-size: 32px;\n  color: #ffffff;\n  min-width: 44px;\n  min-height: 44px;\n  line-height: 44px;\n  border-radius: 100px;\n  border-style: solid;\n  border-width: 0px;\n}\n.dt-icon-bg-on.shortcode-single-image-wrap.shortcode-single-image-5be262fca08c0844a2861c410f23bd3e .rollover-icon {\n  background: rgba(255,255,255,0.3);\n  box-shadow: none;\n}<\/style><div class=\"shortcode-single-image-wrap shortcode-single-image-5be262fca08c0844a2861c410f23bd3e alignnone  enable-bg-rollover dt-icon-bg-off quick-scale-img\" style=\"margin-top:0px; margin-bottom:0px; margin-left:0px; margin-right:0px;\"><div class=\"shortcode-single-image\"><div class=\"fancy-media-wrap\" style=\"border-radius:500px;\"><a href=\"https:\/\/lanube.confedonbosco.org\/\" class=\" layzr-bg rollover\" style=\"border-radius:500px;\" target=\"_blank\" rel=\"noopener\" aria-label=\"Image\"><img fetchpriority=\"high\" decoding=\"async\" class=\"preload-me lazy-load aspect\" src=\"data:image\/svg+xml,%3Csvg%20xmlns%3D&#39;http%3A%2F%2Fwww.w3.org%2F2000%2Fsvg&#39;%20viewBox%3D&#39;0%200%201080%201080&#39;%2F%3E\" data-src=\"https:\/\/confedonbosco.org\/wp-content\/uploads\/2023\/03\/20210629_lanubedb-01.png\" data-srcset=\"https:\/\/confedonbosco.org\/wp-content\/uploads\/2023\/03\/20210629_lanubedb-01.png 1080w\" loading=\"eager\" style=\"--ratio: 1080 \/ 1080\" sizes=\"(max-width: 1080px) 100vw, 1080px\" width=\"1080\" height=\"1080\"  data-dt-location=\"https:\/\/confedonbosco.org\/ca\/la-nube-eng\/20210629_lanubedb-01-3\/\" alt=\"\" \/><span class=\"rollover-icon icomoon-the7-font-the7-link-02\"><\/span><\/a><\/div><\/div><\/div>[\/vc_column][vc_column width=&#8221;3\/4&#8243;][vc_column_text]<span style=\"font-size: 20px\"> La Nube \u00e9s un <strong>espai de trobada de la Confederaci\u00f3 Don Bosco, federacions i Centres Juvenils<\/strong> que t\u00e9 com a objectiu el treball en xarxa a trav\u00e9s de la participaci\u00f3 de totes les persones implicades en l&#8217;ambient salesi\u00e0.<\/span><\/p>\n<p>Una font de recursos on trobar reflectida la realitat de l&#8217;ambient a trav\u00e9s de recursos educatius, accions formatives, activitats d&#8217;oci &#8230; donant protagonisme als nostres i les nostres joves, sent protagonistes en la construcci\u00f3 d&#8217;aquest espai.<\/p>\n<p>La Confederaci\u00f3 Don Bosco gestiona i supervisa els recursos compartits, fomentant la participaci\u00f3 i la responsabilitat d&#8217;un recurs per i per als nostres joves ..[\/vc_column_text]<style type=\"text\/css\" data-type=\"the7_shortcodes-inline-css\">#default-btn-957efb1b0d035c4f8c8602ffcc4b3e4a.ico-right-side > i {\n  margin-right: 0px;\n  margin-left: 8px;\n}\n#default-btn-957efb1b0d035c4f8c8602ffcc4b3e4a > i {\n  margin-right: 8px;\n}<\/style><a href=\"https:\/\/lanube.confedonbosco.org\/\" class=\"default-btn-shortcode dt-btn dt-btn-m link-hover-off btn-inline-left \" target=\"_blank\" id=\"default-btn-957efb1b0d035c4f8c8602ffcc4b3e4a\" rel=\"noopener\"><span>Anar al web<\/span><\/a>[\/vc_column][\/vc_row]<\/p>\n<\/div>","protected":false},"excerpt":{"rendered":"<p>[vc_row equal_height=&#8221;yes&#8221;][vc_column width=&#8221;1\/4&#8243; css=&#8221;.vc_custom_1622136978363{margin-bottom: 20px !important;}&#8221;][\/vc_column][vc_column width=&#8221;3\/4&#8243;][vc_column_text] La Nube \u00e9s un espai de trobada de la Confederaci\u00f3 Don Bosco, federacions i Centres Juvenils que t\u00e9 com a objectiu el treball en xarxa a trav\u00e9s de la participaci\u00f3 de totes les persones implicades en l&#8217;ambient salesi\u00e0. Una font de recursos on trobar reflectida la realitat de&hellip;<\/p>\n","protected":false},"author":27,"featured_media":0,"parent":0,"menu_order":0,"comment_status":"closed","ping_status":"closed","template":"","meta":{"_monsterinsights_skip_tracking":false,"_monsterinsights_sitenote_active":false,"_monsterinsights_sitenote_note":"","_monsterinsights_sitenote_category":0,"footnotes":""},"class_list":["post-1843","page","type-page","status-publish","hentry","description-off"],"_links":{"self":[{"href":"https:\/\/confedonbosco.org\/ca\/wp-json\/wp\/v2\/pages\/1843","targetHints":{"allow":["GET"]}}],"collection":[{"href":"https:\/\/confedonbosco.org\/ca\/wp-json\/wp\/v2\/pages"}],"about":[{"href":"https:\/\/confedonbosco.org\/ca\/wp-json\/wp\/v2\/types\/page"}],"author":[{"embeddable":true,"href":"https:\/\/confedonbosco.org\/ca\/wp-json\/wp\/v2\/users\/27"}],"replies":[{"embeddable":true,"href":"https:\/\/confedonbosco.org\/ca\/wp-json\/wp\/v2\/comments?post=1843"}],"version-history":[{"count":10,"href":"https:\/\/confedonbosco.org\/ca\/wp-json\/wp\/v2\/pages\/1843\/revisions"}],"predecessor-version":[{"id":5990,"href":"https:\/\/confedonbosco.org\/ca\/wp-json\/wp\/v2\/pages\/1843\/revisions\/5990"}],"wp:attachment":[{"href":"https:\/\/confedonbosco.org\/ca\/wp-json\/wp\/v2\/media?parent=1843"}],"curies":[{"name":"wp","href":"https:\/\/api.w.org\/{rel}","templated":true}]}}